{"id":9992,"date":"2025-07-18T17:15:39","date_gmt":"2025-07-18T09:15:39","guid":{"rendered":"https:\/\/ulpmat.com\/product\/lutezio-metallico-3\/"},"modified":"2025-07-18T17:15:39","modified_gmt":"2025-07-18T09:15:39","slug":"lutezio-metallico-3","status":"publish","type":"product","link":"https:\/\/ulpmat.com\/it\/prodotto\/lutezio-metallico-3\/","title":{"rendered":"Lutezio metallico"},"content":{"rendered":"<h2><span style=\"font-size: 14pt;\">Lutezio metallico Rod <\/span><span style=\"font-size: 14pt;\">Panoramica <\/span><\/h2>\n<p data-start=\"97\" data-end=\"578\">Le<span style=\"color: #0000ff;\"><a style=\"color: #0000ff;\" href=\"https:\/\/ulpmat.com\/it\/ricerca\/?type=name&#038;keyword=Lutetium\"><strong data-start=\"97\" data-end=\"120\">barre di lutezio metallico<\/strong><\/a><\/span> sono materiali metallici di terre rare ad alte prestazioni con una purezza fino al 99,9%. Queste <strong data-start=\"205\" data-end=\"284\">barre metalliche di lutezio di elevata purezza per la fusione sotto vuoto e le applicazioni nucleari<\/strong> presentano un&#8217;eccellente densit\u00e0 del metallo, stabilit\u00e0 di lavorazione e basso contenuto di impurit\u00e0. Sono ampiamente utilizzate nelle <strong data-start=\"387\" data-end=\"495\">barre metalliche di lutezio per la preparazione di materiali target, per le <\/strong>apparecchiature al plasma e per lo sviluppo del drogaggio di terre rare, garantendo prestazioni affidabili nella ricerca avanzata e nelle applicazioni industriali.<\/p>\n<p>Forniamo <strong data-start=\"110\" data-end=\"191\">lutezio per applicazioni industriali e di laboratorio di alta precisione<\/strong> in vari diametri e lunghezze, compresi prodotti ricotti, lucidati o compositi personalizzati, che possono essere adattati ai vostri requisiti di processo specifici. Offriamo inoltre un&#8217;assistenza tecnica completa pre- e post-vendita per garantire una gestione sicura e prestazioni ottimali del lutezio nella fabbricazione di materiali avanzati e nella ricerca sulle terre rare.<\/p>\n<h2><span style=\"font-size: 14pt;\">Prodotti di punta di <\/span><span style=\"font-size: 14pt;\">Lutezio metallo Rod<\/span><\/h2>\n<p>Alta densit\u00e0<br \/>\nDimensioni personalizzate disponibili<br \/>\nBuona lavorabilit\u00e0<br \/>\nConsegna di piccoli lotti<\/p>\n<h2><span style=\"font-size: 14pt;\">Applicazioni del lutezio metallico Rod<\/span><\/h2>\n<p>Ricerca sui semiconduttori e sui materiali: come materiale sorgente PVD\/evaporazione, per il drogaggio di leghe e la ricerca sulle propriet\u00e0 delle terre rare<br \/>\nProduzione di target: pu\u00f2 essere utilizzato come materiale originale per target sputtering di lutezio di elevata purezza per soddisfare le esigenze del processo di rivestimento di precisione<br \/>\nScienza nucleare e del plasma: utilizzato per acceleratori di particelle, materiali per finestre di radiazione di sincrotrone o aree di destinazione di terre rare<br \/>\nMateriali laser e ottici: utilizzati come materiali precursori per il drogaggio dei cristalli laser, come lo YAG<\/p>\n<h2><span style=\"font-size: 14pt;\">Rapporti<\/span><\/h2>\n<p>Forniamo un certificato di analisi (COA), una scheda di sicurezza dei materiali (MSDS) e altri rapporti pertinenti per ogni lotto di merce. Inoltre, supportiamo anche test di terze parti per migliorare la garanzia di qualit\u00e0. &#8220;Scrivimi una relazione sulle barre di lutezio per obiettivi in alluminio<\/p>\n","protected":false},"excerpt":{"rendered":"<p>Lutezio metallico Rod Panoramica Lebarre di lutezio metallico sono materiali metallici di terre rare ad alte prestazioni con una purezza fino al 99,9%. Queste barre metalliche di lutezio di elevata purezza per la fusione sotto vuoto e le applicazioni nucleari presentano un&#8217;eccellente densit\u00e0 del metallo, stabilit\u00e0 di lavorazione e basso contenuto di impurit\u00e0. Sono ampiamente [&hellip;]<\/p>\n","protected":false},"featured_media":6196,"template":"","meta":{"_acf_changed":false},"product_brand":[132],"product_cat":[400],"product_tag":[413,327,326,385,414],"class_list":{"0":"post-9992","1":"product","2":"type-product","3":"status-publish","4":"has-post-thumbnail","6":"product_brand-ulpmat","7":"product_cat-altri-materiali","8":"product_tag-asta","9":"product_tag-lutezio","10":"product_tag-materiali-ottici","11":"product_tag-materiali-per-semiconduttori","12":"product_tag-metalli-puri","14":"first","15":"instock","16":"shipping-taxable","17":"product-type-variable"},"acf":[],"_links":{"self":[{"href":"https:\/\/ulpmat.com\/it\/wp-json\/wp\/v2\/product\/9992","targetHints":{"allow":["GET"]}}],"collection":[{"href":"https:\/\/ulpmat.com\/it\/wp-json\/wp\/v2\/product"}],"about":[{"href":"https:\/\/ulpmat.com\/it\/wp-json\/wp\/v2\/types\/product"}],"wp:featuredmedia":[{"embeddable":true,"href":"https:\/\/ulpmat.com\/it\/wp-json\/wp\/v2\/media\/6196"}],"wp:attachment":[{"href":"https:\/\/ulpmat.com\/it\/wp-json\/wp\/v2\/media?parent=9992"}],"wp:term":[{"taxonomy":"product_brand","embeddable":true,"href":"https:\/\/ulpmat.com\/it\/wp-json\/wp\/v2\/product_brand?post=9992"},{"taxonomy":"product_cat","embeddable":true,"href":"https:\/\/ulpmat.com\/it\/wp-json\/wp\/v2\/product_cat?post=9992"},{"taxonomy":"product_tag","embeddable":true,"href":"https:\/\/ulpmat.com\/it\/wp-json\/wp\/v2\/product_tag?post=9992"}],"curies":[{"name":"wp","href":"https:\/\/api.w.org\/{rel}","templated":true}]}}