{"id":9928,"date":"2025-07-18T17:15:39","date_gmt":"2025-07-18T09:15:39","guid":{"rendered":"https:\/\/ulpmat.com\/product\/ossido-di-lutezio\/"},"modified":"2025-07-18T17:15:39","modified_gmt":"2025-07-18T09:15:39","slug":"ossido-di-lutezio","status":"publish","type":"product","link":"https:\/\/ulpmat.com\/it\/prodotto\/ossido-di-lutezio\/","title":{"rendered":"Ossido di lutezio"},"content":{"rendered":"<h2><span style=\"font-size: 14pt;\">Ossido di lutezio in polvere <\/span><span style=\"font-size: 14pt;\">Panoramica<\/span><\/h2>\n<p><span style=\"color: #0000ff;\"><a style=\"color: #0000ff;\" href=\"https:\/\/ulpmat.com\/it\/ricerca\/?type=name&#038;keyword=Lutetium+Oxide\"><strong>Lutezio in polvere<\/strong><\/a> <\/span>\u00e8 un ossido di terre rare di elevata purezza progettato per materiali funzionali di alto livello e applicazioni di ricerca scientifica. Questa<strong> polvere di ossido di lutezio 6N<\/strong> per ceramiche ottiche e materiali laser ha una purezza del 99,9999%, un&#8217;eccellente stabilit\u00e0 chimica e termica, un&#8217;eccezionale uniformit\u00e0 delle dimensioni delle particelle e una straordinaria disperdibilit\u00e0, ed \u00e8 ampiamente utilizzata nella <strong>polvere di ossido di lutezio<\/strong> per catalizzatori e sistemi di drogaggio di terre rare.<\/p>\n<p>Forniamo <strong>polveri di ossido di lutezio di elevata purezza<\/strong> con varie dimensioni e purezza delle particelle, che possono essere personalizzate in modo flessibile in base alle esigenze di ricerca o di applicazione industriale dei clienti. I nostri prodotti sono dotati di un&#8217;assistenza tecnica completa e di un servizio post-vendita per aiutare i clienti a ottenere le migliori prestazioni ed esperienze d&#8217;uso.<\/p>\n<h2><span style=\"font-size: 14pt;\">Punti salienti del prodotto <\/span><span style=\"font-size: 14pt;\">Ossido di lutezio in polvere<\/span><\/h2>\n<p>Purezza: fino a 6N, personalizzabile in base ai requisiti del cliente.<br \/>\nDimensione delle particelle: Possono essere fornite varie specifiche, dal nanometro al micrometro, in base alla richiesta<br \/>\nElevata stabilit\u00e0 termica e inerzia chimica<br \/>\nBuona distribuzione delle dimensioni delle particelle, facile da disperdere e modellare<\/p>\n<h2><span style=\"font-size: 14pt;\">Applicazioni della polvere di ossido di lutezio<\/span><\/h2>\n<p>Ceramica ottica: utilizzata per produrre cristalli laser, scintillatori e altri dispositivi ottici ad alte prestazioni<\/p>\n<p>Materiali laser: ampiamente utilizzati nei laser solidi e nei laser a fibra come droganti o materiali di matrice<\/p>\n<p>Portatori di catalizzatori: forniscono un ambiente stabile di portatori nelle reazioni catalitiche per migliorare l&#8217;efficienza catalitica<\/p>\n<p>Ceramica elettronica: come componente di materiali ceramici funzionali, utilizzati in dispositivi magnetici, elettronici e optoelettronici<\/p>\n<p>Materiali per la ricerca scientifica: adatti alla ricerca di base nella scienza dei materiali, nella chimica delle terre rare e nelle nanotecnologie<\/p>\n<h2><span style=\"font-size: 14pt;\">Rapporti<\/span><\/h2>\n<p>Forniamo certificati di analisi (COA), schede di sicurezza dei materiali (MSDS), rapporti sulla distribuzione delle dimensioni delle particelle (PSD) e altri rapporti correlati per ogni lotto di <strong>polveri di ossido di lutezio<\/strong>. Inoltre, supportiamo anche test di terze parti per migliorare la garanzia di qualit\u00e0.<\/p>\n","protected":false},"excerpt":{"rendered":"<p>Ossido di lutezio in polvere Panoramica Lutezio in polvere \u00e8 un ossido di terre rare di elevata purezza progettato per materiali funzionali di alto livello e applicazioni di ricerca scientifica. Questa polvere di ossido di lutezio 6N per ceramiche ottiche e materiali laser ha una purezza del 99,9999%, un&#8217;eccellente stabilit\u00e0 chimica e termica, un&#8217;eccezionale uniformit\u00e0 [&hellip;]<\/p>\n","protected":false},"featured_media":6208,"template":"","meta":{"_acf_changed":false},"product_brand":[132],"product_cat":[324,436],"product_tag":[327,326,431],"class_list":{"0":"post-9928","1":"product","2":"type-product","3":"status-publish","4":"has-post-thumbnail","6":"product_brand-ulpmat","7":"product_cat-materiali-per-terre-rare","8":"product_cat-ossidi","9":"product_tag-lutezio","10":"product_tag-materiali-ottici","11":"product_tag-polveri-inorganiche","13":"first","14":"instock","15":"shipping-taxable","16":"product-type-variable"},"acf":[],"_links":{"self":[{"href":"https:\/\/ulpmat.com\/it\/wp-json\/wp\/v2\/product\/9928","targetHints":{"allow":["GET"]}}],"collection":[{"href":"https:\/\/ulpmat.com\/it\/wp-json\/wp\/v2\/product"}],"about":[{"href":"https:\/\/ulpmat.com\/it\/wp-json\/wp\/v2\/types\/product"}],"wp:featuredmedia":[{"embeddable":true,"href":"https:\/\/ulpmat.com\/it\/wp-json\/wp\/v2\/media\/6208"}],"wp:attachment":[{"href":"https:\/\/ulpmat.com\/it\/wp-json\/wp\/v2\/media?parent=9928"}],"wp:term":[{"taxonomy":"product_brand","embeddable":true,"href":"https:\/\/ulpmat.com\/it\/wp-json\/wp\/v2\/product_brand?post=9928"},{"taxonomy":"product_cat","embeddable":true,"href":"https:\/\/ulpmat.com\/it\/wp-json\/wp\/v2\/product_cat?post=9928"},{"taxonomy":"product_tag","embeddable":true,"href":"https:\/\/ulpmat.com\/it\/wp-json\/wp\/v2\/product_tag?post=9928"}],"curies":[{"name":"wp","href":"https:\/\/api.w.org\/{rel}","templated":true}]}}