{"id":9906,"date":"2025-07-18T17:15:39","date_gmt":"2025-07-18T09:15:39","guid":{"rendered":"https:\/\/ulpmat.com\/product\/lutezio-cloruro-esaidrato\/"},"modified":"2025-07-18T17:15:39","modified_gmt":"2025-07-18T09:15:39","slug":"lutezio-cloruro-esaidrato","status":"publish","type":"product","link":"https:\/\/ulpmat.com\/it\/prodotto\/lutezio-cloruro-esaidrato\/","title":{"rendered":"Lutezio cloruro esaidrato"},"content":{"rendered":"<h2><span style=\"font-size: 14pt;\">Lutezio cloruro esaidrato in polvere <\/span><span style=\"font-size: 14pt;\">Panoramica <\/span><\/h2>\n<p><span style=\"color: #0000ff;\"><a style=\"color: #0000ff;\" href=\"https:\/\/ulpmat.com\/it\/ricerca\/?type=name&#038;keyword=Lutetium+Chloride+Hexahydrate\"><strong>Lutezio cloruro esaidrato<\/strong> <strong>in polvere<\/strong><\/a><\/span>  \u00e8 un materiale precursore chiave progettato per la preparazione di materiali di terre rare di elevata purezza e per scopi di ricerca scientifica. Questa <strong>polvere di cloruro di lutezio esaidrato<\/strong> di elevata purezza (LuCl\u2083-6H\u2082O) ha una purezza fino al 99,99% (4N), con una buona solubilit\u00e0 in acqua e stabilit\u00e0 chimica, ed \u00e8 ampiamente utilizzata nella <strong>polvere di cloruro di lutezio esaidrato per i cristalli di scintillazione<\/strong>, i materiali magnetici, i catalizzatori, i bersagli della medicina nucleare e altri campi di applicazione avanzati.<\/p>\n<p>Forniamo<strong> polvere di cloruro di lutezio esaidrato di elevata purezza<\/strong> con una variet\u00e0 di specifiche di imballaggio e gamme di dimensioni delle particelle, che possono essere personalizzate in base alle esigenze dei clienti. Questo <strong>LuCl\u2083-6H\u2082O<\/strong> per la ricerca e le applicazioni industriali \u00e8 dotato di una serie completa di documenti tecnici di supporto e di assistenza post-vendita. Per qualsiasi domanda, non esitate a contattare il nostro team tecnico.<\/p>\n<h2><span style=\"font-size: 14pt;\">Punti di forza del prodotto Cloruro di Lutezio Esaidrato<\/span><\/h2>\n<p>Livello di purezza: \u226599,99%<br \/>\nBuona solubilit\u00e0: facilmente solubile in acqua, adatto alla via di sintesi in soluzione<br \/>\nPossono essere fornite diverse dimensioni delle particelle e requisiti di secchezza, a seconda delle esigenze<br \/>\nServizio di imballaggio personalizzato<\/p>\n<h2><span style=\"font-size: 14pt;\">Applicazioni del <strong>cloruro di lutezio esaidrato<\/strong> <strong>in polvere<\/strong><\/span><\/h2>\n<p>Preparazione di materiali scintillanti: utilizzati per sintetizzare Lu\u2082SiO\u2085:Ce, LuI\u2083:Ce e altri cristalli ad alta efficienza per la rilevazione dei raggi \u03b3.<br \/>\nObiettivi di medicina nucleare: utilizzati come precursori per la preparazione di radioisotopi (come il \u00b9\u2077\u2077Lu) per il campo della radioterapia (RLT).<br \/>\nRicerca sul drogaggio delle terre rare: fornire fonti di drogaggio precise per la preparazione di ceramiche funzionali e materiali quantistici.<br \/>\nVettori o precursori di catalizzatori: utilizzati per studiare il meccanismo catalitico e la selettivit\u00e0 di reazione di terre rare speciali.<\/p>\n<h2><span style=\"font-size: 14pt;\">Rapporti<\/span><\/h2>\n<p>Forniamo certificati di analisi (COA), schede di sicurezza dei materiali (MSDS) e altri rapporti pertinenti per ogni lotto di <strong>polveri di cloruro di lutezio esaidrato.<\/strong> Inoltre, supportiamo anche test di terze parti per migliorare la garanzia di qualit\u00e0.<\/p>\n","protected":false},"excerpt":{"rendered":"<p>Lutezio cloruro esaidrato in polvere Panoramica Lutezio cloruro esaidrato in polvere \u00e8 un materiale precursore chiave progettato per la preparazione di materiali di terre rare di elevata purezza e per scopi di ricerca scientifica. Questa polvere di cloruro di lutezio esaidrato di elevata purezza (LuCl\u2083-6H\u2082O) ha una purezza fino al 99,99% (4N), con una buona [&hellip;]<\/p>\n","protected":false},"featured_media":6214,"template":"","meta":{"_acf_changed":false},"product_brand":[132],"product_cat":[323,324],"product_tag":[430,327,325,431],"class_list":{"0":"post-9906","1":"product","2":"type-product","3":"status-publish","4":"has-post-thumbnail","6":"product_brand-ulpmat","7":"product_cat-materiali-alogenuri","8":"product_cat-materiali-per-terre-rare","9":"product_tag-esaidrato","10":"product_tag-lutezio","11":"product_tag-materiali-alogenuri","12":"product_tag-polveri-inorganiche","14":"first","15":"instock","16":"shipping-taxable","17":"product-type-variable"},"acf":[],"_links":{"self":[{"href":"https:\/\/ulpmat.com\/it\/wp-json\/wp\/v2\/product\/9906","targetHints":{"allow":["GET"]}}],"collection":[{"href":"https:\/\/ulpmat.com\/it\/wp-json\/wp\/v2\/product"}],"about":[{"href":"https:\/\/ulpmat.com\/it\/wp-json\/wp\/v2\/types\/product"}],"wp:featuredmedia":[{"embeddable":true,"href":"https:\/\/ulpmat.com\/it\/wp-json\/wp\/v2\/media\/6214"}],"wp:attachment":[{"href":"https:\/\/ulpmat.com\/it\/wp-json\/wp\/v2\/media?parent=9906"}],"wp:term":[{"taxonomy":"product_brand","embeddable":true,"href":"https:\/\/ulpmat.com\/it\/wp-json\/wp\/v2\/product_brand?post=9906"},{"taxonomy":"product_cat","embeddable":true,"href":"https:\/\/ulpmat.com\/it\/wp-json\/wp\/v2\/product_cat?post=9906"},{"taxonomy":"product_tag","embeddable":true,"href":"https:\/\/ulpmat.com\/it\/wp-json\/wp\/v2\/product_tag?post=9906"}],"curies":[{"name":"wp","href":"https:\/\/api.w.org\/{rel}","templated":true}]}}