{"id":55322,"date":"2026-05-14T13:57:29","date_gmt":"2026-05-14T05:57:29","guid":{"rendered":"https:\/\/ulpmat.com\/product\/cromo-metallico-6\/"},"modified":"2026-05-14T13:57:29","modified_gmt":"2026-05-14T05:57:29","slug":"cromo-metallico-6","status":"publish","type":"product","link":"https:\/\/ulpmat.com\/it\/prodotto\/cromo-metallico-6\/","title":{"rendered":"Cromo metallico"},"content":{"rendered":"<h2><span style=\"font-size: 14pt;\">Panoramica sui target rotanti in cromo<\/span><\/h2>\n<p>I target rotanti<br \/>\n<span style=\"color: #0000ff;\"><a style=\"color: #0000ff;\" href=\"https:\/\/ulpmat.com\/it\/ricerca\/?type=name&#038;keyword=Chromium\">in cromo<\/a><\/span><br \/>\nsono materiali di sputtering in cromo ad alta densit\u00e0 progettati per la deposizione stabile di film sottili in sistemi di sputtering magnetron su grandi superfici. Grazie alla loro eccellente durezza, resistenza alla corrosione e stabilit\u00e0 al plasma, i target rotanti in cromo sono ampiamente utilizzati nel rivestimento di vetri per l&#8217;architettura, nel PVD decorativo, nei film ottici e nelle applicazioni industriali di rivestimento sotto vuoto.<\/p>\n<p>Rispetto ai target planari convenzionali, i target rotanti in cromo offrono un maggiore utilizzo del target, cicli di sputtering pi\u00f9 lunghi e un comportamento di erosione pi\u00f9 uniforme, rendendoli adatti alla produzione continua di rivestimenti in linea.<\/p>\n<p>Forniamo target rotanti in Cr ad alta purezza con dimensioni personalizzabili, strutture di incollaggio e processi di produzione a contenuto di ossigeno controllato per soddisfare i vari requisiti di rivestimento industriale.<\/p>\n<h2><span style=\"font-size: 14pt;\">Caratteristiche salienti del prodotto<\/span><\/h2>\n<p>Materiale in cromo ad alta purezza<br \/>\nDisponibile a basso contenuto di ossigeno<br \/>\nAlta densit\u00e0 e microstruttura uniforme<br \/>\nPrestazioni del plasma stabili<br \/>\nEccellente efficienza di sputtering rotativo<br \/>\nStruttura opzionale incollata o monolitica<br \/>\nDimensioni precise e controllo della tolleranza<br \/>\nLunghezze e dimensioni dei tubi personalizzabili<br \/>\nConsegna rapida e supporto tecnico<\/p>\n<h2><span style=\"font-size: 14pt;\">Applicazioni dei target rotanti in cromo<\/span><\/h2>\n<p>Rivestimento di vetri architettonici: I target rotanti in Cr sono ampiamente utilizzati nei sistemi di rivestimento del vetro Low-E come strati di adesione e rivestimenti protettivi funzionali. Il loro comportamento di sputtering stabile contribuisce a migliorare l&#8217;uniformit\u00e0 del rivestimento e l&#8217;efficienza produttiva.<\/p>\n<p>Rivestimento PVD decorativo:<br \/>\nUtilizzato per rivestimenti decorativi su:<br \/>\nFerramenta<br \/>\nFiniture automobilistiche<br \/>\nProdotti di consumo<br \/>\nSuperfici resistenti all&#8217;usura<br \/>\nI rivestimenti in cromo conferiscono un aspetto metallico, durezza e resistenza alla corrosione.<\/p>\n<p>Film sottili ottici:<br \/>\nI target rotanti in Cr sono adatti alla deposizione di film ottici che richiedono:<br \/>\nScarica di plasma stabile<br \/>\nSpessore uniforme del rivestimento<br \/>\nBassa generazione di particelle<br \/>\nRivestimento sottovuoto roll-to-roll<br \/>\nI target tubolari in cromo ad alta densit\u00e0 sono comunemente utilizzati nei sistemi di rivestimento a nastro continuo grazie alle loro prestazioni a lungo termine e all&#8217;elevato utilizzo del target.<\/p>\n<h2><span style=\"font-size: 14pt;\">Domande frequenti<\/span><\/h2>\n<p>D1: Quali livelli di purezza sono disponibili per i target in cromo?<br \/>\nR1: Possiamo fornire target rotanti in cromo con purezza fino al 99,5% e al 99,95% a seconda dei requisiti dell&#8217;applicazione.<\/p>\n<p>D2: \u00c8 possibile fornire target rotanti in cromo a basso contenuto di ossigeno?<br \/>\nR2: S\u00ec. La lavorazione a basso contenuto di ossigeno \u00e8 disponibile per applicazioni che richiedono una maggiore stabilit\u00e0 del plasma e una riduzione dell&#8217;arco elettrico durante la polverizzazione ad alta potenza.<\/p>\n<p>D3: Quali opzioni di incollaggio sono disponibili?<br \/>\nR3: Offriamo target rotanti in cromo incollati con varie soluzioni di tubi di supporto a seconda dei requisiti del sistema catodico.<\/p>\n<p>D4: Quali dimensioni potete produrre?<br \/>\nR4: Sono disponibili dimensioni, lunghezze, diametri esterni e spessori delle pareti personalizzati in base ai disegni del cliente o alle specifiche del sistema di sputtering.<\/p>\n<h2><span style=\"font-size: 14pt;\">Rapporti<\/span><\/h2>\n<p>Ogni lotto pu\u00f2 essere fornito con:<\/p>\n<p><span style=\"color: #0000ff;\"><a style=\"color: #0000ff;\" href=\"https:\/\/ulpmat.com\/it\/documenti\/certificato-di-analisi\/\"><u>Certificato di analisi (COA)<\/u><\/a><\/span><\/p>\n<p><span style=\"color: #0000ff;\"><a style=\"color: #0000ff;\" href=\"https:\/\/ulpmat.com\/it\/documenti\/scheda-tecnica\/\"><u>Scheda tecnica (TDS)<\/u><\/a><\/span><\/p>\n<p><span style=\"color: #0000ff;\"><a style=\"color: #0000ff;\" href=\"https:\/\/ulpmat.com\/it\/documenti\/scheda-di-sicurezza\/\"><u>Scheda di sicurezza dei materiali (MSDS)<\/u><\/a><\/span><br \/>\nRapporto di ispezione dimensionale<br \/>\nRapporti di prova di densit\u00e0 e purezza<br \/>\nRapporti di test di terze parti su richiesta<\/p>\n<h2><span style=\"font-size: 14pt;\">Perch\u00e9 scegliere noi?<\/span><\/h2>\n<p>Siamo specializzati nella produzione di materiali per sputtering ad alta purezza e di bersagli rotanti industriali. I nostri bersagli rotanti in cromo sono prodotti con un rigoroso controllo di qualit\u00e0 per garantire prestazioni di sputtering stabili, una qualit\u00e0 di incollaggio affidabile e propriet\u00e0 dei materiali costanti. Grazie a capacit\u00e0 di personalizzazione flessibili, risposta rapida e supporto tecnico, aiutiamo i clienti a migliorare la stabilit\u00e0 del rivestimento e l&#8217;efficienza produttiva in applicazioni di deposizione sotto vuoto esigenti.<\/p>\n","protected":false},"excerpt":{"rendered":"<p>Panoramica sui target rotanti in cromo I target rotanti in cromo sono materiali di sputtering in cromo ad alta densit\u00e0 progettati per la deposizione stabile di film sottili in sistemi di sputtering magnetron su grandi superfici. Grazie alla loro eccellente durezza, resistenza alla corrosione e stabilit\u00e0 al plasma, i target rotanti in cromo sono ampiamente [&hellip;]<\/p>\n","protected":false},"featured_media":55293,"template":"","meta":{"_acf_changed":false},"product_brand":[],"product_cat":[400],"product_tag":[8334],"class_list":{"0":"post-55322","1":"product","2":"type-product","3":"status-publish","4":"has-post-thumbnail","6":"product_cat-altri-materiali","7":"product_tag-obiettivo-rotante-in-metallo-al-cromo","9":"first","10":"instock","11":"shipping-taxable","12":"product-type-variable"},"acf":[],"_links":{"self":[{"href":"https:\/\/ulpmat.com\/it\/wp-json\/wp\/v2\/product\/55322","targetHints":{"allow":["GET"]}}],"collection":[{"href":"https:\/\/ulpmat.com\/it\/wp-json\/wp\/v2\/product"}],"about":[{"href":"https:\/\/ulpmat.com\/it\/wp-json\/wp\/v2\/types\/product"}],"wp:featuredmedia":[{"embeddable":true,"href":"https:\/\/ulpmat.com\/it\/wp-json\/wp\/v2\/media\/55293"}],"wp:attachment":[{"href":"https:\/\/ulpmat.com\/it\/wp-json\/wp\/v2\/media?parent=55322"}],"wp:term":[{"taxonomy":"product_brand","embeddable":true,"href":"https:\/\/ulpmat.com\/it\/wp-json\/wp\/v2\/product_brand?post=55322"},{"taxonomy":"product_cat","embeddable":true,"href":"https:\/\/ulpmat.com\/it\/wp-json\/wp\/v2\/product_cat?post=55322"},{"taxonomy":"product_tag","embeddable":true,"href":"https:\/\/ulpmat.com\/it\/wp-json\/wp\/v2\/product_tag?post=55322"}],"curies":[{"name":"wp","href":"https:\/\/api.w.org\/{rel}","templated":true}]}}