{"id":54779,"date":"2026-04-10T15:50:11","date_gmt":"2026-04-10T07:50:11","guid":{"rendered":"https:\/\/ulpmat.com\/product\/sodio-ferro-pirofosfato-fosfato-nfpp\/"},"modified":"2026-04-10T15:50:11","modified_gmt":"2026-04-10T07:50:11","slug":"sodio-ferro-pirofosfato-fosfato-nfpp","status":"publish","type":"product","link":"https:\/\/ulpmat.com\/it\/prodotto\/sodio-ferro-pirofosfato-fosfato-nfpp\/","title":{"rendered":"Sodio ferro pirofosfato fosfato (NFPP)"},"content":{"rendered":"<h2><span style=\"font-size: 14pt;\">Panoramica della polvere di pirofosfato di sodio e ferro (NFPP)<\/span><\/h2>\n<p>Il sodio pirofosfato ferrico (Na\u2084Fe\u2083(PO\u2084)\u2082P\u2082O\u2087, NFPP) \u00e8 un materiale catodico avanzato per sistemi di batterie agli ioni di sodio. Caratterizzato da una struttura mista fosfato-pirofosfato stabile, l&#8217;NFPP offre un&#8217;eccellente stabilit\u00e0 termica, un&#8217;elevata integrit\u00e0 strutturale e prestazioni affidabili di stoccaggio degli ioni di sodio.<\/p>\n<p>Rispetto ai materiali convenzionali a base di fosfato di ferro, l&#8217;NFPP combina i vantaggi delle chimiche del fosfato e del pirofosfato, offrendo una migliore densit\u00e0 energetica, una lunga durata dei cicli e una maggiore sicurezza. \u00c8 ampiamente utilizzato nelle batterie agli ioni di sodio, nei sistemi di accumulo di energia ibridi e nelle applicazioni di accumulo di energia stazionaria su larga scala.<\/p>\n<p>Forniamo polveri NFPP di elevata purezza con dimensioni delle particelle, morfologia, densit\u00e0 di picchiettatura, rivestimento di carbonio e miglioramento della conduttivit\u00e0 personalizzabili per soddisfare i diversi requisiti di produzione e prestazioni delle batterie. <span style=\"color: #0000ff;\"><a style=\"color: #0000ff;\" href=\"https:\/\/ulpmat.com\/it\/contatto\/\">Contattateci<\/a><\/span> per saperne di pi\u00f9 sulle nostre soluzioni di personalizzazione.<\/p>\n<h2><span style=\"font-size: 14pt;\">Punti salienti del prodotto<\/span><\/h2>\n<ul>\n<li>Stabile struttura cristallina mista fosfato-pirofosfato<\/li>\n<li>Eccellente stabilit\u00e0 termica ed elettrochimica<\/li>\n<li>Maggiore densit\u00e0 energetica rispetto ai materiali convenzionali a base di fosfato di ferro<\/li>\n<li>Lunga durata del ciclo e prestazioni di sicurezza eccezionali<\/li>\n<li>Rapida capacit\u00e0 di trasporto degli ioni di sodio<\/li>\n<li>Elevata purezza e distribuzione uniforme delle dimensioni delle particelle<\/li>\n<li>Rivestimento in carbonio e potenziamento della conduttivit\u00e0 disponibili<\/li>\n<li>Propriet\u00e0 elettrochimiche personalizzabili per diversi sistemi di batterie<\/li>\n<\/ul>\n<h2><span style=\"font-size: 14pt;\">Caratteristiche tipiche del materiale<\/span><\/h2>\n<table style=\"border-collapse: collapse; width: 68.3125%; height: 223px;\">\n<tbody>\n<tr style=\"height: 31px;\">\n<td style=\"width: 25.608%; height: 31px;\"><strong>Propriet\u00e0<\/strong><\/td>\n<td style=\"width: 42.7045%; height: 31px;\"><strong>Valore tipico<\/strong><\/td>\n<\/tr>\n<tr style=\"height: 24px;\">\n<td style=\"width: 25.608%; height: 24px;\">Formula chimica<\/td>\n<td style=\"width: 42.7045%; height: 24px;\">Na\u2084Fe\u2083(PO\u2084)\u2082P\u2082O\u2087<\/td>\n<\/tr>\n<tr style=\"height: 24px;\">\n<td style=\"width: 25.608%; height: 24px;\">Abbreviazione<\/td>\n<td style=\"width: 42.7045%; height: 24px;\">NFPP<\/td>\n<\/tr>\n<tr style=\"height: 24px;\">\n<td style=\"width: 25.608%; height: 24px;\">Aspetto<\/td>\n<td style=\"width: 42.7045%; height: 24px;\">Polvere da grigia a nera<\/td>\n<\/tr>\n<tr style=\"height: 24px;\">\n<td style=\"width: 25.608%; height: 24px;\">Struttura cristallina<\/td>\n<td style=\"width: 42.7045%; height: 24px;\">Struttura mista fosfato-pirofosfato<\/td>\n<\/tr>\n<tr style=\"height: 24px;\">\n<td style=\"width: 25.608%; height: 24px;\">Principale coppia redox<\/td>\n<td style=\"width: 42.7045%; height: 24px;\">Fe\u00b2\u207a \/ Fe\u00b3\u207a<\/td>\n<\/tr>\n<tr style=\"height: 24px;\">\n<td style=\"width: 25.608%; height: 24px;\">Densit\u00e0 del rubinetto<\/td>\n<td style=\"width: 42.7045%; height: 24px;\">Personalizzabile<\/td>\n<\/tr>\n<tr style=\"height: 24px;\">\n<td style=\"width: 25.608%; height: 24px;\">Dimensione delle particelle<\/td>\n<td style=\"width: 42.7045%; height: 24px;\">Personalizzabile<\/td>\n<\/tr>\n<tr style=\"height: 24px;\">\n<td style=\"width: 25.608%; height: 24px;\">Modifica della superficie<\/td>\n<td style=\"width: 42.7045%; height: 24px;\">Rivestimento in carbonio \/ Miglioramento della conduttivit\u00e0 disponibile<\/td>\n<\/tr>\n<\/tbody>\n<\/table>\n<h2><span style=\"font-size: 14pt;\">Opzioni di personalizzazione<\/span><\/h2>\n<p>Per soddisfare i diversi requisiti di processo delle batterie, supportiamo:<\/p>\n<ul>\n<li>Regolazione della dimensione delle particelle<\/li>\n<li>Controllo della morfologia delle particelle<\/li>\n<li>Ottimizzazione della densit\u00e0 del rubinetto<\/li>\n<li>Modifica del rivestimento in carbonio<\/li>\n<li>Aumento della conduttivit\u00e0<\/li>\n<li>Rapporto sodio\/ferro e controllo della fase cristallina personalizzati<\/li>\n<\/ul>\n<h2><span style=\"font-size: 14pt;\">Applicazioni di <\/span><span style=\"font-size: 14pt;\">Pirofosfato ferrico di sodio<\/span><span style=\"font-size: 14pt;\"> Polvere<\/span><\/h2>\n<p><strong>Materiali per catodi di batterie agli ioni di sodio:<\/strong> Adatto per batterie agli ioni di sodio ad alta sicurezza con una migliore densit\u00e0 energetica e una lunga durata del ciclo.<\/p>\n<p><strong>Sistemi di stoccaggio dell&#8217;energia di rete:<\/strong> Applicati nei sistemi di accumulo di energia rinnovabile, peak shaving e bilanciamento del carico.<\/p>\n<p><strong>Batterie di accumulo industriali e stazionarie:<\/strong> Utilizzate nei sistemi di alimentazione di riserva, nelle stazioni base di telecomunicazione e nell&#8217;accumulo di energia distribuita.<\/p>\n<p><strong>Dispositivi ibridi di stoccaggio dell&#8217;energia:<\/strong> Adatti ai condensatori agli ioni di sodio e ai sistemi di batterie ibride che richiedono prestazioni equilibrate in termini di potenza ed energia.<\/p>\n<h2><span style=\"color: #0000ff;\"><a style=\"color: #0000ff;\" href=\"https:\/\/ulpmat.com\/it\/azienda\/domande-frequenti\/\"><span style=\"font-size: 14pt;\">Domande frequenti<\/span><\/a><\/span><\/h2>\n<p>Q1: Che cos&#8217;\u00e8 l&#8217;NFPP?<br \/>\nA1: Na\u2084Fe\u2083(PO\u2084)\u2082P\u2082O\u2087 \u00e8 un materiale per catodi di batterie agli ioni di sodio a base di fosfato misto, caratterizzato da una struttura polianionica stabile e da centri redox multipli di ferro.<\/p>\n<p>D2: Per cosa viene utilizzato principalmente l&#8217;NFPP?<br \/>\nA2: L&#8217;NFPP \u00e8 utilizzato principalmente nei catodi delle batterie agli ioni di sodio, nell&#8217;accumulo di energia su larga scala, nei sistemi di energia rinnovabile, nell&#8217;alimentazione di riserva e nei dispositivi ibridi condensatore-batteria.<\/p>\n<p>Q3: Pu\u00f2 essere personalizzato?<br \/>\nA3: S\u00ec. Offriamo dimensioni personalizzate delle particelle, rivestimento in carbonio, morfologia, densit\u00e0 di picchiettamento e aumento della conduttivit\u00e0 in base ai requisiti specifici di progettazione delle batterie.<\/p>\n<p>Q4: Quali sono i vantaggi dell&#8217;NFPP?<br \/>\nR: Offre un&#8217;eccellente sicurezza, una struttura cristallina stabile, una lunga durata del ciclo e una maggiore densit\u00e0 energetica rispetto a molti materiali catodici convenzionali a base di ferro.<\/p>\n<h2><span style=\"font-size: 14pt;\">Rapporti<\/span><\/h2>\n<p>Ogni lotto comprende:<br \/>\n<span style=\"color: #0000ff;\"><a style=\"color: #0000ff;\" href=\"https:\/\/ulpmat.com\/it\/documenti\/certificato-di-analisi\/\"><u>Certificato di analisi (COA)<\/u><\/a><\/span><br \/>\n<span style=\"color: #0000ff;\"><a style=\"color: #0000ff;\" href=\"https:\/\/ulpmat.com\/it\/documenti\/scheda-tecnica\/\"><u>Scheda tecnica (TDS)<\/u><\/a><\/span><br \/>\n<span style=\"color: #0000ff;\"><a style=\"color: #0000ff;\" href=\"https:\/\/ulpmat.com\/it\/documenti\/scheda-di-sicurezza\/\"><u>Scheda di sicurezza (MSDS)<\/u><\/a><\/span><br \/>\nRapporto di ispezione delle dimensioni<br \/>\nRapporti di test di terze parti opzionali<\/p>\n<h2><span style=\"font-size: 14pt;\">Perch\u00e9 scegliere noi?<\/span><\/h2>\n<p>I nostri materiali NFPP sono sviluppati specificamente per le applicazioni delle batterie agli ioni di sodio di prossima generazione. Grazie a una tecnologia di sintesi avanzata, a un rigoroso controllo della qualit\u00e0 e a una capacit\u00e0 di personalizzazione flessibile, forniamo prodotti altamente coerenti con eccellenti prestazioni elettrochimiche.<\/p>\n<p>Aiutiamo i clienti a ottimizzare la sicurezza, la durata dei cicli, la conduttivit\u00e0 e l&#8217;efficienza economica complessiva delle batterie attraverso soluzioni di materiali su misura e un&#8217;assistenza tecnica affidabile.<\/p>\n","protected":false},"excerpt":{"rendered":"<p>Panoramica della polvere di pirofosfato di sodio e ferro (NFPP) Il sodio pirofosfato ferrico (Na\u2084Fe\u2083(PO\u2084)\u2082P\u2082O\u2087, NFPP) \u00e8 un materiale catodico avanzato per sistemi di batterie agli ioni di sodio. Caratterizzato da una struttura mista fosfato-pirofosfato stabile, l&#8217;NFPP offre un&#8217;eccellente stabilit\u00e0 termica, un&#8217;elevata integrit\u00e0 strutturale e prestazioni affidabili di stoccaggio degli ioni di sodio. Rispetto ai [&hellip;]<\/p>\n","protected":false},"featured_media":54760,"template":"","meta":{"_acf_changed":false},"product_brand":[],"product_cat":[931,930],"product_tag":[932],"class_list":{"0":"post-54779","1":"product","2":"type-product","3":"status-publish","4":"has-post-thumbnail","6":"product_cat-materiali-della-batteria","7":"product_cat-materiali-per-il-drogaggio-delle-batterie","8":"product_tag-materiali-della-batteria","10":"first","11":"instock","12":"shipping-taxable","13":"purchasable","14":"product-type-variable"},"acf":[],"_links":{"self":[{"href":"https:\/\/ulpmat.com\/it\/wp-json\/wp\/v2\/product\/54779","targetHints":{"allow":["GET"]}}],"collection":[{"href":"https:\/\/ulpmat.com\/it\/wp-json\/wp\/v2\/product"}],"about":[{"href":"https:\/\/ulpmat.com\/it\/wp-json\/wp\/v2\/types\/product"}],"wp:featuredmedia":[{"embeddable":true,"href":"https:\/\/ulpmat.com\/it\/wp-json\/wp\/v2\/media\/54760"}],"wp:attachment":[{"href":"https:\/\/ulpmat.com\/it\/wp-json\/wp\/v2\/media?parent=54779"}],"wp:term":[{"taxonomy":"product_brand","embeddable":true,"href":"https:\/\/ulpmat.com\/it\/wp-json\/wp\/v2\/product_brand?post=54779"},{"taxonomy":"product_cat","embeddable":true,"href":"https:\/\/ulpmat.com\/it\/wp-json\/wp\/v2\/product_cat?post=54779"},{"taxonomy":"product_tag","embeddable":true,"href":"https:\/\/ulpmat.com\/it\/wp-json\/wp\/v2\/product_tag?post=54779"}],"curies":[{"name":"wp","href":"https:\/\/api.w.org\/{rel}","templated":true}]}}