{"id":54767,"date":"2026-04-08T15:28:52","date_gmt":"2026-04-08T07:28:52","guid":{"rendered":"https:\/\/ulpmat.com\/product\/fosfato-di-sodio-e-vanadio\/"},"modified":"2026-04-08T15:28:52","modified_gmt":"2026-04-08T07:28:52","slug":"fosfato-di-sodio-e-vanadio","status":"publish","type":"product","link":"https:\/\/ulpmat.com\/it\/prodotto\/fosfato-di-sodio-e-vanadio\/","title":{"rendered":"Fosfato di sodio e vanadio"},"content":{"rendered":"<h2><span style=\"font-size: 14pt;\">Panoramica della polvere di vanadio fosfato di sodio rivestita di carbonio<\/span><\/h2>\n<p>Il fosfato di sodio e vanadio rivestito di carbonio (Na\u2083V\u2082(PO\u2084)\u2083\/C) \u00e8 un materiale catodico ad alte prestazioni per sistemi di batterie a ioni di sodio. Caratterizzato da una struttura cristallina stabile di tipo NASICON e da un rivestimento uniforme di carbonio conduttivo, garantisce un rapido trasporto degli ioni di sodio, una maggiore conducibilit\u00e0 elettronica, un&#8217;eccellente capacit\u00e0 di velocit\u00e0 e una lunga stabilit\u00e0 ai cicli.<\/p>\n<p>Lo strato di carbonio conduttivo migliora significativamente la bassa conduttivit\u00e0 intrinseca del Na\u2083V\u2082(PO\u2084)\u2083, rendendo il fosfato di sodio e vanadio rivestito di carbonio particolarmente adatto per batterie agli ioni di sodio ad alta potenza, a carica rapida e a lunga durata.<\/p>\n<p>Offriamo polveri di fosfato di sodio e vanadio rivestite di carbonio con contenuto di carbonio, dimensioni delle particelle, morfologia, densit\u00e0 di picchiettamento e miglioramento della conduttivit\u00e0 personalizzabili per soddisfare i diversi requisiti di produzione delle batterie. <span style=\"color: #0000ff;\"><a style=\"color: #0000ff;\" href=\"https:\/\/ulpmat.com\/it\/contatto\/\">Contattateci<\/a><\/span> per saperne di pi\u00f9 sul nostro processo di personalizzazione.<\/p>\n<h2><span style=\"font-size: 14pt;\">Punti salienti del prodotto<\/span><\/h2>\n<ul>\n<li>Struttura cristallina stabile di tipo NASICON<\/li>\n<li>\n<p>Rivestimento uniforme in carbonio conduttivo<\/li>\n<li>\n<p>Capacit\u00e0 di trasporto veloce degli ioni di sodio<\/li>\n<li>\n<p>Eccellenti prestazioni di velocit\u00e0 e lunga durata dei cicli<\/li>\n<li>\n<p>Conducibilit\u00e0 elettronica migliorata<\/li>\n<li>\n<p>Elevata purezza e distribuzione uniforme delle particelle<\/li>\n<li>\n<p>Buona stabilit\u00e0 termica e sicurezza<\/li>\n<li>\n<p>Contenuto di carbonio e propriet\u00e0 elettrochimiche personalizzabili<\/li>\n<\/ul>\n<h2><span style=\"font-size: 14pt;\">Caratteristiche tipiche del materiale<\/span><\/h2>\n<table style=\"border-collapse: collapse; width: 52.7634%; height: 201px;\">\n<tbody>\n<tr style=\"height: 33px;\">\n<td style=\"width: 23.4709%; height: 33px;\"><strong>Propriet\u00e0<\/strong><\/td>\n<td style=\"width: 29.2925%; height: 33px;\"><strong>Valore tipico<\/strong><\/td>\n<\/tr>\n<tr style=\"height: 24px;\">\n<td style=\"width: 23.4709%; height: 24px;\">Formula chimica<\/td>\n<td style=\"width: 29.2925%; height: 24px;\">Na\u2083V\u2082(PO\u2084)\u2083\/C<\/td>\n<\/tr>\n<tr style=\"height: 24px;\">\n<td style=\"width: 23.4709%; height: 24px;\">Aspetto<\/td>\n<td style=\"width: 29.2925%; height: 24px;\">Polvere di colore grigio scuro o nero<\/td>\n<\/tr>\n<tr style=\"height: 24px;\">\n<td style=\"width: 23.4709%; height: 24px;\">Struttura cristallina<\/td>\n<td style=\"width: 29.2925%; height: 24px;\">Tipo NASICON, romboedrica<\/td>\n<\/tr>\n<tr style=\"height: 24px;\">\n<td style=\"width: 23.4709%; height: 24px;\">Gruppo spaziale<\/td>\n<td style=\"width: 29.2925%; height: 24px;\">R-3c<\/td>\n<\/tr>\n<tr style=\"height: 24px;\">\n<td style=\"width: 23.4709%; height: 24px;\">Contenuto di carbonio<\/td>\n<td style=\"width: 29.2925%; height: 24px;\">Personalizzabile (in genere 2-6 wt%)<\/td>\n<\/tr>\n<tr style=\"height: 24px;\">\n<td style=\"width: 23.4709%; height: 24px;\">Dimensione delle particelle<\/td>\n<td style=\"width: 29.2925%; height: 24px;\">Personalizzabile<\/td>\n<\/tr>\n<tr style=\"height: 24px;\">\n<td style=\"width: 23.4709%; height: 24px;\">Modifica della superficie<\/td>\n<td style=\"width: 29.2925%; height: 24px;\">Rivestimento conduttivo in carbonio<\/td>\n<\/tr>\n<\/tbody>\n<\/table>\n<h2><span style=\"font-size: 14pt;\">Opzioni di personalizzazione<\/span><\/h2>\n<p>Per soddisfare i diversi requisiti di processo delle batterie, supportiamo:<\/p>\n<ul>\n<li>Regolazione del contenuto di carbonio<\/li>\n<li>Ottimizzazione delle dimensioni delle particelle<\/li>\n<li>Controllo della morfologia<\/li>\n<li>Regolazione della densit\u00e0 del rubinetto<\/li>\n<li>Miglioramento della conduttivit\u00e0<\/li>\n<li>Prestazioni elettrochimiche personalizzate<\/li>\n<\/ul>\n<h2><span style=\"font-size: 14pt;\">Applicazioni di <\/span><span style=\"font-size: 14pt;\">Polvere di fosfato di sodio e vanadio<\/span><\/h2>\n<p><strong>Materiali per catodi di batterie agli ioni di sodio:<\/strong> Ampiamente utilizzato come materiale catodico per le batterie agli ioni di sodio che richiedono un&#8217;elevata capacit\u00e0 di velocit\u00e0 e stabilit\u00e0 ai cicli a lungo termine.<\/p>\n<p><strong>Sistemi ibridi di condensatori e batterie:<\/strong> Adatto per condensatori agli ioni di sodio e dispositivi ibridi di accumulo di energia che richiedono un&#8217;elevata potenza e una lunga durata dei cicli.<\/p>\n<p><strong>Sistemi di accumulo di energia su larga scala:<\/strong> Applicabile all&#8217;accumulo di energia in rete, all&#8217;integrazione delle energie rinnovabili e ai sistemi di alimentazione di riserva.<\/p>\n<p><strong>Dispositivi di accumulo di energia ad alta potenza:<\/strong> Ideali per applicazioni che richiedono una carica\/scarica rapida e prestazioni elettrochimiche stabili.<\/p>\n<h2><span style=\"color: #0000ff;\"><a style=\"color: #0000ff;\" href=\"https:\/\/ulpmat.com\/it\/azienda\/domande-frequenti\/\"><span style=\"font-size: 14pt;\">Domande frequenti<\/span><\/a><\/span><\/h2>\n<p>Q1: Cos&#8217;\u00e8 il fosfato di sodio e vanadio rivestito di carbonio?<br \/>\nR: Il fosfato di sodio e vanadio rivestito di carbonio \u00e8 Na\u2083V\u2082(PO\u2084)\u2083 rivestito con uno strato di carbonio conduttivo per migliorare la conduttivit\u00e0 elettronica e le prestazioni della batteria.<\/p>\n<p>D2: Quali sono i vantaggi del fosfato di sodio e vanadio rivestito di carbonio?<br \/>\nR: Offre un rapido trasporto degli ioni di sodio, una maggiore conduttivit\u00e0, un&#8217;eccellente capacit\u00e0 di velocit\u00e0, una lunga durata dei cicli e un&#8217;elevata sicurezza.<\/p>\n<p>Q3: Per cosa viene utilizzato principalmente?<br \/>\nR: Viene utilizzato principalmente nei catodi delle batterie agli ioni di sodio, nei condensatori ibridi e nei sistemi di accumulo di energia su larga scala.<\/p>\n<p>Q4: Il contenuto di carbonio pu\u00f2 essere personalizzato?<br \/>\nR: S\u00ec. Offriamo livelli di rivestimento di carbonio personalizzabili, in genere dal 2 wt% al 6 wt%, in base ai diversi requisiti di prestazione della batteria.<\/p>\n<h2><span style=\"font-size: 14pt;\">Rapporti<\/span><\/h2>\n<p>Ogni lotto include:<br \/>\n<span style=\"color: #0000ff;\"><a style=\"color: #0000ff;\" href=\"https:\/\/ulpmat.com\/it\/documenti\/certificato-di-analisi\/\"><u>Certificato di analisi (COA)<\/u><\/a><\/span><br \/>\n<span style=\"color: #0000ff;\"><a style=\"color: #0000ff;\" href=\"https:\/\/ulpmat.com\/it\/documenti\/scheda-tecnica\/\"><u>Scheda tecnica (TDS)<\/u><\/a><\/span><br \/>\n<span style=\"color: #0000ff;\"><a style=\"color: #0000ff;\" href=\"https:\/\/ulpmat.com\/it\/documenti\/scheda-di-sicurezza\/\"><u>Scheda di sicurezza (MSDS)<\/u><\/a><\/span><br \/>\nRapporto di ispezione delle dimensioni<br \/>\nRapporti di test di terze parti disponibili su richiesta<\/p>\n<h2><span style=\"font-size: 14pt;\">Perch\u00e9 scegliere noi?<\/span><\/h2>\n<p>I nostri materiali a base di fosfato di sodio e vanadio rivestiti di carbonio sono progettati appositamente per le applicazioni delle batterie agli ioni di sodio di prossima generazione. Grazie all&#8217;avanzata tecnologia di rivestimento in carbonio e al rigoroso controllo di qualit\u00e0, forniamo materiali con un&#8217;eccellente conduttivit\u00e0, prestazioni elettrochimiche stabili e una qualit\u00e0 costante del prodotto.<\/p>\n<p>Supportiamo una personalizzazione flessibile e un servizio tecnico affidabile per aiutare i clienti a sviluppare sistemi di batterie agli ioni di sodio ad alte prestazioni, sicuri ed economici.<\/p>\n","protected":false},"excerpt":{"rendered":"<p>Panoramica della polvere di vanadio fosfato di sodio rivestita di carbonio Il fosfato di sodio e vanadio rivestito di carbonio (Na\u2083V\u2082(PO\u2084)\u2083\/C) \u00e8 un materiale catodico ad alte prestazioni per sistemi di batterie a ioni di sodio. Caratterizzato da una struttura cristallina stabile di tipo NASICON e da un rivestimento uniforme di carbonio conduttivo, garantisce un [&hellip;]<\/p>\n","protected":false},"featured_media":54724,"template":"","meta":{"_acf_changed":false},"product_brand":[],"product_cat":[931,930],"product_tag":[932],"class_list":{"0":"post-54767","1":"product","2":"type-product","3":"status-publish","4":"has-post-thumbnail","6":"product_cat-materiali-della-batteria","7":"product_cat-materiali-per-il-drogaggio-delle-batterie","8":"product_tag-materiali-della-batteria","10":"first","11":"instock","12":"shipping-taxable","13":"purchasable","14":"product-type-variable"},"acf":[],"_links":{"self":[{"href":"https:\/\/ulpmat.com\/it\/wp-json\/wp\/v2\/product\/54767","targetHints":{"allow":["GET"]}}],"collection":[{"href":"https:\/\/ulpmat.com\/it\/wp-json\/wp\/v2\/product"}],"about":[{"href":"https:\/\/ulpmat.com\/it\/wp-json\/wp\/v2\/types\/product"}],"wp:featuredmedia":[{"embeddable":true,"href":"https:\/\/ulpmat.com\/it\/wp-json\/wp\/v2\/media\/54724"}],"wp:attachment":[{"href":"https:\/\/ulpmat.com\/it\/wp-json\/wp\/v2\/media?parent=54767"}],"wp:term":[{"taxonomy":"product_brand","embeddable":true,"href":"https:\/\/ulpmat.com\/it\/wp-json\/wp\/v2\/product_brand?post=54767"},{"taxonomy":"product_cat","embeddable":true,"href":"https:\/\/ulpmat.com\/it\/wp-json\/wp\/v2\/product_cat?post=54767"},{"taxonomy":"product_tag","embeddable":true,"href":"https:\/\/ulpmat.com\/it\/wp-json\/wp\/v2\/product_tag?post=54767"}],"curies":[{"name":"wp","href":"https:\/\/api.w.org\/{rel}","templated":true}]}}