{"id":54677,"date":"2026-04-08T10:28:12","date_gmt":"2026-04-08T02:28:12","guid":{"rendered":"https:\/\/ulpmat.com\/product\/fosfato-di-sodio-e-titanio\/"},"modified":"2026-04-08T10:28:12","modified_gmt":"2026-04-08T02:28:12","slug":"fosfato-di-sodio-e-titanio","status":"publish","type":"product","link":"https:\/\/ulpmat.com\/it\/prodotto\/fosfato-di-sodio-e-titanio\/","title":{"rendered":"Fosfato di sodio e titanio"},"content":{"rendered":"<h2><span style=\"font-size: 14pt;\">Panoramica sulla polvere di fosfato di sodio e titanio<\/span><\/h2>\n<p>Il fosfato di sodio e titanio \u00e8 un importante materiale per elettrodi nei sistemi di batterie acquose, caratterizzato da una struttura stabile di tipo NASICON, da una rapida capacit\u00e0 di trasporto degli ioni sodio e da un&#8217;eccellente stabilit\u00e0 ciclica negli elettroliti a base acquosa. \u00c8 ampiamente utilizzato nelle batterie acquose agli ioni sodio, nelle batterie ibride agli ioni e in altri sistemi di accumulo di energia sicuri ed economici.<\/p>\n<p>Offriamo materiali a base di fosfato di sodio e titanio con vari rapporti sodio\/titanio e strutture cristalline, supportando servizi personalizzati relativi a dimensione delle particelle, morfologia, densit\u00e0 apparente, rivestimento in carbonio e miglioramento della conduttivit\u00e0 per soddisfare i diversi requisiti di processo delle batterie. <span style=\"color: #0000ff;\"><a style=\"color: #0000ff;\" href=\"https:\/\/ulpmat.com\/it\/contatto\/\">Contattateci<\/a><\/span><br \/>\nper saperne di pi\u00f9 sul nostro processo di personalizzazione.<\/p>\n<h2><span style=\"font-size: 14pt;\">Caratteristiche salienti del prodotto<\/span><\/h2>\n<ul>\n<li>Eccellente stabilit\u00e0 strutturale<\/li>\n<li>Buona conduttivit\u00e0 ionica<\/li>\n<li>Composizione e struttura regolabili<\/li>\n<li>Elevata purezza e granulometria uniforme<\/li>\n<li>Elevata sicurezza e basso costo<\/li>\n<li>Propriet\u00e0 elettrochimiche personalizzabili<\/li>\n<\/ul>\n<h2><span style=\"font-size: 14pt;\">Applicazioni della <\/span><span style=\"font-size: 14pt;\">polvere di fosfato di sodio e titanio<\/span><\/h2>\n<p><strong>Materiali per anodi di batterie agli ioni di sodio acquose:<\/strong><br \/>\nutilizzati come materiale anodico ad alta stabilit\u00e0 per batterie agli ioni di sodio acquose con lunga durata di ciclo e capacit\u00e0 di ricarica ad alta velocit\u00e0.<\/p>\n<p><strong>Sistemi ibridi di condensatori e batterie:<\/strong><br \/>\nAdatto per condensatori a ioni di sodio acquosi e dispositivi ibridi di accumulo di energia che richiedono sia alta potenza che elevata durata di ciclo.<\/p>\n<p><strong>Accumulo di energia su larga scala:<\/strong><br \/>\nApplicabile all&#8217;accumulo di energia in rete, all&#8217;integrazione delle energie rinnovabili e ai sistemi di alimentazione di riserva dove la sicurezza e la lunga durata sono fondamentali.<\/p>\n<h2><span style=\"color: #0000ff;\"><a style=\"color: #0000ff;\" href=\"https:\/\/ulpmat.com\/it\/azienda\/domande-frequenti\/\"><span style=\"font-size: 14pt;\">Domande frequenti<\/span><\/a><\/span><\/h2>\n<p>D1: Che cos&#8217;\u00e8 il fosfato di sodio e titanio?<br \/>\nR1: Il fosfato di sodio e titanio \u00e8 un materiale inorganico composto da sodio, titanio e fosforo, con la formula chimica comune NaTi\u2082(PO\u2084)\u2083. Presenta una buona conduttivit\u00e0 degli ioni sodio e stabilit\u00e0 strutturale, ed \u00e8 utilizzato principalmente nelle batterie agli ioni di sodio acquose, negli elettroliti allo stato solido e nei materiali a scambio ionico.<\/p>\n<p>D2: A cosa serve il fosfato di sodio e titanio?<br \/>\nR2: Viene utilizzato principalmente nei settori degli anodi per batterie agli ioni di sodio acquose, degli elettroliti solidi, dello scambio ionico, del trattamento delle acque e dei materiali per l&#8217;accumulo di energia.<\/p>\n<p>D3: Come selezionare il fosfato di sodio e titanio?<br \/>\nR3: Nella scelta del fosfato di sodio e titanio, \u00e8 necessario selezionare il modello pi\u00f9 adatto alle prestazioni della batteria o dell&#8217;accumulatore in base all&#8217;applicazione, alla dimensione delle particelle, alla purezza e ai requisiti di modifica della conduttivit\u00e0.<\/p>\n<h2><span style=\"font-size: 14pt;\">Report<\/span><\/h2>\n<p>Ogni lotto include:<br \/>\n<span style=\"color: #0000ff;\"><a style=\"color: #0000ff;\" href=\"https:\/\/ulpmat.com\/it\/documenti\/certificato-di-analisi\/\"><u>Certificato di analisi (COA)<\/u><\/a><\/span><\/p>\n<p><span style=\"color: #0000ff;\"><a style=\"color: #0000ff;\" href=\"https:\/\/ulpmat.com\/it\/documenti\/scheda-tecnica\/\"><u>Scheda tecnica (TDS)<\/u><\/a><\/span><\/p>\n<p><span style=\"color: #0000ff;\"><a style=\"color: #0000ff;\" href=\"https:\/\/ulpmat.com\/it\/documenti\/scheda-di-sicurezza\/\"><u>Scheda di sicurezza (MSDS)<\/u><\/a><\/span><br \/>\nRapporto di ispezione dimensionale<br \/>\nRapporti di test di terze parti disponibili su richiesta<\/p>\n<h2><span style=\"font-size: 14pt;\">Perch\u00e9 scegliere noi?<\/span><\/h2>\n<p>I nostri materiali a base di fosfato di sodio e titanio sono progettati appositamente per applicazioni in batterie acquose, offrendo un trasporto rapido degli ioni di sodio, un&#8217;eccellente stabilit\u00e0 di ciclo e un&#8217;elevata sicurezza. Supportiamo composizioni personalizzate, dimensioni delle particelle, rivestimento in carbonio e miglioramento della conduttivit\u00e0 per soddisfare diversi requisiti di processo. Grazie all&#8217;elevata purezza, alla qualit\u00e0 costante, alla produzione flessibile e al supporto tecnico affidabile, aiutiamo i clienti a sviluppare sistemi di batterie acquose ad alte prestazioni ed economici.<\/p>\n","protected":false},"excerpt":{"rendered":"<p>Panoramica sulla polvere di fosfato di sodio e titanio Il fosfato di sodio e titanio \u00e8 un importante materiale per elettrodi nei sistemi di batterie acquose, caratterizzato da una struttura stabile di tipo NASICON, da una rapida capacit\u00e0 di trasporto degli ioni sodio e da un&#8217;eccellente stabilit\u00e0 ciclica negli elettroliti a base acquosa. \u00c8 ampiamente [&hellip;]<\/p>\n","protected":false},"featured_media":54670,"template":"","meta":{"_acf_changed":false},"product_brand":[],"product_cat":[931,930],"product_tag":[932],"class_list":{"0":"post-54677","1":"product","2":"type-product","3":"status-publish","4":"has-post-thumbnail","6":"product_cat-materiali-della-batteria","7":"product_cat-materiali-per-il-drogaggio-delle-batterie","8":"product_tag-materiali-della-batteria","10":"first","11":"instock","12":"shipping-taxable","13":"purchasable","14":"product-type-variable"},"acf":[],"_links":{"self":[{"href":"https:\/\/ulpmat.com\/it\/wp-json\/wp\/v2\/product\/54677","targetHints":{"allow":["GET"]}}],"collection":[{"href":"https:\/\/ulpmat.com\/it\/wp-json\/wp\/v2\/product"}],"about":[{"href":"https:\/\/ulpmat.com\/it\/wp-json\/wp\/v2\/types\/product"}],"wp:featuredmedia":[{"embeddable":true,"href":"https:\/\/ulpmat.com\/it\/wp-json\/wp\/v2\/media\/54670"}],"wp:attachment":[{"href":"https:\/\/ulpmat.com\/it\/wp-json\/wp\/v2\/media?parent=54677"}],"wp:term":[{"taxonomy":"product_brand","embeddable":true,"href":"https:\/\/ulpmat.com\/it\/wp-json\/wp\/v2\/product_brand?post=54677"},{"taxonomy":"product_cat","embeddable":true,"href":"https:\/\/ulpmat.com\/it\/wp-json\/wp\/v2\/product_cat?post=54677"},{"taxonomy":"product_tag","embeddable":true,"href":"https:\/\/ulpmat.com\/it\/wp-json\/wp\/v2\/product_tag?post=54677"}],"curies":[{"name":"wp","href":"https:\/\/api.w.org\/{rel}","templated":true}]}}