{"id":54137,"date":"2025-12-29T16:47:17","date_gmt":"2025-12-29T08:47:17","guid":{"rendered":"https:\/\/ulpmat.com\/product\/fosfuro-di-cobalto\/"},"modified":"2025-12-29T16:47:17","modified_gmt":"2025-12-29T08:47:17","slug":"fosfuro-di-cobalto","status":"publish","type":"product","link":"https:\/\/ulpmat.com\/it\/prodotto\/fosfuro-di-cobalto\/","title":{"rendered":"Fosfuro di cobalto"},"content":{"rendered":"<h2><span style=\"font-size: 14pt;\">Panoramica sulla polvere di fosfuro di cobalto<\/span><\/h2>\n<p>La polvere<br \/>\n<span style=\"color: #0000ff;\"><a style=\"color: #0000ff;\" href=\"https:\/\/ulpmat.com\/it\/ricerca\/?type=name&#038;keyword=Cobalt+phosphide\">di fosfuro di cobalto<\/a><\/span><br \/>\npossiede un&#8217;eccellente conduttivit\u00e0 elettrica e attivit\u00e0 catalitica, che la rendono ampiamente utilizzata nella produzione di batterie, catalizzatori e materiali in lega.<\/p>\n<p>Offriamo polvere di fosfuro di cobalto ad alta purezza per soddisfare varie esigenze industriali. <span style=\"color: #0000ff;\"><a style=\"color: #0000ff;\" href=\"https:\/\/ulpmat.com\/it\/contatto\/\">Contattateci<\/a><\/span><br \/>\nper ulteriori informazioni sui servizi personalizzati.<\/p>\n<h2><span style=\"font-size: 14pt;\">Caratteristiche principali del prodotto<\/span><\/h2>\n<p>L&#8217;elevata purezza garantisce prestazioni stabili.<br \/>\nEccellente conduttivit\u00e0 elettrica, adatta per batterie e applicazioni elettroniche.<br \/>\nBuona attivit\u00e0 catalitica, ampiamente utilizzata nelle reazioni chimiche.<br \/>\nElevata resistenza alla corrosione, adatta per ambienti difficili.<br \/>\nLa dimensione fine delle particelle garantisce una distribuzione uniforme e reazioni efficienti.<br \/>\nIl rigoroso controllo di qualit\u00e0 garantisce l&#8217;uniformit\u00e0 del prodotto<\/p>\n<h2><span style=\"font-size: 14pt;\">. Applicazioni della polvere di fosfuro di cobalto<\/span><\/h2>\n<p>Produzione<br \/>\n<span style=\"color: #0000ff;\"><a style=\"color: #0000ff;\" href=\"https:\/\/ulpmat.com\/it\/applicazione\/materiali-della-batteria\/\">di batterie<\/a><\/span><br \/>\n: \u00e8 comunemente utilizzata nei materiali degli elettrodi per batterie agli ioni di litio per migliorare la densit\u00e0 energetica e l&#8217;efficienza di carica\/scarica.<br \/>\nCatalizzatori: come catalizzatore altamente efficiente, il fosfuro di cobalto ha ampie applicazioni nelle reazioni petrolchimiche, di protezione ambientale e di produzione di idrogeno.<br \/>\nProduzione di leghe: svolge un ruolo importante nella produzione di leghe ad alta temperatura, migliorandone la resistenza e la resistenza alla corrosione.<br \/>\nIndustria elettronica: utilizzato nella produzione di vari componenti elettronici, fornisce eccellente conduttivit\u00e0 e stabilit\u00e0.<\/p>\n<h2><span style=\"color: #0000ff;\"><a style=\"color: #0000ff;\" href=\"https:\/\/ulpmat.com\/it\/azienda\/domande-frequenti\/\"><span style=\"font-size: 14pt;\">Domande frequenti<\/span><\/a><\/span><\/h2>\n<p>D1: Qual \u00e8 la purezza della polvere di fosfuro di cobalto?<br \/>\nR1: La nostra polvere di fosfuro di cobalto ha una purezza fino al 99,9%, garantendo prestazioni eccellenti in applicazioni quali batterie, catalizzatori e leghe.<\/p>\n<p>D2: Questa polvere \u00e8 adatta per reazioni catalitiche?<br \/>\nR2: S\u00ec, ha una buona attivit\u00e0 catalitica ed \u00e8 ampiamente utilizzata nella petrolchimica, nella protezione ambientale e nella produzione di idrogeno.<\/p>\n<p>D3: Come deve essere conservata?<br \/>\nR3: Conservare in un luogo fresco e asciutto, evitando il contatto con umidit\u00e0 e sostanze corrosive.<\/p>\n<p>D4: La polvere di fosfuro di cobalto pu\u00f2 essere utilizzata in applicazioni ad alta temperatura?<br \/>\nR4: S\u00ec, ha una buona resistenza alle alte temperature ed \u00e8 adatta per reazioni catalitiche e produzione di leghe in ambienti ad alta temperatura.<\/p>\n<h2><span style=\"font-size: 14pt;\">Rapporti<\/span><\/h2>\n<p>Ogni lotto viene fornito con:<br \/>\n<span style=\"color: #0000ff;\"><a style=\"color: #0000ff;\" href=\"https:\/\/ulpmat.com\/it\/documenti\/certificato-di-analisi\/\">Certificato di analisi (COA)<\/a><\/span><\/p>\n<p><span style=\"color: #0000ff;\"><a style=\"color: #0000ff;\" href=\"https:\/\/ulpmat.com\/it\/documenti\/scheda-tecnica\/\">Scheda tecnica (TDS)<\/a><\/span><\/p>\n<p><span style=\"color: #0000ff;\"><a style=\"color: #0000ff;\" href=\"https:\/\/ulpmat.com\/it\/documenti\/scheda-di-sicurezza\/\">Scheda di sicurezza (MSDS)<\/a><\/span><br \/>\nRapporti di test di terze parti disponibili su richiesta<\/p>\n<h2><span style=\"font-size: 14pt;\">Perch\u00e9 scegliere noi?<\/span><\/h2>\n<p>La nostra polvere di fosfuro di cobalto vanta un&#8217;elevata purezza e prestazioni catalitiche stabili. In combinazione con servizi personalizzati e <span style=\"color: #0000ff;\"><a style=\"color: #0000ff;\" href=\"https:\/\/ulpmat.com\/it\/servizio\/servizio-post-vendita\/\">assistenza post-vendita<\/a><\/span><br \/>\nprofessionale, garantiamo soluzioni affidabili per i vostri progetti.<\/p>\n","protected":false},"excerpt":{"rendered":"<p>Panoramica sulla polvere di fosfuro di cobalto La polvere di fosfuro di cobalto possiede un&#8217;eccellente conduttivit\u00e0 elettrica e attivit\u00e0 catalitica, che la rendono ampiamente utilizzata nella produzione di batterie, catalizzatori e materiali in lega. Offriamo polvere di fosfuro di cobalto ad alta purezza per soddisfare varie esigenze industriali. Contattateci per ulteriori informazioni sui servizi personalizzati. [&hellip;]<\/p>\n","protected":false},"featured_media":54138,"template":"","meta":{"_acf_changed":false},"product_brand":[132],"product_cat":[1192],"product_tag":[8316,8315],"class_list":{"0":"post-54137","1":"product","2":"type-product","3":"status-publish","4":"has-post-thumbnail","6":"product_brand-ulpmat","7":"product_cat-materiali-fosforici","8":"product_tag-fosfuro","9":"product_tag-fosfuro-di-cobalto-in-polvere","11":"first","12":"instock","13":"shipping-taxable","14":"product-type-variable"},"acf":[],"_links":{"self":[{"href":"https:\/\/ulpmat.com\/it\/wp-json\/wp\/v2\/product\/54137","targetHints":{"allow":["GET"]}}],"collection":[{"href":"https:\/\/ulpmat.com\/it\/wp-json\/wp\/v2\/product"}],"about":[{"href":"https:\/\/ulpmat.com\/it\/wp-json\/wp\/v2\/types\/product"}],"wp:featuredmedia":[{"embeddable":true,"href":"https:\/\/ulpmat.com\/it\/wp-json\/wp\/v2\/media\/54138"}],"wp:attachment":[{"href":"https:\/\/ulpmat.com\/it\/wp-json\/wp\/v2\/media?parent=54137"}],"wp:term":[{"taxonomy":"product_brand","embeddable":true,"href":"https:\/\/ulpmat.com\/it\/wp-json\/wp\/v2\/product_brand?post=54137"},{"taxonomy":"product_cat","embeddable":true,"href":"https:\/\/ulpmat.com\/it\/wp-json\/wp\/v2\/product_cat?post=54137"},{"taxonomy":"product_tag","embeddable":true,"href":"https:\/\/ulpmat.com\/it\/wp-json\/wp\/v2\/product_tag?post=54137"}],"curies":[{"name":"wp","href":"https:\/\/api.w.org\/{rel}","templated":true}]}}