{"id":54049,"date":"2025-12-29T16:47:19","date_gmt":"2025-12-29T08:47:19","guid":{"rendered":"https:\/\/ulpmat.com\/product\/tetrossido-di-tricobalto-ossido-di-cobalto\/"},"modified":"2025-12-29T16:47:19","modified_gmt":"2025-12-29T08:47:19","slug":"tetrossido-di-tricobalto-ossido-di-cobalto","status":"publish","type":"product","link":"https:\/\/ulpmat.com\/it\/prodotto\/tetrossido-di-tricobalto-ossido-di-cobalto\/","title":{"rendered":"Tetrossido di tricobalto (ossido di cobalto)"},"content":{"rendered":"<h2><span style=\"font-size: 14pt;\">Panoramica dei target di sputtering al tetrossido di tricobalto<\/span><\/h2>\n<p>I target di sputtering<br \/>\n<span style=\"color: #0000ff;\"><a style=\"color: #0000ff;\" href=\"https:\/\/ulpmat.com\/it\/ricerca\/?type=name&#038;keyword=Tricobalt+Tetroxide\">al tetrossido di tricobalto<\/a><\/span><br \/>\nsono target ceramici densi e ad alta purezza progettati specificamente per la deposizione fisica da vapore (PVD) per preparare film sottili con propriet\u00e0 fotoelettriche o catalitiche specifiche.<\/p>\n<p>Ci impegniamo a fornire target al tetrossido di tricobalto ad alte prestazioni. Non esitate a <span style=\"color: #0000ff;\"><a style=\"color: #0000ff;\" href=\"https:\/\/ulpmat.com\/it\/contatto\/\">contattarci<\/a><\/span><br \/>\nper soluzioni di prodotto personalizzate in grado di soddisfare le vostre esigenze di processo di rivestimento.<\/p>\n<h2><span style=\"font-size: 14pt;\">Caratteristiche principali del prodotto<\/span><\/h2>\n<p>Densit\u00e0 ultra elevata<br \/>\nComposizione precisa<br \/>\nEccellente <span style=\"color: #0000ff;\"><a style=\"color: #0000ff;\" href=\"https:\/\/ulpmat.com\/it\/servizio\/assistenza-tecnica\/\">resistenza<br \/>\nAssistenza tecnica<\/a><\/span><br \/>\ncompleta Fornitura matura e stabile<br \/>\nSviluppo congiunto disponibile per progetti di ricerca e sviluppo all&#8217;avanguardia<\/p>\n<h2><span style=\"font-size: 14pt;\">Applicazioni dei target di sputtering al tetrossido di tricobalto<\/span><\/h2>\n<p>Tecnologia di visualizzazione avanzata: utilizzato per la deposizione di film sottili di ossido conduttivo trasparente, \u00e8 uno dei materiali chiave nella produzione di touch screen, OLED e altri dispositivi di visualizzazione.<br \/>\nDispositivi di conversione dell&#8217;energia: come materiale di base ideale per la preparazione di film catalitici per la reazione di evoluzione dell&#8217;ossigeno e dell&#8217;idrogeno, viene applicato in campi di energia pulita come l&#8217;elettrolisi dell&#8217;acqua per la produzione di idrogeno.<br \/>\nElementi di rilevamento intelligenti: mediante sputtering di questo target, \u00e8 possibile preparare sensori a film sottile ad alte prestazioni sensibili ai gas o alla temperatura.<br \/>\nRivestimento protettivo duro: il film risultante ha un&#8217;elevata durezza e una buona resistenza all&#8217;usura e pu\u00f2 essere utilizzato per il rafforzamento superficiale di utensili da taglio di precisione e stampi, prolungandone la durata.<\/p>\n<h2><span style=\"font-size: 14pt;\">Domande<\/span><\/h2>\n<p>frequenti<br \/>\nD1: Quali sono le opzioni per <span style=\"color: #0000ff;\"><a style=\"color: #0000ff;\" href=\"https:\/\/ulpmat.com\/it\/servizio\/legame-con-lobiettivo\/\">l&#8217;incollaggio<\/a><\/span><br \/>\ndei target?<br \/>\nR1: Forniamo principalmente servizi di incollaggio mediante saldatura. Possiamo selezionare diversi materiali per la piastra posteriore (come rame privo di ossigeno, molibdeno) e processi di saldatura in base ai requisiti di dissipazione del calore e di alimentazione delle vostre apparecchiature.<\/p>\n<p>D2: Come garantire l&#8217;uniformit\u00e0 dei rivestimenti su grandi superfici?<br \/>\nR2: Ci\u00f2 dipende dall&#8217;elevata densit\u00e0 e dall&#8217;uniformit\u00e0 strutturale del bersaglio stesso. In combinazione con processi di sputtering magnetron ottimizzati, siamo in grado di fornire suggerimenti sui parametri di processo rilevanti per ottenere una formazione uniforme del film.<\/p>\n<p>Q3: Quali sono le principali differenze tra questo e i target di cobalto nell&#8217;applicazione?<br \/>\nA3: I target di cobalto depositano film di cobalto metallico, mentre i target di tetrossido di tricobalto depositano direttamente film di ossido, evitando le successive fasi di ossidazione, rendendoli pi\u00f9 adatti per applicazioni che richiedono stati chimici precisi del film.<\/p>\n<h2><span style=\"font-size: 14pt;\">Rapporti<\/span><\/h2>\n<p>Ogni lotto viene fornito con:<br \/>\n<span style=\"color: #0000ff;\"><a style=\"color: #0000ff;\" href=\"https:\/\/ulpmat.com\/it\/documenti\/certificato-di-analisi\/\">Certificato di analisi (COA)<\/a><\/span><\/p>\n<p><span style=\"color: #0000ff;\"><a style=\"color: #0000ff;\" href=\"https:\/\/ulpmat.com\/it\/documenti\/scheda-tecnica\/\">Scheda tecnica (TDS)<\/a><\/span><\/p>\n<p><span style=\"color: #0000ff;\"><a style=\"color: #0000ff;\" href=\"https:\/\/ulpmat.com\/it\/documenti\/scheda-di-sicurezza\/\">Scheda di sicurezza (MSDS)<\/a><\/span><br \/>\nRapporto di ispezione delle dimensioni<br \/>\nRapporti di test di terze parti disponibili su richiesta<\/p>\n<h2><span style=\"font-size: 14pt;\">Perch\u00e9 scegliere noi?<\/span><\/h2>\n<p>In qualit\u00e0 di fornitore professionale di target di sputtering in tetrossido di tricobalto, non solo forniamo prodotti rigorosamente convalidati, ma ci concentriamo anche sulla comprensione dei vostri obiettivi finali nella lavorazione di film sottili. Con la nostra profonda competenza tecnica e la continua innovazione, ci impegniamo a diventare il vostro partner affidabile, affrontando insieme le sfide della tecnologia di rivestimento e aiutando i vostri prodotti a raggiungere prestazioni e affidabilit\u00e0 superiori.<\/p>\n","protected":false},"excerpt":{"rendered":"<p>Panoramica dei target di sputtering al tetrossido di tricobalto I target di sputtering al tetrossido di tricobalto sono target ceramici densi e ad alta purezza progettati specificamente per la deposizione fisica da vapore (PVD) per preparare film sottili con propriet\u00e0 fotoelettriche o catalitiche specifiche. Ci impegniamo a fornire target al tetrossido di tricobalto ad alte [&hellip;]<\/p>\n","protected":false},"featured_media":54050,"template":"","meta":{"_acf_changed":false},"product_brand":[132],"product_cat":[453],"product_tag":[386,8295],"class_list":{"0":"post-54049","1":"product","2":"type-product","3":"status-publish","4":"has-post-thumbnail","6":"product_brand-ulpmat","7":"product_cat-target-di-sputtering-in-ceramica","8":"product_tag-bersaglio-di-sputtering","9":"product_tag-target-di-sputtering-in-tetrossido-di-tricobalto-ossido-di-cobalto","11":"first","12":"instock","13":"shipping-taxable","14":"product-type-variable"},"acf":[],"_links":{"self":[{"href":"https:\/\/ulpmat.com\/it\/wp-json\/wp\/v2\/product\/54049","targetHints":{"allow":["GET"]}}],"collection":[{"href":"https:\/\/ulpmat.com\/it\/wp-json\/wp\/v2\/product"}],"about":[{"href":"https:\/\/ulpmat.com\/it\/wp-json\/wp\/v2\/types\/product"}],"wp:featuredmedia":[{"embeddable":true,"href":"https:\/\/ulpmat.com\/it\/wp-json\/wp\/v2\/media\/54050"}],"wp:attachment":[{"href":"https:\/\/ulpmat.com\/it\/wp-json\/wp\/v2\/media?parent=54049"}],"wp:term":[{"taxonomy":"product_brand","embeddable":true,"href":"https:\/\/ulpmat.com\/it\/wp-json\/wp\/v2\/product_brand?post=54049"},{"taxonomy":"product_cat","embeddable":true,"href":"https:\/\/ulpmat.com\/it\/wp-json\/wp\/v2\/product_cat?post=54049"},{"taxonomy":"product_tag","embeddable":true,"href":"https:\/\/ulpmat.com\/it\/wp-json\/wp\/v2\/product_tag?post=54049"}],"curies":[{"name":"wp","href":"https:\/\/api.w.org\/{rel}","templated":true}]}}