{"id":54019,"date":"2025-12-29T16:47:19","date_gmt":"2025-12-29T08:47:19","guid":{"rendered":"https:\/\/ulpmat.com\/product\/boruro-di-cobalto\/"},"modified":"2025-12-29T16:47:19","modified_gmt":"2025-12-29T08:47:19","slug":"boruro-di-cobalto","status":"publish","type":"product","link":"https:\/\/ulpmat.com\/it\/prodotto\/boruro-di-cobalto\/","title":{"rendered":"Boruro di cobalto"},"content":{"rendered":"<h2><span style=\"font-size: 14pt;\">Panoramica dei target di sputtering in boruro di cobalto<\/span><\/h2>\n<p>I target di sputtering<br \/>\n<span style=\"color: #0000ff;\"><a style=\"color: #0000ff;\" href=\"https:\/\/ulpmat.com\/it\/ricerca\/?type=name&#038;keyword=Cobalt+Boride\">in boruro di cobalto<\/a><\/span><br \/>\nsono target ceramici ad alte prestazioni per la deposizione fisica da vapore (PVD), progettati specificamente per la deposizione di film sottili di boruro di cobalto che offrono un&#8217;eccellente resistenza all&#8217;usura, elevata durezza e buona stabilit\u00e0 chimica.<\/p>\n<p>Offriamo target in boruro di cobalto di alta qualit\u00e0 e purezza, con possibilit\u00e0 di personalizzazione dell&#8217;incollaggio e delle dimensioni. <span style=\"color: #0000ff;\"><a style=\"color: #0000ff;\" href=\"https:\/\/ulpmat.com\/it\/contatto\/\">Contattateci<\/a><\/span><br \/>\nper informazioni tecniche dettagliate e soluzioni.<\/p>\n<h2><span style=\"font-size: 14pt;\">Caratteristiche principali del prodotto<\/span><\/h2>\n<p>Rigoroso controllo di qualit\u00e0: il controllo preciso della composizione chimica e della microstruttura garantisce prestazioni stabili del film.<br \/>\nDensit\u00e0 superiore: i processi di sinterizzazione avanzati garantiscono un&#8217;alta densit\u00e0 e una bassa porosit\u00e0, migliorando l&#8217;efficienza di sputtering e la qualit\u00e0 del film.<br \/>\nSputtering stabile: il rigoroso controllo del contenuto di ossido di boro a basso punto di fusione sopprime efficacemente la generazione di polvere e le scariche anomale durante lo sputtering.<br \/>\n<span style=\"color: #0000ff;\"><a style=\"color: #0000ff;\" href=\"https:\/\/ulpmat.com\/it\/servizio\/legame-con-lobiettivo\/\">Incollaggio<\/a><\/span><br \/>\nprofessionale: soluzioni ottimizzate per l&#8217;incollaggio del backplane garantiscono un&#8217;eccellente conduttivit\u00e0 termica e stabilit\u00e0 meccanica, prolungando la durata del bersaglio.<br \/>\nPersonalizzazione flessibile: supporta la ricerca e lo sviluppo e la produzione di bersagli con dimensioni, forme e rapporti di composizione specifici non standard.<br \/>\nAssistenza completa: forniamo <span style=\"color: #0000ff;\"><a style=\"color: #0000ff;\" href=\"https:\/\/ulpmat.com\/it\/servizio\/servizio-post-vendita\/\">servizi tecnici<\/a><\/span><br \/>\ncompleti pre-vendita e <span style=\"color: #0000ff;\"><a style=\"color: #0000ff;\" href=\"https:\/\/ulpmat.com\/it\/servizio\/servizio-post-vendita\/\">post-vendita<\/a><\/span><br \/>\n, dalla selezione e guida all&#8217;installazione all&#8217;ottimizzazione dei processi.<\/p>\n<h2><span style=\"font-size: 14pt;\">Applicazioni dei target di sputtering al boruro di cobalto<\/span><\/h2>\n<p>Rivestimenti superduri resistenti all&#8217;usura: i film di boruro di cobalto depositati hanno una durezza estremamente elevata, che li rende ideali per il rafforzamento superficiale di utensili, stampi e componenti meccanici critici, migliorando significativamente la resistenza all&#8217;usura e la durata.<br \/>\nMateriali elettronici a film sottile: nel campo della microelettronica, possono essere utilizzati per depositare speciali strati barriera di diffusione o film sottili funzionali per soddisfare i severi requisiti elettrici e di stabilit\u00e0 di dispositivi specifici.<br \/>\nRicerca e sviluppo di tecnologie all&#8217;avanguardia: come materiale di rivestimento composto ad alte prestazioni, fornisce una fonte chiave di deposizione di film sottili per la ricerca di base e lo sviluppo di applicazioni in campi quali i nuovi materiali e le nuove energie.<\/p>\n<h2><span style=\"color: #0000ff;\"><a style=\"color: #0000ff;\" href=\"https:\/\/ulpmat.com\/it\/azienda\/domande-frequenti\/\"><span style=\"font-size: 14pt;\">Domande frequenti<\/span><\/a><\/span><\/h2>\n<p>D1: Perch\u00e9 \u00e8 necessario controllare specificamente il contenuto di ossido di boro durante la polverizzazione del boruro di cobalto?<br \/>\nR1: Un eccesso di ossido di boro libero pu\u00f2 fondersi durante il riscaldamento della polverizzazione, diventando una fonte di particelle di polvere e archi anomali. Il controllo rigoroso del suo contenuto \u00e8 fondamentale per ottenere film sottili puliti e uniformi.<\/p>\n<p>D2: In quali settori industriali viene tipicamente utilizzato questo target?<br \/>\nR2: Viene utilizzato principalmente in campi con requisiti estremamente elevati in termini di durezza superficiale e resistenza all&#8217;usura, come i rivestimenti protettivi per utensili da taglio di alta gamma e stampi di precisione. Viene anche utilizzato nella preparazione di alcuni film funzionali speciali.<\/p>\n<p>D3: Come garantite la costanza delle prestazioni tra diversi lotti di materiali target?<br \/>\nR3: Applichiamo standard rigorosi dalla purezza delle materie prime e dal processo di preparazione fino al collaudo finale. Effettuiamo un monitoraggio a livello di lotto di indicatori chiave quali composizione, densit\u00e0 e dimensione dei grani per garantire prestazioni stabili e affidabili.<\/p>\n<p>D4: Potete personalizzare i materiali target per le nostre nuove attrezzature o applicazioni speciali?<br \/>\nR4: S\u00ec. Offriamo servizi di personalizzazione completi, personalizzando materiali target di diverse forme, dimensioni e rapporti di composizione in base al design della cavit\u00e0 delle vostre attrezzature e ai requisiti del processo di rivestimento.<\/p>\n<h2><span style=\"font-size: 14pt;\">Rapporti<\/span><\/h2>\n<p>Ogni lotto viene fornito con:<br \/>\n<span style=\"color: #0000ff;\"><a style=\"color: #0000ff;\" href=\"https:\/\/ulpmat.com\/it\/documenti\/certificato-di-analisi\/\">Certificato di analisi (COA)<\/a><\/span><\/p>\n<p><span style=\"color: #0000ff;\"><a style=\"color: #0000ff;\" href=\"https:\/\/ulpmat.com\/it\/documenti\/scheda-tecnica\/\">Scheda tecnica (TDS)<\/a><\/span><\/p>\n<p><span style=\"color: #0000ff;\"><a style=\"color: #0000ff;\" href=\"https:\/\/ulpmat.com\/it\/documenti\/scheda-di-sicurezza\/\">Scheda di sicurezza (MSDS)<\/a><\/span><br \/>\nRapporto di ispezione delle dimensioni<br \/>\nRapporti di test di terze parti disponibili su richiesta<\/p>\n<h2><span style=\"font-size: 14pt;\">Perch\u00e9 scegliere noi?<\/span><\/h2>\n<p>Abbiamo una profonda esperienza nel campo dei target di sputtering composti ad alte prestazioni e possediamo una conoscenza approfondita delle sfide tecnologiche fondamentali e dei requisiti applicativi dei materiali al boruro di cobalto. Non solo forniamo prodotti che soddisfano elevati standard industriali, ma ci dedichiamo anche a risolvere i vostri problemi pratici nei processi di rivestimento attraverso la progettazione professionale dei materiali e il controllo dei processi. Scegliere noi significa scegliere un partner affidabile, supportato dall&#8217;innovazione tecnologica e focalizzato sul successo dei vostri processi.<\/p>\n","protected":false},"excerpt":{"rendered":"<p>Panoramica dei target di sputtering in boruro di cobalto I target di sputtering in boruro di cobalto sono target ceramici ad alte prestazioni per la deposizione fisica da vapore (PVD), progettati specificamente per la deposizione di film sottili di boruro di cobalto che offrono un&#8217;eccellente resistenza all&#8217;usura, elevata durezza e buona stabilit\u00e0 chimica. Offriamo target [&hellip;]<\/p>\n","protected":false},"featured_media":54020,"template":"","meta":{"_acf_changed":false},"product_brand":[132],"product_cat":[453],"product_tag":[386,8289],"class_list":{"0":"post-54019","1":"product","2":"type-product","3":"status-publish","4":"has-post-thumbnail","6":"product_brand-ulpmat","7":"product_cat-target-di-sputtering-in-ceramica","8":"product_tag-bersaglio-di-sputtering","9":"product_tag-target-di-sputtering-al-boruro-di-cobalto","11":"first","12":"instock","13":"shipping-taxable","14":"product-type-variable"},"acf":[],"_links":{"self":[{"href":"https:\/\/ulpmat.com\/it\/wp-json\/wp\/v2\/product\/54019","targetHints":{"allow":["GET"]}}],"collection":[{"href":"https:\/\/ulpmat.com\/it\/wp-json\/wp\/v2\/product"}],"about":[{"href":"https:\/\/ulpmat.com\/it\/wp-json\/wp\/v2\/types\/product"}],"wp:featuredmedia":[{"embeddable":true,"href":"https:\/\/ulpmat.com\/it\/wp-json\/wp\/v2\/media\/54020"}],"wp:attachment":[{"href":"https:\/\/ulpmat.com\/it\/wp-json\/wp\/v2\/media?parent=54019"}],"wp:term":[{"taxonomy":"product_brand","embeddable":true,"href":"https:\/\/ulpmat.com\/it\/wp-json\/wp\/v2\/product_brand?post=54019"},{"taxonomy":"product_cat","embeddable":true,"href":"https:\/\/ulpmat.com\/it\/wp-json\/wp\/v2\/product_cat?post=54019"},{"taxonomy":"product_tag","embeddable":true,"href":"https:\/\/ulpmat.com\/it\/wp-json\/wp\/v2\/product_tag?post=54019"}],"curies":[{"name":"wp","href":"https:\/\/api.w.org\/{rel}","templated":true}]}}