{"id":53981,"date":"2025-12-29T16:47:20","date_gmt":"2025-12-29T08:47:20","guid":{"rendered":"https:\/\/ulpmat.com\/product\/alluminato-di-cobalto-ossido-di-cobalto-e-alluminio\/"},"modified":"2025-12-29T16:47:20","modified_gmt":"2025-12-29T08:47:20","slug":"alluminato-di-cobalto-ossido-di-cobalto-e-alluminio","status":"publish","type":"product","link":"https:\/\/ulpmat.com\/it\/prodotto\/alluminato-di-cobalto-ossido-di-cobalto-e-alluminio\/","title":{"rendered":"Alluminato di cobalto (ossido di cobalto e alluminio)"},"content":{"rendered":"<h2><span style=\"font-size: 14pt;\">Panoramica sui target di sputtering in alluminato di cobalto<\/span><\/h2>\n<p>I target di sputtering<br \/>\n<span style=\"color: #0000ff;\"><a style=\"color: #0000ff;\" href=\"https:\/\/ulpmat.com\/it\/ricerca\/?type=name&#038;keyword=Cobalt+Aluminate\">in alluminato di cobalto<\/a><\/span><br \/>\nsono target ceramici ad alte prestazioni utilizzati nella deposizione fisica da vapore (PVD), principalmente per la preparazione di film sottili con eccellente stabilit\u00e0 termica, resistenza alla corrosione e propriet\u00e0 ottiche specifiche.<\/p>\n<p>Offriamo target di sputtering in alluminato di cobalto ad alta purezza e alta densit\u00e0, supportando la personalizzazione in varie specifiche e metodi di incollaggio. <span style=\"color: #0000ff;\"><a style=\"color: #0000ff;\" href=\"https:\/\/ulpmat.com\/it\/contatto\/\">Contattateci<\/a><\/span><br \/>\nper parametri tecnici dettagliati e un preventivo personalizzato.<\/p>\n<h2><span style=\"font-size: 14pt;\">Caratteristiche principali del prodotto<\/span><\/h2>\n<p>Eccellente stabilit\u00e0 chimica<br \/>\nPropriet\u00e0 termiche superiori<br \/>\nElevata purezza ed elevata densit\u00e0<br \/>\nStruttura cristallina controllabile<br \/>\nIncollaggio e lavorazione professionali<br \/>\n<span style=\"color: #0000ff;\"><a style=\"color: #0000ff;\" href=\"https:\/\/ulpmat.com\/it\/servizio\/assistenza-tecnica\/\">Assistenza tecnica<\/a><\/span><br \/>\naffidabile<\/p>\n<h2><span style=\"font-size: 14pt;\">Applicazioni dei target di sputtering in alluminato di cobalto<\/span><\/h2>\n<p>Barriere termiche e rivestimenti protettivi: utilizzati in componenti ad alta temperatura come le pale dei motori aeronautici, i film di alluminato di cobalto depositati isolano efficacemente il calore e resistono all&#8217;ossidazione e alla corrosione termica. Film sottili<br \/>\n<span style=\"color: #0000ff;\"><a style=\"color: #0000ff;\" href=\"https:\/\/ulpmat.com\/it\/applicazione\/materiali-ottici\/\">ottici<\/a><\/span><br \/>\ne decorativi: grazie alla loro tonalit\u00e0 blu stabile e alla loro durata, sono comunemente utilizzati per preparare filtri ottici di alta qualit\u00e0, rivestimenti decorativi resistenti alle intemperie e rivestimenti per vetri artistici.<br \/>\n<span style=\"color: #0000ff;\"><a style=\"color: #0000ff;\" href=\"https:\/\/ulpmat.com\/it\/applicazione\/materiali-per-semiconduttori\/\">Semiconduttori<\/a><\/span><br \/>\ne film sottili funzionali: nel campo della microelettronica, possono fungere da strato dielettrico speciale, strato di passivazione o fonte di materiale per la preparazione di nuovi film sottili magnetici e catalitici funzionali.<\/p>\n<h2><span style=\"color: #0000ff;\"><a style=\"color: #0000ff;\" href=\"https:\/\/ulpmat.com\/it\/azienda\/domande-frequenti\/\"><span style=\"font-size: 14pt;\">Domande frequenti<\/span><\/a><\/span><\/h2>\n<p>D1: Qual \u00e8 la resistenza alla temperatura dei target di spinello di alluminio e cobalto?<br \/>\nR1: Eccellente. La sua struttura spinello \u00e8 estremamente stabile alle alte temperature, rendendolo adatto alla preparazione di film sottili che richiedono un&#8217;esposizione prolungata ad ambienti ad alta temperatura.<\/p>\n<p>D2: Di che colore \u00e8 il film depositato utilizzando questo target?<br \/>\nA2: In genere presenta un colore blu stabile e brillante. La tonalit\u00e0 specifica pu\u00f2 essere regolata con precisione modificando i parametri del processo di sputtering.<\/p>\n<p>D3: Qual \u00e8 la differenza rispetto ai target di allumina?<br \/>\nA3: La differenza principale risiede nella composizione e nelle propriet\u00e0. L&#8217;alluminato di cobalto incorpora cobalto che, pur mantenendo un&#8217;elevata stabilit\u00e0, conferisce al materiale un colore blu unico e potenziali propriet\u00e0 funzionali.<\/p>\n<p>D4: \u00c8 possibile richiedere dimensioni non standard personalizzate?<br \/>\nA4: S\u00ec. Possiamo personalizzare target di diverse forme, dimensioni e spessori in base alla cavit\u00e0 dell&#8217;attrezzatura di rivestimento e ai requisiti di processo.<\/p>\n<h2><span style=\"font-size: 14pt;\">Rapporti<\/span><\/h2>\n<p>Ogni lotto viene fornito con:<br \/>\n<span style=\"color: #0000ff;\"><a style=\"color: #0000ff;\" href=\"https:\/\/ulpmat.com\/it\/documenti\/certificato-di-analisi\/\">Certificato di analisi (COA)<\/a><\/span><\/p>\n<p><span style=\"color: #0000ff;\"><a style=\"color: #0000ff;\" href=\"https:\/\/ulpmat.com\/it\/documenti\/scheda-tecnica\/\">Scheda tecnica (TDS)<\/a><\/span><\/p>\n<p><span style=\"color: #0000ff;\"><a style=\"color: #0000ff;\" href=\"https:\/\/ulpmat.com\/it\/documenti\/scheda-di-sicurezza\/\">Scheda di sicurezza (MSDS)<\/a><\/span><br \/>\nRapporto di ispezione delle dimensioni<br \/>\nRapporti di test di terze parti disponibili su richiesta<\/p>\n<h2><span style=\"font-size: 14pt;\">Perch\u00e9 scegliere noi?<\/span><\/h2>\n<p>Abbiamo una profonda esperienza nei target di sputtering ceramici avanzati e una conoscenza approfondita delle sfide nella sintesi e nell&#8217;applicazione dei materiali in alluminato di cobalto. Scegliere noi significa scegliere un partner affidabile supportato da una vasta conoscenza professionale, dedicato a risolvere le sfide tecnologiche all&#8217;avanguardia nel campo dei rivestimenti insieme ai nostri clienti.<\/p>\n","protected":false},"excerpt":{"rendered":"<p>Panoramica sui target di sputtering in alluminato di cobalto I target di sputtering in alluminato di cobalto sono target ceramici ad alte prestazioni utilizzati nella deposizione fisica da vapore (PVD), principalmente per la preparazione di film sottili con eccellente stabilit\u00e0 termica, resistenza alla corrosione e propriet\u00e0 ottiche specifiche. Offriamo target di sputtering in alluminato di [&hellip;]<\/p>\n","protected":false},"featured_media":53982,"template":"","meta":{"_acf_changed":false},"product_brand":[132],"product_cat":[453],"product_tag":[386,8277],"class_list":{"0":"post-53981","1":"product","2":"type-product","3":"status-publish","4":"has-post-thumbnail","6":"product_brand-ulpmat","7":"product_cat-target-di-sputtering-in-ceramica","8":"product_tag-bersaglio-di-sputtering","9":"product_tag-bersaglio-di-sputtering-in-alluminato-di-cobalto-ossido-di-cobalto-e-alluminio","11":"first","12":"instock","13":"shipping-taxable","14":"product-type-variable"},"acf":[],"_links":{"self":[{"href":"https:\/\/ulpmat.com\/it\/wp-json\/wp\/v2\/product\/53981","targetHints":{"allow":["GET"]}}],"collection":[{"href":"https:\/\/ulpmat.com\/it\/wp-json\/wp\/v2\/product"}],"about":[{"href":"https:\/\/ulpmat.com\/it\/wp-json\/wp\/v2\/types\/product"}],"wp:featuredmedia":[{"embeddable":true,"href":"https:\/\/ulpmat.com\/it\/wp-json\/wp\/v2\/media\/53982"}],"wp:attachment":[{"href":"https:\/\/ulpmat.com\/it\/wp-json\/wp\/v2\/media?parent=53981"}],"wp:term":[{"taxonomy":"product_brand","embeddable":true,"href":"https:\/\/ulpmat.com\/it\/wp-json\/wp\/v2\/product_brand?post=53981"},{"taxonomy":"product_cat","embeddable":true,"href":"https:\/\/ulpmat.com\/it\/wp-json\/wp\/v2\/product_cat?post=53981"},{"taxonomy":"product_tag","embeddable":true,"href":"https:\/\/ulpmat.com\/it\/wp-json\/wp\/v2\/product_tag?post=53981"}],"curies":[{"name":"wp","href":"https:\/\/api.w.org\/{rel}","templated":true}]}}