{"id":53899,"date":"2025-12-29T16:47:21","date_gmt":"2025-12-29T08:47:21","guid":{"rendered":"https:\/\/ulpmat.com\/product\/lega-di-cobalto-e-cromo\/"},"modified":"2025-12-29T16:47:21","modified_gmt":"2025-12-29T08:47:21","slug":"lega-di-cobalto-e-cromo","status":"publish","type":"product","link":"https:\/\/ulpmat.com\/it\/prodotto\/lega-di-cobalto-e-cromo\/","title":{"rendered":"Lega di cobalto e cromo"},"content":{"rendered":"<h2><span style=\"font-size: 14pt;\">Target di sputtering in lega di cobalto-cromo Panoramica<\/span><\/h2>\n<p>I target di sputtering in lega<br \/>\n<span style=\"color: #0000ff;\"><a style=\"color: #0000ff;\" href=\"https:\/\/ulpmat.com\/it\/ricerca\/?type=element&#038;keyword=Co%2CCr\">di cobalto-cromo<\/a><\/span><br \/>\nsono target metallici ad alte prestazioni utilizzati per depositare film sottili in lega con eccellente resistenza all&#8217;usura, resistenza alla corrosione e buona biocompatibilit\u00e0, fondamentali nei rivestimenti di utensili di precisione, dispositivi medici e componenti elettronici.<\/p>\n<p>Forniamo una variet\u00e0 di target in lega di cobalto-cromo ad alta purezza e alta densit\u00e0, che supportano il processo di incollaggio. <span style=\"color: #0000ff;\"><a style=\"color: #0000ff;\" href=\"https:\/\/ulpmat.com\/it\/contatto\/\">Contattateci<\/a><\/span><br \/>\nper un elenco completo delle specifiche e una consulenza tecnica.<\/p>\n<h2><span style=\"font-size: 14pt;\">Caratteristiche principali del prodotto<\/span><\/h2>\n<p>Purezza elevatissima, rigoroso controllo delle impurit\u00e0<br \/>\nStruttura densa e uniforme, grana fine<br \/>\nVelocit\u00e0 di sputtering stabile, eccellente qualit\u00e0 del film<br \/>\nIncollaggio professionale del supporto, eccellente conducibilit\u00e0 termica<br \/>\nSupporto iniziale per i processi di rivestimento fornito<br \/>\n<span style=\"color: #0000ff;\"><a style=\"color: #0000ff;\" href=\"https:\/\/ulpmat.com\/it\/servizio\/personalizzazione\/\">Personalizzazione<\/a><\/span><br \/>\ndisponibile in base ai <\/p>\n<h2><span style=\"font-size: 14pt;\">disegni<br \/>\nApplicazioni dei target di sputtering in lega di cobalto-cromo<\/span><\/h2>\n<p>Rivestimento superficiale di impianti medici: deposito di film altamente biocompatibili sulle superfici di articolazioni artificiali e impianti dentali, migliorando la resistenza all&#8217;usura e la biocompatibilit\u00e0.<br \/>\nMiglioramento della resistenza all&#8217;usura degli utensili di alta gamma: rivestimento superficiale per utensili da taglio e stampi, migliorando significativamente la loro durezza, lubrificazione e durata.<br \/>\nFilm sottili funzionali microelettronici: utilizzati come strati barriera di diffusione o strati funzionali speciali in dispositivi a semiconduttori e sistemi microelettromeccanici (MEMS).<br \/>\nRivestimenti protettivi aerospaziali: fornitura di film protettivi a base di lega di cobalto-cromo resistenti all&#8217;ossidazione ad alta temperatura e all&#8217;usura per componenti critici dei motori.<\/p>\n<h2><span style=\"color: #0000ff;\"><a style=\"color: #0000ff;\" href=\"https:\/\/ulpmat.com\/it\/azienda\/domande-frequenti\/\"><span style=\"font-size: 14pt;\">Domande frequenti<\/span><\/a><\/span><\/h2>\n<p>D1: Cosa determina principalmente il prezzo di questo materiale target?<br \/>\nA1: Dipende principalmente dal rapporto di lega, dalla purezza, dalle dimensioni e dai requisiti di incollaggio. Offriamo soluzioni convenienti.<\/p>\n<p>D2: Quali sono la durezza e la resistenza all&#8217;usura del film depositato?<br \/>\nA2: Il film di lega di cobalto-cromo depositato ha un&#8217;elevata durezza e un&#8217;eccellente resistenza all&#8217;usura, superando di gran lunga i materiali comuni come l&#8217;acciaio inossidabile.<\/p>\n<p>D3: Quali sono le principali differenze rispetto ai target in acciaio inossidabile?<br \/>\nR3: Le propriet\u00e0 a base di cobalto del target in lega di cobalto-cromo conferiscono al suo film vantaggi in termini di biocompatibilit\u00e0, resistenza alla corrosione e alta resistenza.<\/p>\n<p>D4: Supportate la personalizzazione di piccole dimensioni o di forme irregolari?<br \/>\nR4: S\u00ec, possiamo personalizzare diverse forme e dimensioni in base alla cavit\u00e0 del dispositivo e ai requisiti di rivestimento.<\/p>\n<h2><span style=\"font-size: 14pt;\">Rapporti<\/span><\/h2>\n<p>Ogni lotto viene fornito con:<br \/>\n<span style=\"color: #0000ff;\"><a style=\"color: #0000ff;\" href=\"https:\/\/ulpmat.com\/it\/documenti\/certificato-di-analisi\/\">Certificato di analisi (COA)<\/a><\/span><\/p>\n<p><span style=\"color: #0000ff;\"><a style=\"color: #0000ff;\" href=\"https:\/\/ulpmat.com\/it\/documenti\/scheda-tecnica\/\">Scheda tecnica (TDS)<\/a><\/span><\/p>\n<p><span style=\"color: #0000ff;\"><a style=\"color: #0000ff;\" href=\"https:\/\/ulpmat.com\/it\/documenti\/scheda-di-sicurezza\/\">Scheda di sicurezza dei materiali (MSDS)<\/a><\/span><br \/>\nRapporto di ispezione delle dimensioni<br \/>\nRapporti di test di terze parti disponibili su richiesta<\/p>\n<h2><span style=\"font-size: 14pt;\">Perch\u00e9 scegliere noi?<\/span><\/h2>\n<p>Grazie alla nostra profonda conoscenza delle propriet\u00e0 dei materiali in lega di cobalto-cromo e alle nostre capacit\u00e0 di lavorazione di precisione, vi garantiamo target di sputtering di alta qualit\u00e0, affidabili e dalle prestazioni costantemente elevate.<\/p>\n","protected":false},"excerpt":{"rendered":"<p>Target di sputtering in lega di cobalto-cromo Panoramica I target di sputtering in lega di cobalto-cromo sono target metallici ad alte prestazioni utilizzati per depositare film sottili in lega con eccellente resistenza all&#8217;usura, resistenza alla corrosione e buona biocompatibilit\u00e0, fondamentali nei rivestimenti di utensili di precisione, dispositivi medici e componenti elettronici. Forniamo una variet\u00e0 di [&hellip;]<\/p>\n","protected":false},"featured_media":53900,"template":"","meta":{"_acf_changed":false},"product_brand":[132],"product_cat":[564],"product_tag":[386,8238,8214,8247],"class_list":{"0":"post-53899","1":"product","2":"type-product","3":"status-publish","4":"has-post-thumbnail","6":"product_brand-ulpmat","7":"product_cat-target-di-sputtering-in-lega","8":"product_tag-bersaglio-di-sputtering","9":"product_tag-lega-di-cobalto","10":"product_tag-obiettivo-in-lega","11":"product_tag-target-di-sputtering-in-lega-di-cobalto-e-cromo","13":"first","14":"instock","15":"shipping-taxable","16":"product-type-variable"},"acf":[],"_links":{"self":[{"href":"https:\/\/ulpmat.com\/it\/wp-json\/wp\/v2\/product\/53899","targetHints":{"allow":["GET"]}}],"collection":[{"href":"https:\/\/ulpmat.com\/it\/wp-json\/wp\/v2\/product"}],"about":[{"href":"https:\/\/ulpmat.com\/it\/wp-json\/wp\/v2\/types\/product"}],"wp:featuredmedia":[{"embeddable":true,"href":"https:\/\/ulpmat.com\/it\/wp-json\/wp\/v2\/media\/53900"}],"wp:attachment":[{"href":"https:\/\/ulpmat.com\/it\/wp-json\/wp\/v2\/media?parent=53899"}],"wp:term":[{"taxonomy":"product_brand","embeddable":true,"href":"https:\/\/ulpmat.com\/it\/wp-json\/wp\/v2\/product_brand?post=53899"},{"taxonomy":"product_cat","embeddable":true,"href":"https:\/\/ulpmat.com\/it\/wp-json\/wp\/v2\/product_cat?post=53899"},{"taxonomy":"product_tag","embeddable":true,"href":"https:\/\/ulpmat.com\/it\/wp-json\/wp\/v2\/product_tag?post=53899"}],"curies":[{"name":"wp","href":"https:\/\/api.w.org\/{rel}","templated":true}]}}