{"id":53773,"date":"2025-12-29T16:47:23","date_gmt":"2025-12-29T08:47:23","guid":{"rendered":"https:\/\/ulpmat.com\/product\/cobalto-cromo-ferro-nichel-manganese\/"},"modified":"2025-12-29T16:47:23","modified_gmt":"2025-12-29T08:47:23","slug":"cobalto-cromo-ferro-nichel-manganese","status":"publish","type":"product","link":"https:\/\/ulpmat.com\/it\/prodotto\/cobalto-cromo-ferro-nichel-manganese\/","title":{"rendered":"Cobalto Cromo Ferro Nichel Manganese"},"content":{"rendered":"<h2><span style=\"font-size: 14pt;\">Panoramica sulla polvere di cobalto, cromo, ferro, nichel e manganese<\/span><\/h2>\n<p>La polvere<br \/>\n<span style=\"color: #0000ff;\"><a style=\"color: #0000ff;\" href=\"https:\/\/ulpmat.com\/it\/ricerca\/?type=name&#038;keyword=Cobalt+Chromium+Iron+Nickel+Manganese\">di cobalto, cromo, ferro, nichel e manganese<\/a><\/span><br \/>\n\u00e8 un materiale sinergico multielemento che bilancia la stabilit\u00e0 strutturale e la sintonizzabilit\u00e0 delle prestazioni, adatto per materiali funzionali avanzati e ricerca su sistemi multimetallici.<\/p>\n<p>Siamo in grado di fornire materiali in polvere di lega con rapporti di composizione e parametri di dimensione delle particelle regolabili in base alle esigenze del progetto, oltre a fornire assistenza tecnica e campioni. <span style=\"color: #0000ff;\"><a style=\"color: #0000ff;\" href=\"https:\/\/ulpmat.com\/it\/contatto\/\">Contattateci<\/a><\/span><br \/>\nper ulteriori informazioni.<\/p>\n<h2><span style=\"font-size: 14pt;\">Caratteristiche principali del prodotto<\/span><\/h2>\n<p>Distribuzione uniforme della composizione<br \/>\nBuona stabilit\u00e0 chimica Rapporti di composizione<br \/>\n<span style=\"color: #0000ff;\"><a style=\"color: #0000ff;\" href=\"https:\/\/ulpmat.com\/it\/servizio\/personalizzazione\/\">personalizzabili<\/a><\/span><br \/>\ndisponibili<br \/>\nCiclo di consegna controllabile<\/p>\n<h2><span style=\"font-size: 14pt;\">Applicazioni della polvere di cobalto, cromo, ferro, nichel e manganese<\/span><\/h2>\n<p>Ricerca fondamentale sui materiali funzionali: questa polvere \u00e8 comunemente utilizzata nella ricerca fondamentale sui sistemi multimetallici, facilitando la valutazione dell&#8217;impatto dei diversi elementi sulle prestazioni dei materiali.<br \/>\nCatalisi e materiali reattivi: nei sistemi compositi di catalisi o reattivi, pu\u00f2 fungere da componente strutturale o attivo, fornendo una base materiale per la regolazione delle prestazioni.<br \/>\nRicerca elettrochimica ed energetica: adatta per materiali elettrochimici e argomenti relativi all&#8217;energia, supporta il confronto delle prestazioni, l&#8217;analisi dei meccanismi e altri lavori di ricerca.<br \/>\nSviluppo di materiali strutturali e di rivestimento: questa polvere pu\u00f2 essere utilizzata come precursore per materiali strutturali o rivestimenti funzionali, soddisfacendo le esigenze di esplorazione di propriet\u00e0 quali la resistenza all&#8217;usura e alla corrosione.<\/p>\n<h2><span style=\"color: #0000ff;\"><a style=\"color: #0000ff;\" href=\"https:\/\/ulpmat.com\/it\/azienda\/domande-frequenti\/\"><span style=\"font-size: 14pt;\">Domande frequenti<\/span><\/a><\/span><\/h2>\n<p>D1: Chi sono i principali clienti target di questa polvere?<br \/>\nA1: Principalmente istituti di ricerca, laboratori di materiali e dipartimenti di ricerca e sviluppo di aziende che effettuano la verifica di nuovi materiali.<\/p>\n<p>D2: \u00c8 possibile modificare la composizione in base alle diverse direzioni di ricerca?<br \/>\nA2: S\u00ec, supportiamo modifiche al rapporto di composizione e ai parametri in base ai requisiti del progetto.<\/p>\n<p>D3: Quali precauzioni devono essere prese durante lo stoccaggio del prodotto?<br \/>\nA3: Si consiglia di conservare il prodotto in un ambiente sigillato e asciutto, evitando l&#8217;umidit\u00e0 e il contatto con sostanze altamente reattive.<\/p>\n<p>Q4: Potete fornire i dati dei test pertinenti?<br \/>\nA4: I dati di base dei test possono essere forniti con la spedizione e supportiamo richieste di dati tecnici supplementari.<\/p>\n<h2><span style=\"font-size: 14pt;\">Rapporti<\/span><\/h2>\n<p>Ogni lotto viene fornito con:<br \/>\n<span style=\"color: #0000ff;\">Certificato di analisi (COA)<\/span><\/p>\n<p><span style=\"color: #0000ff;\"><a style=\"color: #0000ff;\" href=\"https:\/\/ulpmat.com\/it\/documenti\/scheda-tecnica\/\">Scheda tecnica (TDS)<\/a><\/span><\/p>\n<p><span style=\"color: #0000ff;\"><a style=\"color: #0000ff;\" href=\"https:\/\/ulpmat.com\/it\/documenti\/scheda-di-sicurezza\/\">Scheda di sicurezza (MSDS)<\/a><\/span><br \/>\nRapporti di test di terze parti disponibili su richiesta<\/p>\n<h2><span style=\"font-size: 14pt;\">Perch\u00e9 scegliere noi?<\/span><\/h2>\n<p>Da tempo ci concentriamo sulla preparazione e la fornitura stabile di materiali in polvere multimetallici, disponiamo di un sistema di gestione della qualit\u00e0 maturo e di capacit\u00e0 di personalizzazione flessibili e siamo in grado di fornire ai clienti soluzioni materiali affidabili, tracciabili e adatte a una cooperazione a lungo termine per aiutare la ricerca scientifica e i progetti di applicazione a progredire in modo efficiente.<\/p>\n","protected":false},"excerpt":{"rendered":"<p>Panoramica sulla polvere di cobalto, cromo, ferro, nichel e manganese La polvere di cobalto, cromo, ferro, nichel e manganese \u00e8 un materiale sinergico multielemento che bilancia la stabilit\u00e0 strutturale e la sintonizzabilit\u00e0 delle prestazioni, adatto per materiali funzionali avanzati e ricerca su sistemi multimetallici. Siamo in grado di fornire materiali in polvere di lega con [&hellip;]<\/p>\n","protected":false},"featured_media":53775,"template":"","meta":{"_acf_changed":false},"product_brand":[132],"product_cat":[272],"product_tag":[8201,8202,8082],"class_list":{"0":"post-53773","1":"product","2":"type-product","3":"status-publish","4":"has-post-thumbnail","6":"product_brand-ulpmat","7":"product_cat-metalli-puri-e-leghe","8":"product_tag-cobalto-cromo-ferro-nichel-manganese-in-polvere","9":"product_tag-polvere-di-lega","10":"product_tag-polvere-sferica","12":"first","13":"instock","14":"shipping-taxable","15":"product-type-variable"},"acf":[],"_links":{"self":[{"href":"https:\/\/ulpmat.com\/it\/wp-json\/wp\/v2\/product\/53773","targetHints":{"allow":["GET"]}}],"collection":[{"href":"https:\/\/ulpmat.com\/it\/wp-json\/wp\/v2\/product"}],"about":[{"href":"https:\/\/ulpmat.com\/it\/wp-json\/wp\/v2\/types\/product"}],"wp:featuredmedia":[{"embeddable":true,"href":"https:\/\/ulpmat.com\/it\/wp-json\/wp\/v2\/media\/53775"}],"wp:attachment":[{"href":"https:\/\/ulpmat.com\/it\/wp-json\/wp\/v2\/media?parent=53773"}],"wp:term":[{"taxonomy":"product_brand","embeddable":true,"href":"https:\/\/ulpmat.com\/it\/wp-json\/wp\/v2\/product_brand?post=53773"},{"taxonomy":"product_cat","embeddable":true,"href":"https:\/\/ulpmat.com\/it\/wp-json\/wp\/v2\/product_cat?post=53773"},{"taxonomy":"product_tag","embeddable":true,"href":"https:\/\/ulpmat.com\/it\/wp-json\/wp\/v2\/product_tag?post=53773"}],"curies":[{"name":"wp","href":"https:\/\/api.w.org\/{rel}","templated":true}]}}