{"id":53663,"date":"2026-01-05T10:36:56","date_gmt":"2026-01-05T02:36:56","guid":{"rendered":"https:\/\/ulpmat.com\/product\/metallo-ferroso-3\/"},"modified":"2026-01-05T10:36:56","modified_gmt":"2026-01-05T02:36:56","slug":"metallo-ferroso-3","status":"publish","type":"product","link":"https:\/\/ulpmat.com\/it\/prodotto\/metallo-ferroso-3\/","title":{"rendered":"Metallo ferroso"},"content":{"rendered":"<h2><span style=\"font-size: 14pt;\">Panoramica sulla polvere di ferro metallico<\/span><\/h2>\n<p>La polvere<br \/>\n<span style=\"color: #0000ff;\"><a style=\"color: #0000ff;\" href=\"https:\/\/ulpmat.com\/it\/ricerca\/?type=name&#038;keyword=Iron+metal\">di ferro metallico<\/a><\/span><br \/>\n\u00e8 un materiale industriale fondamentale con eccezionali propriet\u00e0 magnetiche e reattivit\u00e0, ampiamente utilizzato in settori all&#8217;avanguardia come la produzione additiva, la metallurgia delle polveri, la catalisi chimica e l&#8217;elettronica.<\/p>\n<p>Siamo specializzati nella fornitura di polvere di ferro metallico ad alta purezza in diverse specifiche e ad alte prestazioni, con supporto personalizzato disponibile. <span style=\"color: #0000ff;\"><a style=\"color: #0000ff;\" href=\"https:\/\/ulpmat.com\/it\/contatto\/\">Contattateci<\/a><\/span><br \/>\nper soluzioni su misura e informazioni dettagliate.<\/p>\n<h2><span style=\"font-size: 14pt;\">Caratteristiche principali del prodotto<\/span><\/h2>\n<p>Purezza ultra elevata<br \/>\nDimensione delle particelle regolabile<br \/>\nBasso contenuto di ossigeno<br \/>\nConsistenza dei lotti<br \/>\nConfezionamento personalizzabile<br \/>\n<span style=\"color: #0000ff;\"><a style=\"color: #0000ff;\" href=\"https:\/\/ulpmat.com\/it\/servizio\/personalizzazione\/\">Produzione personalizzabile<\/a><\/span><\/p>\n<p>Fornitura stabile<\/p>\n<h2><span style=\"font-size: 14pt;\">Applicazioni della polvere di ferro metallico<\/span><\/h2>\n<p>Produzione additiva (<span style=\"color: #0000ff;\"><a style=\"color: #0000ff;\" href=\"https:\/\/ulpmat.com\/it\/applicazione\/stampa-3d\/\">stampa 3D<\/a><\/span><br \/>\n): funge da materia prima per processi come la fusione laser selettiva (SLM), consentendo la fabbricazione diretta di componenti strutturali metallici complessi e leggeri.<br \/>\nParti di metallurgia delle polveri: produce in serie componenti meccanici di precisione ad alta resistenza come ingranaggi e cuscinetti attraverso la pressatura e la sinterizzazione.<br \/>\nCompositi magnetici: materiale di riempimento per la produzione di materiali magnetici funzionali ad alte prestazioni come nuclei in polvere magnetica morbida e fluidi magnetoreologici.<br \/>\nIndustria chimica e ambientale: utilizzato nelle reazioni di riduzione per il trattamento delle acque reflue o come catalizzatore in processi chimici come la sintesi dell&#8217;ammoniaca.<\/p>\n<h2><span style=\"color: #0000ff;\"><a style=\"color: #0000ff;\" href=\"https:\/\/ulpmat.com\/it\/azienda\/domande-frequenti\/\"><span style=\"font-size: 14pt;\">Domande frequenti<\/span><\/a><\/span><\/h2>\n<p>D1: Come deve essere conservata la polvere di ferro? Qual \u00e8 la sua durata di conservazione?<br \/>\nA1: Conservare in un contenitore sigillato in un ambiente fresco e asciutto, privo di gas acidi o alcalini corrosivi. In condizioni di conservazione adeguate, il prodotto mantiene in genere la sua qualit\u00e0 per oltre 2 anni.<\/p>\n<p>D2: Come posso selezionare la dimensione delle particelle appropriata per il mio processo?<br \/>\nA2: Questo dipende principalmente dal processo di formatura. Ad esempio, la stampa 3D richiede in genere una polvere fine compresa tra 15 e 53 micron, mentre la pressatura pu\u00f2 adattarsi a una gamma di dimensioni delle particelle pi\u00f9 ampia. Il nostro team tecnico pu\u00f2 fornire una guida professionale alla scelta.<\/p>\n<p>D3: Quali precauzioni di sicurezza devono essere prese quando si utilizza la polvere di ferro?<br \/>\nR3: La polvere di ferro \u00e8 una polvere combustibile. Evitare fiamme libere nell&#8217;ambiente di lavoro e garantire un&#8217;adeguata ventilazione per prevenire esplosioni di polvere. Indossare maschere antipolvere per ridurre al minimo l&#8217;inalazione.<\/p>\n<p>D4: Potete fornire polveri modificate legate o rivestite?<br \/>\nA4: S\u00ec. Offriamo polveri a base di ferro pre-legate (ad esempio Fe-Ni, Fe-Si) o eseguiamo trattamenti superficiali come la placcatura in rame e il rivestimento in ossido per soddisfare requisiti prestazionali specifici.<\/p>\n<h2><span style=\"font-size: 14pt;\">Rapporti<\/span><\/h2>\n<p>Ogni lotto viene fornito con:<br \/>\n<span style=\"color: #0000ff;\"><a style=\"color: #0000ff;\" href=\"https:\/\/ulpmat.com\/it\/documenti\/certificato-di-analisi\/\">Certificato di analisi (COA)<\/a><\/span><\/p>\n<p><span style=\"color: #0000ff;\"><a style=\"color: #0000ff;\" href=\"https:\/\/ulpmat.com\/it\/documenti\/scheda-tecnica\/\">Scheda tecnica (TDS)<\/a><\/span><\/p>\n<p><span style=\"color: #0000ff;\"><a style=\"color: #0000ff;\" href=\"https:\/\/ulpmat.com\/it\/documenti\/scheda-di-sicurezza\/\">Scheda di sicurezza (MSDS)<\/a><\/span><br \/>\nRapporti di test di terze parti disponibili su richiesta<\/p>\n<h2><span style=\"font-size: 14pt;\">Perch\u00e9 scegliere noi?<\/span><\/h2>\n<p>Grazie alla nostra profonda esperienza nella ricerca e sviluppo dei materiali metallici e al rigoroso controllo dei processi di produzione, garantiamo che ogni lotto di polvere di ferro offra una qualit\u00e0 eccezionale e costante. Dal controllo preciso della dimensione delle particelle alla gestione rigorosa delle impurit\u00e0, comprendiamo e diamo priorit\u00e0 a ogni dettaglio che influisce sulle prestazioni del vostro prodotto finale. Scegliendo noi, otterrete non solo prodotti affidabili, ma anche un partner di fiducia, reattivo e a lungo termine, in grado di offrirvi un supporto tecnico completo.<\/p>\n","protected":false},"excerpt":{"rendered":"<p>Panoramica sulla polvere di ferro metallico La polvere di ferro metallico \u00e8 un materiale industriale fondamentale con eccezionali propriet\u00e0 magnetiche e reattivit\u00e0, ampiamente utilizzato in settori all&#8217;avanguardia come la produzione additiva, la metallurgia delle polveri, la catalisi chimica e l&#8217;elettronica. Siamo specializzati nella fornitura di polvere di ferro metallico ad alta purezza in diverse specifiche [&hellip;]<\/p>\n","protected":false},"featured_media":53664,"template":"","meta":{"_acf_changed":false},"product_brand":[132],"product_cat":[272],"product_tag":[8181],"class_list":{"0":"post-53663","1":"product","2":"type-product","3":"status-publish","4":"has-post-thumbnail","6":"product_brand-ulpmat","7":"product_cat-metalli-puri-e-leghe","8":"product_tag-polvere-di-ferro-metallico","10":"first","11":"instock","12":"shipping-taxable","13":"product-type-variable"},"acf":[],"_links":{"self":[{"href":"https:\/\/ulpmat.com\/it\/wp-json\/wp\/v2\/product\/53663","targetHints":{"allow":["GET"]}}],"collection":[{"href":"https:\/\/ulpmat.com\/it\/wp-json\/wp\/v2\/product"}],"about":[{"href":"https:\/\/ulpmat.com\/it\/wp-json\/wp\/v2\/types\/product"}],"wp:featuredmedia":[{"embeddable":true,"href":"https:\/\/ulpmat.com\/it\/wp-json\/wp\/v2\/media\/53664"}],"wp:attachment":[{"href":"https:\/\/ulpmat.com\/it\/wp-json\/wp\/v2\/media?parent=53663"}],"wp:term":[{"taxonomy":"product_brand","embeddable":true,"href":"https:\/\/ulpmat.com\/it\/wp-json\/wp\/v2\/product_brand?post=53663"},{"taxonomy":"product_cat","embeddable":true,"href":"https:\/\/ulpmat.com\/it\/wp-json\/wp\/v2\/product_cat?post=53663"},{"taxonomy":"product_tag","embeddable":true,"href":"https:\/\/ulpmat.com\/it\/wp-json\/wp\/v2\/product_tag?post=53663"}],"curies":[{"name":"wp","href":"https:\/\/api.w.org\/{rel}","templated":true}]}}