{"id":53553,"date":"2026-01-05T10:36:58","date_gmt":"2026-01-05T02:36:58","guid":{"rendered":"https:\/\/ulpmat.com\/product\/metallo-ferroso\/"},"modified":"2026-01-05T10:36:58","modified_gmt":"2026-01-05T02:36:58","slug":"metallo-ferroso","status":"publish","type":"product","link":"https:\/\/ulpmat.com\/it\/prodotto\/metallo-ferroso\/","title":{"rendered":"Metallo ferroso"},"content":{"rendered":"<h2><span style=\"font-size: 14pt;\">Target di sputtering in ferro metallico Panoramica del prodotto<\/span><\/h2>\n<p>I target di sputtering<br \/>\n<a href=\"https:\/\/ulpmat.com\/it\/ricerca\/?type=name&#038;keyword=Iron+metal\"><span style=\"color: #0000ff;\">in ferro<\/span><\/a><br \/>\ncostituiscono un materiale fondamentale per la fabbricazione di film sottili funzionali mediante tecniche di deposizione fisica da vapore (PVD), come lo sputtering magnetronico. I loro principali vantaggi risiedono nell&#8217;eccezionale purezza del metallo e nelle straordinarie propriet\u00e0 ferromagnetiche. Questi target sono utilizzati principalmente nella produzione di semiconduttori, pannelli di visualizzazione, archiviazione dati e ricerca scientifica per depositare film sottili su scala nanometrica con conduttivit\u00e0, magnetismo e stabilit\u00e0 superiori.<\/p>\n<p>Offriamo vari materiali target in <span style=\"color: #0000ff;\"><a style=\"color: #0000ff;\" href=\"https:\/\/ulpmat.com\/it\/ricerca\/?type=name&#038;keyword=iron\">ferro<\/a><\/span><br \/>\nmetallico ad alta purezza in specifiche circolari, rettangolari e di altro tipo. Sono disponibili servizi di incollaggio professionali con piastre di supporto in rame privo di ossigeno per ottimizzare la dissipazione del calore e migliorare la stabilit\u00e0 dello sputtering. Inoltre, supportiamo una profonda personalizzazione di dimensioni, purezza, forme e persino composizioni di leghe per soddisfare i requisiti specifici della camera dell&#8217;apparecchiatura e del processo. <span style=\"color: #0000ff;\"><a style=\"color: #0000ff;\" href=\"https:\/\/ulpmat.com\/it\/contatto\/\">Contattateci<\/a><\/span><br \/>\nin qualsiasi momento per richieste di informazioni.<\/p>\n<h2><span style=\"font-size: 14pt;\">Caratteristiche principali del prodotto<\/span><\/h2>\n<p>Purezza ultra elevata<br \/>\nAlta densit\u00e0<br \/>\nPropriet\u00e0 magnetiche superiori<br \/>\nProcesso di incollaggio professionale<\/p>\n<h2><span style=\"font-size: 14pt;\">Applicazioni dei target di sputtering in ferro<\/span><\/h2>\n<p><span style=\"color: #0000ff;\"><a style=\"color: #0000ff;\" href=\"https:\/\/ulpmat.com\/it\/applicazione\/materiali-per-semiconduttori\/\">Semiconduttori<\/a><\/span><br \/>\ne microelettronica: utilizzati per la deposizione di elettrodi, interconnessioni e strati barriera nella produzione di circuiti integrati, soddisfano i requisiti di miniaturizzazione dei dispositivi e di elevate prestazioni.<br \/>\nTecnologia dei display a schermo piatto: impiegati nella produzione di LCD, OLED e altri display per la fabbricazione di circuiti conduttivi di precisione e strati di film critici nei transistor a film sottile (TFT).<br \/>\nDispositivi di archiviazione dati e magnetici: fungono da materiale target principale per la produzione di supporti di registrazione magnetica su piatti di dischi rigidi, varie testine magnetiche e sensori magnetici ad alta sensibilit\u00e0.<br \/>\nRicerca di frontiera e rivestimenti ottici: fornisce supporto con materiali ad alta purezza per lo sviluppo di nuovi materiali (ad esempio dispositivi spintronici) in universit\u00e0 e istituti di ricerca, nonch\u00e9 rivestimenti funzionali per componenti ottici.<\/p>\n<h2><span style=\"color: #0000ff;\"><a style=\"color: #0000ff;\" href=\"https:\/\/ulpmat.com\/it\/azienda\/domande-frequenti\/\"><span style=\"font-size: 14pt;\">Domande frequenti<\/span><\/a><\/span><\/h2>\n<p>D1: Come viene misurata la purezza dei target di ferro? Quali elementi vengono controllati principalmente per le impurit\u00e0?<br \/>\nR1: La purezza \u00e8 tipicamente espressa in percentuale. Testiamo e controlliamo rigorosamente le impurit\u00e0 chiave, tra cui metalli alcalini, metalli pesanti ed elementi gassosi (ossigeno, azoto), utilizzando metodi di precisione come la spettrometria di massa a scarica luminescente (GD-MS) per garantire la conformit\u00e0 agli standard delle applicazioni di fascia alta.<\/p>\n<p>D2: Il ferro \u00e8 un materiale fortemente magnetico?<br \/>\nR2: S\u00ec. Il forte magnetismo dei target in ferro pu\u00f2 schermare i campi magnetici, influenzando potenzialmente la stabilit\u00e0 del plasma di sputtering.<\/p>\n<p>D3: Perch\u00e9 alcuni target in ferro richiedono l&#8217;incollaggio a una piastra di supporto (ad esempio in rame)?<br \/>\nR3: L&#8217;incollaggio di una piastra di supporto ad alta conducibilit\u00e0 termica \u00e8 fondamentale. Dissipa rapidamente il calore generato durante la polverizzazione, prevenendo la rottura o la deformazione del target dovuta al surriscaldamento localizzato. Ci\u00f2 migliora significativamente l&#8217;utilizzo del target e la sicurezza operativa, in particolare per i processi di polverizzazione ad alta potenza.<\/p>\n<p>D4: I bersagli a base di ferro possono essere personalizzati con dimensioni non standard o composizioni di leghe speciali?<br \/>\nA4: Assolutamente s\u00ec. Disponiamo di capacit\u00e0 di processo complete, dalla fusione e forgiatura alla lavorazione di precisione, che ci consentono di personalizzare bersagli di qualsiasi dimensione e forma in base ai disegni forniti.<\/p>\n<h2><span style=\"font-size: 14pt;\">Rapporti<\/span><\/h2>\n<p>Ogni lotto viene fornito con:<br \/>\n<span style=\"color: #0000ff;\"><a style=\"color: #0000ff;\" href=\"https:\/\/ulpmat.com\/it\/documenti\/certificato-di-analisi\/\">Certificato di analisi (COA)<\/a><\/span><\/p>\n<p><span style=\"color: #0000ff;\"><a style=\"color: #0000ff;\" href=\"https:\/\/ulpmat.com\/it\/documenti\/scheda-tecnica\/\">Scheda tecnica (TDS)<\/a><\/span><\/p>\n<p><span style=\"color: #0000ff;\"><a style=\"color: #0000ff;\" href=\"https:\/\/ulpmat.com\/it\/documenti\/scheda-di-sicurezza\/\">Scheda di sicurezza dei materiali (MSDS)<\/a><\/span><br \/>\nRapporto di ispezione delle dimensioni<br \/>\nRapporti di test di terze parti disponibili su richiesta<\/p>\n<h2><span style=\"font-size: 14pt;\">Perch\u00e9 scegliere noi?<\/span><\/h2>\n<p>Siamo specializzati in materiali metallici ad alta purezza e forniamo non solo prodotti, ma soluzioni complete. Grazie alla nostra profonda comprensione delle sfide poste dalla polverizzazione nei target ferromagnetici e al nostro rigoroso controllo di qualit\u00e0 end-to-end, dalla purificazione delle materie prime all&#8217;imballaggio finale, garantiamo che ogni target offra prestazioni eccezionali e costanti.<\/p>\n","protected":false},"excerpt":{"rendered":"<p>Target di sputtering in ferro metallico Panoramica del prodotto I target di sputtering in ferro costituiscono un materiale fondamentale per la fabbricazione di film sottili funzionali mediante tecniche di deposizione fisica da vapore (PVD), come lo sputtering magnetronico. I loro principali vantaggi risiedono nell&#8217;eccezionale purezza del metallo e nelle straordinarie propriet\u00e0 ferromagnetiche. Questi target sono [&hellip;]<\/p>\n","protected":false},"featured_media":53554,"template":"","meta":{"_acf_changed":false},"product_brand":[132],"product_cat":[311],"product_tag":[386,8169],"class_list":{"0":"post-53553","1":"product","2":"type-product","3":"status-publish","4":"has-post-thumbnail","6":"product_brand-ulpmat","7":"product_cat-target-di-sputtering-metallico","8":"product_tag-bersaglio-di-sputtering","9":"product_tag-bersaglio-di-sputtering-in-ferro-metallico","11":"first","12":"instock","13":"shipping-taxable","14":"product-type-variable"},"acf":[],"_links":{"self":[{"href":"https:\/\/ulpmat.com\/it\/wp-json\/wp\/v2\/product\/53553","targetHints":{"allow":["GET"]}}],"collection":[{"href":"https:\/\/ulpmat.com\/it\/wp-json\/wp\/v2\/product"}],"about":[{"href":"https:\/\/ulpmat.com\/it\/wp-json\/wp\/v2\/types\/product"}],"wp:featuredmedia":[{"embeddable":true,"href":"https:\/\/ulpmat.com\/it\/wp-json\/wp\/v2\/media\/53554"}],"wp:attachment":[{"href":"https:\/\/ulpmat.com\/it\/wp-json\/wp\/v2\/media?parent=53553"}],"wp:term":[{"taxonomy":"product_brand","embeddable":true,"href":"https:\/\/ulpmat.com\/it\/wp-json\/wp\/v2\/product_brand?post=53553"},{"taxonomy":"product_cat","embeddable":true,"href":"https:\/\/ulpmat.com\/it\/wp-json\/wp\/v2\/product_cat?post=53553"},{"taxonomy":"product_tag","embeddable":true,"href":"https:\/\/ulpmat.com\/it\/wp-json\/wp\/v2\/product_tag?post=53553"}],"curies":[{"name":"wp","href":"https:\/\/api.w.org\/{rel}","templated":true}]}}