{"id":53429,"date":"2026-01-05T10:36:59","date_gmt":"2026-01-05T02:36:59","guid":{"rendered":"https:\/\/ulpmat.com\/product\/ossido-di-ferro-4\/"},"modified":"2026-01-05T10:36:59","modified_gmt":"2026-01-05T02:36:59","slug":"ossido-di-ferro-4","status":"publish","type":"product","link":"https:\/\/ulpmat.com\/it\/prodotto\/ossido-di-ferro-4\/","title":{"rendered":"Ossido di ferro"},"content":{"rendered":"<h2><span style=\"font-size: 14pt;\">Panoramica dei target di sputtering in ossido di ferro<\/span><\/h2>\n<p>I target di sputtering<br \/>\n<span style=\"color: #0000ff;\"><a style=\"color: #0000ff;\" href=\"https:\/\/ulpmat.com\/it\/ricerca\/?type=name&#038;keyword=Iron+Oxide\">in ossido di ferro<\/a><\/span><br \/>\nsono materiali di origine solida realizzati in ceramica di ossido di ferro ad alta purezza, utilizzati principalmente nei processi di deposizione fisica da vapore (PVD). Essi depositano film sottili di ossido di ferro con specifiche funzioni optoelettroniche, magnetiche o catalitiche su substrati utilizzando metodi quali lo sputtering magnetronico. Questo materiale \u00e8 ampiamente utilizzato nei rivestimenti <span style=\"color: #0000ff;\"><a style=\"color: #0000ff;\" href=\"https:\/\/ulpmat.com\/it\/applicazione\/materiali-ottici\/\">ottici<\/a><\/span><br \/>\n, nei dispositivi magnetici, nei sensori e nella ricerca all&#8217;avanguardia sulla fotoelettrocatalisi.<\/p>\n<p>I nostri target Fe2O3 possono essere personalizzati in varie forme e dimensioni, tra cui circolari e rettangolari, per soddisfare le vostre esigenze, garantendo una microstruttura densa e prestazioni stabili. <span style=\"color: #0000ff;\"><a style=\"color: #0000ff;\" href=\"https:\/\/ulpmat.com\/it\/contatto\/\">Contattateci<\/a><\/span><br \/>\nper un elenco dettagliato delle specifiche.<\/p>\n<h2><span style=\"font-size: 14pt;\">Caratteristiche principali del prodotto<\/span><\/h2>\n<p>Purezza elevatissima<br \/>\nForme cristalline selezionabili<br \/>\nAlta densit\u00e0 e bassa porosit\u00e0<br \/>\nSpecifiche flessibili e <span style=\"color: #0000ff;\"><a style=\"color: #0000ff;\" href=\"https:\/\/ulpmat.com\/it\/servizio\/personalizzazione\/\">personalizzabili<\/a><\/span><\/p>\n<h2><span style=\"font-size: 14pt;\">Applicazioni dei target di sputtering di ossido di ferro<\/span><\/h2>\n<p>Film sottili e rivestimenti<br \/>\n<span style=\"color: #0000ff;\"><a style=\"color: #0000ff;\" href=\"https:\/\/ulpmat.com\/it\/applicazione\/materiali-ottici\/\">ottici<\/a><\/span><br \/>\n: utilizzati per la preparazione di film antiriflesso, filtri di interferenza e vari rivestimenti ottici. L&#8217;indice di rifrazione, la durezza e altre propriet\u00e0 del film sottile sono strettamente correlate alla purezza del materiale del target.<br \/>\nDispositivi magnetici funzionali: fungono da materiale target principale per la preparazione di film sottili magnetici chiave in supporti di registrazione magnetica, sensori magnetici e dispositivi magnetoelettronici. Sensori di gas e chimici: utilizzati per il deposito di film sottili sensibili, la loro purezza e microstruttura influenzano direttamente la sensibilit\u00e0, la selettivit\u00e0 e la velocit\u00e0 di risposta del sensore.<br \/>\nRicerca nel campo del fotovoltaico e della catalisi: utilizzati nella conversione dell&#8217;energia solare e nella catalisi come materiali per la preparazione di fotoanodi o film sottili catalitici. L&#8217;elevata purezza e la buona cristallinit\u00e0 contribuiscono a migliorare l&#8217;efficienza di conversione e la stabilit\u00e0.<\/p>\n<h2><span style=\"color: #0000ff;\"><a style=\"color: #0000ff;\" href=\"https:\/\/ulpmat.com\/it\/azienda\/domande-frequenti\/\"><span style=\"font-size: 14pt;\">Domande frequenti<\/span><\/a><\/span><\/h2>\n<p>D1: Quali sono le differenze tra i materiali target \u03b1-Fe\u2082O\u2083 e \u03b3-Fe\u2082O\u2083? Come scegliere?<br \/>\nR1: I due materiali differiscono per struttura cristallina e propriet\u00e0 fisiche. \u03b1-Fe\u2082O\u2083 (ematite) \u00e8 il pi\u00f9 stabile dal punto di vista termodinamico e il pi\u00f9 utilizzato; \u03b3-Fe\u2082O\u2083 (magnesite) ha un magnetismo pi\u00f9 forte. La scelta dipende dagli obiettivi di prestazione del film sottile: se si desidera un&#8217;elevata stabilit\u00e0 chimica e un band gap ottico specifico, \u00e8 possibile selezionare la fase \u03b1; se \u00e8 necessario un film sottile fortemente magnetico, la fase \u03b3 \u00e8 pi\u00f9 adatta. Il nostro team tecnico pu\u00f2 assistervi nella scelta in base all&#8217;applicazione finale.<\/p>\n<p>D2: Perch\u00e9 il materiale target deve essere incollato a una piastra di supporto?<br \/>\nR2: L&#8217;incollaggio con una piastra di supporto in metallo ad alta conducibilit\u00e0 termica \u00e8 fondamentale. Dissipa rapidamente l&#8217;enorme calore generato sulla superficie del target durante la polverizzazione, prevenendo la rottura del target o il degrado delle prestazioni dovuto al surriscaldamento localizzato, garantendo cos\u00ec una polverizzazione stabile e prolungando la durata del target.<\/p>\n<p>D3: Come devono essere conservati i target di polverizzazione di ossido di ferro (III)?<br \/>\nA3: Devono essere conservati in un ambiente asciutto e ben ventilato, distesi in piano per evitare urti, ossidazione, contaminazione e danni fisici.<\/p>\n<p>Q4: I prodotti sono personalizzati?<br \/>\nA4: Possiamo personalizzare vari prodotti in base alle esigenze dei clienti.<\/p>\n<h2><span style=\"font-size: 14pt;\">Rapporti<\/span><\/h2>\n<p>Ogni lotto viene fornito con:<br \/>\n<span style=\"color: #0000ff;\"><a style=\"color: #0000ff;\" href=\"https:\/\/ulpmat.com\/it\/documenti\/certificato-di-analisi\/\">Certificato di analisi (COA)<\/a><\/span><\/p>\n<p><span style=\"color: #0000ff;\"><a style=\"color: #0000ff;\" href=\"https:\/\/ulpmat.com\/it\/documenti\/scheda-tecnica\/\">Scheda tecnica (TDS)<\/a><\/span><\/p>\n<p><span style=\"color: #0000ff;\"><a style=\"color: #0000ff;\" href=\"https:\/\/ulpmat.com\/it\/documenti\/scheda-di-sicurezza\/\">Scheda di sicurezza (MSDS)<\/a><\/span><br \/>\nRapporto di ispezione delle dimensioni<br \/>\nRapporti di test di terze parti disponibili su richiesta<\/p>\n<h2><span style=\"font-size: 14pt;\">Perch\u00e9 scegliere noi?<\/span><\/h2>\n<p>Ci concentriamo sulla ricerca, lo sviluppo e la produzione di target di sputtering ceramici ad alte prestazioni, comprendendo profondamente l&#8217;influenza decisiva della purezza del materiale, della forma cristallina e della microstruttura sulle prestazioni finali del film sottile. Dalla sintesi di polveri ad alta purezza alla sinterizzazione di precisione, implementiamo un rigoroso controllo di qualit\u00e0 durante l&#8217;intero processo per garantire che ogni materiale target abbia una qualit\u00e0 eccellente.<\/p>\n","protected":false},"excerpt":{"rendered":"<p>Panoramica dei target di sputtering in ossido di ferro I target di sputtering in ossido di ferro sono materiali di origine solida realizzati in ceramica di ossido di ferro ad alta purezza, utilizzati principalmente nei processi di deposizione fisica da vapore (PVD). Essi depositano film sottili di ossido di ferro con specifiche funzioni optoelettroniche, magnetiche [&hellip;]<\/p>\n","protected":false},"featured_media":53430,"template":"","meta":{"_acf_changed":false},"product_brand":[132],"product_cat":[453],"product_tag":[386,8145],"class_list":{"0":"post-53429","1":"product","2":"type-product","3":"status-publish","4":"has-post-thumbnail","6":"product_brand-ulpmat","7":"product_cat-target-di-sputtering-in-ceramica","8":"product_tag-bersaglio-di-sputtering","9":"product_tag-target-di-sputtering-allossido-di-ferro","11":"first","12":"instock","13":"shipping-taxable","14":"product-type-variable"},"acf":[],"_links":{"self":[{"href":"https:\/\/ulpmat.com\/it\/wp-json\/wp\/v2\/product\/53429","targetHints":{"allow":["GET"]}}],"collection":[{"href":"https:\/\/ulpmat.com\/it\/wp-json\/wp\/v2\/product"}],"about":[{"href":"https:\/\/ulpmat.com\/it\/wp-json\/wp\/v2\/types\/product"}],"wp:featuredmedia":[{"embeddable":true,"href":"https:\/\/ulpmat.com\/it\/wp-json\/wp\/v2\/media\/53430"}],"wp:attachment":[{"href":"https:\/\/ulpmat.com\/it\/wp-json\/wp\/v2\/media?parent=53429"}],"wp:term":[{"taxonomy":"product_brand","embeddable":true,"href":"https:\/\/ulpmat.com\/it\/wp-json\/wp\/v2\/product_brand?post=53429"},{"taxonomy":"product_cat","embeddable":true,"href":"https:\/\/ulpmat.com\/it\/wp-json\/wp\/v2\/product_cat?post=53429"},{"taxonomy":"product_tag","embeddable":true,"href":"https:\/\/ulpmat.com\/it\/wp-json\/wp\/v2\/product_tag?post=53429"}],"curies":[{"name":"wp","href":"https:\/\/api.w.org\/{rel}","templated":true}]}}