{"id":53315,"date":"2026-01-05T10:37:02","date_gmt":"2026-01-05T02:37:02","guid":{"rendered":"https:\/\/ulpmat.com\/product\/fosfuro-di-ferro\/"},"modified":"2026-01-05T10:37:02","modified_gmt":"2026-01-05T02:37:02","slug":"fosfuro-di-ferro","status":"publish","type":"product","link":"https:\/\/ulpmat.com\/it\/prodotto\/fosfuro-di-ferro\/","title":{"rendered":"Fosfuro di ferro"},"content":{"rendered":"<h2><span style=\"font-size: 14pt;\">Panoramica sulla polvere di fosfuro di ferro<\/span><\/h2>\n<p>La polvere<br \/>\n<span style=\"color: #0000ff;\"><a style=\"color: #0000ff;\" href=\"https:\/\/ulpmat.com\/it\/ricerca\/?type=name&#038;keyword=Iron+phosphate\">di fosfato di ferro<\/a><\/span><br \/>\n\u00e8 un materiale legato ad alte prestazioni ampiamente utilizzato nelle batterie, nei catalizzatori e nei materiali elettronici e magnetici.<\/p>\n<p>Offriamo polvere di Fe3P ad alta purezza per soddisfare le esigenze di vari settori industriali, particolarmente adatta alla produzione di batterie e alle reazioni catalitiche. <span style=\"color: #0000ff;\"><a style=\"color: #0000ff;\" href=\"https:\/\/ulpmat.com\/it\/contatto\/\">Contattateci<\/a><\/span><br \/>\nper ulteriori dettagli sul prodotto e servizi di personalizzazione.<\/p>\n<h2><span style=\"font-size: 14pt;\">Caratteristiche principali del prodotto<\/span><\/h2>\n<p>Alta purezza<br \/>\nBuona conduttivit\u00e0 elettrica<br \/>\nEccellente attivit\u00e0 catalitica<br \/>\nForti propriet\u00e0 magnetiche Dimensione delle particelle<br \/>\n<span style=\"color: #0000ff;\"><a style=\"color: #0000ff;\" href=\"https:\/\/ulpmat.com\/it\/servizio\/personalizzazione\/\">personalizzabile<\/a><\/span><\/p>\n<p>Assistenza tecnica professionale e servizio post-vendita<\/p>\n<h2><span style=\"font-size: 14pt;\">Applicazioni della polvere di fosfuro di ferro<\/span><\/h2>\n<p>Produzione<br \/>\n<span style=\"color: #0000ff;\"><a style=\"color: #0000ff;\" href=\"https:\/\/ulpmat.com\/it\/applicazione\/materiali-della-batteria\/\">di batterie<\/a><\/span><br \/>\n: la polvere di fosfato di ferro possiede eccellenti propriet\u00e0 elettrochimiche ed \u00e8 ampiamente utilizzata come materiale per elettrodi negativi nelle batterie agli ioni di litio e agli ioni di sodio per migliorare l&#8217;efficienza di carica e scarica.<br \/>\nReazioni catalitiche: nell&#8217;industria chimica, \u00e8 utilizzata come catalizzatore in varie reazioni organiche, come le reazioni di idrogenazione e deidrogenazione, per migliorare l&#8217;efficienza della reazione.<br \/>\nMateriali magnetici: le propriet\u00e0 magnetiche della polvere di fosfato di ferro la rendono importante nella produzione di materiali magnetici, ampiamente utilizzati nella memorizzazione magnetica e nei sensori.<br \/>\nComponenti elettronici: nella produzione di semiconduttori e componenti elettronici, pu\u00f2 essere utilizzata per migliorare la conduttivit\u00e0 e la stabilit\u00e0 dei materiali.<\/p>\n<h2><span style=\"color: #0000ff;\"><a style=\"color: #0000ff;\" href=\"https:\/\/ulpmat.com\/it\/azienda\/domande-frequenti\/\"><span style=\"font-size: 14pt;\">Domande frequenti<\/span><\/a><\/span><\/h2>\n<p>D1: Quali sono gli usi principali della polvere di fosfuro di ferro?<br \/>\nA1: Utilizzata principalmente nella produzione di batterie, catalizzatori, materiali magnetici e componenti elettronici, eccelle in particolare nelle reazioni delle batterie e catalitiche.<\/p>\n<p>D2: In che modo la polvere di Fe3P influisce sulle prestazioni della batteria?<br \/>\nA2: Grazie alle sue eccellenti propriet\u00e0 elettrochimiche, la polvere di fosfuro di ferro pu\u00f2 migliorare la capacit\u00e0 della batteria e l&#8217;efficienza di carica\/scarica, rendendola un componente importante dei materiali anodici delle batterie ad alte prestazioni.<\/p>\n<p>D3: Quali sono le condizioni di conservazione?<br \/>\nR3: Per mantenere le sue prestazioni, deve essere conservato in un ambiente asciutto e fresco, evitando l&#8217;umidit\u00e0 e l&#8217;esposizione a luce intensa.<\/p>\n<h2><span style=\"font-size: 14pt;\">Rapporti<\/span><\/h2>\n<p>Ogni lotto viene fornito con:<br \/>\n<span style=\"color: #0000ff;\"><a style=\"color: #0000ff;\" href=\"https:\/\/ulpmat.com\/it\/documenti\/certificato-di-analisi\/\">Certificato di analisi (COA)<\/a><\/span><\/p>\n<p><span style=\"color: #0000ff;\"><a style=\"color: #0000ff;\" href=\"https:\/\/ulpmat.com\/it\/documenti\/scheda-tecnica\/\">Scheda tecnica (TDS)<\/a><\/span><\/p>\n<p><span style=\"color: #0000ff;\"><a style=\"color: #0000ff;\" href=\"https:\/\/ulpmat.com\/it\/documenti\/scheda-di-sicurezza\/\">Scheda di sicurezza (MSDS)<\/a><\/span><br \/>\nRapporti di test di terze parti disponibili su richiesta<\/p>\n<h2><span style=\"font-size: 14pt;\">Perch\u00e9 scegliere noi?<\/span><\/h2>\n<p>Ci impegniamo a fornire polvere di fosfuro di ferro di alta qualit\u00e0 e ad alte prestazioni. Grazie ad anni di esperienza tecnica e servizi personalizzati, siamo in grado di soddisfare le esigenze di vari settori industriali. Il nostro team di professionisti vi fornisce <span style=\"color: #0000ff;\"><a style=\"color: #0000ff;\" href=\"https:\/\/ulpmat.com\/it\/servizio\/assistenza-tecnica\/\">un supporto tecnico<\/a><\/span><br \/>\ncompleto e un servizio post-vendita per garantire l&#8217;applicazione efficiente dei vostri prodotti.<\/p>\n","protected":false},"excerpt":{"rendered":"<p>Panoramica sulla polvere di fosfuro di ferro La polvere di fosfato di ferro \u00e8 un materiale legato ad alte prestazioni ampiamente utilizzato nelle batterie, nei catalizzatori e nei materiali elettronici e magnetici. Offriamo polvere di Fe3P ad alta purezza per soddisfare le esigenze di vari settori industriali, particolarmente adatta alla produzione di batterie e alle [&hellip;]<\/p>\n","protected":false},"featured_media":53316,"template":"","meta":{"_acf_changed":false},"product_brand":[132],"product_cat":[1192],"product_tag":[8139],"class_list":{"0":"post-53315","1":"product","2":"type-product","3":"status-publish","4":"has-post-thumbnail","6":"product_brand-ulpmat","7":"product_cat-materiali-fosforici","8":"product_tag-polvere-di-fosfuro-di-ferro","10":"first","11":"instock","12":"shipping-taxable","13":"product-type-variable"},"acf":[],"_links":{"self":[{"href":"https:\/\/ulpmat.com\/it\/wp-json\/wp\/v2\/product\/53315","targetHints":{"allow":["GET"]}}],"collection":[{"href":"https:\/\/ulpmat.com\/it\/wp-json\/wp\/v2\/product"}],"about":[{"href":"https:\/\/ulpmat.com\/it\/wp-json\/wp\/v2\/types\/product"}],"wp:featuredmedia":[{"embeddable":true,"href":"https:\/\/ulpmat.com\/it\/wp-json\/wp\/v2\/media\/53316"}],"wp:attachment":[{"href":"https:\/\/ulpmat.com\/it\/wp-json\/wp\/v2\/media?parent=53315"}],"wp:term":[{"taxonomy":"product_brand","embeddable":true,"href":"https:\/\/ulpmat.com\/it\/wp-json\/wp\/v2\/product_brand?post=53315"},{"taxonomy":"product_cat","embeddable":true,"href":"https:\/\/ulpmat.com\/it\/wp-json\/wp\/v2\/product_cat?post=53315"},{"taxonomy":"product_tag","embeddable":true,"href":"https:\/\/ulpmat.com\/it\/wp-json\/wp\/v2\/product_tag?post=53315"}],"curies":[{"name":"wp","href":"https:\/\/api.w.org\/{rel}","templated":true}]}}