{"id":53293,"date":"2026-01-05T10:37:02","date_gmt":"2026-01-05T02:37:02","guid":{"rendered":"https:\/\/ulpmat.com\/product\/boruro-di-ferro-2\/"},"modified":"2026-01-05T10:37:02","modified_gmt":"2026-01-05T02:37:02","slug":"boruro-di-ferro-2","status":"publish","type":"product","link":"https:\/\/ulpmat.com\/it\/prodotto\/boruro-di-ferro-2\/","title":{"rendered":"Boruro di ferro"},"content":{"rendered":"<h2><span style=\"font-size: 14pt;\">Panoramica sulla polvere di boruro di ferro<\/span><\/h2>\n<p>La polvere<br \/>\n<span style=\"color: #0000ff;\"><a style=\"color: #0000ff;\" href=\"https:\/\/ulpmat.com\/it\/ricerca\/?type=name&#038;keyword=Iron+Boride\">di boruro di ferro<\/a><\/span><br \/>\n\u00e8 un materiale legato ad alta durezza e resistente alle alte temperature, ampiamente utilizzato nei rivestimenti duri, nei materiali di attrito e nei catalizzatori.<\/p>\n<p>Offriamo polvere di FeB ad alta purezza per soddisfare i requisiti di elevate prestazioni dei rivestimenti duri e dei materiali di attrito e possiamo anche personalizzare le polveri in base alle esigenze dei clienti. Non esitate a<span style=\"color: #0000ff;\"><a style=\"color: #0000ff;\" href=\"https:\/\/ulpmat.com\/it\/contatto\/\"> contattarci<\/a><\/span><br \/>\n.<\/p>\n<h2><span style=\"font-size: 14pt;\">Caratteristiche principali del prodotto<\/span><\/h2>\n<p>Elevata durezza<br \/>\nEccellente resistenza alle alte temperature<br \/>\nEccezionale stabilit\u00e0 chimica Dimensioni delle particelle e<br \/>\n<span style=\"color: #0000ff;\"><a style=\"color: #0000ff;\" href=\"https:\/\/ulpmat.com\/it\/servizio\/personalizzazione\/\">specifiche personalizzabili<\/a><\/span><\/p>\n<p>Buona resistenza all&#8217;ossidazione<br \/>\nAssistenza tecnica professionale e servizio post-vendita<\/p>\n<h2><span style=\"font-size: 14pt;\">Applicazioni della polvere di boruro di ferro<\/span><\/h2>\n<p>Rivestimenti duri: grazie alla sua eccellente durezza e resistenza all&#8217;usura, \u00e8 comunemente utilizzata nella produzione di rivestimenti duri, ampiamente applicati nel trattamento superficiale di utensili, stampi e parti meccaniche.<br \/>\nMateriali di attrito: utilizzato nella produzione di materiali di attrito come pastiglie dei freni e dischi della frizione, mostra un&#8217;eccellente resistenza all&#8217;usura e al calore, prolungando la durata del materiale.<br \/>\nCatalizzatori: nell&#8217;industria chimica, pu\u00f2 essere utilizzato come catalizzatore nei prodotti petrolchimici, nelle reazioni di idrogenazione e in altri campi per aumentare la velocit\u00e0 di reazione.<br \/>\nComponenti elettronici: grazie alla sua eccellente conduttivit\u00e0 e stabilit\u00e0 chimica, \u00e8 ampiamente utilizzato nei componenti elettronici e nei materiali conduttivi.<\/p>\n<h2><span style=\"font-size: 14pt;\">Domande frequenti<\/span><\/h2>\n<p>D1: Quali sono le caratteristiche principali della polvere di boruro di ferro?<br \/>\nA1: Ha un&#8217;elevata durezza, resistenza alle alte temperature e forte resistenza all&#8217;ossidazione ed \u00e8 ampiamente utilizzata in rivestimenti duri, materiali di attrito e catalizzatori.<\/p>\n<p>D2: Quali sono le applicazioni della polvere di boruro di ferro?<br \/>\nA2: \u00c8 utilizzata principalmente in rivestimenti duri, materiali di attrito, catalizzatori e componenti elettronici ed \u00e8 particolarmente adatta per ambienti con elevata resistenza all&#8217;usura e alle alte temperature.<\/p>\n<p>D3: Come scegliere la dimensione delle particelle della polvere di boruro di ferro?<br \/>\nR3: \u00c8 possibile personalizzare diverse dimensioni delle particelle in base ai requisiti dell&#8217;applicazione per garantire prestazioni ottimali in vari ambienti.<\/p>\n<p>D4: Qual \u00e8 la purezza della polvere di boruro di ferro?<br \/>\nR4: Offriamo una purezza del 99,5% ed \u00e8 possibile personalizzare anche altre purezze.<\/p>\n<h2><span style=\"font-size: 14pt;\">Rapporti<\/span><\/h2>\n<p>Ogni lotto viene fornito con:<br \/>\n<span style=\"color: #0000ff;\"><a style=\"color: #0000ff;\" href=\"https:\/\/ulpmat.com\/it\/documenti\/certificato-di-analisi\/\">Certificato di analisi (COA)<\/a><\/span><\/p>\n<p><span style=\"color: #0000ff;\"><a style=\"color: #0000ff;\" href=\"https:\/\/ulpmat.com\/it\/documenti\/scheda-tecnica\/\">Scheda tecnica (TDS)<\/a><\/span><\/p>\n<p><span style=\"color: #0000ff;\"><a style=\"color: #0000ff;\" href=\"https:\/\/ulpmat.com\/it\/documenti\/scheda-di-sicurezza\/\">Scheda di sicurezza (MSDS)<\/a><\/span><br \/>\nRapporti di test di terze parti disponibili su richiesta<\/p>\n<h2><span style=\"font-size: 14pt;\">Perch\u00e9 scegliere noi?<\/span><\/h2>\n<p>Con anni di esperienza, ci impegniamo a fornire polvere di boruro di ferro ad alte prestazioni e alta purezza. Offriamo servizi personalizzati per garantire che le esigenze specifiche dei clienti siano soddisfatte e forniamo supporto tecnico professionale e <span style=\"color: #0000ff;\"><a style=\"color: #0000ff;\" href=\"https:\/\/ulpmat.com\/it\/servizio\/servizio-post-vendita\/\">assistenza post-vendita<\/a><\/span><br \/>\nper garantire una qualit\u00e0 stabile del prodotto e prestazioni superiori.<\/p>\n","protected":false},"excerpt":{"rendered":"<p>Panoramica sulla polvere di boruro di ferro La polvere di boruro di ferro \u00e8 un materiale legato ad alta durezza e resistente alle alte temperature, ampiamente utilizzato nei rivestimenti duri, nei materiali di attrito e nei catalizzatori. Offriamo polvere di FeB ad alta purezza per soddisfare i requisiti di elevate prestazioni dei rivestimenti duri e [&hellip;]<\/p>\n","protected":false},"featured_media":53294,"template":"","meta":{"_acf_changed":false},"product_brand":[132],"product_cat":[714],"product_tag":[8133],"class_list":{"0":"post-53293","1":"product","2":"type-product","3":"status-publish","4":"has-post-thumbnail","6":"product_brand-ulpmat","7":"product_cat-materiali-refrattari","8":"product_tag-boruro-di-ferro-in-polvere","10":"first","11":"instock","12":"shipping-taxable","13":"product-type-variable"},"acf":[],"_links":{"self":[{"href":"https:\/\/ulpmat.com\/it\/wp-json\/wp\/v2\/product\/53293","targetHints":{"allow":["GET"]}}],"collection":[{"href":"https:\/\/ulpmat.com\/it\/wp-json\/wp\/v2\/product"}],"about":[{"href":"https:\/\/ulpmat.com\/it\/wp-json\/wp\/v2\/types\/product"}],"wp:featuredmedia":[{"embeddable":true,"href":"https:\/\/ulpmat.com\/it\/wp-json\/wp\/v2\/media\/53294"}],"wp:attachment":[{"href":"https:\/\/ulpmat.com\/it\/wp-json\/wp\/v2\/media?parent=53293"}],"wp:term":[{"taxonomy":"product_brand","embeddable":true,"href":"https:\/\/ulpmat.com\/it\/wp-json\/wp\/v2\/product_brand?post=53293"},{"taxonomy":"product_cat","embeddable":true,"href":"https:\/\/ulpmat.com\/it\/wp-json\/wp\/v2\/product_cat?post=53293"},{"taxonomy":"product_tag","embeddable":true,"href":"https:\/\/ulpmat.com\/it\/wp-json\/wp\/v2\/product_tag?post=53293"}],"curies":[{"name":"wp","href":"https:\/\/api.w.org\/{rel}","templated":true}]}}