{"id":53269,"date":"2026-01-05T10:37:03","date_gmt":"2026-01-05T02:37:03","guid":{"rendered":"https:\/\/ulpmat.com\/product\/boruro-di-ferro\/"},"modified":"2026-01-05T10:37:03","modified_gmt":"2026-01-05T02:37:03","slug":"boruro-di-ferro","status":"publish","type":"product","link":"https:\/\/ulpmat.com\/it\/prodotto\/boruro-di-ferro\/","title":{"rendered":"Boruro di ferro"},"content":{"rendered":"<h2><span style=\"font-size: 14pt;\">Panoramica dei target di sputtering in boruro di ferro<\/span><\/h2>\n<p>I target di sputtering<br \/>\n<span style=\"color: #0000ff;\"><a style=\"color: #0000ff;\" href=\"https:\/\/ulpmat.com\/it\/ricerca\/?type=name&#038;keyword=Iron+Boride\">in boruro di ferro<\/a><\/span><br \/>\nsono target di sputtering in ceramica di boruro di ferro ad alta purezza, un materiale fondamentale per la preparazione di film sottili resistenti all&#8217;usura e rivestimenti funzionali ad alte prestazioni utilizzando la tecnologia di deposizione fisica da vapore (PVD).<\/p>\n<p>Offriamo una vasta gamma di target in boruro di ferro ad alta purezza, personalizzabili in base alle vostre esigenze in termini di attrezzature e processi. Forniamo inoltre servizi professionali di incollaggio di piastre posteriori per target ceramici fragili. <span style=\"color: #0000ff;\"><a style=\"color: #0000ff;\" href=\"https:\/\/ulpmat.com\/it\/contatto\/\">Contattateci<\/a><\/span><br \/>\nsubito per trovare la soluzione pi\u00f9 adatta alle vostre esigenze.<\/p>\n<h2><span style=\"font-size: 14pt;\">Caratteristiche principali del prodotto<\/span><\/h2>\n<p>Purezza estremamente elevata, composizione precisa<br \/>\nStruttura densa, grani uniformi<br \/>\nBassa permeabilit\u00e0 magnetica, elevata efficienza di sputtering<br \/>\nEccezionale durezza, resistenza all&#8217;usura e alla corrosione<br \/>\nGamma completa di specifiche, personalizzazione supportata<\/p>\n<h2><span style=\"font-size: 14pt;\">Applicazioni dei target di sputtering in boruro di ferro<\/span><\/h2>\n<p>Rivestimenti superduri resistenti all&#8217;usura: utilizzati per il rivestimento superficiale di utensili da taglio, stampi e componenti di precisione, migliorano significativamente la loro durezza, resistenza all&#8217;usura e durata, resistendo a condizioni di lavoro difficili.<br \/>\nProtezione e modifica delle superfici: deposito di film protettivi su componenti aerospaziali e automobilistici critici, fornendo un&#8217;eccellente resistenza alla corrosione e barriere contro l&#8217;ossidazione, migliorando la stabilit\u00e0 dei materiali.<br \/>\nPreparazione di film sottili funzionali: al servizio della ricerca scientifica e delle industrie all&#8217;avanguardia, questa applicazione prepara film sottili funzionali con speciali propriet\u00e0 elettromagnetiche o attivit\u00e0 catalitiche per soddisfare le esigenze di esplorazione di settori quali le nuove energie e i semiconduttori.<br \/>\nRivestimento decorativo e per utensili: applicato al trattamento superficiale di parti decorative di alta gamma e utensili resistenti all&#8217;usura, conferisce un aspetto lussuoso garantendo al contempo una durata superficiale e una resistenza ai graffi estremamente elevate.<\/p>\n<h2><span style=\"font-size: 14pt;\">Domande frequenti<\/span><\/h2>\n<p>D1: Il boruro di ferro \u00e8 un materiale ceramico per target. Quali precauzioni speciali occorre prendere quando lo si utilizza?<br \/>\nR1: S\u00ec. I target ceramici hanno generalmente una scarsa conduttivit\u00e0 termica e sono fragili. Pertanto, si consiglia vivamente di utilizzarli in combinazione con una piastra di supporto in rame privo di ossigeno per ottimizzare la dissipazione del calore, prevenire la formazione di crepe e controllare rigorosamente la potenza di sputtering per evitare la rottura o il guasto del bersaglio a causa di un surriscaldamento localizzato.<\/p>\n<p>D2: Perch\u00e9 si sottolinea che questo materiale bersaglio ha una &#8220;bassa permeabilit\u00e0 magnetica&#8221;?<br \/>\nR2: La bassa permeabilit\u00e0 magnetica \u00e8 fondamentale per garantire il funzionamento efficiente e stabile dei processi di sputtering con magnetron.<\/p>\n<p>Q3: Cosa significa esattamente &#8220;materiale del bersaglio in combinazione con una piastra di supporto&#8221;?<br \/>\nA3: Il legame della piastra di supporto si riferisce all&#8217;uso di saldatura ad alta purezza (come l&#8217;indio) per legare saldamente il fragile bersaglio ceramico grezzo a una piastra di supporto metallica ad alta conducibilit\u00e0 termica (solitamente rame privo di ossigeno) in un unico elemento.<\/p>\n<p>D4: Come conservare e mantenere i target inutilizzati?<br \/>\nA4: Si consiglia di conservare i target in un ambiente asciutto e pulito con gas inerte o in un sacchetto sottovuoto per evitare l&#8217;ossidazione superficiale o l&#8217;assorbimento di umidit\u00e0.<\/p>\n<h2><span style=\"font-size: 14pt;\">Rapporti<\/span><\/h2>\n<p>Ogni lotto viene fornito con:<br \/>\n<span style=\"color: #0000ff;\"><a style=\"color: #0000ff;\" href=\"https:\/\/ulpmat.com\/it\/documenti\/certificato-di-analisi\/\">Certificato di analisi (COA)<\/a><\/span><\/p>\n<p><span style=\"color: #0000ff;\"><a style=\"color: #0000ff;\" href=\"https:\/\/ulpmat.com\/it\/documenti\/scheda-tecnica\/\">Scheda tecnica (TDS)<\/a><\/span><\/p>\n<p><span style=\"color: #0000ff;\"><a style=\"color: #0000ff;\" href=\"https:\/\/ulpmat.com\/it\/documenti\/scheda-di-sicurezza\/\">Scheda di sicurezza (MSDS)<\/a><\/span><br \/>\nRapporto di controllo delle dimensioni<br \/>\nRapporti di test di terze parti disponibili su richiesta<\/p>\n<h2><span style=\"font-size: 14pt;\">Perch\u00e9 scegliere noi?<\/span><\/h2>\n<p>Ci concentriamo sulla ricerca, lo sviluppo e la produzione di bersagli di sputtering ceramici ad alte prestazioni, comprendendo a fondo i requisiti fondamentali dei materiali avanzati come il boruro di ferro in applicazioni esigenti. Dai rapporti precisi dei componenti e dai processi avanzati di stampaggio e sinterizzazione al rigoroso incollaggio della piastra di supporto e al controllo di qualit\u00e0 dell&#8217;intero processo, garantiamo che ogni bersaglio possieda un&#8217;eccellente affidabilit\u00e0 e uniformit\u00e0.<\/p>\n","protected":false},"excerpt":{"rendered":"<p>Panoramica dei target di sputtering in boruro di ferro I target di sputtering in boruro di ferro sono target di sputtering in ceramica di boruro di ferro ad alta purezza, un materiale fondamentale per la preparazione di film sottili resistenti all&#8217;usura e rivestimenti funzionali ad alte prestazioni utilizzando la tecnologia di deposizione fisica da vapore [&hellip;]<\/p>\n","protected":false},"featured_media":53270,"template":"","meta":{"_acf_changed":false},"product_brand":[132],"product_cat":[453],"product_tag":[386,8127],"class_list":{"0":"post-53269","1":"product","2":"type-product","3":"status-publish","4":"has-post-thumbnail","6":"product_brand-ulpmat","7":"product_cat-target-di-sputtering-in-ceramica","8":"product_tag-bersaglio-di-sputtering","9":"product_tag-target-di-sputtering-al-boruro-di-ferro","11":"first","12":"instock","13":"shipping-taxable","14":"product-type-variable"},"acf":[],"_links":{"self":[{"href":"https:\/\/ulpmat.com\/it\/wp-json\/wp\/v2\/product\/53269","targetHints":{"allow":["GET"]}}],"collection":[{"href":"https:\/\/ulpmat.com\/it\/wp-json\/wp\/v2\/product"}],"about":[{"href":"https:\/\/ulpmat.com\/it\/wp-json\/wp\/v2\/types\/product"}],"wp:featuredmedia":[{"embeddable":true,"href":"https:\/\/ulpmat.com\/it\/wp-json\/wp\/v2\/media\/53270"}],"wp:attachment":[{"href":"https:\/\/ulpmat.com\/it\/wp-json\/wp\/v2\/media?parent=53269"}],"wp:term":[{"taxonomy":"product_brand","embeddable":true,"href":"https:\/\/ulpmat.com\/it\/wp-json\/wp\/v2\/product_brand?post=53269"},{"taxonomy":"product_cat","embeddable":true,"href":"https:\/\/ulpmat.com\/it\/wp-json\/wp\/v2\/product_cat?post=53269"},{"taxonomy":"product_tag","embeddable":true,"href":"https:\/\/ulpmat.com\/it\/wp-json\/wp\/v2\/product_tag?post=53269"}],"curies":[{"name":"wp","href":"https:\/\/api.w.org\/{rel}","templated":true}]}}