{"id":53207,"date":"2026-01-05T10:37:04","date_gmt":"2026-01-05T02:37:04","guid":{"rendered":"https:\/\/ulpmat.com\/product\/cloruro-di-ferro-diidrato\/"},"modified":"2026-01-05T10:37:04","modified_gmt":"2026-01-05T02:37:04","slug":"cloruro-di-ferro-diidrato","status":"publish","type":"product","link":"https:\/\/ulpmat.com\/it\/prodotto\/cloruro-di-ferro-diidrato\/","title":{"rendered":"Cloruro di ferro diidrato"},"content":{"rendered":"<h2><span style=\"font-size: 14pt;\">Panoramica sulla polvere di cloruro di ferro biidrato<\/span><\/h2>\n<p>La polvere<br \/>\n<span style=\"color: #0000ff;\"><a style=\"color: #0000ff;\" href=\"https:\/\/ulpmat.com\/it\/ricerca\/?type=name&#038;keyword=Iron+chloride\">di cloruro di ferro<\/a><\/span><br \/>\nbiidrato \u00e8 una materia prima chimica comunemente utilizzata nel trattamento delle acque, nella sintesi chimica e nel trattamento delle superfici metalliche, che presenta un&#8217;eccellente solubilit\u00e0 e stabilit\u00e0.<\/p>\n<p>Forniamo polvere di cloruro di ferro biidrato ad alta purezza e possiamo fornire prodotti con dimensioni specifiche delle particelle su richiesta. <span style=\"color: #0000ff;\"><a style=\"color: #0000ff;\" href=\"https:\/\/ulpmat.com\/it\/contatto\/\">Contattateci<\/a><\/span><br \/>\nper ulteriori dettagli.<\/p>\n<h2><span style=\"font-size: 14pt;\">Caratteristiche principali del prodotto<\/span><\/h2>\n<p>Morfologia cristallina stabile<br \/>\nEccellente solubilit\u00e0<br \/>\nContenuto accurato e affidabile<br \/>\nFacile da conservare e utilizzare<br \/>\nConfezionamento flessibile<br \/>\nQuantit\u00e0 minima d&#8217;ordine ridotta<br \/>\nTrasporto sicuro del prodotto<\/p>\n<h2><span style=\"font-size: 14pt;\">Applicazioni della polvere di cloruro di ferro biidrato<\/span><\/h2>\n<p>Trattamento delle acque Flocculazione: come coagulante, il cloruro di ferro biidrato rimuove efficacemente i solidi sospesi e i fosfati dall&#8217;acqua ed \u00e8 ampiamente utilizzato nella purificazione dell&#8217;acqua potabile e nel trattamento delle acque reflue.<br \/>\nTrattamento delle superfici metalliche: utilizzato per l&#8217;incisione e la pulizia delle superfici di metalli come il rame e l&#8217;acciaio inossidabile, \u00e8 un materiale chimico fondamentale nell&#8217;industria manifatturiera.<br \/>\nMateria prima per la sintesi chimica: come fonte di ferro di base e catalizzatore, partecipa ai processi di sintesi di vari coloranti, pigmenti e composti inorganici.<br \/>\nAnalisi di laboratorio: utilizzato come reagente standard o agente di prova nella ricerca scientifica e nel controllo qualit\u00e0, per l&#8217;analisi della qualit\u00e0 dell&#8217;acqua, esperimenti didattici e altri scenari.<\/p>\n<h2><span style=\"color: #0000ff;\"><a style=\"color: #0000ff;\" href=\"https:\/\/ulpmat.com\/it\/azienda\/domande-frequenti\/\"><span style=\"font-size: 14pt;\">Domande frequenti<\/span><\/a><\/span><\/h2>\n<p>D1: Qual \u00e8 la differenza principale tra il cloruro ferrico biidrato e quello anidro?<br \/>\nA1: La differenza fondamentale risiede nell&#8217;acqua di cristallizzazione. Il cloruro di ferro biidrato contiene una proporzione fissa di acqua di cristallizzazione, che lo rende pi\u00f9 stabile, meno igroscopico e generalmente pi\u00f9 facile da usare e conservare.<\/p>\n<p>D2: Il prodotto si agglomera durante la conservazione? Come si pu\u00f2 evitare?<br \/>\nR2: In ambienti umidi \u00e8 possibile un leggero assorbimento di umidit\u00e0. La chiave \u00e8 conservarlo sigillato in un luogo fresco e asciutto e utilizzarlo il prima possibile dopo l&#8217;apertura.<\/p>\n<p>D3: Qual \u00e8 il suo contenuto di ferro? Come si calcola il dosaggio?<br \/>\nR3: Il contenuto teorico di ferro (come Fe) del cloruro ferrico biidrato \u00e8 di circa il 34%. Il contenuto effettivo \u00e8 soggetto al rapporto di controllo qualit\u00e0 e il dosaggio deve essere calcolato di conseguenza.<\/p>\n<p>D4: Pu\u00f2 essere utilizzato nel settore alimentare o farmaceutico?<br \/>\nR4: Non \u00e8 adatto per i prodotti industriali convenzionali. Se si tratta di settori speciali come quello alimentare o farmaceutico, si prega di specificarlo e potremo valutare e fornire un prodotto con specifiche pi\u00f9 elevate.<\/p>\n<h2><span style=\"font-size: 14pt;\">Rapporti<\/span><\/h2>\n<p>Ogni lotto viene fornito con:<br \/>\n<span style=\"color: #0000ff;\"><a style=\"color: #0000ff;\" href=\"https:\/\/ulpmat.com\/it\/documenti\/certificato-di-analisi\/\">Certificato di analisi (COA)<\/a><\/span><\/p>\n<p><span style=\"color: #0000ff;\"><a style=\"color: #0000ff;\" href=\"https:\/\/ulpmat.com\/it\/documenti\/scheda-tecnica\/\">Scheda tecnica (TDS)<\/a><\/span><\/p>\n<p><span style=\"color: #0000ff;\"><a style=\"color: #0000ff;\" href=\"https:\/\/ulpmat.com\/it\/documenti\/scheda-di-sicurezza\/\">Scheda di sicurezza (MSDS)<\/a><\/span><br \/>\nRapporti di test di terze parti disponibili su richiesta<\/p>\n<h2><span style=\"font-size: 14pt;\">Perch\u00e9 scegliere noi?<\/span><\/h2>\n<p>Siamo specializzati in prodotti a base di sali inorganici fini e abbiamo una conoscenza approfondita della produzione e delle propriet\u00e0 del cloruro ferrico idrato. Attraverso un controllo preciso del processo, garantiamo una cristallizzazione stabile, un contenuto accurato e l&#8217;uniformit\u00e0 tra i lotti.<\/p>\n","protected":false},"excerpt":{"rendered":"<p>Panoramica sulla polvere di cloruro di ferro biidrato La polvere di cloruro di ferro biidrato \u00e8 una materia prima chimica comunemente utilizzata nel trattamento delle acque, nella sintesi chimica e nel trattamento delle superfici metalliche, che presenta un&#8217;eccellente solubilit\u00e0 e stabilit\u00e0. Forniamo polvere di cloruro di ferro biidrato ad alta purezza e possiamo fornire prodotti [&hellip;]<\/p>\n","protected":false},"featured_media":53208,"template":"","meta":{"_acf_changed":false},"product_brand":[132],"product_cat":[323],"product_tag":[8115],"class_list":{"0":"post-53207","1":"product","2":"type-product","3":"status-publish","4":"has-post-thumbnail","6":"product_brand-ulpmat","7":"product_cat-materiali-alogenuri","8":"product_tag-cloruro-di-ferro-diidrato-in-polvere","10":"first","11":"instock","12":"shipping-taxable","13":"product-type-variable"},"acf":[],"_links":{"self":[{"href":"https:\/\/ulpmat.com\/it\/wp-json\/wp\/v2\/product\/53207","targetHints":{"allow":["GET"]}}],"collection":[{"href":"https:\/\/ulpmat.com\/it\/wp-json\/wp\/v2\/product"}],"about":[{"href":"https:\/\/ulpmat.com\/it\/wp-json\/wp\/v2\/types\/product"}],"wp:featuredmedia":[{"embeddable":true,"href":"https:\/\/ulpmat.com\/it\/wp-json\/wp\/v2\/media\/53208"}],"wp:attachment":[{"href":"https:\/\/ulpmat.com\/it\/wp-json\/wp\/v2\/media?parent=53207"}],"wp:term":[{"taxonomy":"product_brand","embeddable":true,"href":"https:\/\/ulpmat.com\/it\/wp-json\/wp\/v2\/product_brand?post=53207"},{"taxonomy":"product_cat","embeddable":true,"href":"https:\/\/ulpmat.com\/it\/wp-json\/wp\/v2\/product_cat?post=53207"},{"taxonomy":"product_tag","embeddable":true,"href":"https:\/\/ulpmat.com\/it\/wp-json\/wp\/v2\/product_tag?post=53207"}],"curies":[{"name":"wp","href":"https:\/\/api.w.org\/{rel}","templated":true}]}}