{"id":53021,"date":"2026-01-05T10:37:09","date_gmt":"2026-01-05T02:37:09","guid":{"rendered":"https:\/\/ulpmat.com\/product\/lega-di-ferro-cromo-e-alluminio\/"},"modified":"2026-01-05T10:37:09","modified_gmt":"2026-01-05T02:37:09","slug":"lega-di-ferro-cromo-e-alluminio","status":"publish","type":"product","link":"https:\/\/ulpmat.com\/it\/prodotto\/lega-di-ferro-cromo-e-alluminio\/","title":{"rendered":"Lega di ferro, cromo e alluminio"},"content":{"rendered":"<h2><span style=\"font-size: 14pt;\">Panoramica <\/span><span style=\"font-size: 14pt;\">sui target di sputtering in lega di ferro-cromo-alluminio<\/span><\/h2>\n<p>I target di sputtering in lega<br \/>\n<span style=\"color: #0000ff;\"><a style=\"color: #0000ff;\" href=\"https:\/\/ulpmat.com\/it\/ricerca\/?type=name&#038;keyword=Iron+chromium+aluminum\">di ferro-cromo-alluminio<\/a><\/span><br \/>\nsono realizzati in una lega ternaria di ferro, cromo e alluminio, specificamente progettata per il deposito di film sottili funzionali con eccellente resistenza all&#8217;ossidazione ad alta temperatura e alla corrosione.<\/p>\n<p>Offriamo target in lega di ferro-cromo-alluminio in vari rapporti di composizione e dimensioni e supportiamo <span style=\"color: #0000ff;\"><a style=\"color: #0000ff;\" href=\"https:\/\/ulpmat.com\/it\/servizio\/legame-con-lobiettivo\/\">l&#8217;incollaggio<\/a><\/span><br \/>\ndi piastre posteriori e la lavorazione personalizzata. Sono benvenute <span style=\"color: #0000ff;\"><a style=\"color: #0000ff;\" href=\"https:\/\/ulpmat.com\/it\/contatto\/\">richieste<\/a><\/span><br \/>\n<span style=\"color: #0000ff;\"><a style=\"color: #0000ff;\" href=\"https:\/\/ulpmat.com\/it\/contatto\/\">di informazioni<\/a><\/span><br \/>\nsu soluzioni personalizzate.<\/p>\n<h2><span style=\"font-size: 14pt;\">Caratteristiche principali del prodotto<\/span><\/h2>\n<p>Eccellenti prestazioni alle alte temperature<br \/>\nElevata resistenza all&#8217;ossidazione<br \/>\nComposizione flessibile e regolabile<br \/>\nStruttura densa e uniforme<br \/>\nLunga durata<\/p>\n<h2><span style=\"font-size: 14pt;\">Applicazioni dei target di sputtering in lega di ferro-cromo-alluminio<\/span><\/h2>\n<p>Rivestimenti protettivi per alte temperature: utilizzati per componenti critici sottoposti ad alte temperature, come pale di motori aeronautici e rulli di forni industriali. Il film depositato blocca efficacemente l&#8217;ossigeno, prolungando significativamente la durata del substrato in ambienti con temperature estremamente elevate.<\/p>\n<p>Film sottili funzionali resistenti alla corrosione: nel trattamento superficiale di attrezzature chimiche e marine, la polverizzazione forma film sottili densi, fornendo una forte protezione dalla corrosione da acidi, alcali e nebbia salina per il substrato.<\/p>\n<p>Film sottili elettrotermici e resistivi: grazie all&#8217;eccellente stabilit\u00e0 resistiva della lega, viene utilizzata per preparare strati resistivi a film sottile per elementi elettrotermici ad alte prestazioni, resistori di precisione e dispositivi a semiconduttori.<\/p>\n<p>Rivestimento rinforzato e resistente all&#8217;usura: applicato alle superfici di lavoro di utensili da taglio e stampi, il film di lega risultante migliora significativamente la durezza superficiale, la resistenza all&#8217;usura e le propriet\u00e0 antiadesive.<\/p>\n<h2><span style=\"color: #0000ff;\"><a style=\"color: #0000ff;\" href=\"https:\/\/ulpmat.com\/it\/azienda\/domande-frequenti\/\"><span style=\"font-size: 14pt;\">Domande frequenti<\/span><\/a><\/span><\/h2>\n<p>D1: Quali sono i vantaggi dei target di sputtering in ferro-cromo-alluminio rispetto ai target in metallo puro?<br \/>\nR1: I target in lega possono depositare un film composito di composizione uniforme in un&#8217;unica operazione di sputtering, eliminando la necessit\u00e0 di complessi processi di rivestimento multistrato. Anche le prestazioni complessive del film (come la resistenza all&#8217;ossidazione ad alta temperatura) sono superiori a quelle dei film monometallici.<\/p>\n<p>D2: Come posso selezionare la dimensione del bersaglio appropriata per la mia attrezzatura?<br \/>\nR2: Siamo in grado di fornire varie forme standard, come rotonde e rettangolari, e supportiamo anche personalizzazioni non standard. Forniteci il modello della vostra attrezzatura di sputtering o il disegno del supporto del bersaglio e vi consiglieremo le specifiche pi\u00f9 adatte.<\/p>\n<p>D3: Come viene valutata in genere la &#8220;durata&#8221; di un target?<br \/>\nR3: La durata \u00e8 influenzata principalmente dalla potenza del processo di sputtering, dal tasso di utilizzo e dalla densit\u00e0 iniziale del target. Garantiamo un&#8217;elevata densit\u00e0 del target attraverso processi come la pressatura isostatica a caldo, prolungandone cos\u00ec la durata.<\/p>\n<p>D4: Qual \u00e8 l&#8217;effetto dei diversi contenuti di cromo e alluminio sulle prestazioni del film?<br \/>\nR4: Il contenuto di cromo migliora principalmente la resistenza alla corrosione, mentre il contenuto di alluminio domina la resistenza all&#8217;ossidazione ad alta temperatura. Possiamo regolare e fornire il rapporto ottimale della lega in base alle vostre priorit\u00e0 di prestazione.<\/p>\n<h2><span style=\"font-size: 14pt;\">Rapporti<\/span><\/h2>\n<p>Ogni lotto viene fornito con:<br \/>\n<span style=\"color: #0000ff;\"><a style=\"color: #0000ff;\" href=\"https:\/\/ulpmat.com\/it\/documenti\/certificato-di-analisi\/\">Certificato di analisi (COA)<\/a><\/span><\/p>\n<p><span style=\"color: #0000ff;\"><a style=\"color: #0000ff;\" href=\"https:\/\/ulpmat.com\/it\/documenti\/scheda-tecnica\/\">Scheda tecnica (TDS)<\/a><\/span><\/p>\n<p><span style=\"color: #0000ff;\"><a style=\"color: #0000ff;\" href=\"https:\/\/ulpmat.com\/it\/documenti\/scheda-di-sicurezza\/\">Scheda di sicurezza (MSDS)<\/a><\/span><br \/>\nRapporto di ispezione delle dimensioni<br \/>\nRapporti di test di terze parti disponibili su richiesta<\/p>\n<h2><span style=\"font-size: 14pt;\">Perch\u00e9 scegliere noi?<\/span><\/h2>\n<p>Siamo specializzati in target di sputtering in lega FeCrAl ad alte prestazioni, non solo controllando con precisione la composizione del materiale per soddisfare i diversi requisiti di prestazione dei film sottili, ma anche garantendo un&#8217;alta densit\u00e0 e un&#8217;elevata uniformit\u00e0 attraverso tecnologie avanzate di formatura e lavorazione. Ci impegniamo a fornire un supporto tecnico professionale nella scelta e servizi personalizzati affidabili, rendendoci il vostro partner di fiducia per le soluzioni materiali.<\/p>\n","protected":false},"excerpt":{"rendered":"<p>Panoramica sui target di sputtering in lega di ferro-cromo-alluminio I target di sputtering in lega di ferro-cromo-alluminio sono realizzati in una lega ternaria di ferro, cromo e alluminio, specificamente progettata per il deposito di film sottili funzionali con eccellente resistenza all&#8217;ossidazione ad alta temperatura e alla corrosione. Offriamo target in lega di ferro-cromo-alluminio in vari [&hellip;]<\/p>\n","protected":false},"featured_media":53022,"template":"","meta":{"_acf_changed":false},"product_brand":[132],"product_cat":[564],"product_tag":[386,8067],"class_list":{"0":"post-53021","1":"product","2":"type-product","3":"status-publish","4":"has-post-thumbnail","6":"product_brand-ulpmat","7":"product_cat-target-di-sputtering-in-lega","8":"product_tag-bersaglio-di-sputtering","9":"product_tag-obiettivo-di-sputtering-in-lega-di-ferro-cromo-e-alluminio","11":"first","12":"instock","13":"shipping-taxable","14":"product-type-variable"},"acf":[],"_links":{"self":[{"href":"https:\/\/ulpmat.com\/it\/wp-json\/wp\/v2\/product\/53021","targetHints":{"allow":["GET"]}}],"collection":[{"href":"https:\/\/ulpmat.com\/it\/wp-json\/wp\/v2\/product"}],"about":[{"href":"https:\/\/ulpmat.com\/it\/wp-json\/wp\/v2\/types\/product"}],"wp:featuredmedia":[{"embeddable":true,"href":"https:\/\/ulpmat.com\/it\/wp-json\/wp\/v2\/media\/53022"}],"wp:attachment":[{"href":"https:\/\/ulpmat.com\/it\/wp-json\/wp\/v2\/media?parent=53021"}],"wp:term":[{"taxonomy":"product_brand","embeddable":true,"href":"https:\/\/ulpmat.com\/it\/wp-json\/wp\/v2\/product_brand?post=53021"},{"taxonomy":"product_cat","embeddable":true,"href":"https:\/\/ulpmat.com\/it\/wp-json\/wp\/v2\/product_cat?post=53021"},{"taxonomy":"product_tag","embeddable":true,"href":"https:\/\/ulpmat.com\/it\/wp-json\/wp\/v2\/product_tag?post=53021"}],"curies":[{"name":"wp","href":"https:\/\/api.w.org\/{rel}","templated":true}]}}