{"id":52967,"date":"2026-01-05T10:37:10","date_gmt":"2026-01-05T02:37:10","guid":{"rendered":"https:\/\/ulpmat.com\/product\/lega-di-ferro-e-gallio\/"},"modified":"2026-01-05T10:37:10","modified_gmt":"2026-01-05T02:37:10","slug":"lega-di-ferro-e-gallio","status":"publish","type":"product","link":"https:\/\/ulpmat.com\/it\/prodotto\/lega-di-ferro-e-gallio\/","title":{"rendered":"Lega di ferro e gallio"},"content":{"rendered":"<h2><span style=\"font-size: 14pt;\">Target di sputtering in lega di ferro e gallio <\/span><span style=\"font-size: 14pt;\">Panoramica<\/span><\/h2>\n<p>I target di sputtering in lega<br \/>\n<span style=\"color: #0000ff;\"><a style=\"color: #0000ff;\" href=\"https:\/\/ulpmat.com\/it\/ricerca\/?type=name&#038;keyword=Iron+gallium\">di ferro e gallio<\/a><\/span><br \/>\nsono progettati specificamente per la preparazione di film sottili funzionali con propriet\u00e0 magnetostrittive ad alte prestazioni mediante deposizione fisica da vapore (PVD).<\/p>\n<p>Offriamo target in lega FeGa in vari rapporti di composizione e specifiche e supportiamo servizi personalizzati come <span style=\"color: #0000ff;\"><a style=\"color: #0000ff;\" href=\"https:\/\/ulpmat.com\/it\/servizio\/legame-con-lobiettivo\/\">l&#8217;incollaggio<\/a><\/span><br \/>\ndel backplane. <span style=\"color: #0000ff;\"><a style=\"color: #0000ff;\" href=\"https:\/\/ulpmat.com\/it\/contatto\/\">Contattateci<\/a><\/span><br \/>\nper esigenze specifiche.<\/p>\n<h2><span style=\"font-size: 14pt;\">Caratteristiche principali del prodotto<\/span><\/h2>\n<p>Forti propriet\u00e0 magnetostrittive<br \/>\nComposizione del film sottile controllabile con precisione<br \/>\nBassa coercitivit\u00e0 e buon magnetismo dolce<br \/>\nStruttura del bersaglio densa e uniforme<br \/>\nComposizione della lega personalizzata supportata<\/p>\n<h2><span style=\"font-size: 14pt;\">Applicazioni dei bersagli di sputtering in lega di FeGa<\/span><\/h2>\n<p>Sensori ad alte prestazioni: utilizzati per depositare film sottili magnetostrittivi per fabbricare sensori di corrente, campo magnetico o sollecitazione altamente sensibili per misurazioni precise.<br \/>\nDispositivi di accoppiamento magnetoelettrico: come strato magnetostrittivo chiave, in combinazione con materiali piezoelettrici, viene utilizzato per fabbricare dispositivi a microonde di nuova generazione a bassa potenza e alta sensibilit\u00e0 e celle di memoria.<br \/>\nDispositivi microelettronici ad alta frequenza: i film sottili fabbricati possono essere utilizzati come strati funzionali fondamentali in componenti elettronici avanzati come microantenne integrate e filtri ad alta frequenza.<br \/>\nDispositivi biomedici: i dispositivi sviluppati sulla base dei suoi film sottili funzionali hanno un potenziale di applicazione nella medicina di precisione, nelle nuove tecnologie di trattamento e in altri campi.<\/p>\n<h2><span style=\"color: #0000ff;\"><a style=\"color: #0000ff;\" href=\"https:\/\/ulpmat.com\/it\/azienda\/domande-frequenti\/\"><span style=\"font-size: 14pt;\">Domande frequenti<\/span><\/a><\/span><\/h2>\n<p>D1: Come posso assicurarmi che la composizione del film spruzzato sia coerente con quella del bersaglio?<br \/>\nR1: Utilizziamo processi avanzati di fusione e formatura per garantire una composizione uniforme del bersaglio. Per requisiti di precisione estremamente elevati, siamo in grado di fornire una guida al processo, consentendo la messa a punto della composizione del film durante la polverizzazione attraverso metodi quali patch preposizionate.<\/p>\n<p>D2: Quale processo di polverizzazione \u00e8 consigliato per i target di ferro-gallio?<br \/>\nR2: La polverizzazione magnetronica a radiofrequenza (RF) \u00e8 un metodo comunemente utilizzato e maturo che deposita efficacemente film sottili di lega. Siamo in grado di fornire riferimenti di base sui parametri di processo in base alle vostre attrezzature.<\/p>\n<p>Q3: Quali sono i vantaggi prestazionali dei film sottili di ferro-gallio?<br \/>\nA3: Il vantaggio principale risiede nella combinazione di un elevato coefficiente di magnetostrizione e buone propriet\u00e0 magnetiche morbide (bassa coercitivit\u00e0), che consentono ai dispositivi di possedere sia un&#8217;elevata sensibilit\u00e0 che un basso consumo energetico.<\/p>\n<p>D4: Quali sono le precauzioni per la conservazione e l&#8217;uso dei target?<br \/>\nA4: Si consiglia di conservarli in un ambiente asciutto e pulito. Durante l&#8217;uso, assicurarsi che il target sia installato correttamente, evitare cortocircuiti e seguire le procedure di pulizia e ispezione pre-sputtering specificate dall&#8217;apparecchiatura.<\/p>\n<h2><span style=\"font-size: 14pt;\">Rapporti<\/span><\/h2>\n<p>Ogni lotto viene fornito con:<br \/>\n<span style=\"color: #0000ff;\"><a style=\"color: #0000ff;\" href=\"https:\/\/ulpmat.com\/it\/documenti\/certificato-di-analisi\/\">Certificato di analisi (COA)<\/a><\/span><\/p>\n<p><span style=\"color: #0000ff;\"><a style=\"color: #0000ff;\" href=\"https:\/\/ulpmat.com\/it\/documenti\/scheda-tecnica\/\">Scheda tecnica (TDS)<\/a><\/span><\/p>\n<p><span style=\"color: #0000ff;\"><a style=\"color: #0000ff;\" href=\"https:\/\/ulpmat.com\/it\/documenti\/scheda-di-sicurezza\/\">Scheda di sicurezza dei materiali (MSDS)<\/a><\/span><br \/>\nRapporto di ispezione delle dimensioni<br \/>\nRapporti di test di terze parti disponibili su richiesta<\/p>\n<h2><span style=\"font-size: 14pt;\">Perch\u00e9 scegliere noi?<\/span><\/h2>\n<p>Siamo specializzati nella ricerca, nello sviluppo e nella preparazione di target di sputtering in lega ad alte prestazioni e possediamo una profonda conoscenza delle applicazioni principali dei materiali funzionali, come la lega di ferro e gallio, nei dispositivi all&#8217;avanguardia. Attraverso un controllo preciso dell&#8217;intero processo di fusione e lavorazione, garantiamo una composizione accurata del target, una struttura densa e prestazioni stabili.<\/p>\n","protected":false},"excerpt":{"rendered":"<p>Target di sputtering in lega di ferro e gallio Panoramica I target di sputtering in lega di ferro e gallio sono progettati specificamente per la preparazione di film sottili funzionali con propriet\u00e0 magnetostrittive ad alte prestazioni mediante deposizione fisica da vapore (PVD). Offriamo target in lega FeGa in vari rapporti di composizione e specifiche e [&hellip;]<\/p>\n","protected":false},"featured_media":52968,"template":"","meta":{"_acf_changed":false},"product_brand":[132],"product_cat":[564],"product_tag":[386,8049],"class_list":{"0":"post-52967","1":"product","2":"type-product","3":"status-publish","4":"has-post-thumbnail","6":"product_brand-ulpmat","7":"product_cat-target-di-sputtering-in-lega","8":"product_tag-bersaglio-di-sputtering","9":"product_tag-bersaglio-sputtering-in-lega-di-ferro-e-gallio","11":"first","12":"instock","13":"shipping-taxable","14":"product-type-variable"},"acf":[],"_links":{"self":[{"href":"https:\/\/ulpmat.com\/it\/wp-json\/wp\/v2\/product\/52967","targetHints":{"allow":["GET"]}}],"collection":[{"href":"https:\/\/ulpmat.com\/it\/wp-json\/wp\/v2\/product"}],"about":[{"href":"https:\/\/ulpmat.com\/it\/wp-json\/wp\/v2\/types\/product"}],"wp:featuredmedia":[{"embeddable":true,"href":"https:\/\/ulpmat.com\/it\/wp-json\/wp\/v2\/media\/52968"}],"wp:attachment":[{"href":"https:\/\/ulpmat.com\/it\/wp-json\/wp\/v2\/media?parent=52967"}],"wp:term":[{"taxonomy":"product_brand","embeddable":true,"href":"https:\/\/ulpmat.com\/it\/wp-json\/wp\/v2\/product_brand?post=52967"},{"taxonomy":"product_cat","embeddable":true,"href":"https:\/\/ulpmat.com\/it\/wp-json\/wp\/v2\/product_cat?post=52967"},{"taxonomy":"product_tag","embeddable":true,"href":"https:\/\/ulpmat.com\/it\/wp-json\/wp\/v2\/product_tag?post=52967"}],"curies":[{"name":"wp","href":"https:\/\/api.w.org\/{rel}","templated":true}]}}