{"id":52949,"date":"2026-01-05T10:37:10","date_gmt":"2026-01-05T02:37:10","guid":{"rendered":"https:\/\/ulpmat.com\/product\/ferro-gallio-boro\/"},"modified":"2026-01-05T10:37:10","modified_gmt":"2026-01-05T02:37:10","slug":"ferro-gallio-boro","status":"publish","type":"product","link":"https:\/\/ulpmat.com\/it\/prodotto\/ferro-gallio-boro\/","title":{"rendered":"Ferro Gallio Boro"},"content":{"rendered":"<h2><span style=\"font-size: 14pt;\">Target di sputtering in lega di ferro-gallio-boro Panoramica<\/span><\/h2>\n<p>I target di sputtering<br \/>\n<span style=\"color: #0000ff;\"><a style=\"color: #0000ff;\" href=\"https:\/\/ulpmat.com\/it\/ricerca\/?type=name&#038;keyword=Iron+Gallium+Boron\">in ferro-gallio-boro<\/a><\/span><br \/>\nsono target di sputtering in lega ternaria, progettati specificamente come materiali di base per la preparazione di film sottili magnetici morbidi ad alte prestazioni e rivestimenti funzionali magnetoelettrici.<\/p>\n<p>Offriamo target in lega di ferro-gallio-boro con composizione precisa e specifiche diverse, e supportiamo <span style=\"color: #0000ff;\"><a style=\"color: #0000ff;\" href=\"https:\/\/ulpmat.com\/it\/servizio\/legame-con-lobiettivo\/\">il bonding<\/a><\/span><br \/>\npersonalizzato del backplane. <span style=\"color: #0000ff;\"><a style=\"color: #0000ff;\" href=\"https:\/\/ulpmat.com\/it\/contatto\/\">Contattateci<\/a><\/span><br \/>\nper soluzioni tecniche dettagliate.<\/p>\n<h2><span style=\"font-size: 14pt;\">Caratteristiche principali del prodotto<\/span><\/h2>\n<p>Composizione precisa della lega<br \/>\nStruttura densa e uniforme<br \/>\nEccellenti propriet\u00e0 magnetiche<br \/>\nElevata stabilit\u00e0 di sputtering Backplane e incollaggio<br \/>\n<span style=\"color: #0000ff;\"><a style=\"color: #0000ff;\" href=\"https:\/\/ulpmat.com\/it\/servizio\/personalizzazione\/\">personalizzabili<\/a><\/span><\/p>\n<h2><span style=\"font-size: 14pt;\">Applicazioni dei target di sputtering in ferro-gallio-boro<\/span><\/h2>\n<p>Dispositivi di comunicazione a microonde: utilizzati per preparare film sottili magnetici morbidi in dispositivi quali induttori ad alta frequenza e isolatori a microonde, soddisfano le esigenze delle moderne comunicazioni in termini di miniaturizzazione e prestazioni elevate.<\/p>\n<p>Sensori magnetici di precisione: come fonte di sputtering principale, depositano film sottili magnetoresistivi o magnetostrittivi altamente sensibili, ampiamente utilizzati nel rilevamento di corrente, nel rilevamento biomagnetico e in altri campi.<\/p>\n<p>Archiviazione dati avanzata: utilizzati per la fabbricazione di strati funzionali magnetici chiave nelle testine di scrittura o nella memoria magnetica ad accesso casuale (MRAM), contribuiscono a migliorare la densit\u00e0 e la velocit\u00e0 di archiviazione.<\/p>\n<p>Ingegneria intelligente delle superfici: questa tecnologia utilizza la polverizzazione per creare rivestimenti compositi su componenti di precisione, combinando la resistenza all&#8217;usura con propriet\u00e0 magnetiche specifiche per migliorare le prestazioni complessive del prodotto.<\/p>\n<h2><span style=\"color: #0000ff;\"><a style=\"color: #0000ff;\" href=\"https:\/\/ulpmat.com\/it\/azienda\/domande-frequenti\/\"><span style=\"font-size: 14pt;\">Domande frequenti<\/span><\/a><\/span><\/h2>\n<p>D1: La permeabilit\u00e0 dei target di ferro-gallio-boro (FeGaB) \u00e8 elevata? Influisce sulla polverizzazione magnetronica?<br \/>\nR1: Questa lega ha un&#8217;elevata permeabilit\u00e0. Nella polverizzazione magnetronica, ci\u00f2 pu\u00f2 schermare in una certa misura il campo magnetico. Garantiamo un funzionamento stabile nei sistemi di sputtering magnetron ad alte prestazioni ottimizzando lo spessore del target e il design del circuito magnetico.<\/p>\n<p>D2: Come garantite che le propriet\u00e0 magnetiche del film sputterato soddisfino le aspettative?<br \/>\nR2: Le propriet\u00e0 magnetiche del film dipendono dalla composizione del target, dalla purezza e dal processo di sputtering. Forniamo target ad alta purezza con composizione precisa e possiamo fornire indicazioni sui parametri chiave del processo (come la potenza e la pressione del gas) per garantire le prestazioni del film.<\/p>\n<p>Q3: Quali considerazioni speciali sono necessarie durante l&#8217;installazione del bersaglio?<br \/>\nA3: La chiave per l&#8217;installazione \u00e8 garantire una buona conduttivit\u00e0 termica e un contatto stretto tra il bersaglio e la piastra di raffreddamento posteriore. Un&#8217;installazione impropria pu\u00f2 portare a una scarsa dissipazione del calore, causando potenzialmente la rottura del bersaglio o il degrado delle prestazioni.<\/p>\n<p>Q4: I bersagli di sputtering in lega di ferro-gallio-boro sono adatti allo sputtering reattivo?<br \/>\nA4: S\u00ec. La sputtering reattiva in un&#8217;atmosfera mista di argon e azoto o ossigeno pu\u00f2 produrre film sottili composti come nitruro di ferro-gallio-boro o ossido di ferro-gallio-boro per espandere le loro applicazioni funzionali.<\/p>\n<h2><span style=\"font-size: 14pt;\">Rapporti<\/span><\/h2>\n<p>Ogni lotto viene fornito con:<br \/>\n<span style=\"color: #0000ff;\"><a style=\"color: #0000ff;\" href=\"https:\/\/ulpmat.com\/it\/documenti\/certificato-di-analisi\/\">Certificato di analisi (COA)<\/a><\/span><\/p>\n<p><span style=\"color: #0000ff;\"><a style=\"color: #0000ff;\" href=\"https:\/\/ulpmat.com\/it\/documenti\/scheda-tecnica\/\">Scheda tecnica (TDS)<\/a><\/span><\/p>\n<p><span style=\"color: #0000ff;\"><a style=\"color: #0000ff;\" href=\"https:\/\/ulpmat.com\/it\/documenti\/scheda-di-sicurezza\/\">Scheda di sicurezza (MSDS)<\/a><\/span><br \/>\nRapporto di ispezione delle dimensioni<br \/>\nRapporti di test di terze parti disponibili su richiesta<\/p>\n<h2><span style=\"font-size: 14pt;\">Perch\u00e9 scegliere noi?<\/span><\/h2>\n<p>Siamo specializzati nella ricerca e nella produzione di precisione di target di sputtering in lega ad alte prestazioni. Per materiali funzionali come il ferro-gallio-boro, non solo garantiamo l&#8217;assoluta accuratezza e l&#8217;elevata purezza della loro composizione, ma assicuriamo anche una microstruttura altamente uniforme e densa del materiale target attraverso una tecnologia metallurgica avanzata.<\/p>\n","protected":false},"excerpt":{"rendered":"<p>Target di sputtering in lega di ferro-gallio-boro Panoramica I target di sputtering in ferro-gallio-boro sono target di sputtering in lega ternaria, progettati specificamente come materiali di base per la preparazione di film sottili magnetici morbidi ad alte prestazioni e rivestimenti funzionali magnetoelettrici. Offriamo target in lega di ferro-gallio-boro con composizione precisa e specifiche diverse, e [&hellip;]<\/p>\n","protected":false},"featured_media":52950,"template":"","meta":{"_acf_changed":false},"product_brand":[132],"product_cat":[564],"product_tag":[386,8043],"class_list":{"0":"post-52949","1":"product","2":"type-product","3":"status-publish","4":"has-post-thumbnail","6":"product_brand-ulpmat","7":"product_cat-target-di-sputtering-in-lega","8":"product_tag-bersaglio-di-sputtering","9":"product_tag-bersaglio-di-sputtering-al-ferro-gallio-e-boro","11":"first","12":"instock","13":"shipping-taxable","14":"product-type-variable"},"acf":[],"_links":{"self":[{"href":"https:\/\/ulpmat.com\/it\/wp-json\/wp\/v2\/product\/52949","targetHints":{"allow":["GET"]}}],"collection":[{"href":"https:\/\/ulpmat.com\/it\/wp-json\/wp\/v2\/product"}],"about":[{"href":"https:\/\/ulpmat.com\/it\/wp-json\/wp\/v2\/types\/product"}],"wp:featuredmedia":[{"embeddable":true,"href":"https:\/\/ulpmat.com\/it\/wp-json\/wp\/v2\/media\/52950"}],"wp:attachment":[{"href":"https:\/\/ulpmat.com\/it\/wp-json\/wp\/v2\/media?parent=52949"}],"wp:term":[{"taxonomy":"product_brand","embeddable":true,"href":"https:\/\/ulpmat.com\/it\/wp-json\/wp\/v2\/product_brand?post=52949"},{"taxonomy":"product_cat","embeddable":true,"href":"https:\/\/ulpmat.com\/it\/wp-json\/wp\/v2\/product_cat?post=52949"},{"taxonomy":"product_tag","embeddable":true,"href":"https:\/\/ulpmat.com\/it\/wp-json\/wp\/v2\/product_tag?post=52949"}],"curies":[{"name":"wp","href":"https:\/\/api.w.org\/{rel}","templated":true}]}}