{"id":52880,"date":"2026-01-05T10:37:11","date_gmt":"2026-01-05T02:37:11","guid":{"rendered":"https:\/\/ulpmat.com\/product\/lega-di-ferro-nichel-e-boro\/"},"modified":"2026-01-05T10:37:11","modified_gmt":"2026-01-05T02:37:11","slug":"lega-di-ferro-nichel-e-boro","status":"publish","type":"product","link":"https:\/\/ulpmat.com\/it\/prodotto\/lega-di-ferro-nichel-e-boro\/","title":{"rendered":"Lega di ferro, nichel e boro"},"content":{"rendered":"<h2><span style=\"font-size: 14pt;\">Target di sputtering in lega di ferro-nichel-boro Panoramica<\/span><\/h2>\n<p>I target di sputtering in lega<br \/>\n<span style=\"color: #0000ff;\"><a style=\"color: #0000ff;\" href=\"https:\/\/ulpmat.com\/it\/ricerca\/?type=name&#038;keyword=Iron+Nickel+Boron\">di ferro-nichel-boro<\/a><\/span><br \/>\nsono target ad alte prestazioni composti da una combinazione unica di ferro, nichel e boro. Sono utilizzati principalmente nei processi di deposizione di film sottili in settori quali l&#8217;elettronica, l&#8217;automotive e l&#8217;energia, per applicazioni in materiali magnetici, sensori e rivestimenti.<\/p>\n<p>Forniamo target di sputtering in lega FeNiB di alta qualit\u00e0 con composizione precisa ed eccellente uniformit\u00e0. Questi target sono adatti per sistemi di sputtering avanzati, garantendo elevate velocit\u00e0 di deposizione e una qualit\u00e0 ottimale del film. <span style=\"color: #0000ff;\"><a style=\"color: #0000ff;\" href=\"https:\/\/ulpmat.com\/it\/contatto\/\">Contattateci<\/a><\/span><br \/>\nper ulteriori informazioni.<\/p>\n<h2><span style=\"font-size: 14pt;\">Caratteristiche principali del prodotto<\/span><\/h2>\n<p>Elevata purezza<br \/>\nElevate propriet\u00e0 magnetiche<br \/>\n<span style=\"color: #0000ff;\"><a style=\"color: #0000ff;\" href=\"https:\/\/ulpmat.com\/it\/servizio\/personalizzazione\/\">Dimensioni personalizzabili<\/a><\/span><\/p>\n<p>Eccellente uniformit\u00e0 del film<br \/>\nElevata resistenza all&#8217;abrasione<br \/>\nAmpia gamma di <\/p>\n<h2><span style=\"font-size: 14pt;\">applicazioni<br \/>\nApplicazioni dei target di sputtering in lega FeNiB<\/span><\/h2>\n<p>Rivestimenti magnetici: ideali per la produzione di film sottili magnetici per dispositivi di archiviazione dati, sensori e attuatori.<br \/>\nElettronica: utilizzati per la produzione di film sottili in semiconduttori, dispositivi di archiviazione e condensatori.<br \/>\nSensori automobilistici: utilizzati nei sensori automobilistici per migliorare le prestazioni e l&#8217;affidabilit\u00e0.<br \/>\nRivestimenti energetici: utilizzati nelle tecnologie di conversione e accumulo di energia, come la produzione di celle a combustibile e pannelli solari.<\/p>\n<h2><span style=\"font-size: 14pt;\">Domande frequenti<\/span><\/h2>\n<p>D1: Qual \u00e8 la purezza dei target di sputtering in lega FeNiB?<br \/>\nA1: La purezza del bersaglio \u00e8 del 99,95% ed \u00e8 possibile personalizzarla.<\/p>\n<p>D2: \u00c8 possibile personalizzare le dimensioni dei bersagli?<br \/>\nA2: S\u00ec, su richiesta possiamo fornire varie dimensioni e specifiche personalizzate.<\/p>\n<p>D3: Quali settori utilizzano bersagli in lega di ferro-nichel-boro?<br \/>\nA3: Le applicazioni includono i settori dell&#8217;elettronica, dell&#8217;automotive, dell&#8217;energia e dei materiali magnetici.<\/p>\n<p>D4: Si consigliano sistemi di sputtering che utilizzano questo target?<br \/>\nR4: Questo target \u00e8 compatibile con la maggior parte dei sistemi di sputtering standard utilizzati per la deposizione di film sottili.<\/p>\n<h2><span style=\"font-size: 14pt;\">Perch\u00e9 scegliere noi?<\/span><\/h2>\n<p>Abbiamo una vasta esperienza nella produzione di target, avendo coltivato questo settore per decenni, e godiamo di una buona reputazione e di una forte competenza tecnica nel campo.<\/p>\n","protected":false},"excerpt":{"rendered":"<p>Target di sputtering in lega di ferro-nichel-boro Panoramica I target di sputtering in lega di ferro-nichel-boro sono target ad alte prestazioni composti da una combinazione unica di ferro, nichel e boro. Sono utilizzati principalmente nei processi di deposizione di film sottili in settori quali l&#8217;elettronica, l&#8217;automotive e l&#8217;energia, per applicazioni in materiali magnetici, sensori e [&hellip;]<\/p>\n","protected":false},"featured_media":52881,"template":"","meta":{"_acf_changed":false},"product_brand":[132],"product_cat":[564],"product_tag":[8020],"class_list":{"0":"post-52880","1":"product","2":"type-product","3":"status-publish","4":"has-post-thumbnail","6":"product_brand-ulpmat","7":"product_cat-target-di-sputtering-in-lega","8":"product_tag-bersaglio-sputtering-in-lega-di-ferro-nichel-e-boro","10":"first","11":"instock","12":"shipping-taxable","13":"product-type-variable"},"acf":[],"_links":{"self":[{"href":"https:\/\/ulpmat.com\/it\/wp-json\/wp\/v2\/product\/52880","targetHints":{"allow":["GET"]}}],"collection":[{"href":"https:\/\/ulpmat.com\/it\/wp-json\/wp\/v2\/product"}],"about":[{"href":"https:\/\/ulpmat.com\/it\/wp-json\/wp\/v2\/types\/product"}],"wp:featuredmedia":[{"embeddable":true,"href":"https:\/\/ulpmat.com\/it\/wp-json\/wp\/v2\/media\/52881"}],"wp:attachment":[{"href":"https:\/\/ulpmat.com\/it\/wp-json\/wp\/v2\/media?parent=52880"}],"wp:term":[{"taxonomy":"product_brand","embeddable":true,"href":"https:\/\/ulpmat.com\/it\/wp-json\/wp\/v2\/product_brand?post=52880"},{"taxonomy":"product_cat","embeddable":true,"href":"https:\/\/ulpmat.com\/it\/wp-json\/wp\/v2\/product_cat?post=52880"},{"taxonomy":"product_tag","embeddable":true,"href":"https:\/\/ulpmat.com\/it\/wp-json\/wp\/v2\/product_tag?post=52880"}],"curies":[{"name":"wp","href":"https:\/\/api.w.org\/{rel}","templated":true}]}}