{"id":52762,"date":"2026-01-05T10:37:14","date_gmt":"2026-01-05T02:37:14","guid":{"rendered":"https:\/\/ulpmat.com\/product\/solfuro-di-ferro\/"},"modified":"2026-01-05T10:37:14","modified_gmt":"2026-01-05T02:37:14","slug":"solfuro-di-ferro","status":"publish","type":"product","link":"https:\/\/ulpmat.com\/it\/prodotto\/solfuro-di-ferro\/","title":{"rendered":"Solfuro di ferro"},"content":{"rendered":"<h2><span style=\"font-size: 14pt;\">Panoramica sui target di sputtering in solfuro di ferro<\/span><\/h2>\n<p>I target di sputtering<br \/>\n<span style=\"color: #0000ff;\"><a style=\"color: #0000ff;\" href=\"https:\/\/ulpmat.com\/it\/ricerca\/?type=element&#038;keyword=Fe%2CS\">in solfuro di ferro<\/a><\/span><br \/>\nsono un materiale semiconduttore molto promettente. Hanno attirato molta attenzione grazie al loro band gap adeguato, al coefficiente di assorbimento della luce estremamente elevato e al fatto che i loro elementi costitutivi sono abbondanti, non tossici e poco costosi nella crosta terrestre. Utilizzando la tecnologia di sputtering magnetronico, i target di sputtering FeS\u2082 possono essere utilizzati per preparare film sottili FeS\u2082 di alta qualit\u00e0, di ampia superficie e uniformi, che costituiscono gli strati funzionali fondamentali per la costruzione di vari dispositivi optoelettronici ed energetici avanzati.<\/p>\n<p>Siamo specializzati nella produzione e fornitura di target di sputtering al solfuro di ferro di alta qualit\u00e0 per lo sputtering magnetronico reattivo. I nostri prodotti sono preparati utilizzando materie prime di elevata purezza e processi avanzati, garantendo una struttura cristallina pura, una composizione precisa, un&#8217;alta densit\u00e0 e una microstruttura uniforme, soddisfacendo le diverse esigenze dalla ricerca e sviluppo alla produzione su larga scala. Non esitate a<span style=\"color: #0000ff;\"><a style=\"color: #0000ff;\" href=\"https:\/\/ulpmat.com\/it\/contatto\/\"> contattarci<\/a>.<\/span><\/p>\n<h2><span style=\"font-size: 14pt;\">Caratteristiche principali del prodotto<\/span><\/h2>\n<p>Eccellenti propriet\u00e0 optoelettroniche<br \/>\nRiserva abbondante di elementi<br \/>\nEccellente qualit\u00e0 del film<br \/>\nElevata efficienza in termini di costi<br \/>\nAmpie prospettive di applicazione<\/p>\n<h2><span style=\"font-size: 14pt;\">Applicazioni dei target di sputtering in solfuro di ferro<\/span><\/h2>\n<p>Celle <span style=\"color: #0000ff;\"><a style=\"color: #0000ff;\" href=\"https:\/\/ulpmat.com\/it\/applicazione\/solare-fotovoltaico\/\">solari<\/a><\/span><br \/>\na film sottile: come materiale altamente promettente per lo strato di assorbimento della luce, i film sottili di FeS\u2082 possono essere utilizzati per preparare celle solari di nuova generazione a basso costo e ad alta efficienza.<br \/>\nFotodetettori e sensori: grazie alle sue eccellenti caratteristiche di risposta fotoelettrica, il FeS\u2082 pu\u00f2 essere utilizzato per produrre fotodetettori ad alte prestazioni e vari sensori nelle bande dal visibile al vicino infrarosso.<\/p>\n<p>Elettrodi <span style=\"color: #0000ff;\"><a style=\"color: #0000ff;\" href=\"https:\/\/ulpmat.com\/it\/applicazione\/materiali-della-batteria\/\">per<\/a><\/span><br \/>\n<span style=\"color: #0000ff;\"><a style=\"color: #0000ff;\" href=\"https:\/\/ulpmat.com\/it\/applicazione\/materiali-della-batteria\/\">batterie<\/a><\/span><br \/>\nal litio\/sodio: le nanostrutture di solfuro di ferro, con la loro elevata capacit\u00e0 teorica, sono nuovi materiali promettenti per gli anodi delle batterie di accumulo di energia, contribuendo a migliorare la densit\u00e0 energetica delle batterie.<\/p>\n<p>Assorbimento e schermatura delle onde elettromagnetiche: i micro\/nanomateriali di solfuro di ferro con morfologie specifiche mostrano eccellenti prestazioni di assorbimento delle onde elettromagnetiche, rendendoli preziosi nella compatibilit\u00e0 elettromagnetica e nei rivestimenti stealth.<\/p>\n<p>Fotocatalisi e fotoelettrochimica: il solfuro di ferro pu\u00f2 essere utilizzato in processi fotocatalitici come la scissione dell&#8217;acqua per la produzione di idrogeno o la degradazione degli inquinanti, nonch\u00e9 nella costruzione di batterie fotoelettrochimiche.<\/p>\n<h2><span style=\"font-size: 14pt;\">Domande frequenti<\/span><\/h2>\n<p>D1: Che tipo di film sottile si forma principalmente quando il solfuro di ferro viene utilizzato come bersaglio per la polverizzazione?<br \/>\nA1: I film sottili di FeS\u2082 preparati mediante sputtering magnetronico reattivo sono tipicamente film semiconduttori policristallini o nanocristallini. Il loro tipo di conduttivit\u00e0 (tipo P o tipo N) e le loro propriet\u00e0 elettriche possono essere controllati efficacemente regolando con precisione parametri quali la temperatura di deposizione, la tensione parziale di H\u2082S e la potenza di sputtering.<\/p>\n<p>D2: Quali sono i vantaggi dello sputtering rispetto ad altri metodi di preparazione?<br \/>\nA2: La polverizzazione magnetronica, in particolare la polverizzazione magnetronica pulsata ad alta potenza (HIPIMS), consente un controllo preciso della composizione del film, ottiene un&#8217;eccellente uniformit\u00e0 e densit\u00e0 del film e offre una buona ripetibilit\u00e0 del processo, rendendo pi\u00f9 facile ottenere una produzione industriale continua su larga scala.<\/p>\n<p>D3: Quali sono i parametri di processo chiave a cui prestare attenzione quando si utilizzano bersagli di polverizzazione al solfuro di ferro?<br \/>\nA3: I parametri chiave del processo includono: temperatura del substrato, rapporto tra i gas reagenti H\u2082S e Ar e pressione di lavoro totale. Questi parametri influenzano direttamente la qualit\u00e0 dei cristalli, la stechiometria e le propriet\u00e0 fotoelettriche finali del film.<\/p>\n<h2><span style=\"font-size: 14pt;\">Rapporti<\/span><\/h2>\n<p>Ogni lotto viene fornito con:<br \/>\n<span style=\"color: #0000ff;\"><a style=\"color: #0000ff;\" href=\"https:\/\/ulpmat.com\/it\/documenti\/certificato-di-analisi\/\">Certificato di analisi (COA)<\/a><\/span><\/p>\n<p><span style=\"color: #0000ff;\"><a style=\"color: #0000ff;\" href=\"https:\/\/ulpmat.com\/it\/documenti\/scheda-tecnica\/\">Scheda tecnica (TDS)<\/a><\/span><\/p>\n<p><span style=\"color: #0000ff;\"><a style=\"color: #0000ff;\" href=\"https:\/\/ulpmat.com\/it\/documenti\/scheda-di-sicurezza\/\">Scheda di sicurezza (MSDS)<\/a><\/span><br \/>\nRapporto di ispezione delle dimensioni<br \/>\nRapporti di test di terze parti disponibili su richiesta<\/p>\n<h2><span style=\"font-size: 14pt;\">Perch\u00e9 scegliere noi?<\/span><\/h2>\n<p>Nel campo dei materiali a film sottile, non siamo solo un fornitore, ma un partner di fiducia. Disponiamo di un team tecnico e di ricerca e sviluppo professionale e internazionale con una profonda esperienza nel settore dei target di sputtering e abbiamo istituito un sistema di gestione della qualit\u00e0 completo. Ci impegniamo a fornire ai clienti supporto tecnico e soluzioni personalizzate che vanno oltre i prodotti stessi, aiutando i vostri progetti di ricerca e produzione ad avere successo.<\/p>\n","protected":false},"excerpt":{"rendered":"<p>Panoramica sui target di sputtering in solfuro di ferro I target di sputtering in solfuro di ferro sono un materiale semiconduttore molto promettente. Hanno attirato molta attenzione grazie al loro band gap adeguato, al coefficiente di assorbimento della luce estremamente elevato e al fatto che i loro elementi costitutivi sono abbondanti, non tossici e poco [&hellip;]<\/p>\n","protected":false},"featured_media":52763,"template":"","meta":{"_acf_changed":false},"product_brand":[132],"product_cat":[453],"product_tag":[386,7996],"class_list":{"0":"post-52762","1":"product","2":"type-product","3":"status-publish","4":"has-post-thumbnail","6":"product_brand-ulpmat","7":"product_cat-target-di-sputtering-in-ceramica","8":"product_tag-bersaglio-di-sputtering","9":"product_tag-target-di-sputtering-al-solfuro-di-ferro","11":"first","12":"instock","13":"shipping-taxable","14":"product-type-variable"},"acf":[],"_links":{"self":[{"href":"https:\/\/ulpmat.com\/it\/wp-json\/wp\/v2\/product\/52762","targetHints":{"allow":["GET"]}}],"collection":[{"href":"https:\/\/ulpmat.com\/it\/wp-json\/wp\/v2\/product"}],"about":[{"href":"https:\/\/ulpmat.com\/it\/wp-json\/wp\/v2\/types\/product"}],"wp:featuredmedia":[{"embeddable":true,"href":"https:\/\/ulpmat.com\/it\/wp-json\/wp\/v2\/media\/52763"}],"wp:attachment":[{"href":"https:\/\/ulpmat.com\/it\/wp-json\/wp\/v2\/media?parent=52762"}],"wp:term":[{"taxonomy":"product_brand","embeddable":true,"href":"https:\/\/ulpmat.com\/it\/wp-json\/wp\/v2\/product_brand?post=52762"},{"taxonomy":"product_cat","embeddable":true,"href":"https:\/\/ulpmat.com\/it\/wp-json\/wp\/v2\/product_cat?post=52762"},{"taxonomy":"product_tag","embeddable":true,"href":"https:\/\/ulpmat.com\/it\/wp-json\/wp\/v2\/product_tag?post=52762"}],"curies":[{"name":"wp","href":"https:\/\/api.w.org\/{rel}","templated":true}]}}