{"id":52488,"date":"2026-01-05T15:50:46","date_gmt":"2026-01-05T07:50:46","guid":{"rendered":"https:\/\/ulpmat.com\/product\/manganese-metallico\/"},"modified":"2026-01-05T15:50:46","modified_gmt":"2026-01-05T07:50:46","slug":"manganese-metallico","status":"publish","type":"product","link":"https:\/\/ulpmat.com\/it\/prodotto\/manganese-metallico\/","title":{"rendered":"Manganese metallico"},"content":{"rendered":"<h2><span style=\"font-size: 14pt;\">Panoramica <\/span><span style=\"font-size: 14pt;\">sui target di sputtering al manganese<\/span><\/h2>\n<p>I target di sputtering<br \/>\n<span style=\"color: #0000ff;\"><a style=\"color: #0000ff;\" href=\"https:\/\/ulpmat.com\/it\/ricerca\/?type=element&#038;keyword=Mn\">al manganese metallico<\/a><\/span><br \/>\nsono target metallici ad alta purezza utilizzati nei processi di deposizione fisica da vapore (PVD) per formare film sottili di alta qualit\u00e0. Questo materiale ha importanti applicazioni nella produzione di elettronica avanzata, nei rivestimenti ottici e nel trattamento funzionale delle superfici.<\/p>\n<p>Siamo in grado di fornire target al manganese ad alta purezza in dimensioni personalizzate. <span style=\"color: #0000ff;\"><a style=\"color: #0000ff;\" href=\"https:\/\/ulpmat.com\/it\/contatto\/\">Contattateci<\/a><\/span><br \/>\n.<\/p>\n<h2><span style=\"font-size: 14pt;\">Caratteristiche principali del prodotto<\/span><\/h2>\n<p>Eccellenti prestazioni di deposizione di film sottili<br \/>\nOpzioni di alta densit\u00e0 e purezza disponibili<br \/>\nForme personalizzabili Incollaggio e backplane<br \/>\n<span style=\"color: #0000ff;\"><a style=\"color: #0000ff;\" href=\"https:\/\/ulpmat.com\/it\/servizio\/personalizzazione\/\">personalizzabili<\/a><\/span><\/p>\n<p>Eccellente conducibilit\u00e0 termica e stabilit\u00e0 elettrica<br \/>\nCompatibile con varie apparecchiature di sputtering<br \/>\nRigoroso sistema di controllo qualit\u00e0.<\/p>\n<h2><span style=\"font-size: 14pt;\">Applicazioni dei target di sputtering in manganese<\/span><\/h2>\n<p>Produzione<br \/>\n<span style=\"color: #0000ff;\"><a style=\"color: #0000ff;\" href=\"https:\/\/ulpmat.com\/it\/applicazione\/materiali-per-semiconduttori\/\">di semiconduttori<\/a><\/span><br \/>\ne circuiti integrati: i target di sputtering in manganese possono essere utilizzati per depositare strati sottili di metallo uniformi e ad alte prestazioni su substrati come i wafer di silicio, rendendoli una materia prima importante per i processi di circuiti integrati e semiconduttori.<\/p>\n<p>Rivestimento di display e dispositivi elettronici: nella produzione di display a schermo piatto, componenti per display OLED\/LED e dispositivi touch, i target di manganese vengono utilizzati per depositare film sottili funzionali al fine di migliorare le prestazioni e l&#8217;affidabilit\u00e0.<\/p>\n<p>Fabbricazione di sensori e supporti di memorizzazione: utilizzati per fabbricare film sottili di metallo per supporti di memorizzazione magnetici e vari componenti di sensori, migliorando la stabilit\u00e0 del prodotto e le prestazioni di risposta. Rivestimenti<\/p>\n<p><span style=\"color: #0000ff;\"><a style=\"color: #0000ff;\" href=\"https:\/\/ulpmat.com\/it\/applicazione\/materiali-ottici\/\">ottici<\/a><\/span><br \/>\ne decorativi: nei processi di rivestimento ottico a film sottile e decorativo, la deposizione mediante sputtering migliora la resistenza ai graffi e l&#8217;uniformit\u00e0 della superficie, rendendola adatta ad applicazioni quali specchi e vetri architettonici.<\/p>\n<h2><span style=\"color: #0000ff;\"><a style=\"color: #0000ff;\" href=\"https:\/\/ulpmat.com\/it\/azienda\/domande-frequenti\/\"><span style=\"font-size: 14pt;\">Domande frequenti<\/span><\/a><\/span><\/h2>\n<p>D1: Quali processi di deposizione sono adatti per i target di sputtering al manganese?<br \/>\nA1: I target di sputtering al manganese sono utilizzati principalmente nelle tecniche di deposizione fisica da vapore, come lo sputtering magnetronico, per formare film sottili metallici di alta qualit\u00e0.<\/p>\n<p>D2: In che modo la purezza del target di sputtering influisce sulla qualit\u00e0 del film?<br \/>\nA2: Una maggiore purezza del target contribuisce a ridurre le impurit\u00e0 nel film, migliorandone le propriet\u00e0 elettriche e fisiche e soddisfacendo cos\u00ec requisiti di processo pi\u00f9 elevati.<\/p>\n<p>D3: \u00c8 possibile fornire target di dimensioni non standard?<br \/>\nA3: Supportiamo la personalizzazione delle forme e delle dimensioni dei target in base alle specifiche delle apparecchiature dei clienti, compatibili con diversi modelli e piattaforme di processo.<\/p>\n<p>Q4: Come scegliere un backplane o un metodo di incollaggio per il prodotto?<br \/>\nA4: \u00c8 possibile selezionare backplane e metodi di incollaggio appropriati, come l&#8217;incollaggio con indio, in base al tipo di apparecchiatura di sputtering e alle condizioni di trattamento termico per migliorare la stabilit\u00e0 dello sputtering e la dissipazione del calore.<\/p>\n<h2><span style=\"font-size: 14pt;\">Rapporti<\/span><\/h2>\n<p>Ogni lotto viene fornito con:<br \/>\n<span style=\"color: #0000ff;\"><a style=\"color: #0000ff;\" href=\"https:\/\/ulpmat.com\/it\/documenti\/certificato-di-analisi\/\">Certificato di analisi (COA)<\/a><\/span><\/p>\n<p><span style=\"color: #0000ff;\"><a style=\"color: #0000ff;\" href=\"https:\/\/ulpmat.com\/it\/documenti\/scheda-tecnica\/\">Scheda tecnica (TDS)<\/a><\/span><\/p>\n<p><span style=\"color: #0000ff;\"><a style=\"color: #0000ff;\" href=\"https:\/\/ulpmat.com\/it\/documenti\/scheda-di-sicurezza\/\">Scheda di sicurezza dei materiali (MSDS)<\/a><\/span><br \/>\nRapporto di ispezione delle dimensioni<br \/>\nRapporti di test di terze parti disponibili su richiesta<\/p>\n<h2><span style=\"font-size: 14pt;\">Perch\u00e9 scegliere noi?<\/span><\/h2>\n<p>Disponiamo di un sistema maturo di elaborazione e test dei target, che ci offre vantaggi in termini di purezza dei materiali, controllo dimensionale e fornitura di lotti. Forniamo inoltre assistenza tecnica professionale e servizi di risposta tempestiva per aiutare i nostri clienti a ottenere una produzione stabile e una preparazione di film di alta qualit\u00e0.<\/p>\n","protected":false},"excerpt":{"rendered":"<p>Panoramica sui target di sputtering al manganese I target di sputtering al manganese metallico sono target metallici ad alta purezza utilizzati nei processi di deposizione fisica da vapore (PVD) per formare film sottili di alta qualit\u00e0. Questo materiale ha importanti applicazioni nella produzione di elettronica avanzata, nei rivestimenti ottici e nel trattamento funzionale delle superfici. [&hellip;]<\/p>\n","protected":false},"featured_media":52489,"template":"","meta":{"_acf_changed":false},"product_brand":[132],"product_cat":[311],"product_tag":[386,7930],"class_list":{"0":"post-52488","1":"product","2":"type-product","3":"status-publish","4":"has-post-thumbnail","6":"product_brand-ulpmat","7":"product_cat-target-di-sputtering-metallico","8":"product_tag-bersaglio-di-sputtering","9":"product_tag-target-di-sputtering-in-metallo-manganese","11":"first","12":"instock","13":"shipping-taxable","14":"product-type-variable"},"acf":[],"_links":{"self":[{"href":"https:\/\/ulpmat.com\/it\/wp-json\/wp\/v2\/product\/52488","targetHints":{"allow":["GET"]}}],"collection":[{"href":"https:\/\/ulpmat.com\/it\/wp-json\/wp\/v2\/product"}],"about":[{"href":"https:\/\/ulpmat.com\/it\/wp-json\/wp\/v2\/types\/product"}],"wp:featuredmedia":[{"embeddable":true,"href":"https:\/\/ulpmat.com\/it\/wp-json\/wp\/v2\/media\/52489"}],"wp:attachment":[{"href":"https:\/\/ulpmat.com\/it\/wp-json\/wp\/v2\/media?parent=52488"}],"wp:term":[{"taxonomy":"product_brand","embeddable":true,"href":"https:\/\/ulpmat.com\/it\/wp-json\/wp\/v2\/product_brand?post=52488"},{"taxonomy":"product_cat","embeddable":true,"href":"https:\/\/ulpmat.com\/it\/wp-json\/wp\/v2\/product_cat?post=52488"},{"taxonomy":"product_tag","embeddable":true,"href":"https:\/\/ulpmat.com\/it\/wp-json\/wp\/v2\/product_tag?post=52488"}],"curies":[{"name":"wp","href":"https:\/\/api.w.org\/{rel}","templated":true}]}}