{"id":52358,"date":"2026-01-05T15:50:49","date_gmt":"2026-01-05T07:50:49","guid":{"rendered":"https:\/\/ulpmat.com\/product\/lega-di-manganese-e-cobalto\/"},"modified":"2026-01-05T15:50:49","modified_gmt":"2026-01-05T07:50:49","slug":"lega-di-manganese-e-cobalto","status":"publish","type":"product","link":"https:\/\/ulpmat.com\/it\/prodotto\/lega-di-manganese-e-cobalto\/","title":{"rendered":"Lega di manganese e cobalto"},"content":{"rendered":"<h2><span style=\"font-size: 14pt;\">Target di sputtering <span style=\"color: #0000ff;\"><a style=\"color: #0000ff;\" href=\"https:\/\/ulpmat.com\/it\/ricerca\/?type=name&#038;keyword=Manganese+Cobalt+Alloy\">in lega di manganese e cobalto<\/a><\/span><\/span><span style=\"font-size: 14pt;\"> Panoramica<\/span><\/h2>\n<p>I target di sputtering in lega di manganese e cobalto sono target in metallo o lega ad alta purezza realizzati in manganese (Mn) e cobalto (Co), progettati specificamente per la formazione di film sottili uniformi nei sistemi di deposizione fisica da vapore (PVD). Questi target in lega svolgono un ruolo cruciale nella fabbricazione di materiali elettronici, magnetici e film sottili funzionali avanzati e possono essere utilizzati in dispositivi a semiconduttori, memorie magnetiche e altri processi di stratificazione di film di precisione.<\/p>\n<p>Offriamo target in lega di manganese e cobalto in vari rapporti di composizione e dimensioni e possiamo personalizzarli per soddisfare le vostre esigenze di processo. <span style=\"color: #0000ff;\"><a style=\"color: #0000ff;\" href=\"https:\/\/ulpmat.com\/it\/contatto\/\">Contattateci<\/a><\/span><br \/>\n.<\/p>\n<h2><span style=\"font-size: 14pt;\">Caratteristiche principali del prodotto<\/span><\/h2>\n<p>Materiale di elevata purezza<br \/>\nLega uniforme e densa<br \/>\nAdatto per sputtering DC e RF Forma e<br \/>\n<span style=\"color: #0000ff;\"><a style=\"color: #0000ff;\" href=\"https:\/\/ulpmat.com\/it\/servizio\/personalizzazione\/\">dimensioni personalizzabili<\/a><\/span><\/p>\n<p>Eccellente stabilit\u00e0 termica<br \/>\nElevata uniformit\u00e0 del film<br \/>\nAdatto per sistemi di stratificazione complessi<br \/>\nFornitura stabile in lotti.<\/p>\n<h2><span style=\"font-size: 14pt;\">Applicazioni dei target di sputtering in lega di manganese-cobalto<\/span><\/h2>\n<p>Fabbricazione di film sottili<br \/>\n<span style=\"color: #0000ff;\"><a style=\"color: #0000ff;\" href=\"https:\/\/ulpmat.com\/it\/applicazione\/materiali-per-semiconduttori\/\">per semiconduttori<\/a><\/span><br \/>\n: i target MnCo sono utilizzati nei sistemi di sputtering magnetronico per depositare film sottili di metallo o lega, fornendo una base materiale stabile per interconnessioni di circuiti integrati, elettrodi e strati funzionali.<\/p>\n<p>Dispositivi di archiviazione magnetica: questo bersaglio in lega pu\u00f2 essere utilizzato per fabbricare componenti magnetici a film sottile, migliorando le prestazioni di risposta magnetica e la stabilit\u00e0 dei supporti di archiviazione dati, rendendolo un materiale importante nel settore dell&#8217;archiviazione magnetica.<\/p>\n<p>Sensori e dispositivi microelettronici: nella produzione di componenti microelettronici come sensori e MEMS, i film funzionali depositati utilizzando bersagli MnCo possono ottimizzare la sensibilit\u00e0 e le prestazioni elettriche dei dispositivi.<\/p>\n<p>Film sottili funzionali avanzati e dispositivi optoelettronici: utilizzati per preparare materiali a film sottile con speciali funzioni elettriche, magnetiche o chimiche, adatti per applicazioni a film sottile nei campi dei display, dell&#8217;optoelettronica e delle nuove energie.<\/p>\n<h2><span style=\"color: #0000ff;\"><a style=\"color: #0000ff;\" href=\"https:\/\/ulpmat.com\/it\/azienda\/domande-frequenti\/\"><span style=\"font-size: 14pt;\">Domande frequenti<\/span><\/a><\/span><\/h2>\n<p>D1: Quali sono le combinazioni di composizione tipiche dei target di sputtering MnCo?<br \/>\nA1: I target MnCo sono tipicamente un sistema di leghe di manganese e cobalto. Il rapporto tra i due metalli e la composizione del target possono essere regolati in base ai requisiti specifici del film sottile.<\/p>\n<p>D2: Per quali processi di sputtering \u00e8 adatto questo target?<br \/>\nR2: \u00c8 compatibile con le apparecchiature di sputtering magnetron DC e RF ed \u00e8 adatto a vari processi di deposizione PVD sputtering.<\/p>\n<p>D3: \u00c8 possibile personalizzare le dimensioni e la forma del target?<br \/>\nR3: S\u00ec, i target possono essere personalizzati in dimensioni rotonde, quadrate o specifiche per soddisfare le esigenze di diverse apparecchiature e processi.<\/p>\n<p>D4: In che modo la purezza dei target in lega influisce sulle prestazioni di deposizione del film?<br \/>\nR4: I target ad alta purezza possono ridurre il contenuto di impurit\u00e0 nel film, migliorare le propriet\u00e0 elettriche e magnetiche del film e aumentare l&#8217;uniformit\u00e0 del prodotto.<\/p>\n<h2><span style=\"font-size: 14pt;\">Rapporti<\/span><\/h2>\n<p>Ogni lotto viene fornito con:<br \/>\n<span style=\"color: #0000ff;\"><a style=\"color: #0000ff;\" href=\"https:\/\/ulpmat.com\/it\/documenti\/certificato-di-analisi\/\">Certificato di analisi (COA)<\/a><\/span><\/p>\n<p><span style=\"color: #0000ff;\"><a style=\"color: #0000ff;\" href=\"https:\/\/ulpmat.com\/it\/documenti\/scheda-tecnica\/\">Scheda tecnica (TDS)<\/a><\/span><\/p>\n<p><span style=\"color: #0000ff;\"><a style=\"color: #0000ff;\" href=\"https:\/\/ulpmat.com\/it\/documenti\/scheda-di-sicurezza\/\">Scheda di sicurezza (MSDS)<\/a><\/span><br \/>\nRapporto di ispezione delle dimensioni<br \/>\nRapporti di test di terze parti disponibili su richiesta<\/p>\n<h2><span style=\"font-size: 14pt;\">Perch\u00e9 scegliere noi?<\/span><\/h2>\n<p>Possediamo capacit\u00e0 mature di sviluppo e lavorazione dei target, controlliamo rigorosamente la purezza dei materiali e l&#8217;uniformit\u00e0 strutturale e siamo in grado di personalizzare le specifiche in base alle esigenze delle apparecchiature dei clienti. Forniamo <span style=\"color: #0000ff;\"><a style=\"color: #0000ff;\" href=\"https:\/\/ulpmat.com\/it\/servizio\/assistenza-tecnica\/\">assistenza tecnica<\/a><\/span><br \/>\nprofessionale e servizi di fornitura rapida, offrendo ai clienti una base materiale affidabile nel campo della deposizione di film sottili.<\/p>\n","protected":false},"excerpt":{"rendered":"<p>Target di sputtering in lega di manganese e cobalto Panoramica I target di sputtering in lega di manganese e cobalto sono target in metallo o lega ad alta purezza realizzati in manganese (Mn) e cobalto (Co), progettati specificamente per la formazione di film sottili uniformi nei sistemi di deposizione fisica da vapore (PVD). Questi target [&hellip;]<\/p>\n","protected":false},"featured_media":52359,"template":"","meta":{"_acf_changed":false},"product_brand":[132],"product_cat":[564],"product_tag":[386,7906],"class_list":{"0":"post-52358","1":"product","2":"type-product","3":"status-publish","4":"has-post-thumbnail","6":"product_brand-ulpmat","7":"product_cat-target-di-sputtering-in-lega","8":"product_tag-bersaglio-di-sputtering","9":"product_tag-target-di-sputtering-in-lega-di-manganese-e-cobalto","11":"first","12":"instock","13":"shipping-taxable","14":"product-type-variable"},"acf":[],"_links":{"self":[{"href":"https:\/\/ulpmat.com\/it\/wp-json\/wp\/v2\/product\/52358","targetHints":{"allow":["GET"]}}],"collection":[{"href":"https:\/\/ulpmat.com\/it\/wp-json\/wp\/v2\/product"}],"about":[{"href":"https:\/\/ulpmat.com\/it\/wp-json\/wp\/v2\/types\/product"}],"wp:featuredmedia":[{"embeddable":true,"href":"https:\/\/ulpmat.com\/it\/wp-json\/wp\/v2\/media\/52359"}],"wp:attachment":[{"href":"https:\/\/ulpmat.com\/it\/wp-json\/wp\/v2\/media?parent=52358"}],"wp:term":[{"taxonomy":"product_brand","embeddable":true,"href":"https:\/\/ulpmat.com\/it\/wp-json\/wp\/v2\/product_brand?post=52358"},{"taxonomy":"product_cat","embeddable":true,"href":"https:\/\/ulpmat.com\/it\/wp-json\/wp\/v2\/product_cat?post=52358"},{"taxonomy":"product_tag","embeddable":true,"href":"https:\/\/ulpmat.com\/it\/wp-json\/wp\/v2\/product_tag?post=52358"}],"curies":[{"name":"wp","href":"https:\/\/api.w.org\/{rel}","templated":true}]}}