{"id":52318,"date":"2026-01-05T15:50:49","date_gmt":"2026-01-05T07:50:49","guid":{"rendered":"https:\/\/ulpmat.com\/product\/lega-manganese-germanio\/"},"modified":"2026-01-05T15:50:49","modified_gmt":"2026-01-05T07:50:49","slug":"lega-manganese-germanio","status":"publish","type":"product","link":"https:\/\/ulpmat.com\/it\/prodotto\/lega-manganese-germanio\/","title":{"rendered":"Lega manganese-germanio"},"content":{"rendered":"<h2><span style=\"font-size: 14pt;\">Target di sputtering in lega di manganese e germanio <\/span><span style=\"font-size: 14pt;\">Panoramica<\/span><\/h2>\n<p>I target di sputtering in lega<br \/>\n<span style=\"color: #0000ff;\"><a style=\"color: #0000ff;\" href=\"https:\/\/ulpmat.com\/it\/ricerca\/?type=name&#038;keyword=Manganese+Germanium\">di manganese e germanio<\/a><\/span><br \/>\nsono materiali di deposizione di film sottili ad alta purezza costituiti da una lega di manganese (Mn) e germanio (Ge), utilizzati nei processi di deposizione fisica da vapore (PVD) per generare film sottili di alta qualit\u00e0. Questi target sono adatti alla fabbricazione di film sottili in materiali elettronici, <span style=\"color: #0000ff;\"><a style=\"color: #0000ff;\" href=\"https:\/\/ulpmat.com\/it\/applicazione\/materiali-ottici\/\">ottici<\/a><\/span><br \/>\ne magnetici e sono materie prime importanti per la preparazione di film sottili funzionali avanzati.<\/p>\n<p>Siamo in grado di fornire target di sputtering in lega di manganese e germanio di diverse purezze, dimensioni e forme in base alle esigenze di processo dei clienti. <span style=\"color: #0000ff;\"><a style=\"color: #0000ff;\" href=\"https:\/\/ulpmat.com\/it\/contatto\/\">Contattateci<\/a><\/span><br \/>\nper <span style=\"color: #0000ff;\"><a style=\"color: #0000ff;\" href=\"https:\/\/ulpmat.com\/it\/servizio\/assistenza-tecnica\/\">assistenza tecnica<\/a><\/span><br \/>\ne preventivi personalizzati.<\/p>\n<h2><span style=\"font-size: 14pt;\">Caratteristiche principali del prodotto<\/span><\/h2>\n<p>Target in lega ad alta purezza<br \/>\nEccellente stabilit\u00e0 chimica<br \/>\nCompatibile con varie apparecchiature PVD<br \/>\nStruttura cristallina densa Dimensioni e<br \/>\n<span style=\"color: #0000ff;\"><a style=\"color: #0000ff;\" href=\"https:\/\/ulpmat.com\/it\/servizio\/personalizzazione\/\">forme personalizzabili<\/a><\/span><\/p>\n<p>Buona uniformit\u00e0 di formazione del film<br \/>\nFornitura stabile in lotti<br \/>\nRigoroso sistema di controllo qualit\u00e0<\/p>\n<h2><span style=\"font-size: 14pt;\">Applicazioni dei target di sputtering in lega di manganese e germanio<\/span><\/h2>\n<p>Preparazione di film sottili<br \/>\n<span style=\"color: #0000ff;\"><a style=\"color: #0000ff;\" href=\"https:\/\/ulpmat.com\/it\/applicazione\/materiali-per-semiconduttori\/\">per semiconduttori<\/a><\/span><br \/>\ne microelettronica: i target MnGe sono utilizzati nei sistemi di sputtering magnetronico per preparare film sottili funzionali, che possono essere utilizzati nella fabbricazione di circuiti integrati, strati di elettrodi e dispositivi microelettronici per migliorare la stabilit\u00e0 e le prestazioni dei dispositivi.<\/p>\n<p>Film sottili magnetici e materiali di memorizzazione magnetica: utilizzati per depositare materiali a film sottile con propriet\u00e0 magnetiche, soddisfano le esigenze di controllo delle propriet\u00e0 magnetiche nei dispositivi di memorizzazione magnetica e nei gruppi sensori. Film sottili<\/p>\n<p><span style=\"color: #0000ff;\"><a style=\"color: #0000ff;\" href=\"https:\/\/ulpmat.com\/it\/applicazione\/materiali-ottici\/\">ottici<\/a><\/span><br \/>\ne dispositivi optoelettronici: i film sottili MnGe possono essere utilizzati per rivestimenti ottici e per il miglioramento delle funzioni superficiali nei dispositivi optoelettronici, adatti per applicazioni di visualizzazione e rilevamento ottico.<\/p>\n<p>Ricerca e sviluppo di materiali: negli esperimenti di ricerca scientifica e nello sviluppo di nuovi materiali, i target MnGe sono utilizzati come materiali di base per esplorare nuove propriet\u00e0 dei film sottili e preparare materiali funzionali.<\/p>\n<h2><span style=\"color: #0000ff;\"><a style=\"color: #0000ff;\" href=\"https:\/\/ulpmat.com\/it\/azienda\/domande-frequenti\/\"><span style=\"font-size: 14pt;\">Domande frequenti<\/span><\/a><\/span><\/h2>\n<p>D1: Quali sono i componenti principali di un target di sputtering in lega di manganese e germanio?<br \/>\nR1: I target di sputtering MnGe sono target in composti metallici realizzati con leghe di manganese e germanio ad alta purezza, utilizzati per la deposizione di film sottili.<\/p>\n<p>D2: Per quali processi di sputtering \u00e8 adatto questo target?<br \/>\nR2: Questo target pu\u00f2 essere utilizzato in tecniche di deposizione fisica da vapore come lo sputtering magnetronico e pu\u00f2 essere applicato sia in sistemi DC che RF.<\/p>\n<p>D3: Come scegliere la dimensione e la forma appropriate del target?<br \/>\nR3: La dimensione e la forma del target devono essere determinate in base alle specifiche dell&#8217;apparecchiatura e ai requisiti dell&#8217;area di deposizione. Possiamo personalizzare in base alle esigenze di progettazione del cliente.<\/p>\n<p>Q4: Perch\u00e9 \u00e8 necessario un target in lega ad alta purezza?<br \/>\nA4: I target in lega ad alta purezza possono ridurre le impurit\u00e0 nel film sottile, migliorando la stabilit\u00e0 delle propriet\u00e0 fisiche e l&#8217;uniformit\u00e0 delle prestazioni del dispositivo.<\/p>\n<h2><span style=\"font-size: 14pt;\">Rapporti<\/span><\/h2>\n<p>Ogni lotto viene fornito con:<br \/>\n<span style=\"color: #0000ff;\"><a style=\"color: #0000ff;\" href=\"https:\/\/ulpmat.com\/it\/documenti\/certificato-di-analisi\/\">Certificato di analisi (COA)<\/a><\/span><\/p>\n<p><span style=\"color: #0000ff;\"><a style=\"color: #0000ff;\" href=\"https:\/\/ulpmat.com\/it\/documenti\/scheda-tecnica\/\">Scheda tecnica (TDS)<\/a><\/span><\/p>\n<p><span style=\"color: #0000ff;\"><a style=\"color: #0000ff;\" href=\"https:\/\/ulpmat.com\/it\/documenti\/scheda-di-sicurezza\/\">Scheda di sicurezza (MSDS)<\/a><\/span><br \/>\nRapporto di ispezione delle dimensioni<br \/>\nRapporti di test di terze parti disponibili su richiesta<\/p>\n<h2><span style=\"font-size: 14pt;\">Perch\u00e9 scegliere noi?<\/span><\/h2>\n<p>Disponiamo di un sistema avanzato di produzione e collaudo dei target. Dalla selezione delle materie prime e dalla preparazione delle leghe allo stampaggio, alla sinterizzazione e alla post-lavorazione, controlliamo rigorosamente la qualit\u00e0 per garantire l&#8217;elevata purezza e l&#8217;uniformit\u00e0 dei target di sputtering MnGe. Supportiamo anche specifiche personalizzate e <span style=\"color: #0000ff;\"><a style=\"color: #0000ff;\" href=\"https:\/\/ulpmat.com\/it\/servizio\/assistenza-tecnica\/\">assistenza tecnica<\/a><\/span><br \/>\nprofessionale<span style=\"color: #0000ff;\"><a style=\"color: #0000ff;\" href=\"https:\/\/ulpmat.com\/it\/servizio\/assistenza-tecnica\/\">,<\/a><\/span><br \/>\nfornendo una base materiale stabile e affidabile per i processi di preparazione dei film sottili dei clienti.<\/p>\n","protected":false},"excerpt":{"rendered":"<p>Target di sputtering in lega di manganese e germanio Panoramica I target di sputtering in lega di manganese e germanio sono materiali di deposizione di film sottili ad alta purezza costituiti da una lega di manganese (Mn) e germanio (Ge), utilizzati nei processi di deposizione fisica da vapore (PVD) per generare film sottili di alta [&hellip;]<\/p>\n","protected":false},"featured_media":52319,"template":"","meta":{"_acf_changed":false},"product_brand":[132],"product_cat":[564],"product_tag":[386,7894],"class_list":{"0":"post-52318","1":"product","2":"type-product","3":"status-publish","4":"has-post-thumbnail","6":"product_brand-ulpmat","7":"product_cat-target-di-sputtering-in-lega","8":"product_tag-bersaglio-di-sputtering","9":"product_tag-bersaglio-sputtering-in-lega-di-manganese-e-germanio","11":"first","12":"instock","13":"shipping-taxable","14":"product-type-variable"},"acf":[],"_links":{"self":[{"href":"https:\/\/ulpmat.com\/it\/wp-json\/wp\/v2\/product\/52318","targetHints":{"allow":["GET"]}}],"collection":[{"href":"https:\/\/ulpmat.com\/it\/wp-json\/wp\/v2\/product"}],"about":[{"href":"https:\/\/ulpmat.com\/it\/wp-json\/wp\/v2\/types\/product"}],"wp:featuredmedia":[{"embeddable":true,"href":"https:\/\/ulpmat.com\/it\/wp-json\/wp\/v2\/media\/52319"}],"wp:attachment":[{"href":"https:\/\/ulpmat.com\/it\/wp-json\/wp\/v2\/media?parent=52318"}],"wp:term":[{"taxonomy":"product_brand","embeddable":true,"href":"https:\/\/ulpmat.com\/it\/wp-json\/wp\/v2\/product_brand?post=52318"},{"taxonomy":"product_cat","embeddable":true,"href":"https:\/\/ulpmat.com\/it\/wp-json\/wp\/v2\/product_cat?post=52318"},{"taxonomy":"product_tag","embeddable":true,"href":"https:\/\/ulpmat.com\/it\/wp-json\/wp\/v2\/product_tag?post=52318"}],"curies":[{"name":"wp","href":"https:\/\/api.w.org\/{rel}","templated":true}]}}