{"id":52132,"date":"2026-01-05T15:50:52","date_gmt":"2026-01-05T07:50:52","guid":{"rendered":"https:\/\/ulpmat.com\/product\/ossido-di-manganese\/"},"modified":"2026-01-05T15:50:52","modified_gmt":"2026-01-05T07:50:52","slug":"ossido-di-manganese","status":"publish","type":"product","link":"https:\/\/ulpmat.com\/it\/prodotto\/ossido-di-manganese\/","title":{"rendered":"Ossido di manganese"},"content":{"rendered":"<h2><span style=\"font-size: 14pt;\">Target di sputtering in ossido di manganese Panoramica<\/span><\/h2>\n<p>I target di sputtering<br \/>\n<span style=\"color: #0000ff;\"><a style=\"color: #0000ff;\" href=\"https:\/\/ulpmat.com\/it\/ricerca\/?type=name&#038;keyword=Manganese+Oxide\">in ossido di manganese<\/a><\/span><br \/>\nsono ampiamente utilizzati nei processi di sputtering magnetronico (PVD) per la preparazione di film sottili di alta qualit\u00e0. Questi target sono comunemente utilizzati nell&#8217;industria elettronica, del vetro e della ceramica, grazie alle loro eccellenti prestazioni elettrochimiche e alla loro durata.<\/p>\n<p>Offriamo target di sputtering MnO2 in varie purezze, dimensioni delle particelle e specifiche personalizzate per soddisfare le diverse esigenze applicative. <span style=\"color: #0000ff;\"><a style=\"color: #0000ff;\" href=\"https:\/\/ulpmat.com\/it\/contatto\/\">Contattateci<\/a><\/span><br \/>\nper ulteriori informazioni tecniche e preventivi.<\/p>\n<h2><span style=\"font-size: 14pt;\">Caratteristiche principali del prodotto<\/span><\/h2>\n<p>Target ad alta purezza<br \/>\nEccellenti prestazioni elettrochimiche<br \/>\nResistenza alle alte temperature<br \/>\nDeposizione stabile di film sottili<br \/>\nAdatto a varie apparecchiature di sputtering<br \/>\n<span style=\"color: #0000ff;\"><a style=\"color: #0000ff;\" href=\"https:\/\/ulpmat.com\/it\/servizio\/personalizzazione\/\">Servizi personalizzati<\/a><\/span><br \/>\nControllo qualit\u00e0 rigoroso<br \/>\nGaranzia di fornitura a lungo termine<\/p>\n<h2><span style=\"font-size: 14pt;\">Applicazioni dei target di sputtering all&#8217;ossido di manganese<\/span><\/h2>\n<p>Componenti elettronici e <span style=\"color: #0000ff;\"><a style=\"color: #0000ff;\" href=\"https:\/\/ulpmat.com\/it\/applicazione\/materiali-per-semiconduttori\/\">semiconduttori<\/a><\/span><br \/>\n: utilizzati nella produzione di film sottili conduttivi trasparenti, dispositivi di memoria e componenti di sensori, ampiamente utilizzati nell&#8217;industria dei semiconduttori. La loro stabilit\u00e0 elettrochimica e l&#8217;elevata conduttivit\u00e0 garantiscono prestazioni a lungo termine dei dispositivi.<\/p>\n<p>Rivestimenti in vetro e ceramica: utilizzati nel processo di produzione di vetro e ceramica per formare rivestimenti decorativi o funzionali, migliorando il colore, le propriet\u00e0 ottiche e la resistenza alla corrosione dei prodotti.<\/p>\n<p><span style=\"color: #0000ff;\"><a style=\"color: #0000ff;\" href=\"https:\/\/ulpmat.com\/it\/applicazione\/materiali-ottici\/\">Optoelettronica<\/a><\/span><br \/>\ne apparecchiature energetiche: ampiamente utilizzato nei materiali optoelettronici e nelle apparecchiature energetiche, in particolare per migliorare la conduttivit\u00e0 e la stabilit\u00e0 dei dispositivi fotovoltaici e aumentarne l&#8217;efficienza di conversione energetica.<\/p>\n<p>Catalisi ambientale: grazie alle sue eccellenti prestazioni catalitiche, viene utilizzato anche nel campo della catalisi, svolgendo un ruolo cruciale, in particolare nel trattamento dei gas e nella decomposizione degli inquinanti.<\/p>\n<h2><span style=\"color: #0000ff;\"><a style=\"color: #0000ff;\" href=\"https:\/\/ulpmat.com\/it\/azienda\/domande-frequenti\/\"><span style=\"font-size: 14pt;\">Domande frequenti<\/span><\/a><\/span><\/h2>\n<p>D1: Quali sono le principali applicazioni dei target di sputtering MnO2?<br \/>\nA1: Utilizzati principalmente nei settori dell&#8217;elettronica, del vetro, della ceramica e delle apparecchiature energetiche, sono ampiamente utilizzati nella deposizione di film sottili, nei materiali optoelettronici e nei catalizzatori.<\/p>\n<p>D2: Come scegliere la purezza appropriata per i target di sputtering MnO2?<br \/>\nA2: Quando si seleziona la purezza del target, \u00e8 necessario considerare i requisiti specifici dell&#8217;applicazione. Le applicazioni nei settori dei semiconduttori e dell&#8217;elettronica richiedono generalmente una purezza pi\u00f9 elevata, mentre le applicazioni nella ceramica e nel vetro richiedono una purezza inferiore.<\/p>\n<p>Q3: Quali tipi di apparecchiature di sputtering sono adatte per i target di sputtering di ossido di manganese?<br \/>\nA3: Adatti sia per apparecchiature di sputtering DC che RF, soddisfano le esigenze di deposizione di diverse applicazioni.<\/p>\n<p>Q4: Come conservare i target di sputtering MnO2?<br \/>\nA4: Conservare in un ambiente asciutto, fresco e buio, evitando il contatto con umidit\u00e0 o forti ossidanti per garantire la stabilit\u00e0 chimica e la durata.<\/p>\n<h2><span style=\"font-size: 14pt;\">Rapporti<\/span><\/h2>\n<p>Ogni lotto viene fornito con:<br \/>\n<span style=\"color: #0000ff;\"><a style=\"color: #0000ff;\" href=\"https:\/\/ulpmat.com\/it\/documenti\/certificato-di-analisi\/\">Certificato di analisi (COA)<\/a><\/span><\/p>\n<p><span style=\"color: #0000ff;\"><a style=\"color: #0000ff;\" href=\"https:\/\/ulpmat.com\/it\/documenti\/scheda-tecnica\/\">Scheda tecnica (TDS)<\/a><\/span><\/p>\n<p><span style=\"color: #0000ff;\"><a style=\"color: #0000ff;\" href=\"https:\/\/ulpmat.com\/it\/documenti\/scheda-di-sicurezza\/\">Scheda di sicurezza (MSDS)<\/a><\/span><br \/>\nRapporto di ispezione delle dimensioni<br \/>\nRapporti di test di terze parti disponibili su richiesta<\/p>\n<h2><span style=\"font-size: 14pt;\">Perch\u00e9 scegliere noi?<\/span><\/h2>\n<p>Ci impegniamo a fornire target di sputtering MnO2 di alta qualit\u00e0, controllando rigorosamente la qualit\u00e0 di ogni lotto per garantirne la stabilit\u00e0 e l&#8217;uniformit\u00e0. Attraverso servizi personalizzati e <span style=\"color: #0000ff;\"><a style=\"color: #0000ff;\" href=\"https:\/\/ulpmat.com\/it\/servizio\/servizio-post-vendita\/\">un&#8217;assistenza post-vendita<\/a><\/span><br \/>\ncompleta, aiutiamo i clienti a ottenere prestazioni superiori in varie applicazioni tecniche, garantendo la stabilit\u00e0 di partnership a lungo termine.<\/p>\n","protected":false},"excerpt":{"rendered":"<p>Target di sputtering in ossido di manganese Panoramica I target di sputtering in ossido di manganese sono ampiamente utilizzati nei processi di sputtering magnetronico (PVD) per la preparazione di film sottili di alta qualit\u00e0. Questi target sono comunemente utilizzati nell&#8217;industria elettronica, del vetro e della ceramica, grazie alle loro eccellenti prestazioni elettrochimiche e alla loro [&hellip;]<\/p>\n","protected":false},"featured_media":52133,"template":"","meta":{"_acf_changed":false},"product_brand":[132],"product_cat":[453],"product_tag":[386,7876],"class_list":{"0":"post-52132","1":"product","2":"type-product","3":"status-publish","4":"has-post-thumbnail","6":"product_brand-ulpmat","7":"product_cat-target-di-sputtering-in-ceramica","8":"product_tag-bersaglio-di-sputtering","9":"product_tag-target-di-sputtering-allossido-di-manganese","11":"first","12":"instock","13":"shipping-taxable","14":"product-type-variable"},"acf":[],"_links":{"self":[{"href":"https:\/\/ulpmat.com\/it\/wp-json\/wp\/v2\/product\/52132","targetHints":{"allow":["GET"]}}],"collection":[{"href":"https:\/\/ulpmat.com\/it\/wp-json\/wp\/v2\/product"}],"about":[{"href":"https:\/\/ulpmat.com\/it\/wp-json\/wp\/v2\/types\/product"}],"wp:featuredmedia":[{"embeddable":true,"href":"https:\/\/ulpmat.com\/it\/wp-json\/wp\/v2\/media\/52133"}],"wp:attachment":[{"href":"https:\/\/ulpmat.com\/it\/wp-json\/wp\/v2\/media?parent=52132"}],"wp:term":[{"taxonomy":"product_brand","embeddable":true,"href":"https:\/\/ulpmat.com\/it\/wp-json\/wp\/v2\/product_brand?post=52132"},{"taxonomy":"product_cat","embeddable":true,"href":"https:\/\/ulpmat.com\/it\/wp-json\/wp\/v2\/product_cat?post=52132"},{"taxonomy":"product_tag","embeddable":true,"href":"https:\/\/ulpmat.com\/it\/wp-json\/wp\/v2\/product_tag?post=52132"}],"curies":[{"name":"wp","href":"https:\/\/api.w.org\/{rel}","templated":true}]}}