{"id":52005,"date":"2026-01-06T11:35:34","date_gmt":"2026-01-06T03:35:34","guid":{"rendered":"https:\/\/ulpmat.com\/product\/cromo-metallico-5\/"},"modified":"2026-01-06T11:35:34","modified_gmt":"2026-01-06T03:35:34","slug":"cromo-metallico-5","status":"publish","type":"product","link":"https:\/\/ulpmat.com\/it\/prodotto\/cromo-metallico-5\/","title":{"rendered":"Cromo metallico"},"content":{"rendered":"<h2><span style=\"font-size: 14pt;\">Panoramica sui granuli di cromo metallico<\/span><\/h2>\n<p>I granuli<br \/>\n<span style=\"color: #0000ff;\"><a style=\"color: #0000ff;\" href=\"https:\/\/ulpmat.com\/it\/ricerca\/?type=name&#038;keyword=Chromium+meta\">di cromo met<span style=\"color: #0000ff;\">al<\/span><\/a>l<a style=\"color: #0000ff;\" href=\"https:\/\/ulpmat.com\/it\/ricerca\/?type=name&#038;keyword=Chromium+meta\">ico<\/a><\/span><br \/>\nsono un materiale con eccellente resistenza alla corrosione e stabilit\u00e0 alle alte temperature. Sono ampiamente utilizzati nell&#8217;industria siderurgica, della fusione e delle leghe e sono una materia prima importante per la produzione di leghe resistenti all&#8217;usura e al calore.<\/p>\n<p>Offriamo granuli di cromo metallico in varie specifiche e purezze per soddisfare le esigenze di diverse applicazioni industriali. <span style=\"color: #0000ff;\"><a style=\"color: #0000ff;\" href=\"https:\/\/ulpmat.com\/it\/contatto\/\">Contattateci<\/a><\/span><br \/>\nper richiedere dei campioni.<\/p>\n<h2><span style=\"font-size: 14pt;\">Caratteristiche principali del prodotto<\/span><\/h2>\n<p>Granuli metallici ad alta purezza<br \/>\nEccellente resistenza alla corrosione<br \/>\nBuona stabilit\u00e0 termica<br \/>\nAmpiamente applicabile in ambienti ad alta temperatura<br \/>\nDimensioni delle particelle uniformi<br \/>\nGaranzia di alta qualit\u00e0 Servizio<br \/>\n<span style=\"color: #0000ff;\"><a style=\"color: #0000ff;\" href=\"https:\/\/ulpmat.com\/it\/servizio\/personalizzazione\/\">personalizzabile<\/a><\/span><\/p>\n<p>Fornitura stabile di lotti<\/p>\n<h2><span style=\"font-size: 14pt;\">Applicazioni dei granuli di cromo metallico<\/span><\/h2>\n<p><strong>Produzione dell&#8217;acciaio:<\/strong><br \/>\ni granuli di cromo metallico sono un importante elemento di lega nella produzione dell&#8217;acciaio, migliorando efficacemente la durezza, la resistenza all&#8217;usura e la resistenza alla corrosione dell&#8217;acciaio. Svolgono un ruolo cruciale nella produzione di acciaio inossidabile e acciaio altolegato.<\/p>\n<p><strong>Industria della fusione:<\/strong><br \/>\nnell&#8217;industria della fusione, il cromo \u00e8 comunemente usato per produrre fusioni in lega resistenti alle alte temperature e alla corrosione. Il suo alto punto di fusione e la sua stabilit\u00e0 chimica rendono le leghe di cromo il materiale preferito per le fusioni di alta qualit\u00e0.<\/p>\n<p><strong>Materiali resistenti all&#8217;usura:<\/strong><br \/>\nil cromo ha ampie applicazioni nella produzione di materiali resistenti all&#8217;usura, in particolare nell&#8217;industria mineraria, metallurgica e delle costruzioni. La sua elevata durezza lo rende una scelta ideale per i materiali di superficie resistenti all&#8217;usura.<\/p>\n<p><strong>Industria della galvanoplastica:<\/strong><br \/>\nampiamente utilizzato nell&#8217;industria della galvanoplastica come materia prima per la galvanoplastica al cromo, offre un&#8217;eccellente resistenza alla corrosione e durezza ed \u00e8 ampiamente utilizzato nel trattamento superficiale di automobili, elettrodomestici e utensili.<\/p>\n<h2><span style=\"color: #0000ff;\"><a style=\"color: #0000ff;\" href=\"https:\/\/ulpmat.com\/it\/azienda\/domande-frequenti\/\"><span style=\"font-size: 14pt;\">Domande frequenti<\/span><\/a><\/span><\/h2>\n<p>D1: Quali sono i principali campi di applicazione delle particelle di cromo metallico?<br \/>\nR1: Ampiamente utilizzato nella produzione di acciaio, nella fusione, nei materiali resistenti all&#8217;usura e nell&#8217;industria galvanica, \u00e8 un componente chiave dei materiali in lega di alta qualit\u00e0.<\/p>\n<p>D2: In che modo la purezza delle particelle di cromo metallico influisce sulle applicazioni?<br \/>\nA2: Le particelle di cromo metallico ad alta purezza offrono migliori propriet\u00e0 meccaniche e resistenza alla corrosione, adatte ad applicazioni con requisiti di elevata purezza, come la produzione di acciaio inossidabile e la produzione di leghe ad alta temperatura.<\/p>\n<p>D3: Come scegliere la dimensione delle particelle?<br \/>\nA3: La selezione della dimensione delle particelle deve basarsi sui requisiti specifici dell&#8217;applicazione. Le applicazioni di fusione e galvanoplastica richiedono in genere particelle di dimensioni pi\u00f9 fini, mentre la produzione di acciaio e i materiali resistenti all&#8217;usura selezionano le dimensioni delle particelle appropriate in base ai requisiti di processo.<\/p>\n<p>D4: Quali sono le condizioni di conservazione delle particelle di cromo metallico?<br \/>\nA4: Conservare in un ambiente asciutto e ben ventilato, evitando il contatto con l&#8217;umidit\u00e0 per mantenere la stabilit\u00e0 della qualit\u00e0.<\/p>\n<h2><span style=\"font-size: 14pt;\">Rapporti<\/span><\/h2>\n<p>Ogni lotto viene fornito con:<br \/>\n<span style=\"color: #0000ff;\"><a style=\"color: #0000ff;\" href=\"https:\/\/ulpmat.com\/it\/documenti\/certificato-di-analisi\/\"><u>Certificato di analisi (COA)<\/u><\/a><\/span><\/p>\n<p><span style=\"color: #0000ff;\"><a style=\"color: #0000ff;\" href=\"https:\/\/ulpmat.com\/it\/documenti\/scheda-tecnica\/\"><u>Scheda tecnica (TDS)<\/u><\/a><\/span><\/p>\n<p><span style=\"color: #0000ff;\"><a style=\"color: #0000ff;\" href=\"https:\/\/ulpmat.com\/it\/documenti\/scheda-di-sicurezza\/\"><u>Scheda di sicurezza (MSDS)<\/u><\/a><\/span><br \/>\nRapporto di controllo delle dimensioni<br \/>\nRapporti di test di terze parti disponibili su richiesta<\/p>\n<h2><span style=\"font-size: 14pt;\">Perch\u00e9 scegliere noi?<\/span><\/h2>\n<p>Siamo specializzati nella produzione e fornitura di granuli di cromo, disponiamo di processi di produzione avanzati e di un rigoroso controllo di qualit\u00e0 per garantire la stabilit\u00e0 e l&#8217;uniformit\u00e0 di ogni lotto. Attraverso servizi personalizzati e <span style=\"color: #0000ff;\"><a style=\"color: #0000ff;\" href=\"https:\/\/ulpmat.com\/it\/servizio\/assistenza-tecnica\/\">un supporto tecnico<\/a><\/span><br \/>\ncompleto, forniamo ai nostri clienti soluzioni di prodotto ottimali per aiutarli ad avere successo in vari settori industriali.<\/p>\n","protected":false},"excerpt":{"rendered":"<p>Panoramica sui granuli di cromo metallico I granuli di cromo metallico sono un materiale con eccellente resistenza alla corrosione e stabilit\u00e0 alle alte temperature. Sono ampiamente utilizzati nell&#8217;industria siderurgica, della fusione e delle leghe e sono una materia prima importante per la produzione di leghe resistenti all&#8217;usura e al calore. Offriamo granuli di cromo metallico [&hellip;]<\/p>\n","protected":false},"featured_media":52006,"template":"","meta":{"_acf_changed":false},"product_brand":[132],"product_cat":[293],"product_tag":[7846],"class_list":{"0":"post-52005","1":"product","2":"type-product","3":"status-publish","4":"has-post-thumbnail","6":"product_brand-ulpmat","7":"product_cat-materiali-per-levaporazione","8":"product_tag-cromo-metallico-granuli","10":"first","11":"instock","12":"shipping-taxable","13":"product-type-variable"},"acf":[],"_links":{"self":[{"href":"https:\/\/ulpmat.com\/it\/wp-json\/wp\/v2\/product\/52005","targetHints":{"allow":["GET"]}}],"collection":[{"href":"https:\/\/ulpmat.com\/it\/wp-json\/wp\/v2\/product"}],"about":[{"href":"https:\/\/ulpmat.com\/it\/wp-json\/wp\/v2\/types\/product"}],"wp:featuredmedia":[{"embeddable":true,"href":"https:\/\/ulpmat.com\/it\/wp-json\/wp\/v2\/media\/52006"}],"wp:attachment":[{"href":"https:\/\/ulpmat.com\/it\/wp-json\/wp\/v2\/media?parent=52005"}],"wp:term":[{"taxonomy":"product_brand","embeddable":true,"href":"https:\/\/ulpmat.com\/it\/wp-json\/wp\/v2\/product_brand?post=52005"},{"taxonomy":"product_cat","embeddable":true,"href":"https:\/\/ulpmat.com\/it\/wp-json\/wp\/v2\/product_cat?post=52005"},{"taxonomy":"product_tag","embeddable":true,"href":"https:\/\/ulpmat.com\/it\/wp-json\/wp\/v2\/product_tag?post=52005"}],"curies":[{"name":"wp","href":"https:\/\/api.w.org\/{rel}","templated":true}]}}