{"id":51969,"date":"2026-01-06T11:35:35","date_gmt":"2026-01-06T03:35:35","guid":{"rendered":"https:\/\/ulpmat.com\/product\/cromo-metallico-4\/"},"modified":"2026-01-06T11:35:35","modified_gmt":"2026-01-06T03:35:35","slug":"cromo-metallico-4","status":"publish","type":"product","link":"https:\/\/ulpmat.com\/it\/prodotto\/cromo-metallico-4\/","title":{"rendered":"Cromo metallico"},"content":{"rendered":"<h2><span style=\"font-size: 14pt;\">Panoramica sui pezzi in metallo al cromo<\/span><\/h2>\n<p>I pezzi<br \/>\n<span style=\"color: #0000ff;\"><a style=\"color: #0000ff;\" href=\"https:\/\/ulpmat.com\/it\/ricerca\/?type=name&#038;keyword=Chromium+meta\">in meta<\/a>llo <a style=\"color: #0000ff;\" href=\"https:\/\/ulpmat.com\/it\/ricerca\/?type=name&#038;keyword=Chromium+meta\">al cromo<\/a><\/span><br \/>\nsono un materiale metallico con eccellente resistenza alla corrosione e alle alte temperature, ampiamente utilizzato in vari settori industriali. Le sue buone propriet\u00e0 meccaniche e la stabilit\u00e0 chimica lo rendono ideale per la produzione di leghe ad alta durata, componenti elettronici e altro ancora.<\/p>\n<p>Offriamo lamiere di cromo di alta qualit\u00e0 adatte a diverse esigenze industriali, comprese specifiche e dimensioni personalizzate. Non esitate a <span style=\"color: #0000ff;\"><a style=\"color: #0000ff;\" href=\"https:\/\/ulpmat.com\/it\/contatto\/\">contattarci<\/a><\/span><br \/>\nper qualsiasi richiesta <span style=\"color: #0000ff;\"><a style=\"color: #0000ff;\" href=\"https:\/\/ulpmat.com\/it\/servizio\/personalizzazione\/\">di personalizzazione<\/a><\/span><br \/>\no <span style=\"color: #0000ff;\"><a style=\"color: #0000ff;\" href=\"https:\/\/ulpmat.com\/it\/contatto\/\">domanda<\/a><\/span><br \/>\nsui prodotti.<\/p>\n<h2><span style=\"font-size: 14pt;\">Caratteristiche principali del prodotto<\/span><\/h2>\n<p>Lamiera di metallo ad alta purezza<br \/>\nResistenza alle alte temperature<br \/>\nBuona resistenza alla corrosione<br \/>\nElevata resistenza meccanica<br \/>\nAdatto a varie applicazioni Specifiche<br \/>\n<span style=\"color: #0000ff;\"><a style=\"color: #0000ff;\" href=\"https:\/\/ulpmat.com\/it\/servizio\/personalizzazione\/\">personalizzabili<\/a><\/span><\/p>\n<p>Catena di fornitura stabile<br \/>\nRigoroso controllo di qualit\u00e0<\/p>\n<h2><span style=\"font-size: 14pt;\">Applicazioni dei pezzi in metallo al cromo<\/span><\/h2>\n<p><strong>Produzione di leghe ad alta temperatura:<\/strong><br \/>\nampiamente utilizzato nella produzione di leghe ad alta temperatura, in particolare nel settore aerospaziale e nei macchinari di fascia alta. La sua resistenza alle alte temperature gli consente di mantenere prestazioni eccellenti in condizioni di temperatura estrema, rendendolo un materiale fondamentale per la produzione di turbine a gas e altri componenti ad alta temperatura.<\/p>\n<p><strong>Componenti elettronici:<\/strong><br \/>\nha importanti applicazioni nell&#8217;industria elettronica, in particolare nella produzione di batterie, interruttori, materiali di contatto conduttivi, ecc., fornendo conduttivit\u00e0 e durata affidabili, prolungando la durata dei dispositivi elettronici.<\/p>\n<p><strong>Apparecchiature chimiche:<\/strong><br \/>\nnell&#8217;industria chimica, \u00e8 comunemente usato nella produzione di reattori, tubi e contenitori. La sua eccellente resistenza alla corrosione e alle alte temperature lo rendono un materiale ideale per la lavorazione petrolchimica e altre lavorazioni chimiche.<\/p>\n<p><strong>Trattamento superficiale resistente all&#8217;abrasione:<\/strong><br \/>\ngrazie alla sua durezza e resistenza all&#8217;abrasione, la lamiera di cromo \u00e8 ampiamente utilizzata nel trattamento superficiale di materiali e utensili resistenti all&#8217;abrasione, svolgendo un ruolo cruciale, in particolare nella produzione di utensili da taglio ad alte prestazioni, abrasivi e attrezzature pesanti.<\/p>\n<h2><span style=\"color: #0000ff;\"><a style=\"color: #0000ff;\" href=\"https:\/\/ulpmat.com\/it\/azienda\/domande-frequenti\/\"><span style=\"font-size: 14pt;\">Domande frequenti<\/span><\/a><\/span><\/h2>\n<p>D1: Quali sono i principali campi di applicazione della lamiera di cromo?<br \/>\nA1: Ampiamente utilizzato nella produzione di leghe ad alta temperatura, componenti elettronici, attrezzature chimiche e trattamenti superficiali resistenti all&#8217;abrasione, \u00e8 una materia prima fondamentale in molti settori industriali.<\/p>\n<p>D2: In che modo la purezza della lamiera di cromo influisce sulle sue applicazioni?<br \/>\nA2: La lamiera di cromo ad alta purezza offre una migliore resistenza alla corrosione e stabilit\u00e0 termica, adatta per applicazioni con requisiti di elevata purezza, come l&#8217;aerospaziale, i componenti elettronici e i reattori chimici.<\/p>\n<p>Q3: Qual \u00e8 il ruolo della lamiera di cromo nei componenti elettronici?<br \/>\nA3: Fornisce un&#8217;eccellente conduttivit\u00e0 elettrica e resistenza alla corrosione nei componenti elettronici ed \u00e8 ampiamente utilizzata in componenti elettronici come batterie, materiali di contatto elettrico e interruttori, migliorando la durata e l&#8217;efficienza dei dispositivi.<\/p>\n<p>D4: Quali sono le condizioni di conservazione delle lamiere di cromo?<br \/>\nA4: Devono essere conservate in un ambiente asciutto e fresco, evitando il contatto con l&#8217;umidit\u00e0 per mantenere le loro eccellenti propriet\u00e0 meccaniche e la stabilit\u00e0 chimica.<\/p>\n<h2><span style=\"font-size: 14pt;\">Rapporto<\/span><\/h2>\n<p>Ogni lotto viene fornito con:<br \/>\n<span style=\"color: #0000ff;\"><a style=\"color: #0000ff;\" href=\"https:\/\/ulpmat.com\/it\/documenti\/certificato-di-analisi\/\"><u>Certificato di analisi (COA)<\/u><\/a><\/span><\/p>\n<p><span style=\"color: #0000ff;\"><a style=\"color: #0000ff;\" href=\"https:\/\/ulpmat.com\/it\/documenti\/scheda-tecnica\/\"><u>Scheda tecnica (TDS)<\/u><\/a><\/span><\/p>\n<p><span style=\"color: #0000ff;\"><a style=\"color: #0000ff;\" href=\"https:\/\/ulpmat.com\/it\/documenti\/scheda-di-sicurezza\/\"><u>Scheda di sicurezza (MSDS)<\/u><\/a><\/span><br \/>\nRapporto di controllo delle dimensioni<br \/>\nRapporti di test di terze parti disponibili su richiesta<\/p>\n<h2><span style=\"font-size: 14pt;\">Perch\u00e9 scegliere noi?<\/span><\/h2>\n<p>Forniamo lamiere di cromo di alta purezza e qualit\u00e0, garantendo le prestazioni e la stabilit\u00e0 di ogni lotto. Grazie alla nostra vasta esperienza nel settore e a un rigoroso sistema di controllo qualit\u00e0, siamo in grado di fornire servizi personalizzati e aiutare i clienti a migliorare le prestazioni dei prodotti attraverso un&#8217;assistenza post-vendita completa. Scegliete noi e riceverete una fornitura affidabile e un supporto tecnico.<\/p>\n","protected":false},"excerpt":{"rendered":"<p>Panoramica sui pezzi in metallo al cromo I pezzi in metallo al cromo sono un materiale metallico con eccellente resistenza alla corrosione e alle alte temperature, ampiamente utilizzato in vari settori industriali. Le sue buone propriet\u00e0 meccaniche e la stabilit\u00e0 chimica lo rendono ideale per la produzione di leghe ad alta durata, componenti elettronici e [&hellip;]<\/p>\n","protected":false},"featured_media":51970,"template":"","meta":{"_acf_changed":false},"product_brand":[132],"product_cat":[293],"product_tag":[7840],"class_list":{"0":"post-51969","1":"product","2":"type-product","3":"status-publish","4":"has-post-thumbnail","6":"product_brand-ulpmat","7":"product_cat-materiali-per-levaporazione","8":"product_tag-cromo-metallico-pezzi","10":"first","11":"instock","12":"shipping-taxable","13":"product-type-variable"},"acf":[],"_links":{"self":[{"href":"https:\/\/ulpmat.com\/it\/wp-json\/wp\/v2\/product\/51969","targetHints":{"allow":["GET"]}}],"collection":[{"href":"https:\/\/ulpmat.com\/it\/wp-json\/wp\/v2\/product"}],"about":[{"href":"https:\/\/ulpmat.com\/it\/wp-json\/wp\/v2\/types\/product"}],"wp:featuredmedia":[{"embeddable":true,"href":"https:\/\/ulpmat.com\/it\/wp-json\/wp\/v2\/media\/51970"}],"wp:attachment":[{"href":"https:\/\/ulpmat.com\/it\/wp-json\/wp\/v2\/media?parent=51969"}],"wp:term":[{"taxonomy":"product_brand","embeddable":true,"href":"https:\/\/ulpmat.com\/it\/wp-json\/wp\/v2\/product_brand?post=51969"},{"taxonomy":"product_cat","embeddable":true,"href":"https:\/\/ulpmat.com\/it\/wp-json\/wp\/v2\/product_cat?post=51969"},{"taxonomy":"product_tag","embeddable":true,"href":"https:\/\/ulpmat.com\/it\/wp-json\/wp\/v2\/product_tag?post=51969"}],"curies":[{"name":"wp","href":"https:\/\/api.w.org\/{rel}","templated":true}]}}