{"id":51641,"date":"2026-01-06T11:35:40","date_gmt":"2026-01-06T03:35:40","guid":{"rendered":"https:\/\/ulpmat.com\/product\/ossido-di-cromo-3\/"},"modified":"2026-01-06T11:35:40","modified_gmt":"2026-01-06T03:35:40","slug":"ossido-di-cromo-3","status":"publish","type":"product","link":"https:\/\/ulpmat.com\/it\/prodotto\/ossido-di-cromo-3\/","title":{"rendered":"Ossido di cromo"},"content":{"rendered":"<h2><span style=\"font-size: 14pt;\">Panoramica sui granuli di ossido di cromo<\/span><\/h2>\n<p>I granuli<br \/>\n<span style=\"color: #0000ff;\"><a style=\"color: #0000ff;\" href=\"https:\/\/ulpmat.com\/it\/ricerca\/?type=name&#038;keyword=Chromium+Oxide\">di ossido di cromo<\/a><\/span><br \/>\nsono particelle di ossido di cromo ad alta purezza con eccellente resistenza all&#8217;abrasione e alla corrosione. Sono ampiamente utilizzati nella produzione di rivestimenti, ceramiche, acciaio e catalizzatori nelle reazioni chimiche.<\/p>\n<p>Offriamo granuli di ossido di cromo di alta qualit\u00e0 che soddisfano rigorosi standard di qualit\u00e0 e sono adatti a una variet\u00e0 di applicazioni industriali. Non esitate a <span style=\"color: #0000ff;\"><a style=\"color: #0000ff;\" href=\"https:\/\/ulpmat.com\/it\/contatto\/\">contattarci<\/a><\/span><br \/>\nse avete domande sul prodotto o avete bisogno di <span style=\"color: #0000ff;\"><a style=\"color: #0000ff;\" href=\"https:\/\/ulpmat.com\/it\/servizio\/personalizzazione\/\">personalizzazioni<\/a><\/span><br \/>\n.<\/p>\n<h2><span style=\"font-size: 14pt;\">Caratteristiche principali del prodotto<\/span><\/h2>\n<p>Elevata purezza<br \/>\nEccellente resistenza all&#8217;abrasione e alla corrosione<br \/>\nPropriet\u00e0 chimiche stabili<br \/>\nBuona stabilit\u00e0 termica Dimensione delle particelle<br \/>\n<span style=\"color: #0000ff;\"><a style=\"color: #0000ff;\" href=\"https:\/\/ulpmat.com\/it\/servizio\/personalizzazione\/\">personalizzabile<\/a><\/span><\/p>\n<p>Adatto a molteplici applicazioni industriali<\/p>\n<h2><span style=\"font-size: 14pt;\">Applicazioni dei granuli di ossido di cromo<\/span><\/h2>\n<p><strong>Rivestimenti e coloranti:<\/strong><br \/>\nampiamente utilizzati nella produzione di rivestimenti e coloranti ecologici, forniscono un colore stabile e un eccellente potere coprente, adatto all&#8217;industria dei rivestimenti e alla produzione di ceramica.<br \/>\n<strong>Produzione di ceramica:<\/strong><br \/>\nnell&#8217;industria ceramica, le particelle di ossido di cromo, come additivo, migliorano le propriet\u00e0 fisiche della ceramica, aumentando la resistenza alle alte temperature e la durezza del prodotto.<br \/>\n<strong>Fusione dell&#8217;acciaio:<\/strong><br \/>\nutilizzato nei processi di desolforazione e disossidazione della produzione dell&#8217;acciaio, migliora la qualit\u00e0 e la durata dell&#8217;acciaio.<br \/>\n<strong>Produzione di catalizzatori:<\/strong><br \/>\nutilizzato per migliorare l&#8217;efficienza di reazione durante la produzione di catalizzatori, ampiamente applicato nelle reazioni catalitiche nell&#8217;industria chimica e petrolifera.<\/p>\n<h2><span style=\"color: #0000ff;\"><a style=\"color: #0000ff;\" href=\"https:\/\/ulpmat.com\/it\/azienda\/domande-frequenti\/\"><span style=\"font-size: 14pt;\">Domande frequenti<\/span><\/a><\/span><\/h2>\n<p>D1: Qual \u00e8 la purezza dei granuli di ossido di cromo?<br \/>\nR1: Offriamo granuli di ossido di cromo ad alta purezza, puri al 99,5%, che garantiscono prestazioni eccellenti in varie applicazioni.<\/p>\n<p>D2: \u00c8 possibile personalizzare la dimensione delle particelle dei granuli di ossido di cromo?<br \/>\nR2: S\u00ec, offriamo granuli di diverse dimensioni e possiamo personalizzarli in base alle esigenze dei clienti per garantire il rispetto dei diversi requisiti di processo.<\/p>\n<p>D3: Quanto sono resistenti alla corrosione i granuli di Cr2O3?<br \/>\nR3: Hanno un&#8217;eccellente resistenza alla corrosione e possono essere utilizzati per lunghi periodi in vari ambienti acidi e alcalini, adatti alle condizioni difficili della produzione chimica e industriale.<\/p>\n<p>Q4: Per quali settori sono adatti i granuli di ossido di cromo?<br \/>\nA4: Ampiamente utilizzati in rivestimenti, ceramiche, fusione dell&#8217;acciaio, produzione di catalizzatori e molti altri settori, sono adatti come additivi nei vari processi di produzione industriale.<\/p>\n<h2><span style=\"font-size: 14pt;\">Report<\/span><\/h2>\n<p>Ogni lotto viene fornito con:<br \/>\n<span style=\"color: #0000ff;\"><a style=\"color: #0000ff;\" href=\"https:\/\/ulpmat.com\/it\/documenti\/certificato-di-analisi\/\"><u>Certificato di analisi (COA)<\/u><\/a><\/span><\/p>\n<p><span style=\"color: #0000ff;\"><a style=\"color: #0000ff;\" href=\"https:\/\/ulpmat.com\/it\/documenti\/scheda-tecnica\/\"><u>Scheda tecnica (TDS)<\/u><\/a><\/span><\/p>\n<p><span style=\"color: #0000ff;\"><a style=\"color: #0000ff;\" href=\"https:\/\/ulpmat.com\/it\/documenti\/scheda-di-sicurezza\/\"><u>Scheda di sicurezza (MSDS)<\/u><\/a><\/span><br \/>\nRapporto di controllo delle dimensioni<br \/>\nRapporti di test di terze parti disponibili su richiesta<\/p>\n<h2><span style=\"font-size: 14pt;\">Perch\u00e9 scegliere noi?<\/span><\/h2>\n<p>La nostra azienda si concentra sulla fornitura di granuli di ossido di cromo di alta qualit\u00e0, possiede una tecnologia di produzione avanzata e una vasta esperienza nel settore. Scegliendo noi, avrete a disposizione prodotti stabili e affidabili e <span style=\"color: #0000ff;\"><a style=\"color: #0000ff;\" href=\"https:\/\/ulpmat.com\/it\/servizio\/assistenza-tecnica\/\">un supporto tecnico<\/a><\/span><br \/>\nprofessionale, che vi aiuteranno a migliorare l&#8217;efficienza produttiva e la qualit\u00e0 dei prodotti.<\/p>\n","protected":false},"excerpt":{"rendered":"<p>Panoramica sui granuli di ossido di cromo I granuli di ossido di cromo sono particelle di ossido di cromo ad alta purezza con eccellente resistenza all&#8217;abrasione e alla corrosione. Sono ampiamente utilizzati nella produzione di rivestimenti, ceramiche, acciaio e catalizzatori nelle reazioni chimiche. Offriamo granuli di ossido di cromo di alta qualit\u00e0 che soddisfano rigorosi [&hellip;]<\/p>\n","protected":false},"featured_media":51642,"template":"","meta":{"_acf_changed":false},"product_brand":[132],"product_cat":[293],"product_tag":[7792],"class_list":{"0":"post-51641","1":"product","2":"type-product","3":"status-publish","4":"has-post-thumbnail","6":"product_brand-ulpmat","7":"product_cat-materiali-per-levaporazione","8":"product_tag-granuli-di-ossido-di-cromo","10":"first","11":"instock","12":"shipping-taxable","13":"product-type-variable"},"acf":[],"_links":{"self":[{"href":"https:\/\/ulpmat.com\/it\/wp-json\/wp\/v2\/product\/51641","targetHints":{"allow":["GET"]}}],"collection":[{"href":"https:\/\/ulpmat.com\/it\/wp-json\/wp\/v2\/product"}],"about":[{"href":"https:\/\/ulpmat.com\/it\/wp-json\/wp\/v2\/types\/product"}],"wp:featuredmedia":[{"embeddable":true,"href":"https:\/\/ulpmat.com\/it\/wp-json\/wp\/v2\/media\/51642"}],"wp:attachment":[{"href":"https:\/\/ulpmat.com\/it\/wp-json\/wp\/v2\/media?parent=51641"}],"wp:term":[{"taxonomy":"product_brand","embeddable":true,"href":"https:\/\/ulpmat.com\/it\/wp-json\/wp\/v2\/product_brand?post=51641"},{"taxonomy":"product_cat","embeddable":true,"href":"https:\/\/ulpmat.com\/it\/wp-json\/wp\/v2\/product_cat?post=51641"},{"taxonomy":"product_tag","embeddable":true,"href":"https:\/\/ulpmat.com\/it\/wp-json\/wp\/v2\/product_tag?post=51641"}],"curies":[{"name":"wp","href":"https:\/\/api.w.org\/{rel}","templated":true}]}}