{"id":51613,"date":"2026-01-06T11:35:40","date_gmt":"2026-01-06T03:35:40","guid":{"rendered":"https:\/\/ulpmat.com\/product\/ossido-di-cromo-2\/"},"modified":"2026-01-06T11:35:40","modified_gmt":"2026-01-06T03:35:40","slug":"ossido-di-cromo-2","status":"publish","type":"product","link":"https:\/\/ulpmat.com\/it\/prodotto\/ossido-di-cromo-2\/","title":{"rendered":"Ossido di cromo"},"content":{"rendered":"<h2><span style=\"font-size: 14pt;\">Panoramica sulla polvere di ossido di cromo<\/span><\/h2>\n<p>La polvere<br \/>\n<span style=\"color: #0000ff;\"><a style=\"color: #0000ff;\" href=\"https:\/\/ulpmat.com\/it\/ricerca\/?type=name&#038;keyword=Chromium+oxide\">di ossido di cromo<\/a><\/span><br \/>\n\u00e8 una polvere di ossido di cromo ad alta purezza con eccellente stabilit\u00e0 chimica e resistenza alle alte temperature. \u00c8 ampiamente utilizzata nei rivestimenti, nella ceramica, nel trattamento delle superfici metalliche e nella produzione di catalizzatori, tra gli altri campi.<\/p>\n<p>Offriamo polvere di Cr2O3 di alta qualit\u00e0 che soddisfa rigorosi standard industriali e pu\u00f2 essere personalizzata per soddisfare diverse specifiche in base alle esigenze dei clienti. <span style=\"color: #0000ff;\"><a style=\"color: #0000ff;\" href=\"https:\/\/ulpmat.com\/it\/contatto\/\">Contattateci<\/a><\/span><br \/>\nper qualsiasi domanda o richiesta.<\/p>\n<h2><span style=\"font-size: 14pt;\">Caratteristiche principali del prodotto<\/span><\/h2>\n<p>Alta purezza<br \/>\nEccellente resistenza alle alte temperature e stabilit\u00e0 chimica<br \/>\nControllo della dimensione delle particelle fini<br \/>\nBuona stabilit\u00e0 del colore<br \/>\nAdatto a molteplici applicazioni industriali Servizi<br \/>\n<span style=\"color: #0000ff;\"><a style=\"color: #0000ff;\" href=\"https:\/\/ulpmat.com\/it\/servizio\/personalizzazione\/\">di personalizzazione<\/a><\/span><br \/>\ndisponibili<\/p>\n<h2><span style=\"font-size: 14pt;\">Applicazioni della polvere di ossido di cromo<\/span><\/h2>\n<p><strong>Rivestimenti e coloranti:<\/strong><br \/>\nla polvere di ossido di cromo \u00e8 una materia prima fondamentale per la preparazione di rivestimenti e coloranti ecologici, in grado di fornire colori vivaci e stabili. \u00c8 ampiamente utilizzata nella ceramica, nelle vernici, nella tintura del cuoio e in altri settori.<br \/>\n<strong>Produzione di ceramica:<\/strong><br \/>\nnell&#8217;industria ceramica, questa polvere viene utilizzata come colorante per aumentare la durezza e la resistenza alle alte temperature della ceramica, migliorandone la qualit\u00e0 e le prestazioni.<br \/>\n<strong>Trattamento delle superfici metalliche:<\/strong><br \/>\nquesta polvere migliora la resistenza alla corrosione e all&#8217;ossidazione nei processi di trattamento delle superfici metalliche ed \u00e8 comunemente utilizzata nella produzione aerospaziale e automobilistica.<br \/>\n<strong>Catalizzatori:<\/strong><br \/>\nsvolge un ruolo cruciale nella produzione di catalizzatori, in particolare nelle reazioni catalitiche petrolchimiche e ambientali, migliorando l&#8217;efficienza della reazione e prolungando la durata del catalizzatore.<\/p>\n<h2><a href=\"https:\/\/ulpmat.com\/it\/azienda\/domande-frequenti\/\"><span style=\"font-size: 14pt; color: #0000ff;\">Domande frequenti<\/span><\/a><\/h2>\n<p>D1: Qual \u00e8 la purezza della polvere di ossido di cromo?<br \/>\nR1: La nostra polvere ha una purezza fino al 99,95%, garantendo la sua stabilit\u00e0 e alta efficienza nelle applicazioni industriali.<\/p>\n<p>D2: Come viene controllata la dimensione delle particelle della polvere di ossido di cromo?<br \/>\nR2: Offriamo polveri in varie dimensioni di particelle e possiamo personalizzare le dimensioni delle particelle per soddisfare diverse esigenze applicative.<\/p>\n<p>D3: Qual \u00e8 la resistenza alla temperatura della polvere di ossido di cromo?<br \/>\nA3: Ha un&#8217;eccellente resistenza alle alte temperature e pu\u00f2 essere utilizzata in modo stabile a temperature fino a 1000 \u00b0C, rendendola adatta per applicazioni di lavorazione e rivestimento ad alta temperatura.<\/p>\n<p>Q4: Quali sono gli usi principali della polvere di ossido di cromo?<br \/>\nA4: Questa polvere \u00e8 utilizzata principalmente in rivestimenti, ceramiche, trattamento di superfici metalliche, produzione di catalizzatori e altri campi, ed \u00e8 ampiamente utilizzata nell&#8217;industria chimica, elettronica e aerospaziale.<\/p>\n<h2><span style=\"font-size: 14pt;\">Rapporto<\/span><\/h2>\n<p>Ogni lotto viene fornito con: <span style=\"color: #0000ff;\"><a style=\"color: #0000ff;\" href=\"https:\/\/ulpmat.com\/it\/documenti\/certificato-di-analisi\/\"><u>Certificato di analisi (COA)<\/u><\/a><\/span><\/p>\n<p><span style=\"color: #0000ff;\"><a style=\"color: #0000ff;\" href=\"https:\/\/ulpmat.com\/it\/documenti\/scheda-tecnica\/\"><u>Scheda tecnica (TDS)<\/u><\/a><\/span><\/p>\n<p><span style=\"color: #0000ff;\"><a style=\"color: #0000ff;\" href=\"https:\/\/ulpmat.com\/it\/documenti\/scheda-di-sicurezza\/\"><u>Scheda di sicurezza (MSDS)<\/u><\/a><\/span><br \/>\nRapporti di test di terze parti disponibili su richiesta<\/p>\n<h2><span style=\"font-size: 14pt;\">Perch\u00e9 scegliere noi?<\/span><\/h2>\n<p>La nostra azienda si concentra sulla produzione di polvere di ossido di cromo di alta qualit\u00e0, utilizzando tecnologie avanzate e un rigoroso sistema di gestione della qualit\u00e0 per garantire prestazioni stabili e affidabili dei prodotti. Scegliendo noi, potrete usufruire di un servizio personalizzato, consegne rapide e assistenza tecnica, che vi aiuteranno a portare avanti i vostri progetti senza intoppi.<\/p>\n","protected":false},"excerpt":{"rendered":"<p>Panoramica sulla polvere di ossido di cromo La polvere di ossido di cromo \u00e8 una polvere di ossido di cromo ad alta purezza con eccellente stabilit\u00e0 chimica e resistenza alle alte temperature. \u00c8 ampiamente utilizzata nei rivestimenti, nella ceramica, nel trattamento delle superfici metalliche e nella produzione di catalizzatori, tra gli altri campi. Offriamo polvere [&hellip;]<\/p>\n","protected":false},"featured_media":51614,"template":"","meta":{"_acf_changed":false},"product_brand":[132],"product_cat":[436],"product_tag":[7786],"class_list":{"0":"post-51613","1":"product","2":"type-product","3":"status-publish","4":"has-post-thumbnail","6":"product_brand-ulpmat","7":"product_cat-ossidi","8":"product_tag-ossido-di-cromo-in-polvere","10":"first","11":"instock","12":"shipping-taxable","13":"product-type-variable"},"acf":[],"_links":{"self":[{"href":"https:\/\/ulpmat.com\/it\/wp-json\/wp\/v2\/product\/51613","targetHints":{"allow":["GET"]}}],"collection":[{"href":"https:\/\/ulpmat.com\/it\/wp-json\/wp\/v2\/product"}],"about":[{"href":"https:\/\/ulpmat.com\/it\/wp-json\/wp\/v2\/types\/product"}],"wp:featuredmedia":[{"embeddable":true,"href":"https:\/\/ulpmat.com\/it\/wp-json\/wp\/v2\/media\/51614"}],"wp:attachment":[{"href":"https:\/\/ulpmat.com\/it\/wp-json\/wp\/v2\/media?parent=51613"}],"wp:term":[{"taxonomy":"product_brand","embeddable":true,"href":"https:\/\/ulpmat.com\/it\/wp-json\/wp\/v2\/product_brand?post=51613"},{"taxonomy":"product_cat","embeddable":true,"href":"https:\/\/ulpmat.com\/it\/wp-json\/wp\/v2\/product_cat?post=51613"},{"taxonomy":"product_tag","embeddable":true,"href":"https:\/\/ulpmat.com\/it\/wp-json\/wp\/v2\/product_tag?post=51613"}],"curies":[{"name":"wp","href":"https:\/\/api.w.org\/{rel}","templated":true}]}}