{"id":51331,"date":"2026-01-06T11:35:46","date_gmt":"2026-01-06T03:35:46","guid":{"rendered":"https:\/\/ulpmat.com\/product\/fluoruro-di-cromoiii\/"},"modified":"2026-01-06T11:35:46","modified_gmt":"2026-01-06T03:35:46","slug":"fluoruro-di-cromoiii","status":"publish","type":"product","link":"https:\/\/ulpmat.com\/it\/prodotto\/fluoruro-di-cromoiii\/","title":{"rendered":"Fluoruro di cromo(III)"},"content":{"rendered":"<h2><span style=\"font-size: 14pt;\">Panoramica sulla polvere di fluoruro di cromo<\/span><\/h2>\n<p>La polvere<br \/>\n<span style=\"color: #0000ff;\"><a style=\"color: #0000ff;\" href=\"https:\/\/ulpmat.com\/it\/ricerca\/?type=name&#038;keyword=Crf3\">di fluoruro di cromo<\/a><\/span><br \/>\n\u00e8 una polvere di fluoruro di cromo ad alta purezza con eccellente stabilit\u00e0 chimica e ampio potenziale di applicazione. Ha importanti applicazioni nella galvanoplastica, nella catalisi chimica e nei materiali ad alte prestazioni, in particolare nel miglioramento della resistenza alla corrosione e all&#8217;ossidazione dei materiali.<\/p>\n<p>Offriamo polvere di CrF3 di alta qualit\u00e0, garantendone le prestazioni superiori in varie applicazioni industriali. Non esitate a <span style=\"color: #0000ff;\"><a style=\"color: #0000ff;\" href=\"https:\/\/ulpmat.com\/it\/contatto\/\">contattarci<\/a><\/span><br \/>\nper qualsiasi esigenza tecnica o richiesta di informazioni sui prodotti.<\/p>\n<h2><span style=\"font-size: 14pt;\">Caratteristiche principali del prodotto<\/span><\/h2>\n<p>Elevata purezza e buona stabilit\u00e0<br \/>\nForte resistenza all&#8217;ossidazione<br \/>\nReattivit\u00e0 chimica altamente efficiente<br \/>\nControllo delle particelle fini<br \/>\nAdatto a molteplici applicazioni industriali Servizi di produzione<br \/>\n<span style=\"color: #0000ff;\"><a style=\"color: #0000ff;\" href=\"https:\/\/ulpmat.com\/it\/servizio\/personalizzazione\/\">personalizzati<\/a><\/span><br \/>\ndisponibili<\/p>\n<h2><span style=\"font-size: 14pt;\">Applicazioni della polvere di fluoruro di cromo<\/span><\/h2>\n<p><strong>Industria della galvanoplastica:<\/strong><br \/>\ncome materiale di base del cromo nel processo di galvanoplastica, la polvere pu\u00f2 migliorare significativamente l&#8217;adesione e la resistenza alla corrosione dei rivestimenti ed \u00e8 ampiamente utilizzata nel trattamento superficiale di parti automobilistiche, aerospaziali e meccaniche.<br \/>\n<strong>Catalisi chimica:<\/strong><br \/>\nla polvere ha importanti applicazioni nelle reazioni di catalisi chimica, migliorando l&#8217;attivit\u00e0 del catalizzatore e l&#8217;efficienza della reazione, ed \u00e8 particolarmente adatta per le reazioni di sintesi petrolchimica e organica.<br \/>\n<strong>Produzione di materiali ad alte prestazioni:<\/strong><br \/>\nampiamente utilizzata nella produzione di materiali resistenti alle alte temperature e alla corrosione per migliorarne la stabilit\u00e0 termica e chimica, con applicazioni nell&#8217;industria aerospaziale e manifatturiera di fascia alta.<br \/>\n<span style=\"color: #0000ff;\"><a style=\"color: #0000ff;\" href=\"https:\/\/ulpmat.com\/it\/product-category\/polveri-inorganiche\/materiali-alogenuri\/\"><strong>Sintesi del fluoruro:<\/strong><\/a><\/span><br \/>\ncome importante materia prima nella sintesi del fluoruro, \u00e8 ampiamente utilizzata nella produzione di prodotti a base di fluoruro, mostrando un&#8217;elevata attivit\u00e0 chimica e reattivit\u00e0.<\/p>\n<h2><span style=\"color: #0000ff;\"><a style=\"color: #0000ff;\" href=\"https:\/\/ulpmat.com\/it\/azienda\/domande-frequenti\/\"><span style=\"font-size: 14pt;\">Domande frequenti<\/span><\/a><\/span><\/h2>\n<p>D1: Qual \u00e8 la dimensione delle particelle della polvere di fluoruro di cromo (III)?<br \/>\nA1: Siamo in grado di fornire polveri di diverse dimensioni delle particelle in base alle esigenze dei clienti, che vanno dai micrometri ai nanometri, garantendo il soddisfacimento delle esigenze dei diversi campi di applicazione.<\/p>\n<p>D2: Quali sono le propriet\u00e0 uniche della polvere di fluoruro di cromo?<br \/>\nR2: La polvere ha un&#8217;eccellente resistenza all&#8217;ossidazione e alla corrosione e pu\u00f2 funzionare in modo stabile per lungo tempo in ambienti ad alta temperatura e corrosivi, rendendola adatta ad applicazioni che richiedono elevata durata e stabilit\u00e0.<\/p>\n<p>D3: La polvere di fluoruro di cromo \u00e8 adatta alle reazioni catalitiche?<br \/>\nA3: S\u00ec, ha eccellenti effetti catalitici nelle reazioni catalitiche ed \u00e8 ampiamente utilizzata nelle reazioni petrolchimiche e in altre reazioni di sintesi organica, migliorando l&#8217;efficienza e la selettivit\u00e0 della reazione.<\/p>\n<p>Q4: Come viene confezionata la polvere di fluoruro di cromo?<br \/>\nA4: Confezioniamo la polvere in sacchetti sigillati e resistenti all&#8217;umidit\u00e0, poi in scatole robuste per garantire che il prodotto non venga danneggiato durante il trasporto e per mantenerne la stabilit\u00e0.<\/p>\n<h2><span style=\"font-size: 14pt;\">Rapporti<\/span><\/h2>\n<p>Ogni lotto \u00e8 fornito con:<br \/>\n<span style=\"color: #0000ff;\"><a style=\"color: #0000ff;\" href=\"https:\/\/ulpmat.com\/it\/documenti\/certificato-di-analisi\/\">Certificato di analisi (COA)<\/a><\/span><\/p>\n<p><span style=\"color: #0000ff;\"><a style=\"color: #0000ff;\" href=\"https:\/\/ulpmat.com\/it\/documenti\/scheda-tecnica\/\">Scheda tecnica (TDS)<\/a><\/span><\/p>\n<p><span style=\"color: #0000ff;\"><a style=\"color: #0000ff;\" href=\"https:\/\/ulpmat.com\/it\/documenti\/scheda-di-sicurezza\/\">Scheda di sicurezza (MSDS)<\/a><\/span><br \/>\nRapporti di test di terze parti disponibili su richiesta<\/p>\n<h2><span style=\"font-size: 14pt;\">Perch\u00e9 scegliere noi?<\/span><\/h2>\n<p>La nostra azienda si impegna a fornire polvere di CrF3 di alta qualit\u00e0, dotata di una tecnologia di produzione avanzata e di un rigoroso sistema di gestione della qualit\u00e0. Scegliendo noi avrete prodotti stabili e affidabili, consegne rapide e <span style=\"color: #0000ff;\"><a style=\"color: #0000ff;\" href=\"https:\/\/ulpmat.com\/it\/servizio\/assistenza-tecnica\/\">un supporto tecnico<\/a><\/span><br \/>\ncompleto per aiutare i vostri progetti a procedere senza intoppi.<\/p>\n","protected":false},"excerpt":{"rendered":"<p>Panoramica sulla polvere di fluoruro di cromo La polvere di fluoruro di cromo \u00e8 una polvere di fluoruro di cromo ad alta purezza con eccellente stabilit\u00e0 chimica e ampio potenziale di applicazione. Ha importanti applicazioni nella galvanoplastica, nella catalisi chimica e nei materiali ad alte prestazioni, in particolare nel miglioramento della resistenza alla corrosione e [&hellip;]<\/p>\n","protected":false},"featured_media":51332,"template":"","meta":{"_acf_changed":false},"product_brand":[132],"product_cat":[323],"product_tag":[7738],"class_list":{"0":"post-51331","1":"product","2":"type-product","3":"status-publish","4":"has-post-thumbnail","6":"product_brand-ulpmat","7":"product_cat-materiali-alogenuri","8":"product_tag-fluoruro-di-cromoiii-in-polvere","10":"first","11":"instock","12":"shipping-taxable","13":"product-type-variable"},"acf":[],"_links":{"self":[{"href":"https:\/\/ulpmat.com\/it\/wp-json\/wp\/v2\/product\/51331","targetHints":{"allow":["GET"]}}],"collection":[{"href":"https:\/\/ulpmat.com\/it\/wp-json\/wp\/v2\/product"}],"about":[{"href":"https:\/\/ulpmat.com\/it\/wp-json\/wp\/v2\/types\/product"}],"wp:featuredmedia":[{"embeddable":true,"href":"https:\/\/ulpmat.com\/it\/wp-json\/wp\/v2\/media\/51332"}],"wp:attachment":[{"href":"https:\/\/ulpmat.com\/it\/wp-json\/wp\/v2\/media?parent=51331"}],"wp:term":[{"taxonomy":"product_brand","embeddable":true,"href":"https:\/\/ulpmat.com\/it\/wp-json\/wp\/v2\/product_brand?post=51331"},{"taxonomy":"product_cat","embeddable":true,"href":"https:\/\/ulpmat.com\/it\/wp-json\/wp\/v2\/product_cat?post=51331"},{"taxonomy":"product_tag","embeddable":true,"href":"https:\/\/ulpmat.com\/it\/wp-json\/wp\/v2\/product_tag?post=51331"}],"curies":[{"name":"wp","href":"https:\/\/api.w.org\/{rel}","templated":true}]}}