{"id":51004,"date":"2026-01-06T11:35:54","date_gmt":"2026-01-06T03:35:54","guid":{"rendered":"https:\/\/ulpmat.com\/product\/cromo-ittrio\/"},"modified":"2026-01-06T11:35:54","modified_gmt":"2026-01-06T03:35:54","slug":"cromo-ittrio","status":"publish","type":"product","link":"https:\/\/ulpmat.com\/it\/prodotto\/cromo-ittrio\/","title":{"rendered":"Cromo Ittrio"},"content":{"rendered":"<h2><span style=\"font-size: 14pt;\">Panoramica dei target di sputtering in cromo-ittrio<\/span><\/h2>\n<p>I target di sputtering<br \/>\n<span style=\"color: #0000ff;\"><a style=\"color: #0000ff;\" href=\"https:\/\/ulpmat.com\/it\/ricerca\/?type=name&#038;keyword=Chromium+Yttrium\">in cromo-ittrio<\/a><\/span><br \/>\nsono composti da una lega di cromo e ittrio e presentano un&#8217;eccellente resistenza alle alte temperature, all&#8217;ossidazione e una notevole resistenza meccanica. Sono ampiamente utilizzati nei settori dell&#8217;elettronica, <span style=\"color: #0000ff;\"><a style=\"color: #0000ff;\" href=\"https:\/\/ulpmat.com\/it\/applicazione\/materiali-ottici\/\">dell&#8217;ottica<\/a><\/span><br \/>\ne del trattamento delle superfici. Adatti per la deposizione di film sottili ad alta precisione e rivestimenti protettivi ad alta temperatura, soddisfano vari requisiti tecnici di alto livello.<\/p>\n<p>Offriamo target di sputtering al cromo-ittrio di alta qualit\u00e0 adatti alla deposizione di film sottili in vari ambienti ad alta temperatura e speciali. Per qualsiasi domanda tecnica o esigenza <span style=\"color: #0000ff;\"><a style=\"color: #0000ff;\" href=\"https:\/\/ulpmat.com\/it\/servizio\/personalizzazione\/\">di personalizzazione<\/a><\/span><br \/>\n, non esitate a <span style=\"color: #0000ff;\"><a style=\"color: #0000ff;\" href=\"https:\/\/ulpmat.com\/it\/contatto\/\">contattarci;<\/a><\/span><br \/>\nvi forniremo il servizio e l&#8217;assistenza pi\u00f9 professionali.<\/p>\n<h2><span style=\"font-size: 14pt;\">Caratteristiche principali del prodotto<\/span><\/h2>\n<p>Eccellente stabilit\u00e0 alle alte temperature<br \/>\nResistenza superiore all&#8217;ossidazione e alla corrosione<br \/>\nElevata efficienza di sputtering e qualit\u00e0 stabile del film<br \/>\nElevata resistenza meccanica e tenacit\u00e0<br \/>\nAltamente personalizzabile per soddisfare diverse esigenze applicative<br \/>\nAdatto per applicazioni in ambienti estremi<\/p>\n<h2><span style=\"font-size: 14pt;\">Applicazioni dei target di sputtering al cromo ittrio<\/span><\/h2>\n<p><strong>Deposizione di film sottili:<\/strong><br \/>\nutilizzati nei <span style=\"color: #0000ff;\"><a style=\"color: #0000ff;\" href=\"https:\/\/ulpmat.com\/it\/applicazione\/materiali-per-semiconduttori\/\">semiconduttori<\/a><\/span><br \/>\n, nei rivestimenti <span style=\"color: #0000ff;\"><a style=\"color: #0000ff;\" href=\"https:\/\/ulpmat.com\/it\/applicazione\/materiali-ottici\/\">ottici<\/a><\/span><br \/>\ne in altri campi, forniscono film uniformi e di alta qualit\u00e0 per soddisfare le esigenze della tecnologia dei film sottili di precisione.<\/p>\n<p><strong>Rivestimenti <span style=\"color: #0000ff;\"><a style=\"color: #0000ff;\" href=\"https:\/\/ulpmat.com\/it\/applicazione\/materiali-ottici\/\">ottici<\/a><\/span>:<\/strong><br \/>\nnel campo dei rivestimenti ottici, i target Cr-Y sono utilizzati per migliorare la riflettivit\u00e0 e la resistenza all&#8217;usura e sono ampiamente utilizzati in dispositivi quali lenti, display e laser.<\/p>\n<p><strong>Rivestimenti ad alta temperatura:<\/strong><br \/>\nquesto target mostra un&#8217;eccellente resistenza alle alte temperature ed \u00e8 comunemente utilizzato nell&#8217;industria aerospaziale, automobilistica e in altri settori che richiedono protezione dalle alte temperature.<\/p>\n<p><em>Trattamento superficiale:<\/em><br \/>\ni target CrY sono utilizzati per il trattamento delle superfici metalliche, migliorando la resistenza all&#8217;usura e alla corrosione attraverso la deposizione di rivestimenti duri. Sono ampiamente utilizzati per la protezione delle superfici di parti meccaniche e utensili.<\/p>\n<h2><span style=\"color: #0000ff;\"><a style=\"color: #0000ff;\" href=\"https:\/\/ulpmat.com\/it\/azienda\/domande-frequenti\/\"><span style=\"font-size: 14pt;\">Domande frequenti<\/span><\/a><\/span><\/h2>\n<p>D1: Come viene eseguito lo sputtering del cromo ittrio?<br \/>\nR1: I target sono generalmente utilizzati per la deposizione di film sottili utilizzando la tecnologia di sputtering magnetronico. I film sottili di alta qualit\u00e0 vengono sputterizzati in un ambiente sottovuoto, comunemente utilizzato nell&#8217;industria dei semiconduttori e dell&#8217;ottica.<\/p>\n<p>D2: Quali precauzioni devono essere prese quando si utilizzano target di sputtering di cromo ittrio?<br \/>\nR2: Durante l&#8217;uso, \u00e8 necessario garantire un ambiente di sputtering stabile ed evitare fluttuazioni di temperatura eccessive. La superficie del bersaglio deve essere pulita regolarmente per evitare che i contaminanti compromettano la qualit\u00e0 dello sputtering.<\/p>\n<p>D3: Come viene eseguito il collegamento tra il backplane e il bersaglio al cromo ittrio? R3: Il collegamento del backplate al bersaglio avviene in genere mediante tecniche di saldatura o incollaggio per garantire che il bersaglio sia saldamente fissato al backplate per operazioni di sputtering stabili.<\/p>\n<p>D4: Quali sono i vantaggi dei target di sputtering al cromo ittrio?<br \/>\nA4: Questo target presenta un&#8217;eccellente resistenza alle alte temperature e all&#8217;ossidazione, mantenendo un&#8217;elevata efficienza di sputtering anche in ambienti estremi, rendendolo adatto a varie applicazioni ad alta temperatura e alta intensit\u00e0.<\/p>\n<h2><span style=\"font-size: 14pt;\">Rapporti<\/span><\/h2>\n<p>Ogni lotto viene fornito con:<br \/>\n<span style=\"color: #0000ff;\"><a style=\"color: #0000ff;\" href=\"https:\/\/ulpmat.com\/it\/documenti\/certificato-di-analisi\/\"><u>Certificato di analisi (COA)<\/u><\/a><\/span><\/p>\n<p><span style=\"color: #0000ff;\"><a style=\"color: #0000ff;\" href=\"https:\/\/ulpmat.com\/it\/documenti\/scheda-tecnica\/\"><u>Scheda tecnica (TDS)<\/u><\/a><\/span><\/p>\n<p><span style=\"color: #0000ff;\"><a style=\"color: #0000ff;\" href=\"https:\/\/ulpmat.com\/it\/documenti\/scheda-di-sicurezza\/\"><u>Scheda di sicurezza dei materiali (MSDS)<\/u><\/a><\/span><br \/>\nRapporto di ispezione delle dimensioni<br \/>\nRapporti di test di terze parti disponibili su richiesta<\/p>\n<h2><span style=\"font-size: 14pt;\">Perch\u00e9 scegliere noi?<\/span><\/h2>\n<p>Siamo un produttore specializzato in target di sputtering ad alte prestazioni, impegnato a fornire prodotti di alta qualit\u00e0 e soluzioni personalizzate. Con processi di produzione avanzati e un rigoroso controllo di qualit\u00e0, forniamo ai clienti target di sputtering stabili e di alta qualit\u00e0, aiutandoli a distinguersi nel mercato competitivo.<\/p>\n","protected":false},"excerpt":{"rendered":"<p>Panoramica dei target di sputtering in cromo-ittrio I target di sputtering in cromo-ittrio sono composti da una lega di cromo e ittrio e presentano un&#8217;eccellente resistenza alle alte temperature, all&#8217;ossidazione e una notevole resistenza meccanica. Sono ampiamente utilizzati nei settori dell&#8217;elettronica, dell&#8217;ottica e del trattamento delle superfici. Adatti per la deposizione di film sottili ad [&hellip;]<\/p>\n","protected":false},"featured_media":51009,"template":"","meta":{"_acf_changed":false},"product_brand":[132],"product_cat":[564],"product_tag":[7643],"class_list":{"0":"post-51004","1":"product","2":"type-product","3":"status-publish","4":"has-post-thumbnail","6":"product_brand-ulpmat","7":"product_cat-target-di-sputtering-in-lega","8":"product_tag-bersaglio-di-cromo-ittrio-per-sputtering","10":"first","11":"instock","12":"shipping-taxable","13":"product-type-variable"},"acf":[],"_links":{"self":[{"href":"https:\/\/ulpmat.com\/it\/wp-json\/wp\/v2\/product\/51004","targetHints":{"allow":["GET"]}}],"collection":[{"href":"https:\/\/ulpmat.com\/it\/wp-json\/wp\/v2\/product"}],"about":[{"href":"https:\/\/ulpmat.com\/it\/wp-json\/wp\/v2\/types\/product"}],"wp:featuredmedia":[{"embeddable":true,"href":"https:\/\/ulpmat.com\/it\/wp-json\/wp\/v2\/media\/51009"}],"wp:attachment":[{"href":"https:\/\/ulpmat.com\/it\/wp-json\/wp\/v2\/media?parent=51004"}],"wp:term":[{"taxonomy":"product_brand","embeddable":true,"href":"https:\/\/ulpmat.com\/it\/wp-json\/wp\/v2\/product_brand?post=51004"},{"taxonomy":"product_cat","embeddable":true,"href":"https:\/\/ulpmat.com\/it\/wp-json\/wp\/v2\/product_cat?post=51004"},{"taxonomy":"product_tag","embeddable":true,"href":"https:\/\/ulpmat.com\/it\/wp-json\/wp\/v2\/product_tag?post=51004"}],"curies":[{"name":"wp","href":"https:\/\/api.w.org\/{rel}","templated":true}]}}