{"id":50883,"date":"2026-01-08T14:45:06","date_gmt":"2026-01-08T06:45:06","guid":{"rendered":"https:\/\/ulpmat.com\/product\/vanadio-metallico-3\/"},"modified":"2026-01-08T14:45:06","modified_gmt":"2026-01-08T06:45:06","slug":"vanadio-metallico-3","status":"publish","type":"product","link":"https:\/\/ulpmat.com\/it\/prodotto\/vanadio-metallico-3\/","title":{"rendered":"Vanadio metallico"},"content":{"rendered":"<h2><span style=\"font-size: 14pt;\">Panoramica sulla polvere metallica di vanadio<\/span><\/h2>\n<p>La polvere<br \/>\n<span style=\"color: #0000ff;\"><a style=\"color: #0000ff;\" href=\"https:\/\/ulpmat.com\/it\/ricerca\/?type=name&#038;keyword=Vanadium+metal\">metallica di vanadio<\/a><\/span><br \/>\n\u00e8 una materia prima metallica di base con eccellenti propriet\u00e0 metalliche e lavorabilit\u00e0, adatta a vari processi di sintesi e formatura dei materiali. \u00c8 comunemente utilizzata nella metallurgia delle polveri, nella preparazione di leghe, nella ricerca sui materiali funzionali e nei relativi campi di ricerca industriale e scientifica.<\/p>\n<p>Siamo in grado di fornire una fornitura stabile di soluzioni di polvere metallica di vanadio per soddisfare diverse esigenze applicative. <span style=\"color: #0000ff;\"><a style=\"color: #0000ff;\" href=\"https:\/\/ulpmat.com\/it\/contatto\/\">Contattateci<\/a><\/span><br \/>\nper richiedere campioni e informazioni tecniche.<\/p>\n<h2><span style=\"font-size: 14pt;\">Caratteristiche principali del prodotto<\/span><\/h2>\n<p>Morfologia uniforme della polvere<br \/>\nFacile da preparare e miscelare<br \/>\nAdattabile a vari processi di formatura<br \/>\nPropriet\u00e0 metalliche di base stabili<br \/>\nAdatto alla lavorazione secondaria<br \/>\nVersatile sia per la ricerca che per la produzione<\/p>\n<h2><span style=\"font-size: 14pt;\">Applicazioni della polvere metallica di vanadio<\/span><\/h2>\n<p><strong>Preparazione di materiali per la metallurgia delle polveri:<\/strong><br \/>\nla polvere metallica di vanadio \u00e8 adatta ai processi di metallurgia delle polveri come la pressatura e la sinterizzazione e pu\u00f2 essere utilizzata per preparare materiali ad alte prestazioni a base di vanadio o multimetallici.<\/p>\n<p><strong>Sintesi di leghe e materiali intermedi:<\/strong><br \/>\nnella ricerca e nella produzione di leghe, la polvere metallica di vanadio pu\u00f2 essere utilizzata come materia prima per migliorare le propriet\u00e0 meccaniche e strutturali dei materiali.<\/p>\n<p><strong>Ricerca su materiali funzionali e nuovi materiali:<\/strong><br \/>\nquesta polvere \u00e8 ampiamente utilizzata nei laboratori e nelle fasi di ricerca per esplorare il potenziale dei materiali legati al vanadio in termini di struttura, propriet\u00e0 e applicazioni.<\/p>\n<p><strong>Applicazioni nella ricerca industriale e scientifica:<\/strong><br \/>\nadatta per universit\u00e0, istituti di ricerca e dipartimenti di ricerca e sviluppo aziendali per la verifica dei processi, esperimenti su scala pilota e valutazione delle prestazioni dei materiali.<\/p>\n<h2><span style=\"color: #0000ff; font-size: 14pt;\"><a style=\"color: #0000ff;\" href=\"https:\/\/ulpmat.com\/it\/azienda\/domande-frequenti\/\">Domande frequenti<\/a><\/span><\/h2>\n<p>D1: A quali metodi di lavorazione \u00e8 adatta la polvere di vanadio metallico?<br \/>\nR1: Questo prodotto pu\u00f2 essere utilizzato in vari processi come pressatura, sinterizzazione e granulazione. Il metodo specifico pu\u00f2 essere selezionato in base all&#8217;applicazione finale.<\/p>\n<p>D2: Quali precauzioni devono essere prese durante lo stoccaggio della polvere di vanadio metallico?<br \/>\nR2: Si raccomanda di conservarla in un ambiente sigillato e asciutto, evitando l&#8217;umidit\u00e0 e l&#8217;esposizione prolungata all&#8217;aria per mantenere la stabilit\u00e0 della polvere.<\/p>\n<p>D3: La polvere di vanadio metallico \u00e8 adatta alla ricerca di laboratorio?<br \/>\nR3: S\u00ec, questo prodotto ha una buona applicabilit\u00e0 nello sviluppo dei materiali, nella verifica dei processi e nei test di prestazione.<\/p>\n<p>D4: Quali sono le caratteristiche della polvere di vanadio metallico rispetto ai materiali sfusi o granulari?<br \/>\nA4: La forma in polvere \u00e8 pi\u00f9 favorevole alla miscelazione uniforme e al dosaggio fine, adatta per applicazioni che richiedono un controllo preciso della composizione.<\/p>\n<h2><span style=\"font-size: 14pt;\">Rapporti<\/span><\/h2>\n<p>Ogni lotto viene fornito con:<br \/>\n<span style=\"color: #0000ff;\"><a style=\"color: #0000ff;\" href=\"https:\/\/ulpmat.com\/it\/documenti\/certificato-di-analisi\/\"><u>Certificato di analisi (COA)<\/u><\/a><\/span><\/p>\n<p><span style=\"color: #0000ff;\"><a style=\"color: #0000ff;\" href=\"https:\/\/ulpmat.com\/it\/documenti\/scheda-tecnica\/\"><u>Scheda tecnica (TDS)<\/u><\/a><\/span><\/p>\n<p><span style=\"color: #0000ff;\"><a style=\"color: #0000ff;\" href=\"https:\/\/ulpmat.com\/it\/documenti\/scheda-di-sicurezza\/\"><u>Scheda di sicurezza dei materiali (MSDS)<\/u><\/a><\/span><br \/>\nRapporti di test di terze parti disponibili su richiesta<\/p>\n<h2><span style=\"font-size: 14pt;\">Perch\u00e9 scegliere noi?<\/span><\/h2>\n<p>Siamo specializzati nella fornitura a lungo termine di materie prime per metalli e materiali inorganici. Conosciamo bene le esigenze pratiche di applicazione della polvere di vanadio metallico nella ricerca scientifica e nell&#8217;industria e siamo in grado di fornire una qualit\u00e0 stabile dei prodotti, una documentazione tecnica chiara e un&#8217;assistenza continua per aiutare i nostri clienti a ridurre i costi.<\/p>\n","protected":false},"excerpt":{"rendered":"<p>Panoramica sulla polvere metallica di vanadio La polvere metallica di vanadio \u00e8 una materia prima metallica di base con eccellenti propriet\u00e0 metalliche e lavorabilit\u00e0, adatta a vari processi di sintesi e formatura dei materiali. \u00c8 comunemente utilizzata nella metallurgia delle polveri, nella preparazione di leghe, nella ricerca sui materiali funzionali e nei relativi campi di [&hellip;]<\/p>\n","protected":false},"featured_media":50884,"template":"","meta":{"_acf_changed":false},"product_brand":[132],"product_cat":[272],"product_tag":[7618],"class_list":{"0":"post-50883","1":"product","2":"type-product","3":"status-publish","4":"has-post-thumbnail","6":"product_brand-ulpmat","7":"product_cat-metalli-puri-e-leghe","8":"product_tag-polvere-di-vanadio-metallico","10":"first","11":"instock","12":"shipping-taxable","13":"product-type-variable"},"acf":[],"_links":{"self":[{"href":"https:\/\/ulpmat.com\/it\/wp-json\/wp\/v2\/product\/50883","targetHints":{"allow":["GET"]}}],"collection":[{"href":"https:\/\/ulpmat.com\/it\/wp-json\/wp\/v2\/product"}],"about":[{"href":"https:\/\/ulpmat.com\/it\/wp-json\/wp\/v2\/types\/product"}],"wp:featuredmedia":[{"embeddable":true,"href":"https:\/\/ulpmat.com\/it\/wp-json\/wp\/v2\/media\/50884"}],"wp:attachment":[{"href":"https:\/\/ulpmat.com\/it\/wp-json\/wp\/v2\/media?parent=50883"}],"wp:term":[{"taxonomy":"product_brand","embeddable":true,"href":"https:\/\/ulpmat.com\/it\/wp-json\/wp\/v2\/product_brand?post=50883"},{"taxonomy":"product_cat","embeddable":true,"href":"https:\/\/ulpmat.com\/it\/wp-json\/wp\/v2\/product_cat?post=50883"},{"taxonomy":"product_tag","embeddable":true,"href":"https:\/\/ulpmat.com\/it\/wp-json\/wp\/v2\/product_tag?post=50883"}],"curies":[{"name":"wp","href":"https:\/\/api.w.org\/{rel}","templated":true}]}}