{"id":50795,"date":"2026-01-08T14:45:07","date_gmt":"2026-01-08T06:45:07","guid":{"rendered":"https:\/\/ulpmat.com\/product\/vanadio-metallico\/"},"modified":"2026-01-08T14:45:07","modified_gmt":"2026-01-08T06:45:07","slug":"vanadio-metallico","status":"publish","type":"product","link":"https:\/\/ulpmat.com\/it\/prodotto\/vanadio-metallico\/","title":{"rendered":"Vanadio metallico"},"content":{"rendered":"<h2><span style=\"font-size: 14pt;\">Panoramica sui target rotanti in metallo vanadio<\/span><\/h2>\n<p><span style=\"color: #0000ff;\"><a style=\"color: #0000ff;\" href=\"https:\/\/ulpmat.com\/it\/product-category\/materiali-di-prima-scelta\/obiettivi-rotanti\/\">I target rotanti<\/a> <a style=\"color: #0000ff;\" href=\"https:\/\/ulpmat.com\/it\/ricerca\/?type=name&#038;keyword=Vanadium+metal\">in metallo vanadio<\/a><\/span><br \/>\nsono materiali di sputtering altamente efficienti per la deposizione continua di film sottili, adatti per un funzionamento stabile a lungo termine nei processi di rivestimento sottovuoto. Questo prodotto \u00e8 utilizzato principalmente nei rivestimenti di grandi superfici, nella preparazione di film sottili funzionali e nei settori industriali e di ricerca con elevati requisiti di uniformit\u00e0 del film.<\/p>\n<p>Siamo in grado di fornire target rotanti in metallo vanadio per sputtering adatti a diverse specifiche delle apparecchiature e supportiamo strutture e dimensioni personalizzate. <span style=\"color: #0000ff;\"><a style=\"color: #0000ff;\" href=\"https:\/\/ulpmat.com\/it\/contatto\/\">Contattateci<\/a><\/span><br \/>\nper <span style=\"color: #0000ff;\"><a style=\"color: #0000ff;\" href=\"https:\/\/ulpmat.com\/it\/servizio\/assistenza-tecnica\/\">assistenza tecnica.<\/a><\/span><\/p>\n<h2><span style=\"font-size: 14pt;\">Caratteristiche principali del prodotto<\/span><\/h2>\n<p>Adatto per processi di sputtering continui<br \/>\nElevato tasso di utilizzo del bersaglio<br \/>\nBuona uniformit\u00e0 del film<br \/>\nElevata stabilit\u00e0 strutturale<br \/>\nSupporta l&#8217;incollaggio del tubo posteriore<br \/>\nCompatibile con le principali apparecchiature di rivestimento<\/p>\n<h2><span style=\"font-size: 14pt;\">Applicazioni del bersaglio rotante in metallo vanadio<\/span><\/h2>\n<p><strong>Deposizione di film sottili funzionali su grandi superfici:<\/strong><br \/>\ni bersagli rotanti in metallo vanadio sono adatti per lo sputtering continuo di substrati di grandi dimensioni, migliorando l&#8217;efficienza produttiva e mantenendo la consistenza dello spessore del film.<\/p>\n<p><strong>Produzione industriale di rivestimenti sottovuoto:<\/strong><br \/>\nsulle linee di rivestimento industriali, i target rotanti aiutano a prolungare il ciclo di utilizzo singolo, ridurre i tempi di fermo per la sostituzione e aumentare la capacit\u00e0 complessiva.<\/p>\n<p><strong>Rivestimento <span style=\"color: #0000ff;\"><a style=\"color: #0000ff;\" href=\"https:\/\/ulpmat.com\/it\/applicazione\/materiali-per-semiconduttori\/\">di semiconduttori<\/a><\/span> e dispositivi elettronici:<\/strong><br \/>\nquesto materiale target pu\u00f2 essere utilizzato per preparare film sottili a base di vanadio, soddisfacendo i requisiti dei dispositivi elettronici in termini di stabilit\u00e0 e ripetibilit\u00e0 del film.<\/p>\n<p><strong>Ricerca e convalida del processo su scala industriale:<\/strong><br \/>\ni target rotanti sono adatti per il passaggio da fase sperimentale a fase pilota, utilizzati per valutare le prestazioni di deposizione dei film sottili di vanadio in diverse condizioni operative.<\/p>\n<h2><span style=\"color: #0000ff;\"><a style=\"color: #0000ff;\" href=\"https:\/\/ulpmat.com\/it\/azienda\/domande-frequenti\/\"><span style=\"font-size: 14pt;\">Domande frequenti<\/span><\/a><\/span><\/h2>\n<p>D1: Quali sono i principali vantaggi di un target rotante in metallo vanadio rispetto a un target planare?<br \/>\nR1: Il target rotante aggiorna continuamente la sua superficie durante la polverizzazione, contribuendo a migliorare l&#8217;utilizzo del target e l&#8217;uniformit\u00e0 del film.<\/p>\n<p>D2: Un bersaglio rotante in vanadio \u00e8 adatto per un funzionamento continuo a lungo termine?<br \/>\nR2: S\u00ec, questo prodotto \u00e8 progettato per condizioni di sputtering continuo e pu\u00f2 supportare un uso stabile per periodi prolungati.<\/p>\n<p>D3: Un bersaglio rotante in metallo vanadio richiede l&#8217;incollaggio al tubo posteriore?<br \/>\nR3: Di solito s\u00ec. A seconda dei requisiti dell&#8217;attrezzatura, il bersaglio in vanadio verr\u00e0 incollato a un tubo posteriore in metallo per migliorare la dissipazione del calore e la stabilit\u00e0 meccanica.<\/p>\n<p>D4: Per quali tipi di apparecchiature di rivestimento \u00e8 adatto il bersaglio rotante in vanadio?<br \/>\nR4: Questo bersaglio \u00e8 compatibile con varie apparecchiature di rivestimento industriale; le interfacce e le dimensioni specifiche possono essere personalizzate in base ai parametri dell&#8217;apparecchiatura.<\/p>\n<h2><span style=\"font-size: 14pt;\">Rapporti<\/span><\/h2>\n<p>Ogni lotto viene fornito con:<br \/>\n<span style=\"color: #0000ff;\"><a style=\"color: #0000ff;\" href=\"https:\/\/ulpmat.com\/it\/documenti\/certificato-di-analisi\/\"><u>Certificato di analisi (COA)<\/u><\/a><\/span><\/p>\n<p><span style=\"color: #0000ff;\"><a style=\"color: #0000ff;\" href=\"https:\/\/ulpmat.com\/it\/documenti\/scheda-tecnica\/\"><u>Scheda tecnica (TDS)<\/u><\/a><\/span><\/p>\n<p><span style=\"color: #0000ff;\"><a style=\"color: #0000ff;\" href=\"https:\/\/ulpmat.com\/it\/documenti\/scheda-di-sicurezza\/\"><u>Scheda di sicurezza (MSDS)<\/u><\/a><\/span><br \/>\nRapporto di ispezione delle dimensioni<br \/>\nRapporti di test di terze parti disponibili su richiesta<\/p>\n<h2><span style=\"font-size: 14pt;\">Perch\u00e9 scegliere noi?<\/span><\/h2>\n<p>Abbiamo una vasta esperienza nei bersagli rotanti per sputtering e nei relativi materiali metallici, conosciamo bene le caratteristiche di processo del vanadio metallico nello sputtering continuo e siamo in grado di fornire prodotti affidabili e uniformi, capacit\u00e0 <span style=\"color: #0000ff;\"><a style=\"color: #0000ff;\" href=\"https:\/\/ulpmat.com\/it\/servizio\/personalizzazione\/\">di personalizzazione<\/a><\/span><br \/>\nflessibili e una comunicazione tecnica chiara per aiutare i clienti a ottenere una produzione di film sottili stabile ed efficiente.<\/p>\n","protected":false},"excerpt":{"rendered":"<p>Panoramica sui target rotanti in metallo vanadio I target rotanti in metallo vanadio sono materiali di sputtering altamente efficienti per la deposizione continua di film sottili, adatti per un funzionamento stabile a lungo termine nei processi di rivestimento sottovuoto. Questo prodotto \u00e8 utilizzato principalmente nei rivestimenti di grandi superfici, nella preparazione di film sottili funzionali [&hellip;]<\/p>\n","protected":false},"featured_media":50796,"template":"","meta":{"_acf_changed":false},"product_brand":[132],"product_cat":[468,311],"product_tag":[7606],"class_list":{"0":"post-50795","1":"product","2":"type-product","3":"status-publish","4":"has-post-thumbnail","6":"product_brand-ulpmat","7":"product_cat-obiettivi-rotanti","8":"product_cat-target-di-sputtering-metallico","9":"product_tag-vanadio-metallico-obiettivo-rotante","11":"first","12":"instock","13":"shipping-taxable","14":"product-type-variable"},"acf":[],"_links":{"self":[{"href":"https:\/\/ulpmat.com\/it\/wp-json\/wp\/v2\/product\/50795","targetHints":{"allow":["GET"]}}],"collection":[{"href":"https:\/\/ulpmat.com\/it\/wp-json\/wp\/v2\/product"}],"about":[{"href":"https:\/\/ulpmat.com\/it\/wp-json\/wp\/v2\/types\/product"}],"wp:featuredmedia":[{"embeddable":true,"href":"https:\/\/ulpmat.com\/it\/wp-json\/wp\/v2\/media\/50796"}],"wp:attachment":[{"href":"https:\/\/ulpmat.com\/it\/wp-json\/wp\/v2\/media?parent=50795"}],"wp:term":[{"taxonomy":"product_brand","embeddable":true,"href":"https:\/\/ulpmat.com\/it\/wp-json\/wp\/v2\/product_brand?post=50795"},{"taxonomy":"product_cat","embeddable":true,"href":"https:\/\/ulpmat.com\/it\/wp-json\/wp\/v2\/product_cat?post=50795"},{"taxonomy":"product_tag","embeddable":true,"href":"https:\/\/ulpmat.com\/it\/wp-json\/wp\/v2\/product_tag?post=50795"}],"curies":[{"name":"wp","href":"https:\/\/api.w.org\/{rel}","templated":true}]}}