{"id":50777,"date":"2026-01-08T14:45:08","date_gmt":"2026-01-08T06:45:08","guid":{"rendered":"https:\/\/ulpmat.com\/product\/carburo-di-alluminio-vanadio\/"},"modified":"2026-01-08T14:45:08","modified_gmt":"2026-01-08T06:45:08","slug":"carburo-di-alluminio-vanadio","status":"publish","type":"product","link":"https:\/\/ulpmat.com\/it\/prodotto\/carburo-di-alluminio-vanadio\/","title":{"rendered":"Carburo di alluminio vanadio"},"content":{"rendered":"<h2><span style=\"font-size: 14pt;\">Panoramica sulla polvere di carburo di vanadio e alluminio<\/span><\/h2>\n<p>La polvere<br \/>\n<span style=\"color: #0000ff;\"><a style=\"color: #0000ff;\" href=\"https:\/\/ulpmat.com\/it\/ricerca\/?type=name&#038;keyword=Vanadium+Aluminum+Carbide\">di carburo di vanadio e alluminio<\/a><\/span><br \/>\n\u00e8 un materiale ceramico in fase MAX con una struttura cristallina stratificata, che combina le propriet\u00e0 sia dei metalli che delle ceramiche. Questo materiale \u00e8 comunemente utilizzato nella ricerca sui materiali strutturali ad alta temperatura, nella preparazione di rivestimenti funzionali e nei materiali compositi avanzati.<\/p>\n<p>Siamo in grado di fornire in modo affidabile polvere di carburo di vanadio e alluminio in varie gamme di dimensioni delle particelle, adatta alla ricerca e alla verifica dei processi. <span style=\"color: #0000ff;\"><a style=\"color: #0000ff;\" href=\"https:\/\/ulpmat.com\/it\/ricerca\/?type=name&#038;keyword=Vanadium+Aluminum+Carbide\">Contattateci<\/a><\/span><br \/>\nper informazioni tecniche.<\/p>\n<h2><span style=\"font-size: 14pt;\">Caratteristiche principali del prodotto<\/span><\/h2>\n<p>Struttura stratificata<br \/>\n<span style=\"color: #0000ff;\"><a style=\"color: #0000ff;\" href=\"https:\/\/ulpmat.com\/it\/product-category\/materiali-di-prima-scelta\/precursori-mxene-materiali-a-fase-max\/\">in fase MAX<\/a><\/span><\/p>\n<p>Conduttivit\u00e0 elettrica e resistenza al calore combinate<br \/>\nBuona stabilit\u00e0 termica<br \/>\nFacile da lavorare e modellare<br \/>\nAdatto per processi di metallurgia delle polveri<br \/>\nApplicazioni di ricerca mature<\/p>\n<h2><span style=\"font-size: 14pt;\">Applicazioni della polvere di carburo di vanadio e alluminio<\/span><\/h2>\n<p><strong>Ricerca sui materiali strutturali ad alta temperatura:<\/strong><br \/>\nla polvere mostra una buona stabilit\u00e0 strutturale alle alte temperature ed \u00e8 spesso utilizzata per esplorare nuovi materiali resistenti al calore e le loro prestazioni.<\/p>\n<p><strong>Preparazione di rivestimenti funzionali e strati protettivi:<\/strong><br \/>\npu\u00f2 essere utilizzata per preparare rivestimenti resistenti al calore, all&#8217;usura e agli shock termici, adatti per applicazioni di protezione delle superfici in condizioni difficili.<\/p>\n<p><strong>Materiali compositi e fasi di rinforzo:<\/strong><br \/>\nnei compositi a matrice ceramica o metallica, la polvere di V2AlC pu\u00f2 fungere da fase di rinforzo, migliorando le propriet\u00e0 meccaniche e termiche complessive del materiale.<\/p>\n<p><strong>Nuovi materiali e ricerca scientifica di base:<\/strong><br \/>\nampiamente utilizzato nelle universit\u00e0 e negli istituti di ricerca per la ricerca sulla struttura, le propriet\u00e0 e le applicazioni dei materiali in fase MAX.<\/p>\n<h2><span style=\"color: #0000ff;\"><a style=\"color: #0000ff;\" href=\"https:\/\/ulpmat.com\/it\/product-category\/materiali-di-prima-scelta\/precursori-mxene-materiali-a-fase-max\/\"><span style=\"font-size: 14pt;\">Domande frequenti<\/span><\/a><\/span><\/h2>\n<p>D1: A quale categoria di materiali appartiene la polvere di carburo di vanadio e alluminio?<br \/>\nR1: Appartiene alla categoria dei materiali in fase MAX, un carburo di metallo di transizione con una struttura a strati.<\/p>\n<p>D2: La polvere di V2AlC \u00e8 adatta ad ambienti ad alta temperatura?<br \/>\nA2: Questo materiale ha una buona resistenza alle alte temperature ed \u00e8 adatto per l&#8217;uso nella ricerca e nelle applicazioni relative ai materiali ad alta temperatura.<\/p>\n<p>D3: Per quali metodi di stampaggio o lavorazione pu\u00f2 essere utilizzata la polvere di carburo di vanadio e alluminio?<br \/>\nA3: Pu\u00f2 essere utilizzata in vari processi come la pressatura, la sinterizzazione e la preparazione di materiali compositi, a seconda dei requisiti dell&#8217;applicazione finale.<\/p>\n<p>D4: La polvere di V2AlC viene utilizzata principalmente nella ricerca scientifica o nelle applicazioni industriali?<br \/>\nR4: Attualmente, viene utilizzata principalmente nella ricerca scientifica e nelle applicazioni su scala pilota, nonch\u00e9 nello sviluppo di alcuni materiali funzionali specifici.<\/p>\n<h2><span style=\"font-size: 14pt;\">Report<\/span><\/h2>\n<p>Ogni lotto viene fornito con:<br \/>\n<span style=\"color: #0000ff;\"><a style=\"color: #0000ff;\" href=\"https:\/\/ulpmat.com\/it\/documenti\/certificato-di-analisi\/\"><u>Certificato di analisi (COA)<\/u><\/a><\/span><\/p>\n<p><span style=\"color: #0000ff;\"><a style=\"color: #0000ff;\" href=\"https:\/\/ulpmat.com\/it\/documenti\/scheda-tecnica\/\"><u>Scheda tecnica (TDS)<\/u><\/a><\/span><\/p>\n<p><span style=\"color: #0000ff;\"><a style=\"color: #0000ff;\" href=\"https:\/\/ulpmat.com\/it\/documenti\/scheda-di-sicurezza\/\"><u>Scheda di sicurezza (MSDS)<\/u><\/a><\/span><br \/>\nRapporti di test di terze parti disponibili su richiesta<\/p>\n<h2><span style=\"font-size: 14pt;\">Perch\u00e9 scegliere noi?<\/span><\/h2>\n<p>Da tempo ci concentriamo sulla fornitura di polveri ceramiche avanzate e materiali funzionali, conosciamo bene le esigenze pratiche dei materiali in fase MAX nella ricerca scientifica e nello sviluppo di applicazioni e siamo in grado di fornire prodotti di qualit\u00e0 stabile, documentazione tecnica chiara e supporto comunicativo professionale per aiutare i clienti a portare avanti in modo efficiente la ricerca sui materiali e l&#8217;esplorazione delle applicazioni.<\/p>\n","protected":false},"excerpt":{"rendered":"<p>Panoramica sulla polvere di carburo di vanadio e alluminio La polvere di carburo di vanadio e alluminio \u00e8 un materiale ceramico in fase MAX con una struttura cristallina stratificata, che combina le propriet\u00e0 sia dei metalli che delle ceramiche. Questo materiale \u00e8 comunemente utilizzato nella ricerca sui materiali strutturali ad alta temperatura, nella preparazione di [&hellip;]<\/p>\n","protected":false},"featured_media":50778,"template":"","meta":{"_acf_changed":false},"product_brand":[132],"product_cat":[714,1204],"product_tag":[7600],"class_list":{"0":"post-50777","1":"product","2":"type-product","3":"status-publish","4":"has-post-thumbnail","6":"product_brand-ulpmat","7":"product_cat-materiali-refrattari","8":"product_cat-precursori-mxene-materiali-a-fase-max","9":"product_tag-polvere-di-carburo-di-alluminio-e-vanadio","11":"first","12":"instock","13":"shipping-taxable","14":"product-type-variable"},"acf":[],"_links":{"self":[{"href":"https:\/\/ulpmat.com\/it\/wp-json\/wp\/v2\/product\/50777","targetHints":{"allow":["GET"]}}],"collection":[{"href":"https:\/\/ulpmat.com\/it\/wp-json\/wp\/v2\/product"}],"about":[{"href":"https:\/\/ulpmat.com\/it\/wp-json\/wp\/v2\/types\/product"}],"wp:featuredmedia":[{"embeddable":true,"href":"https:\/\/ulpmat.com\/it\/wp-json\/wp\/v2\/media\/50778"}],"wp:attachment":[{"href":"https:\/\/ulpmat.com\/it\/wp-json\/wp\/v2\/media?parent=50777"}],"wp:term":[{"taxonomy":"product_brand","embeddable":true,"href":"https:\/\/ulpmat.com\/it\/wp-json\/wp\/v2\/product_brand?post=50777"},{"taxonomy":"product_cat","embeddable":true,"href":"https:\/\/ulpmat.com\/it\/wp-json\/wp\/v2\/product_cat?post=50777"},{"taxonomy":"product_tag","embeddable":true,"href":"https:\/\/ulpmat.com\/it\/wp-json\/wp\/v2\/product_tag?post=50777"}],"curies":[{"name":"wp","href":"https:\/\/api.w.org\/{rel}","templated":true}]}}