{"id":50741,"date":"2026-01-08T14:45:08","date_gmt":"2026-01-08T06:45:08","guid":{"rendered":"https:\/\/ulpmat.com\/product\/ossido-di-vanadio-4\/"},"modified":"2026-01-08T14:45:08","modified_gmt":"2026-01-08T06:45:08","slug":"ossido-di-vanadio-4","status":"publish","type":"product","link":"https:\/\/ulpmat.com\/it\/prodotto\/ossido-di-vanadio-4\/","title":{"rendered":"Ossido di vanadio"},"content":{"rendered":"<h2><span style=\"font-size: 14pt;\">Target di sputtering in ossido di vanadio Panoramica<\/span><\/h2>\n<p>I target di sputtering<br \/>\n<span style=\"color: #0000ff;\"><a style=\"color: #0000ff;\" href=\"https:\/\/ulpmat.com\/it\/ricerca\/?type=name&#038;keyword=Vanadium+Oxide\">in ossido di vanadio<\/a><\/span><br \/>\nsono importanti target in ossido di metallo di transizione adatti alla preparazione di film sottili di ossido con propriet\u00e0 elettriche e strutturali speciali. Questo prodotto \u00e8 ampiamente utilizzato nei film sottili funzionali, nella ricerca sui dispositivi elettronici e nello sviluppo di materiali e processi relativi al cambiamento di fase.<\/p>\n<p>Offriamo target di sputtering in V\u2082O\u2083 in varie dimensioni e strutture, supportando l&#8217;abbinamento dei processi e la lavorazione personalizzata. <span style=\"color: #0000ff;\"><a style=\"color: #0000ff;\" href=\"https:\/\/ulpmat.com\/it\/contatto\/\">Contattateci<\/a><\/span><br \/>\nper <span style=\"color: #0000ff;\"><a style=\"color: #0000ff;\" href=\"https:\/\/ulpmat.com\/it\/servizio\/assistenza-tecnica\/\">assistenza tecnica.<\/a><\/span><\/p>\n<h2><span style=\"font-size: 14pt;\">Caratteristiche principali del prodotto<\/span><\/h2>\n<p>Composizione stabile dell&#8217;ossido<br \/>\nElevata densit\u00e0 del bersaglio<br \/>\nProcesso di sputtering controllabile<br \/>\nBuona ripetibilit\u00e0 del film<br \/>\nCompatibile con vari processi di deposizione<br \/>\nSupporta <span style=\"color: #0000ff;\"><a style=\"color: #0000ff;\" href=\"https:\/\/ulpmat.com\/it\/servizio\/legame-con-lobiettivo\/\">il bonding<\/a><\/span><br \/>\ndel backplane<\/p>\n<h2><span style=\"font-size: 14pt;\">Applicazioni dei bersagli per sputtering di ossido di vanadio<\/span><\/h2>\n<p><strong>Preparazione di film sottili di ossido funzionale:<\/strong><br \/>\npu\u00f2 essere utilizzato per depositare film sottili di ossido di metallo di transizione, soddisfacendo i requisiti di applicazioni con propriet\u00e0 elettriche e strutturali specifiche.<\/p>\n<p><strong>Materiali a cambiamento di fase e ricerca sui dispositivi:<\/strong><br \/>\nquesto target \u00e8 spesso utilizzato per studiare il comportamento di cambiamento di fase in relazione alla temperatura o ai campi esterni ed \u00e8 un&#8217;importante fonte di deposizione per i materiali funzionali a cambiamento di fase.<\/p>\n<p><strong>Applicazioni nell&#8217;elettronica e nei dispositivi micro\/nano:<\/strong><br \/>\ni film sottili di V\u2082O\u2083 possono fungere da strati funzionali nella progettazione della struttura dei dispositivi durante la fabbricazione di dispositivi elettronici e strutture micro\/nano.<\/p>\n<p><strong>Ricerca e sviluppo dei parametri di processo:<\/strong><br \/>\nadatto per universit\u00e0 e istituti di ricerca per l&#8217;esplorazione delle finestre di processo di sputtering e la ricerca sul controllo delle prestazioni dei film sottili.<\/p>\n<h2><span style=\"color: #0000ff; font-size: 14pt;\"><a style=\"color: #0000ff;\" href=\"https:\/\/ulpmat.com\/it\/azienda\/domande-frequenti\/\">Domande frequenti<\/a><\/span><\/h2>\n<p>D1: A quale metodo di sputtering \u00e8 adatto il target di sputtering di ossido di vanadio?<br \/>\nR1: Questo target pu\u00f2 essere utilizzato per lo sputtering RF e, in condizioni adeguate, per lo sputtering DC, a seconda della configurazione dell&#8217;apparecchiatura.<\/p>\n<p>D2: \u00c8 necessario il controllo dell&#8217;atmosfera quando si utilizzano target V\u2082O\u2083?<br \/>\nR2: In generale, l&#8217;atmosfera di deposizione deve essere controllata per ottenere la composizione e la struttura desiderate del film sottile.<\/p>\n<p>D3: I target di sputtering all&#8217;ossido di vanadio possono essere incollati su un backplane?<br \/>\nR3: S\u00ec, a seconda dei requisiti dell&#8217;applicazione, il target pu\u00f2 essere incollato su un backplane metallico per migliorare la dissipazione del calore e la stabilit\u00e0 di montaggio.<\/p>\n<p>Q4: Il target di ossido di vanadio \u00e8 pi\u00f9 adatto per applicazioni di ricerca o di produzione?<br \/>\nA4: Attualmente utilizzato principalmente nella ricerca scientifica e nello sviluppo di processi su piccola scala, \u00e8 adatto anche per la produzione pilota di film sottili funzionali specifici.<\/p>\n<h2><span style=\"font-size: 14pt;\">Rapporti<\/span><\/h2>\n<p>Ogni lotto viene fornito con:<br \/>\n<span style=\"color: #0000ff;\"><a style=\"color: #0000ff;\" href=\"https:\/\/ulpmat.com\/it\/documenti\/certificato-di-analisi\/\"><u>Certificato di analisi (COA)<\/u><\/a><\/span><\/p>\n<p><span style=\"color: #0000ff;\"><a style=\"color: #0000ff;\" href=\"https:\/\/ulpmat.com\/it\/documenti\/scheda-tecnica\/\"><u>Scheda tecnica (TDS)<\/u><\/a><\/span><\/p>\n<p><span style=\"color: #0000ff;\"><a style=\"color: #0000ff;\" href=\"https:\/\/ulpmat.com\/it\/documenti\/scheda-di-sicurezza\/\"><u>Scheda di sicurezza (MSDS)<\/u><\/a><\/span><br \/>\nRapporto di ispezione delle dimensioni<br \/>\nRapporti di test di terze parti disponibili su richiesta<\/p>\n<h2><span style=\"font-size: 14pt;\">Perch\u00e9 scegliere noi?<\/span><\/h2>\n<p>Abbiamo una comprovata esperienza nella fornitura di target per sputtering di ossidi, conosciamo bene le caratteristiche applicative del V\u2082O\u2083 nella deposizione di film sottili e nella ricerca sulla transizione di fase e siamo in grado di fornire target di qualit\u00e0 stabile, informazioni tecniche chiare e un supporto <span style=\"color: #0000ff;\"><a style=\"color: #0000ff;\" href=\"https:\/\/ulpmat.com\/it\/servizio\/personalizzazione\/\">personalizzato<\/a><\/span><br \/>\nflessibile per aiutare i clienti a portare avanti in modo efficiente i loro progetti di ricerca e applicazione.<\/p>\n","protected":false},"excerpt":{"rendered":"<p>Target di sputtering in ossido di vanadio Panoramica I target di sputtering in ossido di vanadio sono importanti target in ossido di metallo di transizione adatti alla preparazione di film sottili di ossido con propriet\u00e0 elettriche e strutturali speciali. Questo prodotto \u00e8 ampiamente utilizzato nei film sottili funzionali, nella ricerca sui dispositivi elettronici e nello [&hellip;]<\/p>\n","protected":false},"featured_media":50742,"template":"","meta":{"_acf_changed":false},"product_brand":[132],"product_cat":[453],"product_tag":[7534],"class_list":{"0":"post-50741","1":"product","2":"type-product","3":"status-publish","4":"has-post-thumbnail","6":"product_brand-ulpmat","7":"product_cat-target-di-sputtering-in-ceramica","8":"product_tag-target-di-sputtering-allossido-di-vanadio","10":"first","11":"instock","12":"shipping-taxable","13":"product-type-variable"},"acf":[],"_links":{"self":[{"href":"https:\/\/ulpmat.com\/it\/wp-json\/wp\/v2\/product\/50741","targetHints":{"allow":["GET"]}}],"collection":[{"href":"https:\/\/ulpmat.com\/it\/wp-json\/wp\/v2\/product"}],"about":[{"href":"https:\/\/ulpmat.com\/it\/wp-json\/wp\/v2\/types\/product"}],"wp:featuredmedia":[{"embeddable":true,"href":"https:\/\/ulpmat.com\/it\/wp-json\/wp\/v2\/media\/50742"}],"wp:attachment":[{"href":"https:\/\/ulpmat.com\/it\/wp-json\/wp\/v2\/media?parent=50741"}],"wp:term":[{"taxonomy":"product_brand","embeddable":true,"href":"https:\/\/ulpmat.com\/it\/wp-json\/wp\/v2\/product_brand?post=50741"},{"taxonomy":"product_cat","embeddable":true,"href":"https:\/\/ulpmat.com\/it\/wp-json\/wp\/v2\/product_cat?post=50741"},{"taxonomy":"product_tag","embeddable":true,"href":"https:\/\/ulpmat.com\/it\/wp-json\/wp\/v2\/product_tag?post=50741"}],"curies":[{"name":"wp","href":"https:\/\/api.w.org\/{rel}","templated":true}]}}