{"id":50449,"date":"2026-01-08T14:45:12","date_gmt":"2026-01-08T06:45:12","guid":{"rendered":"https:\/\/ulpmat.com\/product\/nitruro-di-vanadio\/"},"modified":"2026-01-08T14:45:12","modified_gmt":"2026-01-08T06:45:12","slug":"nitruro-di-vanadio","status":"publish","type":"product","link":"https:\/\/ulpmat.com\/it\/prodotto\/nitruro-di-vanadio\/","title":{"rendered":"Nitruro di vanadio"},"content":{"rendered":"<h2><span style=\"font-size: 14pt;\">Target di sputtering in nitruro di vanadio Panoramica<\/span><\/h2>\n<p>I target di sputtering<br \/>\n<span style=\"color: #0000ff;\"><a style=\"color: #0000ff;\" href=\"https:\/\/ulpmat.com\/it\/ricerca\/?type=name&#038;keyword=Vanadium+nitride\">in nitruro di vanadio<\/a><\/span><br \/>\nsono target funzionali con elevata durezza e buona stabilit\u00e0 termica, adatti a vari processi di deposizione fisica da vapore. Questi target consentono di preparare film sottili di nitruro densi e stabili.<\/p>\n<p>Offriamo target di sputtering in nitruro di vanadio in varie dimensioni e strutture. <span style=\"color: #0000ff;\"><a style=\"color: #0000ff;\" href=\"https:\/\/ulpmat.com\/it\/contatto\/\">Contattateci<\/a><\/span><br \/>\nper soluzioni personalizzate e <span style=\"color: #0000ff;\"><a style=\"color: #0000ff;\" href=\"https:\/\/ulpmat.com\/it\/servizio\/assistenza-tecnica\/\">assistenza tecnica.<\/a><\/span><\/p>\n<h2><span style=\"font-size: 14pt;\">Caratteristiche principali del prodotto<\/span><\/h2>\n<p>Processo di sputtering stabile<br \/>\nElevata densit\u00e0 del target<br \/>\nBuona adesione del film<br \/>\nEccellente resistenza all&#8217;usura<br \/>\nStabilit\u00e0 termica affidabile<br \/>\nSpecifiche di dimensioni flessibili<\/p>\n<h2><span style=\"font-size: 14pt;\">Applicazioni dei target di sputtering in nitruro di vanadio<\/span><\/h2>\n<p><strong>Preparazione di film funzionali resistenti all&#8217;usura:<\/strong><br \/>\nadatti per la preparazione di film ad alta durezza e resistenti all&#8217;usura, migliorano efficacemente la resistenza all&#8217;usura delle superfici dei substrati.<br \/>\n<strong>Rivestimento di superfici di utensili e stampi:<\/strong><br \/>\ni rivestimenti in nitruro di vanadio formati mediante sputtering possono migliorare la stabilit\u00e0 di utensili e stampi in condizioni di carico elevato.<br \/>\n<strong>Pellicole sottili per dispositivi elettronici e funzionali:<\/strong><br \/>\nquesto target pu\u00f2 essere utilizzato per la preparazione di pellicole sottili funzionali, soddisfacendo i requisiti di elevata uniformit\u00e0 strutturale e coerenza delle prestazioni nelle applicazioni.<br \/>\n<strong>Ricerca scientifica e ricerca sui processi di pellicole sottili:<\/strong><br \/>\ncomunemente utilizzato nella ricerca sui materiali per pellicole sottili e sui processi di deposizione, adatto per applicazioni in laboratorio e su scala pilota.<\/p>\n<h2><span style=\"color: #0000ff;\"><a style=\"color: #0000ff;\" href=\"https:\/\/ulpmat.com\/it\/azienda\/domande-frequenti\/\"><span style=\"font-size: 14pt;\">Domande frequenti<\/span><\/a><\/span><\/h2>\n<p>D1: Il target di sputtering in nitruro di vanadio \u00e8 stabile durante lo sputtering?<br \/>\nA1: Con parametri di processo adeguati, il processo di sputtering del target \u00e8 stabile e la continuit\u00e0 della formazione del film \u00e8 buona.<\/p>\n<p>D2: In che modo la densit\u00e0 del target influisce sulle prestazioni del film?<br \/>\nA2: Una densit\u00e0 pi\u00f9 elevata aiuta a ottenere film con struttura uniforme e buona adesione.<\/p>\n<p>D3: Questo target \u00e8 adatto per lo sputtering continuo a lungo termine?<br \/>\nA3: In condizioni di raffreddamento e controllo del processo adeguate, pu\u00f2 soddisfare i requisiti per lo sputtering continuo o a lungo termine.<\/p>\n<p>D4: Quali precauzioni devono essere prese durante l&#8217;uso?<br \/>\nA4: Si raccomanda di installarlo e utilizzarlo in un ambiente pulito e asciutto e con parametri di sputtering adeguati.<\/p>\n<h2><span style=\"font-size: 14pt;\">Rapporti<\/span><\/h2>\n<p>Ogni lotto viene fornito con:<br \/>\n<span style=\"color: #0000ff;\"><a style=\"color: #0000ff;\" href=\"https:\/\/ulpmat.com\/it\/documenti\/certificato-di-analisi\/\"><u>Certificato di analisi (COA)<\/u><\/a><\/span><\/p>\n<p><span style=\"color: #0000ff;\"><a style=\"color: #0000ff;\" href=\"https:\/\/ulpmat.com\/it\/documenti\/scheda-tecnica\/\"><u>Scheda tecnica (TDS)<\/u><\/a><\/span><\/p>\n<p><span style=\"color: #0000ff;\"><a style=\"color: #0000ff;\" href=\"https:\/\/ulpmat.com\/it\/documenti\/scheda-di-sicurezza\/\"><u>Scheda di sicurezza (MSDS)<\/u><\/a><\/span><br \/>\nRapporto di ispezione delle dimensioni<br \/>\nRapporti di test di terze parti disponibili su richiesta<\/p>\n<h2><span style=\"font-size: 14pt;\">Perch\u00e9 scegliere noi?<\/span><\/h2>\n<p>Da tempo ci concentriamo sulla preparazione e sul supporto applicativo di target di sputtering funzionali e siamo in grado di fornire in modo stabile target di sputtering in nitruro di vanadio con una struttura affidabile e prestazioni costanti. Forniamo inoltre consulenza tecnica mirata in base alle condizioni di processo dei clienti per aiutare a ottenere una deposizione stabile e una preparazione di film sottili di alta qualit\u00e0.<\/p>\n","protected":false},"excerpt":{"rendered":"<p>Target di sputtering in nitruro di vanadio Panoramica I target di sputtering in nitruro di vanadio sono target funzionali con elevata durezza e buona stabilit\u00e0 termica, adatti a vari processi di deposizione fisica da vapore. Questi target consentono di preparare film sottili di nitruro densi e stabili. Offriamo target di sputtering in nitruro di vanadio [&hellip;]<\/p>\n","protected":false},"featured_media":50450,"template":"","meta":{"_acf_changed":false},"product_brand":[132],"product_cat":[453],"product_tag":[7546],"class_list":{"0":"post-50449","1":"product","2":"type-product","3":"status-publish","4":"has-post-thumbnail","6":"product_brand-ulpmat","7":"product_cat-target-di-sputtering-in-ceramica","8":"product_tag-target-di-sputtering-al-nitruro-di-vanadio","10":"first","11":"instock","12":"shipping-taxable","13":"product-type-variable"},"acf":[],"_links":{"self":[{"href":"https:\/\/ulpmat.com\/it\/wp-json\/wp\/v2\/product\/50449","targetHints":{"allow":["GET"]}}],"collection":[{"href":"https:\/\/ulpmat.com\/it\/wp-json\/wp\/v2\/product"}],"about":[{"href":"https:\/\/ulpmat.com\/it\/wp-json\/wp\/v2\/types\/product"}],"wp:featuredmedia":[{"embeddable":true,"href":"https:\/\/ulpmat.com\/it\/wp-json\/wp\/v2\/media\/50450"}],"wp:attachment":[{"href":"https:\/\/ulpmat.com\/it\/wp-json\/wp\/v2\/media?parent=50449"}],"wp:term":[{"taxonomy":"product_brand","embeddable":true,"href":"https:\/\/ulpmat.com\/it\/wp-json\/wp\/v2\/product_brand?post=50449"},{"taxonomy":"product_cat","embeddable":true,"href":"https:\/\/ulpmat.com\/it\/wp-json\/wp\/v2\/product_cat?post=50449"},{"taxonomy":"product_tag","embeddable":true,"href":"https:\/\/ulpmat.com\/it\/wp-json\/wp\/v2\/product_tag?post=50449"}],"curies":[{"name":"wp","href":"https:\/\/api.w.org\/{rel}","templated":true}]}}