{"id":50411,"date":"2026-01-08T14:45:13","date_gmt":"2026-01-08T06:45:13","guid":{"rendered":"https:\/\/ulpmat.com\/product\/ossido-di-vanadio-2\/"},"modified":"2026-01-08T14:45:13","modified_gmt":"2026-01-08T06:45:13","slug":"ossido-di-vanadio-2","status":"publish","type":"product","link":"https:\/\/ulpmat.com\/it\/prodotto\/ossido-di-vanadio-2\/","title":{"rendered":"Ossido di vanadio"},"content":{"rendered":"<h2><span style=\"font-size: 14pt;\">Panoramica sulla polvere di ossido di vanadio<\/span><\/h2>\n<p>La polvere<br \/>\n<span style=\"color: #0000ff;\"><a style=\"color: #0000ff;\" href=\"https:\/\/ulpmat.com\/it\/ricerca\/?type=name&#038;keyword=Vanadium+oxide\">di ossido di vanadio<\/a><\/span><br \/>\n\u00e8 un materiale ossido di metallo di transizione con propriet\u00e0 di transizione di fase reversibile, che raggiunge una transizione metallo-isolante a temperatura ambiente. \u00c8 ampiamente utilizzata nel controllo termico intelligente, nei dispositivi <span style=\"color: #0000ff;\"><a style=\"color: #0000ff;\" href=\"https:\/\/ulpmat.com\/it\/applicazione\/materiali-ottici\/\">ottici<\/a><\/span><br \/>\ne nei materiali funzionali a film sottile.<\/p>\n<p>Offriamo polvere VO2 con diverse dimensioni delle particelle e forme cristalline, supportando la lavorazione personalizzata e la consulenza tecnica. <span style=\"color: #0000ff;\"><a style=\"color: #0000ff;\" href=\"https:\/\/ulpmat.com\/it\/contatto\/\">Contattateci<\/a><\/span><br \/>\nper i parametri dettagliati.<\/p>\n<h2><span style=\"font-size: 14pt;\">Caratteristiche principali del prodotto<\/span><\/h2>\n<p>Transizione di fase reversibile metallo-isolante<br \/>\nEccellenti prestazioni di controllo intelligente della temperatura<br \/>\nElevata purezza e forma cristallina controllabile<br \/>\nDistribuzione uniforme delle dimensioni delle particelle<br \/>\nBuone prestazioni di preparazione di film sottili<br \/>\nStabilit\u00e0 affidabile dei lotti<\/p>\n<h2><span style=\"font-size: 14pt;\">Applicazioni della polvere di ossido di vanadio<\/span><\/h2>\n<p><strong>Rivestimenti per il controllo termico intelligente:<\/strong><br \/>\npu\u00f2 essere utilizzata per preparare rivestimenti intelligenti a temperatura controllata, regolando la trasmittanza infrarossa in base alle variazioni della temperatura ambiente, ottenendo un risparmio energetico e una gestione termica.<br \/>\n<strong>Dispositivi di controllo <span style=\"color: #0000ff;\"><a style=\"color: #0000ff;\" href=\"https:\/\/ulpmat.com\/it\/applicazione\/materiali-ottici\/\">ottico<\/a><\/span>:<\/strong><br \/>\nsfruttando le propriet\u00e0 di transizione di fase del VO2, pu\u00f2 essere applicato a modulatori ottici, finestre intelligenti e dispositivi a infrarossi sintonizzabili, migliorando la velocit\u00e0 di risposta e le prestazioni dei dispositivi.<br \/>\n<strong>Materiali funzionali per film sottili:<\/strong><br \/>\nla polvere di VO2 \u00e8 adatta alla preparazione di film sottili funzionali, che possono essere utilizzati in dispositivi elettronici, dispositivi optoelettronici e sensori per migliorare la stabilit\u00e0 delle prestazioni dei film sottili.<br \/>\n<strong>Ricerca e sviluppo dei materiali:<\/strong><br \/>\nnella ricerca di nuovi materiali a cambiamento di fase e film sottili intelligenti, la polvere di VO\u2082 fornisce una base materiale affidabile e controllabile per gli esperimenti.<\/p>\n<h2><span style=\"color: #0000ff; font-size: 14pt;\"><a style=\"color: #0000ff;\" href=\"https:\/\/ulpmat.com\/it\/azienda\/domande-frequenti\/\">Domande frequenti<\/a><\/span><\/h2>\n<p>D1: La temperatura di transizione di fase della polvere di ossido di vanadio \u00e8 regolabile?<br \/>\nR1: La temperatura di transizione di fase metallo-isolante del VO\u2082 pu\u00f2 essere regolata in modo appropriato attraverso il drogaggio o il controllo del processo per soddisfare diversi requisiti applicativi.<\/p>\n<p>D2: Per quali metodi di preparazione di film sottili \u00e8 adatta la polvere di VO\u2082?<br \/>\nR2: Pu\u00f2 essere utilizzata in vari metodi di preparazione di film sottili, come spruzzatura, sputtering o deposizione chimica da vapore.<\/p>\n<p>D3: La polvere di VO\u2082 \u00e8 stabile alle alte temperature?<br \/>\nA3: Entro un intervallo di temperatura ragionevole, le propriet\u00e0 di transizione di fase della polvere rimangono stabili, ma a temperature eccessivamente elevate o in ambienti fortemente riducenti, \u00e8 necessario prestare attenzione ai cambiamenti nella struttura del materiale.<\/p>\n<p>Q4: Quali sono le precauzioni operative da adottare quando si utilizza la polvere di ossido di vanadio?<br \/>\nA4: Evitare l&#8217;inalazione di polvere, conservarla in un luogo asciutto e prestare attenzione al controllo della temperatura e dell&#8217;ambiente durante la lavorazione e la preparazione del film sottile.<\/p>\n<h2><span style=\"font-size: 14pt;\">Rapporto<\/span><\/h2>\n<p>Ogni lotto viene fornito con:<br \/>\n<span style=\"color: #0000ff;\"><a style=\"color: #0000ff;\" href=\"https:\/\/ulpmat.com\/it\/documenti\/certificato-di-analisi\/\"><u>Certificato di analisi (COA)<\/u><\/a><\/span><\/p>\n<p><span style=\"color: #0000ff;\"><a style=\"color: #0000ff;\" href=\"https:\/\/ulpmat.com\/it\/documenti\/scheda-tecnica\/\"><u>Scheda tecnica (TDS)<\/u><\/a><\/span><\/p>\n<p><span style=\"color: #0000ff;\"><a style=\"color: #0000ff;\" href=\"https:\/\/ulpmat.com\/it\/documenti\/scheda-di-sicurezza\/\"><u>Scheda di sicurezza (MSDS)<\/u><\/a><\/span><br \/>\nRapporti di test di terze parti disponibili su richiesta<\/p>\n<h2><span style=\"font-size: 14pt;\">Perch\u00e9 scegliere noi?<\/span><\/h2>\n<p>Siamo specializzati nella ricerca e nella fornitura di materiali funzionali a base di ossido di vanadio, fornendo polvere di VO2 con propriet\u00e0 di cambiamento di fase stabili e dimensioni delle particelle controllabili. Offriamo anche un supporto tecnico professionale su misura per gli scenari applicativi dei nostri clienti, contribuendo allo sviluppo affidabile di film sottili e dispositivi intelligenti.<\/p>\n","protected":false},"excerpt":{"rendered":"<p>Panoramica sulla polvere di ossido di vanadio La polvere di ossido di vanadio \u00e8 un materiale ossido di metallo di transizione con propriet\u00e0 di transizione di fase reversibile, che raggiunge una transizione metallo-isolante a temperatura ambiente. \u00c8 ampiamente utilizzata nel controllo termico intelligente, nei dispositivi ottici e nei materiali funzionali a film sottile. Offriamo polvere [&hellip;]<\/p>\n","protected":false},"featured_media":50412,"template":"","meta":{"_acf_changed":false},"product_brand":[132],"product_cat":[436],"product_tag":[7540],"class_list":{"0":"post-50411","1":"product","2":"type-product","3":"status-publish","4":"has-post-thumbnail","6":"product_brand-ulpmat","7":"product_cat-ossidi","8":"product_tag-ossido-di-vanadio-in-polvere","10":"first","11":"instock","12":"shipping-taxable","13":"product-type-variable"},"acf":[],"_links":{"self":[{"href":"https:\/\/ulpmat.com\/it\/wp-json\/wp\/v2\/product\/50411","targetHints":{"allow":["GET"]}}],"collection":[{"href":"https:\/\/ulpmat.com\/it\/wp-json\/wp\/v2\/product"}],"about":[{"href":"https:\/\/ulpmat.com\/it\/wp-json\/wp\/v2\/types\/product"}],"wp:featuredmedia":[{"embeddable":true,"href":"https:\/\/ulpmat.com\/it\/wp-json\/wp\/v2\/media\/50412"}],"wp:attachment":[{"href":"https:\/\/ulpmat.com\/it\/wp-json\/wp\/v2\/media?parent=50411"}],"wp:term":[{"taxonomy":"product_brand","embeddable":true,"href":"https:\/\/ulpmat.com\/it\/wp-json\/wp\/v2\/product_brand?post=50411"},{"taxonomy":"product_cat","embeddable":true,"href":"https:\/\/ulpmat.com\/it\/wp-json\/wp\/v2\/product_cat?post=50411"},{"taxonomy":"product_tag","embeddable":true,"href":"https:\/\/ulpmat.com\/it\/wp-json\/wp\/v2\/product_tag?post=50411"}],"curies":[{"name":"wp","href":"https:\/\/api.w.org\/{rel}","templated":true}]}}