{"id":50383,"date":"2026-01-08T14:45:13","date_gmt":"2026-01-08T06:45:13","guid":{"rendered":"https:\/\/ulpmat.com\/product\/ossido-di-vanadio\/"},"modified":"2026-01-08T14:45:13","modified_gmt":"2026-01-08T06:45:13","slug":"ossido-di-vanadio","status":"publish","type":"product","link":"https:\/\/ulpmat.com\/it\/prodotto\/ossido-di-vanadio\/","title":{"rendered":"Ossido di vanadio"},"content":{"rendered":"<h2><span style=\"font-size: 14pt;\">Target di sputtering in ossido di vanadio Panoramica<\/span><\/h2>\n<p>I target di sputtering<br \/>\n<span style=\"color: #0000ff;\"><a style=\"color: #0000ff;\" href=\"https:\/\/ulpmat.com\/it\/ricerca\/?type=name&#038;keyword=Vanadium+oxide\">in ossido di vanadio<\/a><\/span><br \/>\nsono target funzionali reversibili con cambiamento di fase metallo-isolante adatti a vari processi di deposizione fisica da vapore. Possono essere utilizzati per preparare film sottili funzionali intelligenti, densi e stabili, ampiamente applicati nella modulazione ottica e nella gestione termica.<\/p>\n<p>Offriamo target di sputtering VO2 di varie dimensioni, forme cristalline e controlli di densit\u00e0. <span style=\"color: #0000ff;\"><a style=\"color: #0000ff;\" href=\"https:\/\/ulpmat.com\/it\/contatto\/\">Contattateci<\/a><\/span><br \/>\nper soluzioni personalizzate e <span style=\"color: #0000ff;\"><a style=\"color: #0000ff;\" href=\"https:\/\/ulpmat.com\/it\/servizio\/assistenza-tecnica\/\">assistenza tecnica.<\/a><\/span><\/p>\n<h2><span style=\"font-size: 14pt;\">Caratteristiche principali del prodotto<\/span><\/h2>\n<p>Target ad alta densit\u00e0<br \/>\nBuona stabilit\u00e0 di sputtering<br \/>\nPrestazioni di cambiamento di fase del film sottile controllabili<br \/>\nAdatto alla preparazione di film sottili per il controllo termico intelligente<br \/>\nDimensioni e forma cristallina personalizzabili<br \/>\nAffidabile uniformit\u00e0 dei lotti<\/p>\n<h2><span style=\"font-size: 14pt;\">Applicazioni dei target per sputtering di ossido di vanadio<\/span><\/h2>\n<p><strong>Preparazione di film sottili per il controllo termico intelligente:<\/strong><br \/>\nin grado di depositare film sottili intelligenti a temperatura controllata che regolano la trasmittanza infrarossa in base alle variazioni della temperatura ambiente, ottenendo funzioni di risparmio energetico e gestione termica.<br \/>\n<strong>Rivestimento di dispositivi di modulazione <span style=\"color: #0000ff;\"><a style=\"color: #0000ff;\" href=\"https:\/\/ulpmat.com\/it\/applicazione\/materiali-ottici\/\">ottica<\/a><\/span>:<\/strong><br \/>\ni film sottili VO2 formati mediante sputtering possono essere utilizzati in modulatori ottici, finestre intelligenti e dispositivi a infrarossi, migliorando la velocit\u00e0 di risposta e la stabilit\u00e0 dei dispositivi.<br \/>\n<strong>Film sottili elettronici funzionali:<\/strong><br \/>\ni target VO2 sono adatti alla preparazione di film sottili elettronici funzionali per sensori e dispositivi elettronici, garantendo prestazioni del film costanti e affidabili.<br \/>\n<strong>Ricerca e sviluppo di processi:<\/strong><br \/>\ni target sono comunemente utilizzati nella ricerca di film sottili VO2 e materiali funzionali a cambiamento di fase, fornendo una base materiale stabile per applicazioni in laboratorio e su scala pilota.<\/p>\n<h2><span style=\"color: #0000ff;\"><a style=\"color: #0000ff;\" href=\"https:\/\/ulpmat.com\/it\/azienda\/domande-frequenti\/\"><span style=\"font-size: 14pt;\">Domande frequenti<\/span><\/a><\/span><\/h2>\n<p>D1: Quali processi di sputtering sono adatti per i target di ossido di vanadio?<br \/>\nR1: Possono essere utilizzati per lo sputtering magnetronico, lo sputtering DC o lo sputtering RF, garantendo la continuit\u00e0 del film e l&#8217;uniformit\u00e0 strutturale.<\/p>\n<p>D2: In che modo la densit\u00e0 del bersaglio influisce sulle prestazioni del film?<br \/>\nR2: I bersagli ad alta densit\u00e0 aiutano a formare film funzionali con una buona adesione e una struttura densa, migliorando la stabilit\u00e0 delle propriet\u00e0 di cambiamento di fase.<\/p>\n<p>D3: I bersagli sono adatti per la sputtering continua a lungo termine?<br \/>\nR3: Con un adeguato raffreddamento e controllo del processo, \u00e8 possibile soddisfare i requisiti di deposizione continua o a lungo termine.<\/p>\n<p>D4: Quali precauzioni devono essere prese quando si utilizzano target VO2?<br \/>\nR4: Si raccomanda di mantenere il target pulito e asciutto, evitare urti e inalazione di polvere durante il funzionamento e controllare la temperatura e l&#8217;atmosfera di sputtering secondo i parametri raccomandati dall&#8217;apparecchiatura.<\/p>\n<h2><span style=\"font-size: 14pt;\">Rapporto<\/span><\/h2>\n<p>Ogni lotto viene fornito con:<br \/>\n<span style=\"color: #0000ff;\"><a style=\"color: #0000ff;\" href=\"https:\/\/ulpmat.com\/it\/documenti\/certificato-di-analisi\/\"><u>Certificato di analisi (COA)<\/u><\/a><\/span><\/p>\n<p><span style=\"color: #0000ff;\"><a style=\"color: #0000ff;\" href=\"https:\/\/ulpmat.com\/it\/documenti\/scheda-tecnica\/\"><u>Scheda tecnica (TDS)<\/u><\/a><\/span><\/p>\n<p><span style=\"color: #0000ff;\"><a style=\"color: #0000ff;\" href=\"https:\/\/ulpmat.com\/it\/documenti\/scheda-di-sicurezza\/\"><u>Scheda di sicurezza (MSDS)<\/u><\/a><\/span><br \/>\nRapporto di ispezione delle dimensioni<br \/>\nRapporti di test di terze parti disponibili su richiesta<\/p>\n<h2><span style=\"font-size: 14pt;\">Perch\u00e9 scegliere noi?<\/span><\/h2>\n<p>Da tempo ci concentriamo sulla preparazione e sul supporto applicativo di target di sputtering funzionali in ossido di vanadio, fornendo target di sputtering VO2 densi e stabili e offrendo consulenza professionale su misura per le esigenze di processo dei clienti, al fine di garantire la fabbricazione di alta qualit\u00e0 di film sottili intelligenti e dispositivi funzionali.<\/p>\n","protected":false},"excerpt":{"rendered":"<p>Target di sputtering in ossido di vanadio Panoramica I target di sputtering in ossido di vanadio sono target funzionali reversibili con cambiamento di fase metallo-isolante adatti a vari processi di deposizione fisica da vapore. Possono essere utilizzati per preparare film sottili funzionali intelligenti, densi e stabili, ampiamente applicati nella modulazione ottica e nella gestione termica. [&hellip;]<\/p>\n","protected":false},"featured_media":50384,"template":"","meta":{"_acf_changed":false},"product_brand":[132],"product_cat":[453],"product_tag":[7534],"class_list":{"0":"post-50383","1":"product","2":"type-product","3":"status-publish","4":"has-post-thumbnail","6":"product_brand-ulpmat","7":"product_cat-target-di-sputtering-in-ceramica","8":"product_tag-target-di-sputtering-allossido-di-vanadio","10":"first","11":"instock","12":"shipping-taxable","13":"product-type-variable"},"acf":[],"_links":{"self":[{"href":"https:\/\/ulpmat.com\/it\/wp-json\/wp\/v2\/product\/50383","targetHints":{"allow":["GET"]}}],"collection":[{"href":"https:\/\/ulpmat.com\/it\/wp-json\/wp\/v2\/product"}],"about":[{"href":"https:\/\/ulpmat.com\/it\/wp-json\/wp\/v2\/types\/product"}],"wp:featuredmedia":[{"embeddable":true,"href":"https:\/\/ulpmat.com\/it\/wp-json\/wp\/v2\/media\/50384"}],"wp:attachment":[{"href":"https:\/\/ulpmat.com\/it\/wp-json\/wp\/v2\/media?parent=50383"}],"wp:term":[{"taxonomy":"product_brand","embeddable":true,"href":"https:\/\/ulpmat.com\/it\/wp-json\/wp\/v2\/product_brand?post=50383"},{"taxonomy":"product_cat","embeddable":true,"href":"https:\/\/ulpmat.com\/it\/wp-json\/wp\/v2\/product_cat?post=50383"},{"taxonomy":"product_tag","embeddable":true,"href":"https:\/\/ulpmat.com\/it\/wp-json\/wp\/v2\/product_tag?post=50383"}],"curies":[{"name":"wp","href":"https:\/\/api.w.org\/{rel}","templated":true}]}}