{"id":50238,"date":"2026-01-08T16:15:49","date_gmt":"2026-01-08T08:15:49","guid":{"rendered":"https:\/\/ulpmat.com\/product\/scandio-metallico-4\/"},"modified":"2026-01-08T16:15:49","modified_gmt":"2026-01-08T08:15:49","slug":"scandio-metallico-4","status":"publish","type":"product","link":"https:\/\/ulpmat.com\/it\/prodotto\/scandio-metallico-4\/","title":{"rendered":"Scandio metallico"},"content":{"rendered":"<h2><span style=\"font-size: 14pt;\">Panoramica sulla lamina metallica di scandio<\/span><\/h2>\n<p>La lamina<br \/>\n<span style=\"color: #0000ff;\"><a style=\"color: #0000ff;\" href=\"https:\/\/ulpmat.com\/it\/ricerca\/?type=name&#038;keyword=Scandium+metal\">metallica di scandio<\/a><\/span><br \/>\n\u00e8 un materiale metallico sottile ottenuto da scandio metallico ad alta purezza mediante laminazione di precisione. Possiede un&#8217;eccellente duttilit\u00e0 e propriet\u00e0 fisiche stabili. Questo materiale \u00e8 comunemente utilizzato nella preparazione di film sottili funzionali, in esperimenti di ricerca scientifica e in settori manifatturieri avanzati con elevati requisiti di purezza e uniformit\u00e0 dei materiali.<\/p>\n<p>Offriamo lamina metallica di scandio in vari spessori, dimensioni e finiture superficiali e supportiamo <span style=\"color: #0000ff;\"><a style=\"color: #0000ff;\" href=\"https:\/\/ulpmat.com\/it\/servizio\/personalizzazione\/\">la personalizzazione<\/a><\/span><br \/>\nin base alle esigenze sperimentali o di produzione. <span style=\"color: #0000ff;\"><a style=\"color: #0000ff;\" href=\"https:\/\/ulpmat.com\/it\/contatto\/\">Contattateci<\/a><\/span><br \/>\ndirettamente per i parametri specifici.<\/p>\n<h2><span style=\"font-size: 14pt;\">Caratteristiche principali del prodotto<\/span><\/h2>\n<p>Materia prima metallica di scandio ad alta purezza<br \/>\nSpessore uniforme e superficie liscia<br \/>\nFacile da tagliare e lavorare<br \/>\nAdatto per ambienti sottovuoto e inerti<br \/>\nStabilit\u00e0 del lotto e buona ripetibilit\u00e0<br \/>\nDimensioni e confezioni personalizzabili<\/p>\n<h2><span style=\"font-size: 14pt;\">Applicazioni della lamina metallica di scandio<\/span><\/h2>\n<p><strong>Preparazione di film sottili funzionali:<\/strong><br \/>\npu\u00f2 essere utilizzata come materiale precursore per l&#8217;evaporazione o la polverizzazione per preparare film sottili funzionali ad alte prestazioni, soddisfacendo i requisiti di processo di un rigoroso controllo della composizione.<br \/>\n<strong>Ricerca scientifica e ricerca sui materiali:<\/strong><br \/>\ncomunemente utilizzato nelle universit\u00e0 e negli istituti di ricerca per la ricerca di base e gli esperimenti di verifica sulle propriet\u00e0 di nuove leghe, ossidi e materiali correlati.<br \/>\n<strong>Esperimenti comparativi su metalli ad alta purezza:<\/strong><br \/>\nquesto prodotto \u00e8 adatto per esperimenti comparativi su sistemi metallici ad alta purezza, facilitando lo studio degli effetti strutturali e prestazionali dello scandio in diversi sistemi.<br \/>\n<strong>Sviluppo di leghe speciali:<\/strong><br \/>\npu\u00f2 essere utilizzato come materia prima nella formulazione di leghe, fornendo un supporto fondamentale per la ricerca e lo sviluppo di leghe leggere ad alta resistenza o nuovi materiali strutturali.<\/p>\n<h2><span style=\"font-size: 14pt; color: #0000ff;\"><a style=\"color: #0000ff;\" href=\"https:\/\/ulpmat.com\/it\/azienda\/domande-frequenti\/\">Domande frequenti<\/a><\/span><\/h2>\n<p>D1: Qual \u00e8 la purezza tipica della lamina metallica di scandio?<br \/>\nR1: I prodotti comuni sono lamine metalliche di scandio ad alta purezza. \u00c8 possibile fornire livelli di purezza specifici in base alle esigenze.<\/p>\n<p>D2: La lamina metallica di scandio \u00e8 stabile all&#8217;aria?<br \/>\nR2: Il metallo scandio pu\u00f2 ossidarsi lentamente sulla superficie all&#8217;aria. Si consiglia generalmente di conservarlo e utilizzarlo in condizioni di gas inerte o sottovuoto.<\/p>\n<p>D3: Lo spessore del prodotto pu\u00f2 essere personalizzato?<br \/>\nR3: S\u00ec, sono disponibili vari intervalli di spessore a seconda dello scenario di applicazione ed \u00e8 supportata la lavorazione personalizzata.<\/p>\n<p>Q4: La lamina di scandio \u00e8 adatta per la conservazione a lungo termine?<br \/>\nA4: No, in genere deve essere conservata in condizioni di atmosfera sigillata, a prova di umidit\u00e0 e inerte e utilizzata il prima possibile.<\/p>\n<h2><span style=\"font-size: 14pt;\">Rapporto<\/span><\/h2>\n<p>Ogni lotto viene fornito con:<br \/>\n<span style=\"color: #0000ff;\"><a style=\"color: #0000ff;\" href=\"https:\/\/ulpmat.com\/it\/documenti\/certificato-di-analisi\/\"><u>Certificato di analisi (COA)<\/u><\/a><\/span><\/p>\n<p><span style=\"color: #0000ff;\"><a style=\"color: #0000ff;\" href=\"https:\/\/ulpmat.com\/it\/documenti\/scheda-tecnica\/\"><u>Scheda tecnica (TDS)<\/u><\/a><\/span><\/p>\n<p><span style=\"color: #0000ff;\"><a style=\"color: #0000ff;\" href=\"https:\/\/ulpmat.com\/it\/documenti\/scheda-di-sicurezza\/\"><u>Scheda di sicurezza dei materiali (MSDS)<\/u><\/a><\/span><br \/>\nRapporto di ispezione delle dimensioni<br \/>\nRapporti di test di terze parti disponibili su richiesta<\/p>\n<h2><span style=\"font-size: 14pt;\">Perch\u00e9 scegliere noi?<\/span><\/h2>\n<p>Da tempo ci concentriamo sulla fornitura stabile di materiali metallici ad alta purezza e sui relativi metodi di lavorazione. Conosciamo bene le caratteristiche di lavorazione e conservazione del metallo scandio e siamo in grado di fornire ai clienti prodotti di qualit\u00e0 affidabile, informazioni tecniche chiare e un supporto flessibile per la personalizzazione, adatto a varie applicazioni nella ricerca scientifica e nell&#8217;industrializzazione.<\/p>\n","protected":false},"excerpt":{"rendered":"<p>Panoramica sulla lamina metallica di scandio La lamina metallica di scandio \u00e8 un materiale metallico sottile ottenuto da scandio metallico ad alta purezza mediante laminazione di precisione. Possiede un&#8217;eccellente duttilit\u00e0 e propriet\u00e0 fisiche stabili. Questo materiale \u00e8 comunemente utilizzato nella preparazione di film sottili funzionali, in esperimenti di ricerca scientifica e in settori manifatturieri avanzati [&hellip;]<\/p>\n","protected":false},"featured_media":50239,"template":"","meta":{"_acf_changed":false},"product_brand":[132],"product_cat":[400],"product_tag":[7498],"class_list":{"0":"post-50238","1":"product","2":"type-product","3":"status-publish","4":"has-post-thumbnail","6":"product_brand-ulpmat","7":"product_cat-altri-materiali","8":"product_tag-foglio-di-scandio-metallico","10":"first","11":"instock","12":"shipping-taxable","13":"product-type-variable"},"acf":[],"_links":{"self":[{"href":"https:\/\/ulpmat.com\/it\/wp-json\/wp\/v2\/product\/50238","targetHints":{"allow":["GET"]}}],"collection":[{"href":"https:\/\/ulpmat.com\/it\/wp-json\/wp\/v2\/product"}],"about":[{"href":"https:\/\/ulpmat.com\/it\/wp-json\/wp\/v2\/types\/product"}],"wp:featuredmedia":[{"embeddable":true,"href":"https:\/\/ulpmat.com\/it\/wp-json\/wp\/v2\/media\/50239"}],"wp:attachment":[{"href":"https:\/\/ulpmat.com\/it\/wp-json\/wp\/v2\/media?parent=50238"}],"wp:term":[{"taxonomy":"product_brand","embeddable":true,"href":"https:\/\/ulpmat.com\/it\/wp-json\/wp\/v2\/product_brand?post=50238"},{"taxonomy":"product_cat","embeddable":true,"href":"https:\/\/ulpmat.com\/it\/wp-json\/wp\/v2\/product_cat?post=50238"},{"taxonomy":"product_tag","embeddable":true,"href":"https:\/\/ulpmat.com\/it\/wp-json\/wp\/v2\/product_tag?post=50238"}],"curies":[{"name":"wp","href":"https:\/\/api.w.org\/{rel}","templated":true}]}}