{"id":50104,"date":"2026-01-08T16:15:51","date_gmt":"2026-01-08T08:15:51","guid":{"rendered":"https:\/\/ulpmat.com\/product\/ossido-di-scandio-3\/"},"modified":"2026-01-08T16:15:51","modified_gmt":"2026-01-08T08:15:51","slug":"ossido-di-scandio-3","status":"publish","type":"product","link":"https:\/\/ulpmat.com\/it\/prodotto\/ossido-di-scandio-3\/","title":{"rendered":"Ossido di scandio"},"content":{"rendered":"<h2><span style=\"font-size: 14pt;\">Panoramica sui granuli di ossido di scandio<\/span><\/h2>\n<p>I granuli<br \/>\n<span style=\"color: #0000ff;\"><a style=\"color: #0000ff;\" href=\"https:\/\/ulpmat.com\/it\/ricerca\/?type=name&#038;keyword=Scandium+oxide\">di ossido di scandio<\/a><\/span><br \/>\nsono materiali inorganici granulari realizzati con ossido di scandio ad alta purezza, che presentano un&#8217;eccellente stabilit\u00e0 chimica e termica. Questo prodotto \u00e8 ampiamente utilizzato nella preparazione di ceramiche avanzate, materiali <span style=\"color: #0000ff;\"><a style=\"color: #0000ff;\" href=\"https:\/\/ulpmat.com\/it\/applicazione\/materiali-ottici\/\">ottici<\/a><\/span><br \/>\ne materiali funzionali ad alte prestazioni.<\/p>\n<p>Siamo in grado di fornire granuli di ossido di scandio in varie gamme di dimensioni delle particelle per soddisfare diverse esigenze di processo, adatti sia per applicazioni di ricerca che industriali.<\/p>\n<h2><span style=\"font-size: 14pt;\">Caratteristiche principali del prodotto<\/span><\/h2>\n<p>Materia prima di ossido di scandio ad alta purezza<br \/>\nMorfologia delle particelle, buona scorrevolezza<br \/>\nFacile alimentazione quantitativa<br \/>\nChimicamente stabile<br \/>\nElevata uniformit\u00e0 dei lotti<br \/>\nAdatto per applicazioni su larga scala<\/p>\n<h2><span style=\"font-size: 14pt;\">Applicazioni dei granuli di ossido di scandio<\/span><\/h2>\n<p><strong>Materiali ceramici avanzati:<\/strong><br \/>\npossono essere aggiunti ai sistemi ceramici come componente funzionale o modificante per migliorare la densit\u00e0 e le prestazioni complessive del materiale.<br \/>\n<strong>Preparazione di materiali <span style=\"color: #0000ff;\"><a style=\"color: #0000ff;\" href=\"https:\/\/ulpmat.com\/it\/applicazione\/materiali-ottici\/\">ottici<\/a><\/span>:<\/strong><br \/>\nnella preparazione di materiali ottici, i granuli aiutano a ottenere una distribuzione stabile della composizione, soddisfacendo i requisiti di omogeneit\u00e0 del materiale.<br \/>\n<strong>Ricerca sugli ossidi funzionali:<\/strong><br \/>\nquesto prodotto \u00e8 spesso utilizzato nella ricerca sperimentale su nuovi materiali ossidici, fornendo una base affidabile per la progettazione della formulazione e i test delle prestazioni.<br \/>\n<strong>Sistemi di materiali ad alta temperatura:<\/strong><br \/>\ni granuli di ossido di scandio mantengono la stabilit\u00e0 strutturale alle alte temperature, rendendoli adatti allo sviluppo di materiali resistenti alle alte temperature e ai relativi processi.<\/p>\n<h2><span style=\"color: #0000ff;\"><a style=\"color: #0000ff;\" href=\"https:\/\/ulpmat.com\/it\/azienda\/domande-frequenti\/\"><span style=\"font-size: 14pt;\">Domande<\/span><\/a><\/span><\/h2>\n<h2><span style=\"color: #0000ff;\"><a style=\"color: #0000ff;\" href=\"https:\/\/ulpmat.com\/it\/azienda\/domande-frequenti\/\"><span style=\"font-size: 14pt;\">frequenti<\/span><\/a><\/span><\/h2>\n<p>D1: Quali sono i vantaggi dei granuli di ossido di scandio rispetto alla polvere?<br \/>\nR1: Le particelle sono pi\u00f9 facili da maneggiare e pesare e il dosaggio \u00e8 pi\u00f9 facile da controllare durante la miscelazione e l&#8217;alimentazione.<\/p>\n<p>D2: I granuli di ossido di scandio sono adatti per applicazioni ad alta temperatura?<br \/>\nR2: L&#8217;ossido di scandio ha una buona stabilit\u00e0 termica, soddisfacendo i requisiti di vari sistemi di materiali ad alta temperatura.<\/p>\n<p>D3: \u00c8 possibile selezionare la dimensione delle particelle del prodotto?<br \/>\nR3: La dimensione delle particelle pu\u00f2 essere adattata in base ai requisiti dell&#8217;applicazione, supportando diversi scenari sperimentali e produttivi.<\/p>\n<p>Q4: Quali sono le principali direzioni di applicazione dei granuli di ossido di scandio?<br \/>\nA4: Utilizzati principalmente in ceramica, materiali <span style=\"color: #0000ff;\"><a style=\"color: #0000ff;\" href=\"https:\/\/ulpmat.com\/it\/applicazione\/materiali-ottici\/\">ottici<\/a><\/span><br \/>\ne campi funzionali relativi agli ossidi.<\/p>\n<h2><span style=\"font-size: 14pt;\">Rapporto<\/span><\/h2>\n<p>Ogni lotto viene fornito con:<br \/>\n<span style=\"color: #0000ff;\"><a style=\"color: #0000ff;\" href=\"https:\/\/ulpmat.com\/it\/documenti\/certificato-di-analisi\/\"><u>Certificato di analisi (COA)<\/u><\/a><\/span><\/p>\n<p><span style=\"color: #0000ff;\"><a style=\"color: #0000ff;\" href=\"https:\/\/ulpmat.com\/it\/documenti\/scheda-tecnica\/\"><u>Scheda tecnica (TDS)<\/u><\/a><\/span><\/p>\n<p><span style=\"color: #0000ff;\"><a style=\"color: #0000ff;\" href=\"https:\/\/ulpmat.com\/it\/documenti\/scheda-di-sicurezza\/\"><u>Scheda di sicurezza (MSDS)<\/u><\/a><\/span><br \/>\nRapporto di ispezione delle dimensioni<br \/>\nRapporti di test di terze parti disponibili su richiesta<\/p>\n<h2><span style=\"font-size: 14pt;\">Perch\u00e9 scegliere noi?<\/span><\/h2>\n<p>Disponiamo di un sistema di fornitura stabile e di esperienza nella gestione della qualit\u00e0 nel campo dei materiali inossidabili inorganici ad alta purezza, che ci consentono di fornire ai clienti prodotti a base di granuli di ossido di scandio di dimensioni precise, con prestazioni stabili e che possono essere riacquistati a lungo termine, soddisfacendo le esigenze di varie applicazioni industriali e di ricerca.<\/p>\n","protected":false},"excerpt":{"rendered":"<p>Panoramica sui granuli di ossido di scandio I granuli di ossido di scandio sono materiali inorganici granulari realizzati con ossido di scandio ad alta purezza, che presentano un&#8217;eccellente stabilit\u00e0 chimica e termica. Questo prodotto \u00e8 ampiamente utilizzato nella preparazione di ceramiche avanzate, materiali ottici e materiali funzionali ad alte prestazioni. Siamo in grado di fornire [&hellip;]<\/p>\n","protected":false},"featured_media":50101,"template":"","meta":{"_acf_changed":false},"product_brand":[132],"product_cat":[293],"product_tag":[7468],"class_list":{"0":"post-50104","1":"product","2":"type-product","3":"status-publish","4":"has-post-thumbnail","6":"product_brand-ulpmat","7":"product_cat-materiali-per-levaporazione","8":"product_tag-granuli-di-ossido-di-scandio","10":"first","11":"instock","12":"shipping-taxable","13":"product-type-variable"},"acf":[],"_links":{"self":[{"href":"https:\/\/ulpmat.com\/it\/wp-json\/wp\/v2\/product\/50104","targetHints":{"allow":["GET"]}}],"collection":[{"href":"https:\/\/ulpmat.com\/it\/wp-json\/wp\/v2\/product"}],"about":[{"href":"https:\/\/ulpmat.com\/it\/wp-json\/wp\/v2\/types\/product"}],"wp:featuredmedia":[{"embeddable":true,"href":"https:\/\/ulpmat.com\/it\/wp-json\/wp\/v2\/media\/50101"}],"wp:attachment":[{"href":"https:\/\/ulpmat.com\/it\/wp-json\/wp\/v2\/media?parent=50104"}],"wp:term":[{"taxonomy":"product_brand","embeddable":true,"href":"https:\/\/ulpmat.com\/it\/wp-json\/wp\/v2\/product_brand?post=50104"},{"taxonomy":"product_cat","embeddable":true,"href":"https:\/\/ulpmat.com\/it\/wp-json\/wp\/v2\/product_cat?post=50104"},{"taxonomy":"product_tag","embeddable":true,"href":"https:\/\/ulpmat.com\/it\/wp-json\/wp\/v2\/product_tag?post=50104"}],"curies":[{"name":"wp","href":"https:\/\/api.w.org\/{rel}","templated":true}]}}