{"id":50068,"date":"2026-01-08T16:15:52","date_gmt":"2026-01-08T08:15:52","guid":{"rendered":"https:\/\/ulpmat.com\/product\/ossido-di-scandio-2\/"},"modified":"2026-01-08T16:15:52","modified_gmt":"2026-01-08T08:15:52","slug":"ossido-di-scandio-2","status":"publish","type":"product","link":"https:\/\/ulpmat.com\/it\/prodotto\/ossido-di-scandio-2\/","title":{"rendered":"Ossido di scandio"},"content":{"rendered":"<h2><span style=\"font-size: 14pt;\">Panoramica sulla polvere di ossido di scandio<\/span><\/h2>\n<p>La polvere<br \/>\n<span style=\"color: #0000ff;\"><a style=\"color: #0000ff;\" href=\"https:\/\/ulpmat.com\/it\/ricerca\/?type=name&#038;keyword=Scandium+oxide\">di ossido di scandio<\/a><\/span><br \/>\n\u00e8 un materiale di ossido di terre rare ad alta purezza con eccellente stabilit\u00e0 termica e inerzia chimica. Questo prodotto \u00e8 utilizzato principalmente come componente funzionale chiave in ceramiche di alta gamma, catalisi e materiali ottici.<\/p>\n<p>Forniamo in modo professionale polveri di ossido di scandio di grado industriale e di purezza ultraelevata e offriamo servizi <span style=\"color: #0000ff;\"><a style=\"color: #0000ff;\" href=\"https:\/\/ulpmat.com\/it\/servizio\/personalizzazione\/\">di personalizzazione<\/a><\/span><br \/>\ndelle dimensioni delle particelle. <span style=\"color: #0000ff;\"><a style=\"color: #0000ff;\" href=\"https:\/\/ulpmat.com\/it\/contatto\/\">Contattateci<\/a><\/span><br \/>\nin qualsiasi momento per una consulenza sui parametri tecnici.<\/p>\n<h2><span style=\"font-size: 14pt;\">Caratteristiche principali del prodotto<\/span><\/h2>\n<p>Gamma completa di gradi di purezza<br \/>\nDistribuzione delle dimensioni delle particelle uniforme e controllabile<br \/>\nForma cristallina stabile ed eccellente purezza di fase<br \/>\nBasso contenuto di elementi radioattivi<\/p>\n<h2><span style=\"font-size: 14pt;\">Applicazioni della polvere di ossido di scandio<\/span><\/h2>\n<p><strong>Celle a combustibile a ossido solido:<\/strong><br \/>\ncome dopante elettrolitico, migliora significativamente la conduttivit\u00e0 ionica e la stabilit\u00e0 della batteria in condizioni di temperatura media e bassa.<br \/>\n<strong>Materiali ceramici speciali:<\/strong><br \/>\nl&#8217;incorporazione di ceramiche di allumina pu\u00f2 migliorare significativamente la sua resistenza e la resistenza agli shock termici, rendendola adatta per componenti strutturali ad alte prestazioni.<br \/>\n<strong>Catalizzatori di alta gamma:<\/strong><br \/>\nnell&#8217;industria petrolchimica, funge da vettore catalitico altamente efficiente, migliorando l&#8217;efficienza di conversione di reazioni come il cracking dell&#8217;olio pesante.<br \/>\n<strong>Crescita dei cristalli laser:<\/strong><br \/>\ncome fonte di drogaggio per i cristalli di granato di ittrio e alluminio, pu\u00f2 generare un&#8217;emissione laser di alta qualit\u00e0 in bande di lunghezza d&#8217;onda specifiche.<\/p>\n<h2><span style=\"color: #0000ff;\"><a style=\"color: #0000ff;\" href=\"https:\/\/ulpmat.com\/it\/azienda\/domande-frequenti\/\"><span style=\"font-size: 14pt;\">Domande frequenti<\/span><\/a><\/span><\/h2>\n<p>D1: Come scegliere tra i diversi gradi di purezza dell&#8217;ossido di scandio?<br \/>\nA1: Il grado 3N-4N \u00e8 adatto per ceramiche generiche e applicazioni catalitiche, mentre i prodotti ad alta purezza superiori a 4N5 sono consigliati per applicazioni di fascia alta sensibili alle impurit\u00e0, come cristalli laser e fosfori.<\/p>\n<p>D2: Qual \u00e8 la gamma di dimensioni delle particelle principali del prodotto?<br \/>\nA2: Offriamo diverse dimensioni delle particelle, da submicron a decine di micron, e possiamo anche personalizzare la lavorazione in base alle esigenze di sinterizzazione o dispersione dei clienti.<\/p>\n<p>Q3: La radioattivit\u00e0 dell&#8217;ossido di scandio influisce sulla sicurezza d&#8217;uso?<br \/>\nA3: I nostri prodotti sono sottoposti a test rigorosi e il contenuto di nuclidi radioattivi naturali \u00e8 ben al di sotto degli standard di sicurezza, in piena conformit\u00e0 con le normative internazionali in materia.<\/p>\n<p>Q4: Qual \u00e8 la quantit\u00e0 minima per gli ordini all&#8217;ingrosso?<br \/>\nA4: Supportiamo ordini flessibili da grammi a chilogrammi, a seconda delle specifiche del prodotto. \u00c8 possibile fornire campioni per i test e le verifiche iniziali.<\/p>\n<h2><span style=\"font-size: 14pt;\">Report<\/span><\/h2>\n<p>Ogni lotto viene fornito con:<br \/>\n<span style=\"color: #0000ff;\"><a style=\"color: #0000ff;\" href=\"https:\/\/ulpmat.com\/it\/documenti\/certificato-di-analisi\/\"><u>Certificato di analisi (COA)<\/u><\/a><\/span><\/p>\n<p><span style=\"color: #0000ff;\"><a style=\"color: #0000ff;\" href=\"https:\/\/ulpmat.com\/it\/documenti\/scheda-tecnica\/\"><u>Scheda tecnica (TDS)<\/u><\/a><\/span><\/p>\n<p><span style=\"color: #0000ff;\"><a style=\"color: #0000ff;\" href=\"https:\/\/ulpmat.com\/it\/documenti\/scheda-di-sicurezza\/\"><u>Scheda di sicurezza (MSDS)<\/u><\/a><\/span><br \/>\nRapporti di test di terze parti disponibili su richiesta<\/p>\n<h2><span style=\"font-size: 14pt;\">Perch\u00e9 scegliere noi?<\/span><\/h2>\n<p>In qualit\u00e0 di produttori professionali nel campo degli ossidi di terre rare, abbiamo istituito un sistema di controllo qualit\u00e0 completo, dalla raffinazione delle materie prime alla lavorazione del prodotto finito. Sfruttando la tecnologia avanzata di ingegneria delle polveri e la vasta esperienza applicativa, non solo garantiamo prestazioni superiori e stabili dei nostri prodotti, ma forniamo anche ai clienti un supporto tecnico applicativo approfondito e soluzioni personalizzate per assistervi nello sviluppo dei vostri prodotti e nell&#8217;aggiornamento industriale.<\/p>\n","protected":false},"excerpt":{"rendered":"<p>Panoramica sulla polvere di ossido di scandio La polvere di ossido di scandio \u00e8 un materiale di ossido di terre rare ad alta purezza con eccellente stabilit\u00e0 termica e inerzia chimica. Questo prodotto \u00e8 utilizzato principalmente come componente funzionale chiave in ceramiche di alta gamma, catalisi e materiali ottici. Forniamo in modo professionale polveri di [&hellip;]<\/p>\n","protected":false},"featured_media":50069,"template":"","meta":{"_acf_changed":false},"product_brand":[132],"product_cat":[324,436],"product_tag":[7462],"class_list":{"0":"post-50068","1":"product","2":"type-product","3":"status-publish","4":"has-post-thumbnail","6":"product_brand-ulpmat","7":"product_cat-materiali-per-terre-rare","8":"product_cat-ossidi","9":"product_tag-ossido-di-scandio-in-polvere","11":"first","12":"instock","13":"shipping-taxable","14":"product-type-variable"},"acf":[],"_links":{"self":[{"href":"https:\/\/ulpmat.com\/it\/wp-json\/wp\/v2\/product\/50068","targetHints":{"allow":["GET"]}}],"collection":[{"href":"https:\/\/ulpmat.com\/it\/wp-json\/wp\/v2\/product"}],"about":[{"href":"https:\/\/ulpmat.com\/it\/wp-json\/wp\/v2\/types\/product"}],"wp:featuredmedia":[{"embeddable":true,"href":"https:\/\/ulpmat.com\/it\/wp-json\/wp\/v2\/media\/50069"}],"wp:attachment":[{"href":"https:\/\/ulpmat.com\/it\/wp-json\/wp\/v2\/media?parent=50068"}],"wp:term":[{"taxonomy":"product_brand","embeddable":true,"href":"https:\/\/ulpmat.com\/it\/wp-json\/wp\/v2\/product_brand?post=50068"},{"taxonomy":"product_cat","embeddable":true,"href":"https:\/\/ulpmat.com\/it\/wp-json\/wp\/v2\/product_cat?post=50068"},{"taxonomy":"product_tag","embeddable":true,"href":"https:\/\/ulpmat.com\/it\/wp-json\/wp\/v2\/product_tag?post=50068"}],"curies":[{"name":"wp","href":"https:\/\/api.w.org\/{rel}","templated":true}]}}