{"id":50011,"date":"2026-01-08T16:15:53","date_gmt":"2026-01-08T08:15:53","guid":{"rendered":"https:\/\/ulpmat.com\/product\/solfuro-di-scandio\/"},"modified":"2026-01-08T16:15:53","modified_gmt":"2026-01-08T08:15:53","slug":"solfuro-di-scandio","status":"publish","type":"product","link":"https:\/\/ulpmat.com\/it\/prodotto\/solfuro-di-scandio\/","title":{"rendered":"Solfuro di scandio"},"content":{"rendered":"<h2><span style=\"font-size: 14pt;\">Panoramica sulla polvere di solfuro di scandio<\/span><\/h2>\n<p><span style=\"color: #0000ff;\"><a style=\"color: #0000ff;\" href=\"https:\/\/ulpmat.com\/it\/ricerca\/?type=name&#038;keyword=Scandium+sulfide\">Il solfuro di scandio<\/a><\/span><br \/>\n\u00e8 un materiale funzionale in polvere a base di solfuro di terre rare con una struttura cristallina unica, rinomato per le sue eccellenti propriet\u00e0 ottiche e semiconduttrici. Questo materiale presenta un notevole potenziale applicativo nella conversione termoelettrica ad alte prestazioni, <span style=\"color: #0000ff;\"><a style=\"color: #0000ff;\" href=\"https:\/\/ulpmat.com\/it\/applicazione\/materiali-ottici\/\">nell&#8217;ottica<\/a><\/span><br \/>\na infrarossi e nei dispositivi elettronici avanzati.<\/p>\n<p>Siamo specializzati nella fornitura di polveri di solfuro di scandio di varia purezza, dimensione delle particelle e forma cristallina. <span style=\"color: #0000ff;\"><a style=\"color: #0000ff;\" href=\"https:\/\/ulpmat.com\/it\/contatto\/\">Contattateci<\/a><\/span><br \/>\nper informazioni dettagliate se avete requisiti tecnici specifici.<\/p>\n<h2><span style=\"font-size: 14pt;\">Caratteristiche principali del prodotto<\/span><\/h2>\n<p>Stechiometria precisa<br \/>\nRigoroso controllo del contenuto di ossigeno<br \/>\nDistribuzione delle dimensioni delle particelle uniforme e concentrata<br \/>\nPrestazioni stabili tra i lotti<\/p>\n<h2><span style=\"font-size: 14pt;\">Applicazioni della polvere di solfuro di scandio<\/span><\/h2>\n<p><strong>Dispositivi di conversione termoelettrica<\/strong><br \/>\n: il solfuro di scandio \u00e8 un componente fondamentale dei materiali termoelettrici ad alta efficienza, in grado di convertire direttamente il calore residuo industriale in energia elettrica utilizzabile.<br \/>\n<strong>Finestre <span style=\"color: #0000ff;\"><a style=\"color: #0000ff;\" href=\"https:\/\/ulpmat.com\/it\/applicazione\/materiali-ottici\/\">ottiche<\/a><\/span> a infrarossi:<\/strong><br \/>\ngrazie alla sua eccellente trasmittanza in specifiche bande di infrarossi, pu\u00f2 essere utilizzato per produrre finestre e lenti a infrarossi ad alte prestazioni per applicazioni militari e di sicurezza.<br \/>\n<strong>Materiali per l&#8217;emissione di elettroni:<\/strong><br \/>\ncome materiale catodico per display a emissione di campo e sorgenti di elettroni ad alta potenza, presenta una bassa funzione di lavoro e una buona stabilit\u00e0 di emissione.<br \/>\n<strong>Elettrolita allo stato solido:<\/strong><br \/>\nutilizzato nelle nuove batterie al solfuro allo stato solido, fornisce una maggiore conduttivit\u00e0 degli ioni di litio, migliorando la sicurezza e la densit\u00e0 energetica della batteria.<\/p>\n<h2><span style=\"color: #0000ff;\"><a style=\"color: #0000ff;\" href=\"https:\/\/ulpmat.com\/it\/azienda\/domande-frequenti\/\"><span style=\"font-size: 14pt;\">Domande frequenti<\/span><\/a><\/span><\/h2>\n<p>D1: Quali sono le principali condizioni di conservazione della polvere di solfuro di scandio?<br \/>\nA1: Il prodotto \u00e8 sensibile all&#8217;aria e all&#8217;umidit\u00e0. Si consiglia di conservarlo sigillato sotto protezione di gas inerte o in condizioni di vuoto per mantenerne l&#8217;attivit\u00e0 chimica.<\/p>\n<p>D2: Come viene controllato il contenuto di ossigeno durante il processo di produzione?<br \/>\nA2: Utilizziamo un processo di sintesi in atmosfera inerte e di post-trattamento rigorosamente controllato e utilizziamo un analizzatore di ossigeno ad alta sensibilit\u00e0 per garantire che il contenuto di ossigeno del prodotto soddisfi i requisiti delle applicazioni di fascia alta.<\/p>\n<p>D3: \u00c8 possibile personalizzare le dimensioni specifiche delle particelle in base ai requisiti di sinterizzazione?<br \/>\nA3: S\u00ec. Siamo in grado di fornire prodotti in polvere ottimizzati con dimensioni e morfologie specifiche delle particelle in base ai vostri successivi processi di stampaggio e sinterizzazione (come pressatura a caldo, sinterizzazione al plasma a scarica).<\/p>\n<p>D4: Quanto \u00e8 tossico il solfuro di scandio e quali precauzioni devono essere prese durante la manipolazione?<br \/>\nA4: Il solfuro di scandio di per s\u00e9 ha una bassa tossicit\u00e0, ma essendo una polvere fine, durante la manipolazione \u00e8 comunque necessario indossare dispositivi di protezione per evitare l&#8217;inalazione e deve essere manipolato secondo la scheda di sicurezza (SDS).<\/p>\n<h2><span style=\"font-size: 14pt;\">Rapporto<\/span><\/h2>\n<p>Ogni lotto viene fornito con:<br \/>\n<span style=\"color: #0000ff;\"><a style=\"color: #0000ff;\" href=\"https:\/\/ulpmat.com\/it\/documenti\/certificato-di-analisi\/\"><u>Certificato di analisi (COA)<\/u><\/a><\/span><\/p>\n<p><span style=\"color: #0000ff;\"><a style=\"color: #0000ff;\" href=\"https:\/\/ulpmat.com\/it\/documenti\/scheda-tecnica\/\"><u>Scheda tecnica (TDS)<\/u><\/a><\/span><\/p>\n<p><span style=\"color: #0000ff;\"><a style=\"color: #0000ff;\" href=\"https:\/\/ulpmat.com\/it\/documenti\/scheda-di-sicurezza\/\"><u>Scheda di sicurezza (MSDS)<\/u><\/a><\/span><br \/>\nRapporti di test di terze parti disponibili su richiesta<\/p>\n<h2><span style=\"font-size: 14pt;\">Perch\u00e9 scegliere noi?<\/span><\/h2>\n<p>Ci affidiamo a una piattaforma tecnologica matura per la sintesi di composti di terre rare, concentrandoci sullo sviluppo e la produzione di materiali funzionali speciali come il solfuro di scandio. Grazie alla nostra profonda conoscenza della microstruttura e delle propriet\u00e0 macroscopiche dei materiali, siamo in grado non solo di fornire prodotti in polvere di alta qualit\u00e0 e altamente uniformi, ma anche di offrire una consulenza tecnica professionale dalla selezione dei materiali all&#8217;adattamento dei processi, su misura per i vostri scenari di utilizzo finale. Siamo un partner affidabile per la ricerca, lo sviluppo e la produzione.<\/p>\n","protected":false},"excerpt":{"rendered":"<p>Panoramica sulla polvere di solfuro di scandio Il solfuro di scandio \u00e8 un materiale funzionale in polvere a base di solfuro di terre rare con una struttura cristallina unica, rinomato per le sue eccellenti propriet\u00e0 ottiche e semiconduttrici. Questo materiale presenta un notevole potenziale applicativo nella conversione termoelettrica ad alte prestazioni, nell&#8217;ottica a infrarossi e [&hellip;]<\/p>\n","protected":false},"featured_media":50015,"template":"","meta":{"_acf_changed":false},"product_brand":[132],"product_cat":[672,324],"product_tag":[7451],"class_list":{"0":"post-50011","1":"product","2":"type-product","3":"status-publish","4":"has-post-thumbnail","6":"product_brand-ulpmat","7":"product_cat-materiali-calcogenidici","8":"product_cat-materiali-per-terre-rare","9":"product_tag-solfuro-di-scandio-in-polvere","11":"first","12":"instock","13":"shipping-taxable","14":"product-type-variable"},"acf":[],"_links":{"self":[{"href":"https:\/\/ulpmat.com\/it\/wp-json\/wp\/v2\/product\/50011","targetHints":{"allow":["GET"]}}],"collection":[{"href":"https:\/\/ulpmat.com\/it\/wp-json\/wp\/v2\/product"}],"about":[{"href":"https:\/\/ulpmat.com\/it\/wp-json\/wp\/v2\/types\/product"}],"wp:featuredmedia":[{"embeddable":true,"href":"https:\/\/ulpmat.com\/it\/wp-json\/wp\/v2\/media\/50015"}],"wp:attachment":[{"href":"https:\/\/ulpmat.com\/it\/wp-json\/wp\/v2\/media?parent=50011"}],"wp:term":[{"taxonomy":"product_brand","embeddable":true,"href":"https:\/\/ulpmat.com\/it\/wp-json\/wp\/v2\/product_brand?post=50011"},{"taxonomy":"product_cat","embeddable":true,"href":"https:\/\/ulpmat.com\/it\/wp-json\/wp\/v2\/product_cat?post=50011"},{"taxonomy":"product_tag","embeddable":true,"href":"https:\/\/ulpmat.com\/it\/wp-json\/wp\/v2\/product_tag?post=50011"}],"curies":[{"name":"wp","href":"https:\/\/api.w.org\/{rel}","templated":true}]}}