{"id":49873,"date":"2026-01-12T14:47:25","date_gmt":"2026-01-12T06:47:25","guid":{"rendered":"https:\/\/ulpmat.com\/product\/cobalto-di-calcio-ossido-di-cobalto-di-calcio\/"},"modified":"2026-01-12T14:47:25","modified_gmt":"2026-01-12T06:47:25","slug":"cobalto-di-calcio-ossido-di-cobalto-di-calcio","status":"publish","type":"product","link":"https:\/\/ulpmat.com\/it\/prodotto\/cobalto-di-calcio-ossido-di-cobalto-di-calcio\/","title":{"rendered":"Cobalto di calcio (ossido di cobalto di calcio)"},"content":{"rendered":"<h2><span style=\"font-size: 14pt;\">Panoramica sui target di sputtering al cobalto-calcio<\/span><\/h2>\n<p>I target di sputtering<br \/>\n<span style=\"color: #0000ff;\"><a style=\"color: #0000ff;\" href=\"https:\/\/ulpmat.com\/it\/ricerca\/?type=name&#038;keyword=Calcium+cobaltate\">al cobalto-calcio<\/a><\/span><br \/>\nsono target ceramici termoelettrici ad alte prestazioni con una struttura cristallina stratificata unica nel suo genere. Sono utilizzati nella deposizione fisica da vapore (PVD) per preparare film sottili funzionali con eccellenti propriet\u00e0 termoelettriche e stabilit\u00e0 alle alte temperature, principalmente per applicazioni in dispositivi di conversione micro-termoelettrica, sensori ad alta temperatura e componenti elettronici innovativi.<\/p>\n<p>Per i parametri tecnici dettagliati di questo target o per discutere soluzioni applicative specifiche, il nostro team tecnico \u00e8 pronto a fornire assistenza personalizzata.<\/p>\n<h2><span style=\"font-size: 14pt;\">Caratteristiche principali del prodotto<\/span><\/h2>\n<p>Sintesi a fase controllata ad alta purezza<br \/>\nEccellenti propriet\u00e0 termoelettriche del film sottile<br \/>\nBuona stabilit\u00e0 alle alte temperature Forme e dimensioni<br \/>\n<span style=\"color: #0000ff;\"><a style=\"color: #0000ff;\" href=\"https:\/\/ulpmat.com\/it\/servizio\/personalizzazione\/\">personalizzabili<\/a><\/span><\/p>\n<h2><span style=\"font-size: 14pt;\">Applicazioni dei target di sputtering al cobalto-calcio<\/span><\/h2>\n<p><strong>Dispositivi di conversione micro-termoelettrica:<\/strong><br \/>\nsfruttando l&#8217;elevato fattore di potenza termoelettrica dei film sottili sputterizzati in direzione verticale, si ottiene un efficiente recupero del calore residuo su piccola scala e l&#8217;autoalimentazione per i sistemi microelettronici e i sensori IoT.<br \/>\n<strong>Termistori ad alta temperatura:<\/strong><br \/>\ngrazie all&#8217;eccellente stabilit\u00e0 termica e resistivit\u00e0 ad alta temperatura del materiale, i film sottili preparati possono essere utilizzati per sviluppare componenti di sensori di temperatura che funzionano in ambienti estremi.<br \/>\n<strong>Nuovi dispositivi elettronici a ossido:<\/strong><br \/>\ncome materiale funzionale chiave, viene utilizzato nella ricerca e nello sviluppo di dispositivi a film sottile interamente in ossido di nuova generazione con speciali propriet\u00e0 magnetiche ed elettriche di trasporto, al servizio della ricerca di base all&#8217;avanguardia e dello sviluppo di prototipi.<\/p>\n<h2><span style=\"color: #0000ff;\"><a style=\"color: #0000ff;\" href=\"https:\/\/ulpmat.com\/it\/azienda\/domande-frequenti\/\"><span style=\"font-size: 14pt;\">Domande frequenti<\/span><\/a><\/span><\/h2>\n<p>D1: Quali sono i principali indicatori di prestazione termoelettrica dei film sottili preparati mediante sputtering con target di ossido di calcio e cobalto?<br \/>\nR1: La chiave sta nel coefficiente di Seebeck (potenziale termoelettrico) e nel fattore di potenza del film sottile. Attraverso un rigoroso controllo del processo, garantiamo che il target possa depositare film sottili con coefficienti di Seebeck elevati e conducibilit\u00e0 adeguata, ottenendo cos\u00ec fattori di potenza eccellenti.<\/p>\n<p>D2: Come garantire che la stechiometria del film sottile sia coerente con quella del target durante la polverizzazione?<br \/>\nR2: Garantiamo una composizione del target altamente uniforme e densa ottimizzando il processo di sinterizzazione e raccomandiamo l&#8217;uso di atmosfere di polverizzazione appropriate (come miscele di argon-ossigeno) e temperature del substrato per ridurre efficacemente la perdita di ossigeno durante la deposizione e mantenere la stechiometria del film sottile.<\/p>\n<p>D3: Quali backplane vengono tipicamente incollati a questo tipo di target?<br \/>\nR3: A seconda delle attrezzature e dei requisiti di processo del cliente, utilizziamo comunemente rame o molibdeno come materiale di supporto per <span style=\"color: #0000ff;\"><a style=\"color: #0000ff;\" href=\"https:\/\/ulpmat.com\/it\/servizio\/legame-con-lobiettivo\/\">l&#8217;incollaggio<\/a><\/span><br \/>\n, al fine di garantire una buona conduttivit\u00e0 termica e un buon contatto elettrico, soddisfacendo i requisiti di sputtering stabili a diversi livelli di potenza.<\/p>\n<p>D4: Come vengono controllati la velocit\u00e0 di deposizione e la qualit\u00e0 cristallina del film sottile?<br \/>\nA4: La velocit\u00e0 di deposizione \u00e8 influenzata principalmente dalla potenza di sputtering e dalla pressione del gas di lavoro. La qualit\u00e0 cristallina del film sottile (orientamento, dimensione dei grani) deve essere ottimizzata controllando con precisione la temperatura del substrato, il processo di ricottura e l&#8217;atmosfera di sputtering. Siamo in grado di fornire ai clienti una guida di base sui parametri di processo.<\/p>\n<h2><span style=\"font-size: 14pt;\">Rapporti<\/span><\/h2>\n<p>Ogni lotto viene fornito con:<br \/>\n<span style=\"color: #0000ff;\"><a style=\"color: #0000ff;\" href=\"https:\/\/ulpmat.com\/it\/documenti\/certificato-di-analisi\/\"><u>Certificato di analisi (COA)<\/u><\/a><\/span><\/p>\n<p><span style=\"color: #0000ff;\"><a style=\"color: #0000ff;\" href=\"https:\/\/ulpmat.com\/it\/documenti\/scheda-tecnica\/\"><u>Scheda tecnica (TDS)<\/u><\/a><\/span><\/p>\n<p><span style=\"color: #0000ff;\"><a style=\"color: #0000ff;\" href=\"https:\/\/ulpmat.com\/it\/documenti\/scheda-di-sicurezza\/\"><u>Scheda di sicurezza (MSDS)<\/u><\/a><\/span><br \/>\nRapporto di ispezione delle dimensioni<br \/>\nRapporti di test di terze parti disponibili su richiesta<\/p>\n<h2><span style=\"font-size: 14pt;\">Perch\u00e9 scegliere noi?<\/span><\/h2>\n<p>Siamo specializzati nella preparazione di materiali ceramici ossidici avanzati e abbiamo una profonda esperienza nella ricerca e nella produzione di ossidi complessi come il cobaltoato di calcio. Non solo forniamo target di sputtering ad alta purezza con qualit\u00e0 stabile e prestazioni affidabili, ma ci impegniamo anche a essere un forte supporto per i nostri clienti nello sviluppo di nuovi film sottili funzionali.<\/p>\n","protected":false},"excerpt":{"rendered":"<p>Panoramica sui target di sputtering al cobalto-calcio I target di sputtering al cobalto-calcio sono target ceramici termoelettrici ad alte prestazioni con una struttura cristallina stratificata unica nel suo genere. Sono utilizzati nella deposizione fisica da vapore (PVD) per preparare film sottili funzionali con eccellenti propriet\u00e0 termoelettriche e stabilit\u00e0 alle alte temperature, principalmente per applicazioni in [&hellip;]<\/p>\n","protected":false},"featured_media":49874,"template":"","meta":{"_acf_changed":false},"product_brand":[132],"product_cat":[453],"product_tag":[7407],"class_list":{"0":"post-49873","1":"product","2":"type-product","3":"status-publish","4":"has-post-thumbnail","6":"product_brand-ulpmat","7":"product_cat-target-di-sputtering-in-ceramica","8":"product_tag-target-di-sputtering-al-cobalto-di-calcio-ossido-di-cobalto-di-calcio","10":"first","11":"instock","12":"shipping-taxable","13":"product-type-variable"},"acf":[],"_links":{"self":[{"href":"https:\/\/ulpmat.com\/it\/wp-json\/wp\/v2\/product\/49873","targetHints":{"allow":["GET"]}}],"collection":[{"href":"https:\/\/ulpmat.com\/it\/wp-json\/wp\/v2\/product"}],"about":[{"href":"https:\/\/ulpmat.com\/it\/wp-json\/wp\/v2\/types\/product"}],"wp:featuredmedia":[{"embeddable":true,"href":"https:\/\/ulpmat.com\/it\/wp-json\/wp\/v2\/media\/49874"}],"wp:attachment":[{"href":"https:\/\/ulpmat.com\/it\/wp-json\/wp\/v2\/media?parent=49873"}],"wp:term":[{"taxonomy":"product_brand","embeddable":true,"href":"https:\/\/ulpmat.com\/it\/wp-json\/wp\/v2\/product_brand?post=49873"},{"taxonomy":"product_cat","embeddable":true,"href":"https:\/\/ulpmat.com\/it\/wp-json\/wp\/v2\/product_cat?post=49873"},{"taxonomy":"product_tag","embeddable":true,"href":"https:\/\/ulpmat.com\/it\/wp-json\/wp\/v2\/product_tag?post=49873"}],"curies":[{"name":"wp","href":"https:\/\/api.w.org\/{rel}","templated":true}]}}