{"id":49740,"date":"2026-01-12T14:47:27","date_gmt":"2026-01-12T06:47:27","guid":{"rendered":"https:\/\/ulpmat.com\/product\/cloruro-di-calcio\/"},"modified":"2026-01-12T14:47:27","modified_gmt":"2026-01-12T06:47:27","slug":"cloruro-di-calcio","status":"publish","type":"product","link":"https:\/\/ulpmat.com\/it\/prodotto\/cloruro-di-calcio\/","title":{"rendered":"Cloruro di calcio"},"content":{"rendered":"<h2><span style=\"font-size: 14pt;\">Panoramica sul cloruro di calcio in polvere<\/span><\/h2>\n<p><span style=\"color: #0000ff;\"><a style=\"color: #0000ff;\" href=\"https:\/\/ulpmat.com\/it\/ricerca\/?type=name&#038;keyword=Calcium+chloride\">Il cloruro di calcio<\/a><\/span><br \/>\nin polvere \u00e8 un composto salino inorganico che si presenta comunemente sotto forma di granuli bianchi o polvere. \u00c8 caratterizzato da una forte igroscopicit\u00e0 e solubilit\u00e0. Ampiamente utilizzato in settori quali la produzione, l&#8217;edilizia, la trasformazione alimentare e la protezione ambientale, \u00e8 una materia prima chimica fondamentale ed essenziale.<\/p>\n<p>Offriamo polvere di cloruro di calcio ad alta purezza con opzioni di confezionamento personalizzate e fornitura all&#8217;ingrosso. Per specifiche dettagliate e prezzi, non esitate<span style=\"color: #0000ff;\"><a style=\"color: #0000ff;\" href=\"https:\/\/ulpmat.com\/it\/contatto\/\"><\/a><\/span><br \/>\na <span style=\"color: #0000ff;\"><a style=\"color: #0000ff;\" href=\"https:\/\/ulpmat.com\/it\/contatto\/\">contattarci<\/a><\/span><br \/>\nin qualsiasi momento.<\/p>\n<h2><span style=\"font-size: 14pt;\">Caratteristiche principali del prodotto<\/span><\/h2>\n<p>Alta purezza<br \/>\nBasso contenuto di impurit\u00e0<br \/>\nQualit\u00e0 costante<br \/>\nForte igroscopicit\u00e0<br \/>\nRapida dissoluzione<br \/>\nElevata efficienza<br \/>\nDisponibile in diverse specifiche<br \/>\nDimensioni delle particelle personalizzabili<br \/>\nApplicazione sicura e affidabile<\/p>\n<h2><span style=\"font-size: 14pt;\">Applicazioni della polvere di cloruro di calcio<\/span><\/h2>\n<p><strong>Scioglimento di neve e ghiaccio:<\/strong><br \/>\nEssendo un agente antigelo ecologico, abbassa rapidamente il punto di congelamento per rimuovere efficacemente la neve e il ghiaccio da strade, aeroporti e altre superfici, riducendo al minimo i danni alla pavimentazione e alla vegetazione.<br \/>\n<strong>Essiccazione e controllo dell&#8217;umidit\u00e0:<\/strong><br \/>\nGrazie alle sue eccezionali propriet\u00e0 igroscopiche, \u00e8 ampiamente utilizzato per l&#8217;essiccazione di gas industriali, liquidi e solidi e funge da barriera contro l&#8217;umidit\u00e0 nei magazzini e durante il trasporto.<br \/>\n<strong>Applicazioni nell&#8217;industria edile:<\/strong><br \/>\nl&#8217;aggiunta di cloruro di calcio al calcestruzzo accelera la presa e lo sviluppo precoce della resistenza, migliorando l&#8217;efficienza della costruzione, particolarmente adatto per progetti a bassa temperatura.<br \/>\n<strong>Lavorazione alimentare e farmaceutica:<\/strong><br \/>\nil cloruro di calcio di grado alimentare funge da coagulante, stabilizzante o fortificante del calcio nei prodotti a base di soia, nelle bevande e negli integratori alimentari, soddisfacendo gli standard di sicurezza e alimentari.<\/p>\n<h2><span style=\"color: #0000ff; font-size: 14pt;\"><a style=\"color: #0000ff;\" href=\"https:\/\/ulpmat.com\/it\/azienda\/domande-frequenti\/\">Domande frequenti<\/a><\/span><\/h2>\n<p>D1: L&#8217;aggregazione del cloruro di calcio dopo l&#8217;assorbimento di umidit\u00e0 influisce sulle sue prestazioni?<br \/>\nR1: L&#8217;agglomerazione \u00e8 una caratteristica normale delle sue propriet\u00e0 igroscopiche. Pu\u00f2 essere frantumato e utilizzato senza influire sulle sue propriet\u00e0 chimiche. Si consiglia di conservarlo sigillato in un ambiente asciutto per prolungarne lo stato sfuso.<\/p>\n<p>D2: \u00c8 possibile fornire piccole quantit\u00e0 di campioni per i test?<br \/>\nR2: S\u00ec. Supportiamo l&#8217;invio di campioni ai clienti per test di qualit\u00e0 e applicazione. Le politiche specifiche relative ai campioni possono essere confermate consultando i nostri reparti commerciali o tecnici.<\/p>\n<p>D3: Come deve essere conservato il cloruro di calcio in polvere?<br \/>\nA3: Conservare in un contenitore sigillato in un ambiente fresco e asciutto con una rigorosa protezione dall&#8217;umidit\u00e0.<\/p>\n<p>D4: In quali settori viene tipicamente utilizzato il cloruro di calcio in polvere?<br \/>\nA4: A livello industriale, viene utilizzato principalmente in applicazioni critiche come l&#8217;essiccazione a prova di umidit\u00e0, lo sbrinamento stradale, il miglioramento della resistenza iniziale del calcestruzzo e la perforazione di giacimenti petroliferi.<\/p>\n<h2><span style=\"font-size: 14pt;\">Rapporto<\/span><\/h2>\n<p>Ogni lotto viene fornito con:<br \/>\n<span style=\"color: #0000ff;\"><a style=\"color: #0000ff;\" href=\"https:\/\/ulpmat.com\/it\/documenti\/certificato-di-analisi\/\"><u>Certificato di analisi (COA)<\/u><\/a><\/span><\/p>\n<p><span style=\"color: #0000ff;\"><a style=\"color: #0000ff;\" href=\"https:\/\/ulpmat.com\/it\/documenti\/scheda-tecnica\/\"><u>Scheda tecnica (TDS)<\/u><\/a><\/span><\/p>\n<p><span style=\"color: #0000ff;\"><a style=\"color: #0000ff;\" href=\"https:\/\/ulpmat.com\/it\/documenti\/scheda-di-sicurezza\/\"><u>Scheda di sicurezza (MSDS)<\/u><\/a><\/span><br \/>\nRapporti di test di terze parti disponibili su richiesta<\/p>\n<h2><span style=\"font-size: 14pt;\">Perch\u00e9 scegliere noi?<\/span><\/h2>\n<p>Non siamo solo un fornitore di prodotti a base di cloruro di calcio, ma il vostro partner di fiducia per diverse applicazioni industriali. Grazie ai nostri impianti di produzione su larga scala e ai rigorosi sistemi di controllo qualit\u00e0, garantiamo che ogni fase, dalle materie prime ai prodotti finiti, soddisfi standard rigorosi.<\/p>\n","protected":false},"excerpt":{"rendered":"<p>Panoramica sul cloruro di calcio in polvere Il cloruro di calcio in polvere \u00e8 un composto salino inorganico che si presenta comunemente sotto forma di granuli bianchi o polvere. \u00c8 caratterizzato da una forte igroscopicit\u00e0 e solubilit\u00e0. Ampiamente utilizzato in settori quali la produzione, l&#8217;edilizia, la trasformazione alimentare e la protezione ambientale, \u00e8 una materia [&hellip;]<\/p>\n","protected":false},"featured_media":49741,"template":"","meta":{"_acf_changed":false},"product_brand":[132],"product_cat":[323],"product_tag":[7371],"class_list":{"0":"post-49740","1":"product","2":"type-product","3":"status-publish","4":"has-post-thumbnail","6":"product_brand-ulpmat","7":"product_cat-materiali-alogenuri","8":"product_tag-cloruro-di-calcio-in-polvere","10":"first","11":"instock","12":"shipping-taxable","13":"product-type-variable"},"acf":[],"_links":{"self":[{"href":"https:\/\/ulpmat.com\/it\/wp-json\/wp\/v2\/product\/49740","targetHints":{"allow":["GET"]}}],"collection":[{"href":"https:\/\/ulpmat.com\/it\/wp-json\/wp\/v2\/product"}],"about":[{"href":"https:\/\/ulpmat.com\/it\/wp-json\/wp\/v2\/types\/product"}],"wp:featuredmedia":[{"embeddable":true,"href":"https:\/\/ulpmat.com\/it\/wp-json\/wp\/v2\/media\/49741"}],"wp:attachment":[{"href":"https:\/\/ulpmat.com\/it\/wp-json\/wp\/v2\/media?parent=49740"}],"wp:term":[{"taxonomy":"product_brand","embeddable":true,"href":"https:\/\/ulpmat.com\/it\/wp-json\/wp\/v2\/product_brand?post=49740"},{"taxonomy":"product_cat","embeddable":true,"href":"https:\/\/ulpmat.com\/it\/wp-json\/wp\/v2\/product_cat?post=49740"},{"taxonomy":"product_tag","embeddable":true,"href":"https:\/\/ulpmat.com\/it\/wp-json\/wp\/v2\/product_tag?post=49740"}],"curies":[{"name":"wp","href":"https:\/\/api.w.org\/{rel}","templated":true}]}}