{"id":49722,"date":"2026-01-12T14:47:27","date_gmt":"2026-01-12T06:47:27","guid":{"rendered":"https:\/\/ulpmat.com\/product\/carbonato-di-calcio\/"},"modified":"2026-01-12T14:47:27","modified_gmt":"2026-01-12T06:47:27","slug":"carbonato-di-calcio","status":"publish","type":"product","link":"https:\/\/ulpmat.com\/it\/prodotto\/carbonato-di-calcio\/","title":{"rendered":"Carbonato di calcio"},"content":{"rendered":"<h2><span style=\"font-size: 14pt;\">Panoramica sulla polvere di carbonato di calcio<\/span><\/h2>\n<p>La polvere<br \/>\n<span style=\"color: #0000ff;\"><a style=\"color: #0000ff;\" href=\"https:\/\/ulpmat.com\/it\/ricerca\/?type=name&#038;keyword=Calcium+carbonate\">di carbonato di calcio<\/a><\/span><br \/>\n\u00e8 un composto inorganico naturale ampiamente utilizzato, derivato principalmente da minerali quali calcare e marmo, solitamente trasformato in una polvere bianca finissima. Come riempitivo industriale e additivo funzionale essenziale, funge da materia prima fondamentale e indispensabile in numerosi settori, tra cui quello della plastica, della carta, dei rivestimenti e dei materiali da costruzione.<\/p>\n<p>Offriamo una vasta gamma di prodotti, dal carbonato di calcio pesante a quello leggero, con diverse dimensioni delle particelle, livelli di bianco e requisiti di trattamento superficiale. Per campioni o specifiche tecniche su misura per le vostre esigenze di processo, non esitate a <span style=\"color: #0000ff;\"><a style=\"color: #0000ff;\" href=\"https:\/\/ulpmat.com\/it\/contatto\/\">contattarci<\/a><\/span><br \/>\nin qualsiasi momento.<\/p>\n<h2><span style=\"font-size: 14pt;\">Caratteristiche principali del prodotto<\/span><\/h2>\n<p>Elevata purezza e bianco superiore<br \/>\nDistribuzione delle dimensioni delle particelle precisa e controllabile<br \/>\nModifica della superficie per una maggiore compatibilit\u00e0<br \/>\nElevato tasso di riempimento e vantaggi in termini di convenienza economica<br \/>\nPropriet\u00e0 chimiche e fisiche stabili<\/p>\n<h2><span style=\"font-size: 14pt;\">Applicazioni della polvere di carbonato di calcio<\/span><\/h2>\n<p><strong>Industria della plastica e della gomma:<\/strong><br \/>\nfunge da riempitivo e agente rinforzante, migliorando efficacemente la stabilit\u00e0 dimensionale, la rigidit\u00e0 e la resistenza agli urti dei prodotti, riducendo significativamente i costi di produzione.<br \/>\n<strong>Industria cartaria:<\/strong><br \/>\nutilizzato come riempitivo per carta e pigmento di rivestimento, migliora l&#8217;opacit\u00e0, il grado di bianco, la levigatezza e la stampabilit\u00e0 della carta, conservando al contempo le risorse di pasta di legno.<br \/>\n<strong>Settore delle vernici e degli inchiostri:<\/strong><br \/>\ncome pigmento di corpo, fornisce riempimento strutturale, aumenta il volume, regola la reologia e migliora la resistenza all&#8217;abrasione del film di vernice, con conseguente prestazione superiore del prodotto.<br \/>\n<strong>Materiali da costruzione e sigillanti:<\/strong><br \/>\ncomponente chiave nella produzione di stucchi, sigillanti, pietra artificiale e prodotti in cemento, migliora la lavorabilit\u00e0 e le propriet\u00e0 meccaniche del prodotto finale.<\/p>\n<h2><span style=\"color: #0000ff;\"><a style=\"color: #0000ff;\" href=\"https:\/\/ulpmat.com\/it\/azienda\/domande-frequenti\/\"><span style=\"font-size: 14pt;\">Domande frequenti<\/span><\/a><\/span><\/h2>\n<p>D1: Il carbonato di calcio \u00e8 sicuro? Quali sono i suoi effetti sulla salute umana e sull&#8217;ambiente?<br \/>\nR1: Il carbonato di calcio \u00e8 una sostanza naturale e non tossica ampiamente utilizzata in alimenti, prodotti farmaceutici e cosmetici. I prodotti di qualit\u00e0 industriale sono sicuri se utilizzati in modo normale e con le misure di protezione adeguate. La polvere deve essere gestita come polvere industriale standard per evitare un&#8217;inalazione eccessiva.<\/p>\n<p>D2: Quali sono le differenze fondamentali nell&#8217;applicazione tra polveri di diverse dimensioni delle particelle?<br \/>\nR2: La dimensione delle particelle influisce direttamente sull&#8217;efficienza di riempimento e sulla lucentezza superficiale del prodotto finito. Le particelle di dimensioni grossolane (ad esempio, 800 mesh) sono utilizzate principalmente per l&#8217;espansione del volume e il riempimento. Le particelle di dimensioni ultrafini (ad esempio, 1250 mesh e oltre) forniscono un rinforzo, una levigatezza superficiale e una lucentezza superiori.<\/p>\n<p>D3: Quali vantaggi offre il carbonato di calcio trattato in superficie (ad esempio con titanato o stearato)?<br \/>\nA3: Il trattamento superficiale migliora significativamente la compatibilit\u00e0 interfacciale tra il carbonato di calcio e i polimeri organici (ad esempio plastica, gomma), riduce l&#8217;agglomerazione e migliora la dispersione. Ci\u00f2 aumenta le propriet\u00e0 meccaniche e la fluidit\u00e0 di lavorazione dei materiali compositi.<\/p>\n<p>D4: Quali sono i principali vantaggi del carbonato di calcio rispetto ad altri riempitivi come il talco o il caolino?<br \/>\nR4: I punti di forza del carbonato di calcio risiedono nella sua eccezionale economicit\u00e0, nel suo candore superiore, nel basso valore di abrasione e nel pH stabile, che lo rendono uno dei riempitivi pi\u00f9 versatili e ampiamente utilizzati.<\/p>\n<h2><span style=\"font-size: 14pt;\">Rapporto<\/span><\/h2>\n<p>Ogni lotto viene fornito con:<br \/>\n<span style=\"color: #0000ff;\"><a style=\"color: #0000ff;\" href=\"https:\/\/ulpmat.com\/it\/documenti\/certificato-di-analisi\/\"><u>Certificato di analisi (COA)<\/u><\/a><\/span><\/p>\n<p><span style=\"color: #0000ff;\"><a style=\"color: #0000ff;\" href=\"https:\/\/ulpmat.com\/it\/documenti\/scheda-tecnica\/\"><u>Scheda tecnica (TDS)<\/u><\/a><\/span><\/p>\n<p><span style=\"color: #0000ff;\"><a style=\"color: #0000ff;\" href=\"https:\/\/ulpmat.com\/it\/documenti\/scheda-di-sicurezza\/\"><u>Scheda di sicurezza (MSDS)<\/u><\/a><\/span><br \/>\nRapporti di test di terze parti disponibili su richiesta<\/p>\n<h2><span style=\"font-size: 14pt;\">Perch\u00e9 scegliere noi?<\/span><\/h2>\n<p>Siamo specializzati nella lavorazione di minerali non metallici, concentrandoci sullo sviluppo avanzato e sulla produzione di precisione di prodotti a base di carbonato di calcio. Oltre alle specifiche standard, forniamo soluzioni di prodotto su misura e supporto tecnico per affrontare le sfide specifiche della vostra industria in termini di formulazione e processo.<\/p>\n","protected":false},"excerpt":{"rendered":"<p>Panoramica sulla polvere di carbonato di calcio La polvere di carbonato di calcio \u00e8 un composto inorganico naturale ampiamente utilizzato, derivato principalmente da minerali quali calcare e marmo, solitamente trasformato in una polvere bianca finissima. Come riempitivo industriale e additivo funzionale essenziale, funge da materia prima fondamentale e indispensabile in numerosi settori, tra cui quello [&hellip;]<\/p>\n","protected":false},"featured_media":49723,"template":"","meta":{"_acf_changed":false},"product_brand":[132],"product_cat":[1186],"product_tag":[7365],"class_list":{"0":"post-49722","1":"product","2":"type-product","3":"status-publish","4":"has-post-thumbnail","6":"product_brand-ulpmat","7":"product_cat-altri-acidi","8":"product_tag-carbonato-di-calcio-in-polvere","10":"first","11":"instock","12":"shipping-taxable","13":"product-type-variable"},"acf":[],"_links":{"self":[{"href":"https:\/\/ulpmat.com\/it\/wp-json\/wp\/v2\/product\/49722","targetHints":{"allow":["GET"]}}],"collection":[{"href":"https:\/\/ulpmat.com\/it\/wp-json\/wp\/v2\/product"}],"about":[{"href":"https:\/\/ulpmat.com\/it\/wp-json\/wp\/v2\/types\/product"}],"wp:featuredmedia":[{"embeddable":true,"href":"https:\/\/ulpmat.com\/it\/wp-json\/wp\/v2\/media\/49723"}],"wp:attachment":[{"href":"https:\/\/ulpmat.com\/it\/wp-json\/wp\/v2\/media?parent=49722"}],"wp:term":[{"taxonomy":"product_brand","embeddable":true,"href":"https:\/\/ulpmat.com\/it\/wp-json\/wp\/v2\/product_brand?post=49722"},{"taxonomy":"product_cat","embeddable":true,"href":"https:\/\/ulpmat.com\/it\/wp-json\/wp\/v2\/product_cat?post=49722"},{"taxonomy":"product_tag","embeddable":true,"href":"https:\/\/ulpmat.com\/it\/wp-json\/wp\/v2\/product_tag?post=49722"}],"curies":[{"name":"wp","href":"https:\/\/api.w.org\/{rel}","templated":true}]}}