{"id":49632,"date":"2026-01-12T14:47:29","date_gmt":"2026-01-12T06:47:29","guid":{"rendered":"https:\/\/ulpmat.com\/product\/fluoruro-di-calcio-2\/"},"modified":"2026-01-12T14:47:29","modified_gmt":"2026-01-12T06:47:29","slug":"fluoruro-di-calcio-2","status":"publish","type":"product","link":"https:\/\/ulpmat.com\/it\/prodotto\/fluoruro-di-calcio-2\/","title":{"rendered":"Fluoruro di calcio"},"content":{"rendered":"<h2><span style=\"font-size: 14pt;\">Panoramica sulla polvere di fluoruro di calcio<\/span><\/h2>\n<p>La polvere<br \/>\n<span style=\"color: #0000ff;\"><a style=\"color: #0000ff;\" href=\"https:\/\/ulpmat.com\/it\/ricerca\/?type=name&#038;keyword=Calcium+fluoride\">di fluoruro di calcio<\/a><\/span><br \/>\n\u00e8 un materiale fluorurato inorganico fondamentale, che si presenta tipicamente come una polvere bianca, fine e ad alta purezza. Le sue eccezionali propriet\u00e0 <span style=\"color: #0000ff;\"><a style=\"color: #0000ff;\" href=\"https:\/\/ulpmat.com\/it\/applicazione\/materiali-ottici\/\">ottiche<\/a><\/span><br \/>\n, la stabilit\u00e0 chimica e le caratteristiche funzionali lo rendono indispensabile in campi quali rivestimenti ottici, vetri speciali, rivestimenti di alta gamma e additivi metallurgici.<\/p>\n<p>Siamo specializzati nella produzione e fornitura di polvere di fluoruro di calcio in vari gradi di purezza e distribuzioni granulometriche, offrendo lavorazioni personalizzate in base alle vostre esigenze applicative. Per campioni o documentazione tecnica, non esitate a<span style=\"color: #0000ff;\"><a style=\"color: #0000ff;\" href=\"https:\/\/ulpmat.com\/it\/contatto\/\"> contattarci<\/a><\/span><br \/>\nin qualsiasi momento.<\/p>\n<h2><span style=\"font-size: 14pt;\">Caratteristiche principali del prodotto<\/span><\/h2>\n<p>Elevata purezza e qualit\u00e0 ottica<br \/>\nDistribuzione granulometrica regolabile con precisione<br \/>\nEccellente stabilit\u00e0 chimica e termica<br \/>\nBuona dispersibilit\u00e0 e uniformit\u00e0 dei lotti<\/p>\n<h2><span style=\"font-size: 14pt;\">Applicazioni della polvere di fluoruro di calcio<\/span><\/h2>\n<p><strong>Rivestimenti <span style=\"color: #0000ff;\"><a style=\"color: #0000ff;\" href=\"https:\/\/ulpmat.com\/it\/applicazione\/materiali-ottici\/\">ottici<\/a><\/span> e materiali cristallini:<\/strong><br \/>\nfunge da materia prima per la deposizione sotto vuoto o la polverizzazione nella produzione di rivestimenti antiriflesso, pellicole protettive e finestre ottiche UV\/IR. Funge anche da materiale fondamentale per la crescita dei cristalli laser.<\/p>\n<p><strong>Produzione di vetri speciali e ceramiche:<\/strong><br \/>\nfunge da fonte chiave di fluoro e additivo modificante nelle formulazioni per vetri al fluorofosfato, vetri a basso indice di rifrazione e ceramiche funzionali, regolando efficacemente le propriet\u00e0 ottiche e termiche.<\/p>\n<p><strong>Rivestimenti ad alte prestazioni e riempitivi plastici:<\/strong><br \/>\nincorporato funzionalmente in rivestimenti resistenti alla corrosione, rivestimenti per alte temperature o plastiche tecniche speciali per migliorare la resistenza all&#8217;abrasione del rivestimento, la resistenza agli agenti atmosferici e la stabilit\u00e0 dimensionale del prodotto.<\/p>\n<p><strong>Materiali ausiliari per la metallurgia e la saldatura:<\/strong><br \/>\nutilizzato come agente di raffinazione nella fusione di leghe speciali e come componente del flusso nei processi di saldatura, aiuta a rimuovere le impurit\u00e0, a stabilizzare l&#8217;arco e a migliorare la qualit\u00e0 della saldatura.<\/p>\n<h2><span style=\"color: #0000ff;\"><a style=\"color: #0000ff;\" href=\"https:\/\/ulpmat.com\/it\/azienda\/domande-frequenti\/\"><span style=\"font-size: 14pt;\">Domande frequenti<\/span><\/a><\/span><\/h2>\n<p>D1: Qual \u00e8 la stabilit\u00e0 chimica della polvere di fluoruro di calcio? \u00c8 solubile in acqua o negli acidi comuni?<br \/>\nR1: Il fluoruro di calcio \u00e8 scarsamente solubile in acqua e si dissolve lentamente negli acidi diluiti freddi. Tuttavia, \u00e8 solubile negli acidi concentrati caldi o nelle soluzioni di sali di alluminio e ferro. Presenta propriet\u00e0 chimiche stabili in condizioni normali e resiste alla corrosione da parte della maggior parte dei solventi organici.<\/p>\n<p>D2: In che modo la dimensione delle particelle di polvere influisce specificamente sulle applicazioni finali?<br \/>\nR2: La dimensione delle particelle influisce direttamente sulla levigatezza della superficie nei rivestimenti, sull&#8217;uniformit\u00e0 della dispersione nei compositi e sulla reattivit\u00e0 come precursore. Ad esempio, le polveri pi\u00f9 fini producono tipicamente film o rivestimenti pi\u00f9 densi e levigati.<\/p>\n<p>D3: Come garantite che la polvere rimanga priva di umidit\u00e0 o contaminazione durante il trasporto e lo stoccaggio?<br \/>\nR3: Utilizziamo sacchetti interni a prova di umidit\u00e0 con un imballaggio esterno robusto. Si consiglia ai clienti di conservare il prodotto in un luogo fresco e asciutto al momento della ricezione, tenendolo sigillato ed evitando di conservarlo insieme ad acidi o alcali per mantenerne le eccellenti propriet\u00e0 nel tempo.<\/p>\n<p>D4: \u00c8 possibile fornire polvere di fluoruro di calcio modificata in superficie per migliorare la compatibilit\u00e0 nei sistemi organici?<br \/>\nA4: S\u00ec. Offriamo polveri trattate in superficie con agenti di accoppiamento come silani o acido stearico, che migliorano significativamente la bagnabilit\u00e0 e la dispersione nelle matrici polimeriche, riducendo l&#8217;agglomerazione e migliorando le propriet\u00e0 meccaniche dei materiali compositi.<\/p>\n<h2><span style=\"font-size: 14pt;\">Rapporto<\/span><\/h2>\n<p>Ogni lotto viene fornito con:<br \/>\n<span style=\"color: #0000ff;\"><a style=\"color: #0000ff;\" href=\"https:\/\/ulpmat.com\/it\/documenti\/certificato-di-analisi\/\"><u>Certificato di analisi (COA)<\/u><\/a><\/span><\/p>\n<p><span style=\"color: #0000ff;\"><a style=\"color: #0000ff;\" href=\"https:\/\/ulpmat.com\/it\/documenti\/scheda-tecnica\/\"><u>Scheda tecnica (TDS)<\/u><\/a><\/span><\/p>\n<p><span style=\"color: #0000ff;\"><a style=\"color: #0000ff;\" href=\"https:\/\/ulpmat.com\/it\/documenti\/scheda-di-sicurezza\/\"><u>Scheda di sicurezza (MSDS)<\/u><\/a><\/span><br \/>\nRapporti di test di terze parti disponibili su richiesta<\/p>\n<h2><span style=\"font-size: 14pt;\">Perch\u00e9 scegliere noi?<\/span><\/h2>\n<p>Non siamo solo un produttore di polvere di fluoruro di calcio, ma anche un partner affidabile nello sviluppo di nuove applicazioni dei materiali. Grazie alla nostra esperienza tecnica unica nella lavorazione dei materiali fluorurati, aderiamo a rigorosi standard di controllo della qualit\u00e0, dalla selezione di materie prime ad alta purezza ai processi avanzati di preparazione e classificazione delle polveri, garantendo prestazioni eccezionali e costanti dei prodotti.<\/p>\n","protected":false},"excerpt":{"rendered":"<p>Panoramica sulla polvere di fluoruro di calcio La polvere di fluoruro di calcio \u00e8 un materiale fluorurato inorganico fondamentale, che si presenta tipicamente come una polvere bianca, fine e ad alta purezza. Le sue eccezionali propriet\u00e0 ottiche , la stabilit\u00e0 chimica e le caratteristiche funzionali lo rendono indispensabile in campi quali rivestimenti ottici, vetri speciali, [&hellip;]<\/p>\n","protected":false},"featured_media":49633,"template":"","meta":{"_acf_changed":false},"product_brand":[132],"product_cat":[323],"product_tag":[7341],"class_list":{"0":"post-49632","1":"product","2":"type-product","3":"status-publish","4":"has-post-thumbnail","6":"product_brand-ulpmat","7":"product_cat-materiali-alogenuri","8":"product_tag-fluoruro-di-calcio-in-polvere","10":"first","11":"instock","12":"shipping-taxable","13":"product-type-variable"},"acf":[],"_links":{"self":[{"href":"https:\/\/ulpmat.com\/it\/wp-json\/wp\/v2\/product\/49632","targetHints":{"allow":["GET"]}}],"collection":[{"href":"https:\/\/ulpmat.com\/it\/wp-json\/wp\/v2\/product"}],"about":[{"href":"https:\/\/ulpmat.com\/it\/wp-json\/wp\/v2\/types\/product"}],"wp:featuredmedia":[{"embeddable":true,"href":"https:\/\/ulpmat.com\/it\/wp-json\/wp\/v2\/media\/49633"}],"wp:attachment":[{"href":"https:\/\/ulpmat.com\/it\/wp-json\/wp\/v2\/media?parent=49632"}],"wp:term":[{"taxonomy":"product_brand","embeddable":true,"href":"https:\/\/ulpmat.com\/it\/wp-json\/wp\/v2\/product_brand?post=49632"},{"taxonomy":"product_cat","embeddable":true,"href":"https:\/\/ulpmat.com\/it\/wp-json\/wp\/v2\/product_cat?post=49632"},{"taxonomy":"product_tag","embeddable":true,"href":"https:\/\/ulpmat.com\/it\/wp-json\/wp\/v2\/product_tag?post=49632"}],"curies":[{"name":"wp","href":"https:\/\/api.w.org\/{rel}","templated":true}]}}